{"id":66,"date":"2024-05-10T10:17:00","date_gmt":"2024-05-10T10:17:00","guid":{"rendered":"https:\/\/aclunaga.es\/?page_id=66"},"modified":"2025-09-02T10:24:00","modified_gmt":"2025-09-02T10:24:00","slug":"revista-gmt-by-aclunaga","status":"publish","type":"page","link":"https:\/\/aclunaga.es\/gl\/recursos\/revista-gmt-by-aclunaga\/","title":{"rendered":"Revista GMT by ACLUNAGA"},"content":{"rendered":"<p class=\"attachment\"><a href='https:\/\/aclunaga.es\/wp-content\/uploads\/2024\/10\/GMT-by-Aclunaga_no8_EN.pdf'><img fetchpriority=\"high\" decoding=\"async\" width=\"212\" height=\"300\" src=\"https:\/\/aclunaga.es\/wp-content\/uploads\/2024\/10\/GMT-by-Aclunaga_no8_EN-pdf-212x300.jpg\" class=\"attachment-medium size-medium\" alt=\"\" \/><\/a><\/p>\n\t\t<div data-elementor-type=\"wp-page\" data-elementor-id=\"66\" class=\"elementor elementor-66\">\n\t\t\t\t<div class=\"elementor-element elementor-element-59c386b7 e-flex e-con-boxed e-con e-parent\" data-id=\"59c386b7\" data-element_type=\"container\" data-settings=\"{&quot;background_background&quot;:&quot;classic&quot;}\">\n\t\t\t\t\t<div class=\"e-con-inner\">\n\t\t<div class=\"elementor-element elementor-element-1c79f0d8 e-con-full e-flex e-con e-child\" data-id=\"1c79f0d8\" data-element_type=\"container\">\n\t\t\t\t<div class=\"elementor-element elementor-element-390b721 elementor-widget elementor-widget-text-editor\" data-id=\"390b721\" data-element_type=\"widget\" data-widget_type=\"text-editor.default\">\n\t\t\t\t<div class=\"elementor-widget-container\">\n\t\t\t\t\t\t\t<h2>Revista GMT by ACLUNAGA<\/h2><p><span style=\"font-weight: 400;\">\u00c9 a revista de enxe\u00f1ar\u00eda xestionada por Aclunaga, que nace coa intenci\u00f3n de que as empresas asociadas e colaboradores compartan o co\u00f1ecemento t\u00e9cnico que atesouran, o que nos levou a estar situados \u00e1 altura das rexi\u00f3ns l\u00edderes m\u00e1is destacadas e especializadas a nivel internacional. \u00c9 un medio \u00e1 disposici\u00f3n dos asociados para a publicaci\u00f3n gratu\u00edta de artigos de car\u00e1cter t\u00e9cnico e especializados sobre cuesti\u00f3ns, proxectos e problem\u00e1ticas de actualidade no sector. A revista ed\u00edtase tam\u00e9n en ingl\u00e9s para chegar a toda a nosa contorna. O seu n\u00famero de rexistro oficial \u00e9: ISSN: 2990-0700. A revista ten a opci\u00f3n de insertar publicidade.<\/span><\/p>\t\t\t\t\t\t<\/div>\n\t\t\t\t<\/div>\n\t\t\t\t<\/div>\n\t\t\t\t\t<\/div>\n\t\t\t\t<\/div>\n\t\t<div class=\"elementor-element elementor-element-011cb21 elementor-hidden-tablet elementor-hidden-mobile e-flex e-con-boxed e-con e-parent\" data-id=\"011cb21\" data-element_type=\"container\">\n\t\t\t\t\t<div class=\"e-con-inner\">\n\t\t<div class=\"elementor-element elementor-element-4d0c685 e-con-full elementor-hidden-mobile e-flex e-con e-child\" data-id=\"4d0c685\" data-element_type=\"container\">\n\t\t\t\t<div class=\"elementor-element elementor-element-aec8736 elementor-widget elementor-widget-contentviews_widget_overlay1\" data-id=\"aec8736\" data-element_type=\"widget\" data-widget_type=\"contentviews_widget_overlay1.default\">\n\t\t\t\t<div class=\"elementor-widget-container\">\n\t\t\t<div class='pt-cv-wrapper'> <div class='cvp-lf-wrapper'><div class=\"cvp-live-filter cvp-search-box\" id=\"\" data-name=\"_search\" data-sid=\"aec8736\" data-iselementor=\"aec8736\" data-postid=\"0\"><label for='sf_1442' class=\"cvp-label\"><\/label><input type=\"text\" id=\"sf_1442\" name=\"_search\" value=\"\" data-nosubmit=\"true\" placeholder=\"Escribe aqu\u00ed...\"\/><\/div><div class=\"cvp-live-filter cvp-dropdown\" id=\"\" data-name=\"_orderby\" data-sid=\"aec8736\" data-iselementor=\"aec8736\" data-postid=\"0\"><label class=\"cvp-label\"><\/label><select name=\"_orderby\"><option value=\"\">M\u00e1is recentes<\/option><option value=\"date\" >Date (Oldest)<\/option><\/select><\/div><\/div><div class=\"pt-cv-view pt-cv-overlaygrid iscvblock iscvelementor pt-cv-onhover pt-cv-clickable overlay1 layout1 cveffect-zoomin cvp-lfres\" id=\"pt-cv-view-aec8736\"><div data-id=\"pt-cv-page-1\" class=\"pt-cv-page\" data-cvc=\"1\"><div class=\"pt-cv-content-item pt-cv-1-col\"  data-pid=\"14134\"><div class=\"pt-cv-thumb-wrapper\"><a href=\"https:\/\/aclunaga.es\/gl\/gmt-by-aclunaga-no13-1\/\" class=\"_blank pt-cv-href-thumbnail pt-cv-thumb-default\" target=\"_blank\" ><img decoding=\"async\" width=\"1058\" height=\"1497\" src=\"https:\/\/aclunaga.es\/wp-content\/uploads\/GMT-by-Aclunaga-no13-1-pdf.jpg\" class=\"pt-cv-thumbnail\" alt=\"GMT by Aclunaga n\u00ba13\" \/><\/a><\/div>\n<div class=\"pt-cv-overlay-wrapper\"><h4 class=\"pt-cv-title\"><a href=\"https:\/\/aclunaga.es\/gl\/gmt-by-aclunaga-no13-1\/\" class=\"_blank\" target=\"_blank\" >GMT by Aclunaga n\u00ba13<\/a><\/h4><div class=\"pt-cv-rmwrap\"><a href=\"https:\/\/aclunaga.es\/gl\/gmt-by-aclunaga-no13-1\/\" class=\"_blank pt-cv-readmore btn btn-success\" target=\"_blank\" >Acceder \u00e1 revista<\/a><\/div><\/div><\/div>\n<div class=\"pt-cv-content-item pt-cv-1-col\"  data-pid=\"9778\"><div class=\"pt-cv-thumb-wrapper\"><a href=\"https:\/\/aclunaga.es\/gl\/gmt-by-aclunaga_no12\/\" class=\"_blank pt-cv-href-thumbnail pt-cv-thumb-default\" target=\"_blank\" ><img decoding=\"async\" width=\"1058\" height=\"1497\" src=\"https:\/\/aclunaga.es\/wp-content\/uploads\/2024\/10\/GMT-by-Aclunaga_no12-pdf.jpg\" class=\"pt-cv-thumbnail\" alt=\"GMT by Aclunaga n\u00ba12\" \/><\/a><\/div>\n<div class=\"pt-cv-overlay-wrapper\"><h4 class=\"pt-cv-title\"><a href=\"https:\/\/aclunaga.es\/gl\/gmt-by-aclunaga_no12\/\" class=\"_blank\" target=\"_blank\" >GMT by Aclunaga n\u00ba12<\/a><\/h4><div class=\"pt-cv-rmwrap\"><a href=\"https:\/\/aclunaga.es\/gl\/gmt-by-aclunaga_no12\/\" class=\"_blank pt-cv-readmore btn btn-success\" target=\"_blank\" >Acceder \u00e1 revista<\/a><\/div><\/div><\/div>\n<div class=\"pt-cv-content-item pt-cv-1-col\"  data-pid=\"9777\"><div class=\"pt-cv-thumb-wrapper\"><a href=\"https:\/\/aclunaga.es\/gl\/gmt-by-aclunaga_no11\/\" class=\"_blank pt-cv-href-thumbnail pt-cv-thumb-default\" target=\"_blank\" ><img loading=\"lazy\" decoding=\"async\" width=\"1058\" height=\"1497\" src=\"https:\/\/aclunaga.es\/wp-content\/uploads\/2024\/10\/GMT-by-Aclunaga_no11-pdf.jpg\" class=\"pt-cv-thumbnail\" alt=\"GMT by Aclunaga n\u00ba11\" \/><\/a><\/div>\n<div class=\"pt-cv-overlay-wrapper\"><h4 class=\"pt-cv-title\"><a href=\"https:\/\/aclunaga.es\/gl\/gmt-by-aclunaga_no11\/\" class=\"_blank\" target=\"_blank\" >GMT by Aclunaga n\u00ba11<\/a><\/h4><div class=\"pt-cv-rmwrap\"><a href=\"https:\/\/aclunaga.es\/gl\/gmt-by-aclunaga_no11\/\" class=\"_blank pt-cv-readmore btn btn-success\" target=\"_blank\" >Acceder \u00e1 revista<\/a><\/div><\/div><\/div>\n<div class=\"pt-cv-content-item pt-cv-1-col\"  data-pid=\"9776\"><div class=\"pt-cv-thumb-wrapper\"><a href=\"https:\/\/aclunaga.es\/gl\/gmt-by-aclunaga_no10\/\" class=\"_blank pt-cv-href-thumbnail pt-cv-thumb-default\" target=\"_blank\" ><img loading=\"lazy\" decoding=\"async\" width=\"1058\" height=\"1497\" src=\"https:\/\/aclunaga.es\/wp-content\/uploads\/2024\/10\/GMT-by-Aclunaga_no10-pdf.jpg\" class=\"pt-cv-thumbnail\" alt=\"GMT by Aclunaga n\u00ba10\" \/><\/a><\/div>\n<div class=\"pt-cv-overlay-wrapper\"><h4 class=\"pt-cv-title\"><a href=\"https:\/\/aclunaga.es\/gl\/gmt-by-aclunaga_no10\/\" class=\"_blank\" target=\"_blank\" >GMT by Aclunaga n\u00ba10<\/a><\/h4><div class=\"pt-cv-rmwrap\"><a href=\"https:\/\/aclunaga.es\/gl\/gmt-by-aclunaga_no10\/\" class=\"_blank pt-cv-readmore btn btn-success\" target=\"_blank\" >Acceder \u00e1 revista<\/a><\/div><\/div><\/div>\n<div class=\"pt-cv-content-item pt-cv-1-col\"  data-pid=\"9775\"><div class=\"pt-cv-thumb-wrapper\"><a href=\"https:\/\/aclunaga.es\/gl\/gmt-by-aclunaga_no9\/\" class=\"_blank pt-cv-href-thumbnail pt-cv-thumb-default\" target=\"_blank\" ><img loading=\"lazy\" decoding=\"async\" width=\"1058\" height=\"1497\" src=\"https:\/\/aclunaga.es\/wp-content\/uploads\/2024\/10\/GMT-by-Aclunaga_no9-pdf.jpg\" class=\"pt-cv-thumbnail\" alt=\"GMT by Aclunaga n\u00ba9\" \/><\/a><\/div>\n<div class=\"pt-cv-overlay-wrapper\"><h4 class=\"pt-cv-title\"><a href=\"https:\/\/aclunaga.es\/gl\/gmt-by-aclunaga_no9\/\" class=\"_blank\" target=\"_blank\" >GMT by Aclunaga n\u00ba9<\/a><\/h4><div class=\"pt-cv-rmwrap\"><a href=\"https:\/\/aclunaga.es\/gl\/gmt-by-aclunaga_no9\/\" class=\"_blank pt-cv-readmore btn btn-success\" target=\"_blank\" >Acceder \u00e1 revista<\/a><\/div><\/div><\/div>\n<div class=\"pt-cv-content-item pt-cv-1-col\"  data-pid=\"9774\"><div class=\"pt-cv-thumb-wrapper\"><a href=\"https:\/\/aclunaga.es\/gl\/gmt-by-aclunaga_no8\/\" class=\"_blank pt-cv-href-thumbnail pt-cv-thumb-default\" target=\"_blank\" ><img loading=\"lazy\" decoding=\"async\" width=\"1058\" height=\"1497\" src=\"https:\/\/aclunaga.es\/wp-content\/uploads\/2024\/10\/GMT-by-Aclunaga_no8-pdf.jpg\" class=\"pt-cv-thumbnail\" alt=\"GMT by Aclunaga n\u00ba8\" \/><\/a><\/div>\n<div class=\"pt-cv-overlay-wrapper\"><h4 class=\"pt-cv-title\"><a href=\"https:\/\/aclunaga.es\/gl\/gmt-by-aclunaga_no8\/\" class=\"_blank\" target=\"_blank\" >GMT by Aclunaga n\u00ba8<\/a><\/h4><div class=\"pt-cv-rmwrap\"><a href=\"https:\/\/aclunaga.es\/gl\/gmt-by-aclunaga_no8\/\" class=\"_blank pt-cv-readmore btn btn-success\" target=\"_blank\" >Acceder \u00e1 revista<\/a><\/div><\/div><\/div>\n<div class=\"pt-cv-content-item pt-cv-1-col\"  data-pid=\"9773\"><div class=\"pt-cv-thumb-wrapper\"><a href=\"https:\/\/aclunaga.es\/gl\/gmt-by-aclunaga_no7\/\" class=\"_blank pt-cv-href-thumbnail pt-cv-thumb-default\" target=\"_blank\" ><img loading=\"lazy\" decoding=\"async\" width=\"1058\" height=\"1497\" src=\"https:\/\/aclunaga.es\/wp-content\/uploads\/2024\/10\/GMT-by-Aclunaga_no7-pdf.jpg\" class=\"pt-cv-thumbnail\" alt=\"GMT by Aclunaga n\u00ba7\" \/><\/a><\/div>\n<div class=\"pt-cv-overlay-wrapper\"><h4 class=\"pt-cv-title\"><a href=\"https:\/\/aclunaga.es\/gl\/gmt-by-aclunaga_no7\/\" class=\"_blank\" target=\"_blank\" >GMT by Aclunaga n\u00ba7<\/a><\/h4><div class=\"pt-cv-rmwrap\"><a href=\"https:\/\/aclunaga.es\/gl\/gmt-by-aclunaga_no7\/\" class=\"_blank pt-cv-readmore btn btn-success\" target=\"_blank\" >Acceder \u00e1 revista<\/a><\/div><\/div><\/div>\n<div class=\"pt-cv-content-item pt-cv-1-col\"  data-pid=\"9772\"><div class=\"pt-cv-thumb-wrapper\"><a href=\"https:\/\/aclunaga.es\/gl\/gmt-by-aclunaga_no6\/\" class=\"_blank pt-cv-href-thumbnail pt-cv-thumb-default\" target=\"_blank\" ><img loading=\"lazy\" decoding=\"async\" width=\"1058\" height=\"1497\" src=\"https:\/\/aclunaga.es\/wp-content\/uploads\/2024\/10\/GMT-by-Aclunaga_no6-pdf.jpg\" class=\"pt-cv-thumbnail\" alt=\"GMT by Aclunaga n\u00ba6\" \/><\/a><\/div>\n<div class=\"pt-cv-overlay-wrapper\"><h4 class=\"pt-cv-title\"><a href=\"https:\/\/aclunaga.es\/gl\/gmt-by-aclunaga_no6\/\" class=\"_blank\" target=\"_blank\" >GMT by Aclunaga n\u00ba6<\/a><\/h4><div class=\"pt-cv-rmwrap\"><a href=\"https:\/\/aclunaga.es\/gl\/gmt-by-aclunaga_no6\/\" class=\"_blank pt-cv-readmore btn btn-success\" target=\"_blank\" >Acceder \u00e1 revista<\/a><\/div><\/div><\/div>\n<div class=\"pt-cv-content-item pt-cv-1-col\"  data-pid=\"9771\"><div class=\"pt-cv-thumb-wrapper\"><a href=\"https:\/\/aclunaga.es\/gl\/gmt-by-aclunaga_no5\/\" class=\"_blank pt-cv-href-thumbnail pt-cv-thumb-default\" target=\"_blank\" ><img loading=\"lazy\" decoding=\"async\" width=\"746\" height=\"1058\" src=\"https:\/\/aclunaga.es\/wp-content\/uploads\/2024\/10\/GMT-by-Aclunaga_no5-pdf.jpg\" class=\"pt-cv-thumbnail\" alt=\"GMT by Aclunaga n\u00ba5\" \/><\/a><\/div>\n<div class=\"pt-cv-overlay-wrapper\"><h4 class=\"pt-cv-title\"><a href=\"https:\/\/aclunaga.es\/gl\/gmt-by-aclunaga_no5\/\" class=\"_blank\" target=\"_blank\" >GMT by Aclunaga n\u00ba5<\/a><\/h4><div class=\"pt-cv-rmwrap\"><a href=\"https:\/\/aclunaga.es\/gl\/gmt-by-aclunaga_no5\/\" class=\"_blank pt-cv-readmore btn btn-success\" target=\"_blank\" >Acceder \u00e1 revista<\/a><\/div><\/div><\/div>\n<div class=\"pt-cv-content-item pt-cv-1-col\"  data-pid=\"9770\"><div class=\"pt-cv-thumb-wrapper\"><a href=\"https:\/\/aclunaga.es\/gl\/gmt-by-aclunaga_no4\/\" class=\"_blank pt-cv-href-thumbnail pt-cv-thumb-default\" target=\"_blank\" ><img loading=\"lazy\" decoding=\"async\" width=\"1058\" height=\"1497\" src=\"https:\/\/aclunaga.es\/wp-content\/uploads\/2024\/10\/GMT-by-Aclunaga_no4-pdf.jpg\" class=\"pt-cv-thumbnail\" alt=\"GMT by Aclunaga n\u00ba4\" \/><\/a><\/div>\n<div class=\"pt-cv-overlay-wrapper\"><h4 class=\"pt-cv-title\"><a href=\"https:\/\/aclunaga.es\/gl\/gmt-by-aclunaga_no4\/\" class=\"_blank\" target=\"_blank\" >GMT by Aclunaga n\u00ba4<\/a><\/h4><div class=\"pt-cv-rmwrap\"><a href=\"https:\/\/aclunaga.es\/gl\/gmt-by-aclunaga_no4\/\" class=\"_blank pt-cv-readmore btn btn-success\" target=\"_blank\" >Acceder \u00e1 revista<\/a><\/div><\/div><\/div>\n<div class=\"pt-cv-content-item pt-cv-1-col\"  data-pid=\"9769\"><div class=\"pt-cv-thumb-wrapper\"><a href=\"https:\/\/aclunaga.es\/gl\/gmt-by-aclunaga_no3\/\" class=\"_blank pt-cv-href-thumbnail pt-cv-thumb-default\" target=\"_blank\" ><img loading=\"lazy\" decoding=\"async\" width=\"1059\" height=\"1497\" src=\"https:\/\/aclunaga.es\/wp-content\/uploads\/2024\/10\/GMT-by-Aclunaga_no3-pdf.jpg\" class=\"pt-cv-thumbnail\" alt=\"GMT by Aclunaga n\u00ba3\" \/><\/a><\/div>\n<div class=\"pt-cv-overlay-wrapper\"><h4 class=\"pt-cv-title\"><a href=\"https:\/\/aclunaga.es\/gl\/gmt-by-aclunaga_no3\/\" class=\"_blank\" target=\"_blank\" >GMT by Aclunaga n\u00ba3<\/a><\/h4><div class=\"pt-cv-rmwrap\"><a href=\"https:\/\/aclunaga.es\/gl\/gmt-by-aclunaga_no3\/\" class=\"_blank pt-cv-readmore btn btn-success\" target=\"_blank\" >Acceder \u00e1 revista<\/a><\/div><\/div><\/div>\n<div class=\"pt-cv-content-item pt-cv-1-col\"  data-pid=\"9768\"><div class=\"pt-cv-thumb-wrapper\"><a href=\"https:\/\/aclunaga.es\/gl\/gmt-by-aclunaga_no2\/\" class=\"_blank pt-cv-href-thumbnail pt-cv-thumb-default\" target=\"_blank\" ><img loading=\"lazy\" decoding=\"async\" width=\"1058\" height=\"1497\" src=\"https:\/\/aclunaga.es\/wp-content\/uploads\/2024\/10\/GMT-by-Aclunaga_no2-pdf.jpg\" class=\"pt-cv-thumbnail\" alt=\"GMT by Aclunaga n\u00ba2\" \/><\/a><\/div>\n<div class=\"pt-cv-overlay-wrapper\"><h4 class=\"pt-cv-title\"><a href=\"https:\/\/aclunaga.es\/gl\/gmt-by-aclunaga_no2\/\" class=\"_blank\" target=\"_blank\" >GMT by Aclunaga n\u00ba2<\/a><\/h4><div class=\"pt-cv-rmwrap\"><a href=\"https:\/\/aclunaga.es\/gl\/gmt-by-aclunaga_no2\/\" class=\"_blank pt-cv-readmore btn btn-success\" target=\"_blank\" >Acceder \u00e1 revista<\/a><\/div><\/div><\/div>\n<div class=\"pt-cv-content-item pt-cv-1-col\"  data-pid=\"9767\"><div class=\"pt-cv-thumb-wrapper\"><a href=\"https:\/\/aclunaga.es\/gl\/gmt-by-aclunaga_no1\/\" class=\"_blank pt-cv-href-thumbnail pt-cv-thumb-default\" target=\"_blank\" ><img loading=\"lazy\" decoding=\"async\" width=\"1058\" height=\"1497\" src=\"https:\/\/aclunaga.es\/wp-content\/uploads\/2024\/10\/GMT-by-Aclunaga_no1-pdf.jpg\" class=\"pt-cv-thumbnail\" alt=\"GMT by Aclunaga n\u00ba1\" \/><\/a><\/div>\n<div class=\"pt-cv-overlay-wrapper\"><h4 class=\"pt-cv-title\"><a href=\"https:\/\/aclunaga.es\/gl\/gmt-by-aclunaga_no1\/\" class=\"_blank\" target=\"_blank\" >GMT by Aclunaga n\u00ba1<\/a><\/h4><div class=\"pt-cv-rmwrap\"><a href=\"https:\/\/aclunaga.es\/gl\/gmt-by-aclunaga_no1\/\" class=\"_blank pt-cv-readmore btn btn-success\" target=\"_blank\" >Acceder \u00e1 revista<\/a><\/div><\/div><\/div><\/div><\/div> <\/div> \t\t<\/div>\n\t\t\t\t<\/div>\n\t\t\t\t<\/div>\n\t\t\t\t\t<\/div>\n\t\t\t\t<\/div>\n\t\t<div class=\"elementor-element elementor-element-13e1101 e-con-full elementor-hidden-desktop e-flex e-con e-child\" data-id=\"13e1101\" data-element_type=\"container\">\n\t\t\t\t<div class=\"elementor-element elementor-element-bcdf5c1 elementor-widget elementor-widget-contentviews_widget_grid1\" data-id=\"bcdf5c1\" data-element_type=\"widget\" data-widget_type=\"contentviews_widget_grid1.default\">\n\t\t\t\t<div class=\"elementor-widget-container\">\n\t\t\t<div class='pt-cv-wrapper'> <div class=\"cvp-live-filter cvp-search-box\" id=\"\" data-name=\"_search\" data-sid=\"bcdf5c1\" data-iselementor=\"bcdf5c1\" data-postid=\"0\"><label for='sf_1859' class=\"cvp-label\"><\/label><input type=\"text\" id=\"sf_1859\" name=\"_search\" value=\"\" data-nosubmit=\"true\" placeholder=\"Escribe aqu\u00ed\"\/><\/div><div class=\"cvp-live-filter cvp-dropdown\" id=\"\" data-name=\"_orderby\" data-sid=\"bcdf5c1\" data-iselementor=\"bcdf5c1\" data-postid=\"0\"><label class=\"cvp-label\">Ordear por<\/label><select name=\"_orderby\"><option value=\"\">M\u00e1is recentes<\/option><option value=\"date\" >M\u00e1s antiguas<\/option><\/select><\/div><div class=\"pt-cv-view pt-cv-blockgrid iscvblock iscvelementor grid1 layout1 pt-cv-pgloadmore cvp-lfres\" id=\"pt-cv-view-bcdf5c1\"><div data-id=\"pt-cv-page-1\" class=\"pt-cv-page\" data-cvc=\"1\"><div class=\"pt-cv-content-item pt-cv-1-col\"  data-pid=\"14134\"><h4 class=\"pt-cv-title\"><a href=\"https:\/\/aclunaga.es\/gl\/gmt-by-aclunaga-no13-1\/\" class=\"_self\" target=\"_self\" >GMT by Aclunaga n\u00ba13<\/a><\/h4>\n<div class=\"pt-cv-thumb-wrapper\"><a href=\"https:\/\/aclunaga.es\/gl\/gmt-by-aclunaga-no13-1\/\" class=\"_self pt-cv-href-thumbnail pt-cv-thumb-default\" target=\"_self\" ><img loading=\"lazy\" decoding=\"async\" width=\"724\" height=\"1024\" src=\"https:\/\/aclunaga.es\/wp-content\/uploads\/GMT-by-Aclunaga-no13-1-pdf.jpg\" class=\"pt-cv-thumbnail\" alt=\"GMT by Aclunaga n\u00ba13\" \/><\/a><\/div><\/div>\n<div class=\"pt-cv-content-item pt-cv-1-col\"  data-pid=\"9778\"><h4 class=\"pt-cv-title\"><a href=\"https:\/\/aclunaga.es\/gl\/gmt-by-aclunaga_no12\/\" class=\"_self\" target=\"_self\" >GMT by Aclunaga n\u00ba12<\/a><\/h4>\n<div class=\"pt-cv-thumb-wrapper\"><a href=\"https:\/\/aclunaga.es\/gl\/gmt-by-aclunaga_no12\/\" class=\"_self pt-cv-href-thumbnail pt-cv-thumb-default\" target=\"_self\" ><img loading=\"lazy\" decoding=\"async\" width=\"724\" height=\"1024\" src=\"https:\/\/aclunaga.es\/wp-content\/uploads\/2024\/10\/GMT-by-Aclunaga_no12-pdf.jpg\" class=\"pt-cv-thumbnail\" alt=\"GMT by Aclunaga n\u00ba12\" \/><\/a><\/div><\/div>\n<div class=\"pt-cv-content-item pt-cv-1-col\"  data-pid=\"9777\"><h4 class=\"pt-cv-title\"><a href=\"https:\/\/aclunaga.es\/gl\/gmt-by-aclunaga_no11\/\" class=\"_self\" target=\"_self\" >GMT by Aclunaga n\u00ba11<\/a><\/h4>\n<div class=\"pt-cv-thumb-wrapper\"><a href=\"https:\/\/aclunaga.es\/gl\/gmt-by-aclunaga_no11\/\" class=\"_self pt-cv-href-thumbnail pt-cv-thumb-default\" target=\"_self\" ><img loading=\"lazy\" decoding=\"async\" width=\"724\" height=\"1024\" src=\"https:\/\/aclunaga.es\/wp-content\/uploads\/2024\/10\/GMT-by-Aclunaga_no11-pdf.jpg\" class=\"pt-cv-thumbnail\" alt=\"GMT by Aclunaga n\u00ba11\" \/><\/a><\/div><\/div>\n<div class=\"pt-cv-content-item pt-cv-1-col\"  data-pid=\"9776\"><h4 class=\"pt-cv-title\"><a href=\"https:\/\/aclunaga.es\/gl\/gmt-by-aclunaga_no10\/\" class=\"_self\" target=\"_self\" >GMT by Aclunaga n\u00ba10<\/a><\/h4>\n<div class=\"pt-cv-thumb-wrapper\"><a href=\"https:\/\/aclunaga.es\/gl\/gmt-by-aclunaga_no10\/\" class=\"_self pt-cv-href-thumbnail pt-cv-thumb-default\" target=\"_self\" ><img loading=\"lazy\" decoding=\"async\" width=\"724\" height=\"1024\" src=\"https:\/\/aclunaga.es\/wp-content\/uploads\/2024\/10\/GMT-by-Aclunaga_no10-pdf.jpg\" class=\"pt-cv-thumbnail\" alt=\"GMT by Aclunaga n\u00ba10\" \/><\/a><\/div><\/div>\n<div class=\"pt-cv-content-item pt-cv-1-col\"  data-pid=\"9775\"><h4 class=\"pt-cv-title\"><a href=\"https:\/\/aclunaga.es\/gl\/gmt-by-aclunaga_no9\/\" class=\"_self\" target=\"_self\" >GMT by Aclunaga n\u00ba9<\/a><\/h4>\n<div class=\"pt-cv-thumb-wrapper\"><a href=\"https:\/\/aclunaga.es\/gl\/gmt-by-aclunaga_no9\/\" class=\"_self pt-cv-href-thumbnail pt-cv-thumb-default\" target=\"_self\" ><img loading=\"lazy\" decoding=\"async\" width=\"724\" height=\"1024\" src=\"https:\/\/aclunaga.es\/wp-content\/uploads\/2024\/10\/GMT-by-Aclunaga_no9-pdf.jpg\" class=\"pt-cv-thumbnail\" alt=\"GMT by Aclunaga n\u00ba9\" \/><\/a><\/div><\/div>\n<div class=\"pt-cv-content-item pt-cv-1-col\"  data-pid=\"9774\"><h4 class=\"pt-cv-title\"><a href=\"https:\/\/aclunaga.es\/gl\/gmt-by-aclunaga_no8\/\" class=\"_self\" target=\"_self\" >GMT by Aclunaga n\u00ba8<\/a><\/h4>\n<div class=\"pt-cv-thumb-wrapper\"><a href=\"https:\/\/aclunaga.es\/gl\/gmt-by-aclunaga_no8\/\" class=\"_self pt-cv-href-thumbnail pt-cv-thumb-default\" target=\"_self\" ><img loading=\"lazy\" decoding=\"async\" width=\"724\" height=\"1024\" src=\"https:\/\/aclunaga.es\/wp-content\/uploads\/2024\/10\/GMT-by-Aclunaga_no8-pdf.jpg\" class=\"pt-cv-thumbnail\" alt=\"GMT by Aclunaga n\u00ba8\" \/><\/a><\/div><\/div><\/div><\/div>\n<div class=\"text-left pt-cv-pagination-wrapper\"><a href='https:\/\/aclunaga.es\/gl\/wp-json\/wp\/v2\/pages\/66\/?_page=2' onclick='event.preventDefault()' class=\"pt-cv-more btn btn-primary btn-sm\" data-totalpages=\"3\" data-nextpages=\"2\" data-sid=\"bcdf5c1\" data-unid=\"\" data-iselementor=\"bcdf5c1\" data-postid=\"0\">Cargar m\u00e1is <span class=\"caret\"><\/span><\/a><img loading=\"lazy\" decoding=\"async\" width=\"15\" height=\"15\" class=\"pt-cv-spinner\" alt=\"Loading...\" src=\"data:image\/gif;base64,R0lGODlhDwAPALMPAMrKygwMDJOTkz09PZWVla+vr3p6euTk5M7OzuXl5TMzMwAAAJmZmWZmZszMzP\/\/\/yH\/C05FVFNDQVBFMi4wAwEAAAAh+QQFCgAPACwAAAAADwAPAAAEQvDJaZaZOIcV8iQK8VRX4iTYoAwZ4iCYoAjZ4RxejhVNoT+mRGP4cyF4Pp0N98sBGIBMEMOotl6YZ3S61Bmbkm4mAgAh+QQFCgAPACwAAAAADQANAAAENPDJSRSZeA418itN8QiK8BiLITVsFiyBBIoYqnoewAD4xPw9iY4XLGYSjkQR4UAUD45DLwIAIfkEBQoADwAsAAAAAA8ACQAABC\/wyVlamTi3nSdgwFNdhEJgTJoNyoB9ISYoQmdjiZPcj7EYCAeCF1gEDo4Dz2eIAAAh+QQFCgAPACwCAAAADQANAAAEM\/DJBxiYeLKdX3IJZT1FU0iIg2RNKx3OkZVnZ98ToRD4MyiDnkAh6BkNC0MvsAj0kMpHBAAh+QQFCgAPACwGAAAACQAPAAAEMDC59KpFDll73HkAA2wVY5KgiK5b0RRoI6MuzG6EQqCDMlSGheEhUAgqgUUAFRySIgAh+QQFCgAPACwCAAIADQANAAAEM\/DJKZNLND\/kkKaHc3xk+QAMYDKsiaqmZCxGVjSFFCxB1vwy2oOgIDxuucxAMTAJFAJNBAAh+QQFCgAPACwAAAYADwAJAAAEMNAs86q1yaWwwv2Ig0jUZx3OYa4XoRAfwADXoAwfo1+CIjyFRuEho60aSNYlOPxEAAAh+QQFCgAPACwAAAIADQANAAAENPA9s4y8+IUVcqaWJ4qEQozSoAzoIyhCK2NFU2SJk0hNnyEOhKR2AzAAj4Pj4GE4W0bkJQIAOw==\" \/><div class=\"clear pt-cv-clear-pagination\"><\/div><\/div> <\/div> \t\t<\/div>\n\t\t\t\t<\/div>\n\t\t\t\t<\/div>\n\t\t\t\t<\/div>","protected":false},"excerpt":{"rendered":"<p>Revista GMT by ACLUNAGA Es la revista de ingenier\u00eda gestionada por Aclunaga, naci\u00f3 con la intenci\u00f3n de que empresas asociadas [&hellip;]<\/p>","protected":false},"author":1,"featured_media":1217,"parent":3002,"menu_order":0,"comment_status":"closed","ping_status":"closed","template":"elementor_theme","meta":{"site-sidebar-layout":"default","site-content-layout":"","ast-site-content-layout":"","site-content-style":"default","site-sidebar-style":"default","ast-global-header-display":"","ast-banner-title-visibility":"","ast-main-header-display":"","ast-hfb-above-header-display":"","ast-hfb-below-header-display":"","ast-hfb-mobile-header-display":"","site-post-title":"","ast-breadcrumbs-content":"","ast-featured-img":"","footer-sml-layout":"","theme-transparent-header-meta":"","adv-header-id-meta":"","stick-header-meta":"","header-above-stick-meta":"","header-main-stick-meta":"","header-below-stick-meta":"","astra-migrate-meta-layouts":"default","ast-page-background-enabled":"default","ast-page-background-meta":{"desktop":{"background-color":"var(--ast-global-color-4)","background-image":"","background-repeat":"repeat","background-position":"center center","background-size":"auto","background-attachment":"scroll","background-type":"","background-media":"","overlay-type":"","overlay-color":"","overlay-opacity":"","overlay-gradient":""},"tablet":{"background-color":"","background-image":"","background-repeat":"repeat","background-position":"center center","background-size":"auto","background-attachment":"scroll","background-type":"","background-media":"","overlay-type":"","overlay-color":"","overlay-opacity":"","overlay-gradient":""},"mobile":{"background-color":"","background-image":"","background-repeat":"repeat","background-position":"center center","background-size":"auto","background-attachment":"scroll","background-type":"","background-media":"","overlay-type":"","overlay-color":"","overlay-opacity":"","overlay-gradient":""}},"ast-content-background-meta":{"desktop":{"background-color":"var(--ast-global-color-5)","background-image":"","background-repeat":"repeat","background-position":"center center","background-size":"auto","background-attachment":"scroll","background-type":"","background-media":"","overlay-type":"","overlay-color":"","overlay-opacity":"","overlay-gradient":""},"tablet":{"background-color":"var(--ast-global-color-5)","background-image":"","background-repeat":"repeat","background-position":"center center","background-size":"auto","background-attachment":"scroll","background-type":"","background-media":"","overlay-type":"","overlay-color":"","overlay-opacity":"","overlay-gradient":""},"mobile":{"background-color":"var(--ast-global-color-5)","background-image":"","background-repeat":"repeat","background-position":"center center","background-size":"auto","background-attachment":"scroll","background-type":"","background-media":"","overlay-type":"","overlay-color":"","overlay-opacity":"","overlay-gradient":""}},"footnotes":""},"actividad":[],"provincia":[],"class_list":["post-66","page","type-page","status-publish","has-post-thumbnail","hentry"],"_links":{"self":[{"href":"https:\/\/aclunaga.es\/gl\/wp-json\/wp\/v2\/pages\/66","targetHints":{"allow":["GET"]}}],"collection":[{"href":"https:\/\/aclunaga.es\/gl\/wp-json\/wp\/v2\/pages"}],"about":[{"href":"https:\/\/aclunaga.es\/gl\/wp-json\/wp\/v2\/types\/page"}],"author":[{"embeddable":true,"href":"https:\/\/aclunaga.es\/gl\/wp-json\/wp\/v2\/users\/1"}],"replies":[{"embeddable":true,"href":"https:\/\/aclunaga.es\/gl\/wp-json\/wp\/v2\/comments?post=66"}],"version-history":[{"count":186,"href":"https:\/\/aclunaga.es\/gl\/wp-json\/wp\/v2\/pages\/66\/revisions"}],"predecessor-version":[{"id":14144,"href":"https:\/\/aclunaga.es\/gl\/wp-json\/wp\/v2\/pages\/66\/revisions\/14144"}],"up":[{"embeddable":true,"href":"https:\/\/aclunaga.es\/gl\/wp-json\/wp\/v2\/pages\/3002"}],"wp:featuredmedia":[{"embeddable":true,"href":"https:\/\/aclunaga.es\/gl\/wp-json\/wp\/v2\/media\/1217"}],"wp:attachment":[{"href":"https:\/\/aclunaga.es\/gl\/wp-json\/wp\/v2\/media?parent=66"}],"wp:term":[{"taxonomy":"actividad","embeddable":true,"href":"https:\/\/aclunaga.es\/gl\/wp-json\/wp\/v2\/actividad?post=66"},{"taxonomy":"provincia","embeddable":true,"href":"https:\/\/aclunaga.es\/gl\/wp-json\/wp\/v2\/provincia?post=66"}],"curies":[{"name":"wp","href":"https:\/\/api.w.org\/{rel}","templated":true}]}}