{"id":62,"date":"2024-05-10T10:16:28","date_gmt":"2024-05-10T10:16:28","guid":{"rendered":"https:\/\/aclunaga.es\/?page_id=62"},"modified":"2024-11-26T09:05:23","modified_gmt":"2024-11-26T09:05:23","slug":"hazte-socio","status":"publish","type":"page","link":"https:\/\/aclunaga.es\/gl\/socios\/hazte-socio\/","title":{"rendered":"Faite socio"},"content":{"rendered":"<div data-elementor-type=\"wp-page\" data-elementor-id=\"62\" class=\"elementor elementor-62\">\n\t\t\t\t<div class=\"elementor-element elementor-element-65b02639 e-flex e-con-boxed e-con e-parent\" data-id=\"65b02639\" data-element_type=\"container\" data-settings=\"{&quot;background_background&quot;:&quot;classic&quot;}\">\n\t\t\t\t\t<div class=\"e-con-inner\">\n\t\t<div class=\"elementor-element elementor-element-741e71f e-con-full e-flex e-con e-child\" data-id=\"741e71f\" data-element_type=\"container\">\n\t\t\t\t<div class=\"elementor-element elementor-element-6214da4 elementor-widget elementor-widget-text-editor\" data-id=\"6214da4\" data-element_type=\"widget\" data-widget_type=\"text-editor.default\">\n\t\t\t\t<div class=\"elementor-widget-container\">\n\t\t\t\t\t\t\t<h1><span style=\"font-size:30px\">Faite socio<\/h1>\nAsocia a t\u00faa empresa a ACLUNAGA e fortalece a t\u00faa presenza no sector naval. Goza dos nosos servizos, con\u00e9ctate cos nosos asociados e benef\u00edciate da innovaci\u00f3n, apoios e recursos que podemos ofrecerche. D\u00e9ixanos os teus datos a trav\u00e9s do seguinte formulario e po\u00f1er\u00e9monos en contacto contigo na maior brevidade posible.\t\t\t\t\t\t<\/div>\n\t\t\t\t<\/div>\n\t\t\t\t<\/div>\n\t\t\t\t\t<\/div>\n\t\t\t\t<\/div>\n\t\t<div class=\"elementor-element elementor-element-8a7e414 e-flex e-con-boxed e-con e-parent\" data-id=\"8a7e414\" data-element_type=\"container\">\n\t\t\t\t\t<div class=\"e-con-inner\">\n\t\t<div class=\"elementor-element elementor-element-bde7128 e-con-full e-flex e-con e-child\" data-id=\"bde7128\" data-element_type=\"container\" data-settings=\"{&quot;background_background&quot;:&quot;gradient&quot;}\">\n\t\t\t\t<div class=\"elementor-element elementor-element-7706c23 elementor-widget elementor-widget-heading\" data-id=\"7706c23\" data-element_type=\"widget\" data-widget_type=\"heading.default\">\n\t\t\t\t<div class=\"elementor-widget-container\">\n\t\t\t<h2 class=\"elementor-heading-title elementor-size-default\">Cont\u00e1ctanos para comezalo proceso<\/h2>\t\t<\/div>\n\t\t\t\t<\/div>\n\t\t\t\t<div class=\"elementor-element elementor-element-b090cee elementor-widget elementor-widget-text-editor\" data-id=\"b090cee\" data-element_type=\"widget\" data-widget_type=\"text-editor.default\">\n\t\t\t\t<div class=\"elementor-widget-container\">\n\t\t\t\t\t\t\t<p>Revisa os <strong><a href=\"https:\/\/aclunaga.es\/gl\/estatutos-de-aclunaga\/\">Estatutos de ACLUNAGA<\/a><\/strong>, todalas empresas deben  adscribirse a eles.<\/p>\t\t\t\t\t\t<\/div>\n\t\t\t\t<\/div>\n\t\t\t\t<div class=\"elementor-element elementor-element-b23b0cb elementor-widget elementor-widget-shortcode\" data-id=\"b23b0cb\" data-element_type=\"widget\" data-widget_type=\"shortcode.default\">\n\t\t\t\t<div class=\"elementor-widget-container\">\n\t\t\t\t\t<div class=\"elementor-shortcode\"><div class=\"forminator-ui forminator-custom-form forminator-custom-form-11605 forminator-design--material  forminator_ajax\" data-forminator-render=\"0\" data-form=\"forminator-module-11605\" data-uid=\"69d5fadb01251\"><br\/><\/div><form\n\t\t\t\tid=\"forminator-module-11605\"\n\t\t\t\tclass=\"forminator-ui forminator-custom-form forminator-custom-form-11605 forminator-design--material  forminator_ajax\"\n\t\t\t\tmethod=\"post\"\n\t\t\t\tdata-forminator-render=\"0\"\n\t\t\t\tdata-form-id=\"11605\"\n\t\t\t\t\n\t\t\t\tdata-design=\"material\"\n\t\t\t\t\n\t\t\t\t\n\t\t\t\t\n\t\t\t\tdata-grid=\"open\"\n\t\t\t\t\n\t\t\t\t\n\t\t\t\tstyle=\"display: none;\"\n\t\t\t\t\n\t\t\t\tdata-uid=\"69d5fadb01251\" action=\"\"\n\t\t\t><div role=\"alert\" aria-live=\"polite\" class=\"forminator-response-message forminator-error\" aria-hidden=\"true\"><\/div><div class=\"forminator-row\"><div id=\"name-1\" class=\"forminator-field-name forminator-col forminator-col-12\"><div class=\"forminator-row forminator-no-margin\" data-multiple=\"true\"><div class=\"forminator-col forminator-col-md-6\"><div class=\"forminator-field\"><label for=\"forminator-field-first-name-1_69d5fadb01251\" id=\"forminator-field-first-name-1_69d5fadb01251-label\" class=\"forminator-label\">Nome <span class=\"forminator-required\">*<\/span><\/label><input type=\"text\" name=\"name-1-first-name\" placeholder=\"Escribe aqu\u00ed\" id=\"forminator-field-first-name-1_69d5fadb01251\" class=\"forminator-input\" aria-required=\"true\" data-multi=\"1\" value=\"\" \/><\/div><\/div><div class=\"forminator-col forminator-col-md-6\"><div class=\"forminator-field\"><label for=\"forminator-field-last-name-1_69d5fadb01251\" id=\"forminator-field-last-name-1_69d5fadb01251-label\" class=\"forminator-label\">Apelidos<\/label><input type=\"text\" name=\"name-1-last-name\" placeholder=\"Escribe aqu\u00ed\" id=\"forminator-field-last-name-1_69d5fadb01251\" class=\"forminator-input\" aria-required=\"false\" data-multi=\"1\" value=\"\" \/><\/div><\/div><\/div><\/div><\/div><div class=\"forminator-row\"><div id=\"name-2\" class=\"forminator-field-name forminator-col forminator-col-6\"><div class=\"forminator-field\"><label for=\"forminator-field-name-2_69d5fadb01251\" id=\"forminator-field-name-2_69d5fadb01251-label\" class=\"forminator-label\">Empresa <span class=\"forminator-required\">*<\/span><\/label><input type=\"text\" name=\"name-2\" value=\"\" placeholder=\"\" id=\"forminator-field-name-2_69d5fadb01251\" class=\"forminator-input forminator-name--field\" aria-required=\"true\" \/><\/div><\/div><div id=\"phone-1\" class=\"forminator-field-phone forminator-col forminator-col-6\"><div class=\"forminator-field\"><label for=\"forminator-field-phone-1_69d5fadb01251\" id=\"forminator-field-phone-1_69d5fadb01251-label\" class=\"forminator-label\">N\u00famero de tel\u00e9fono<\/label><input type=\"text\" name=\"phone-1\" value=\"\" placeholder=\"Exemplo: +1 3004005000\" id=\"forminator-field-phone-1_69d5fadb01251\" class=\"forminator-input forminator-field--phone\" data-required=\"\" aria-required=\"false\" autocomplete=\"off\" \/><\/div><\/div><\/div><div class=\"forminator-row\"><div id=\"email-1\" class=\"forminator-field-email forminator-col forminator-col-12\"><div class=\"forminator-field\"><label for=\"forminator-field-email-1_69d5fadb01251\" id=\"forminator-field-email-1_69d5fadb01251-label\" class=\"forminator-label\">Enderezo electr\u00f3nico <span class=\"forminator-required\">*<\/span><\/label><input type=\"email\" name=\"email-1\" value=\"\" placeholder=\"Exemplo: john@doe.com\" id=\"forminator-field-email-1_69d5fadb01251\" class=\"forminator-input forminator-email--field\" data-required=\"true\" aria-required=\"true\" \/><\/div><\/div><\/div><div class=\"forminator-row\"><div id=\"textarea-1\" class=\"forminator-field-textarea forminator-col forminator-col-12\"><div class=\"forminator-field\"><label for=\"forminator-field-textarea-1_69d5fadb01251\" id=\"forminator-field-textarea-1_69d5fadb01251-label\" class=\"forminator-label\">Mensaxe<\/label><textarea name=\"textarea-1\" placeholder=\"Escribe a t\u00faa mensaxe aqu\u00ed...\" id=\"forminator-field-textarea-1_69d5fadb01251\" class=\"forminator-textarea\" rows=\"6\" style=\"min-height:140px;\" maxlength=\"180\" ><\/textarea><span id=\"forminator-field-textarea-1_69d5fadb01251-description\" class=\"forminator-description\"><span data-limit=\"180\" data-type=\"characters\" data-editor=\"\">0 \/ 180<\/span><\/span><\/div><\/div><\/div><input type=\"hidden\" name=\"referer_url\" value=\"\" \/><div class=\"forminator-row forminator-row-last\"><div class=\"forminator-col\"><div class=\"forminator-field\"><button class=\"forminator-button forminator-button-submit\"><span>Enviar mensaxe<\/span><span aria-hidden=\"true\"><\/span><\/button><\/div><\/div><\/div><input type=\"hidden\" id=\"forminator_nonce\" name=\"forminator_nonce\" value=\"598a356da9\" \/><input type=\"hidden\" name=\"_wp_http_referer\" value=\"\/gl\/wp-json\/wp\/v2\/pages\/62\" \/><input type=\"hidden\" name=\"form_id\" value=\"11605\"><input type=\"hidden\" name=\"page_id\" value=\"62\"><input type=\"hidden\" name=\"form_type\" value=\"default\"><input type=\"hidden\" name=\"current_url\" value=\"https:\/\/aclunaga.es\/gl\/socios\/hazte-socio\/\"><input type=\"hidden\" name=\"render_id\" value=\"0\"><input type=\"hidden\" name=\"action\" value=\"forminator_submit_form_custom-forms\"><input type=\"hidden\" name=\"etm-form-language\" value=\"gl\"\/><\/form><\/div>\n\t\t\t\t<\/div>\n\t\t\t\t<\/div>\n\t\t\t\t<div class=\"elementor-element elementor-element-0ca5a59 elementor-alert-info elementor-widget elementor-widget-alert\" data-id=\"0ca5a59\" data-element_type=\"widget\" data-widget_type=\"alert.default\">\n\t\t\t\t<div class=\"elementor-widget-container\">\n\t\t\t\t\t<div class=\"elementor-alert\" role=\"alert\">\n\n\t\t\t\t\t\t<span class=\"elementor-alert-title\">Recopilaci\u00f3n de informaci\u00f3n<\/span>\n\t\t\t\n\t\t\t\t\t\t<span class=\"elementor-alert-description\">Esta Pol\u00edtica de Privacidade describe como ACLUNAGA recopila, utiliza e protexe a informaci\u00f3n persoal que vostede proporciona na nosa p\u00e1xina web [www.aclunaga.com]. Respectamos a s\u00faa privacidade e estamos comprometidos a protexela. Se ten algunha pregunta sobre como manexamos os seus datos persoais, cont\u00e1ctenos a trav\u00e9s de aclunaga@aclunaga.es.<\/span>\n\t\t\t\n\t\t\t\t\t\t<button type=\"button\" class=\"elementor-alert-dismiss\">\n\t\t\t\t\t\t\t\t\t<span aria-hidden=\"true\">&times;<\/span>\n\t\t\t\t\t\t\t\t<span class=\"elementor-screen-only\">Descartar esta alerta.<\/span>\n\t\t\t<\/button>\n\t\t\t\n\t\t<\/div>\n\t\t\t\t<\/div>\n\t\t\t\t<\/div>\n\t\t\t\t<\/div>\n\t\t<div class=\"elementor-element elementor-element-28bc7c5 e-con-full e-flex e-con e-child\" data-id=\"28bc7c5\" data-element_type=\"container\" data-settings=\"{&quot;background_background&quot;:&quot;gradient&quot;}\">\n\t\t\t\t<div class=\"elementor-element elementor-element-211e0ac elementor-widget elementor-widget-text-editor\" data-id=\"211e0ac\" data-element_type=\"widget\" data-widget_type=\"text-editor.default\">\n\t\t\t\t<div class=\"elementor-widget-container\">\n\t\t\t\t\t\t\t<h4>Requisitos:<\/h4><hr \/><p style=\"padding-left: 40px;\">\u2013 Ter centro de traballo na Comunidade Aut\u00f3noma Galega.<\/p><p style=\"padding-left: 40px;\">\u2013 Que a s\u00faa facturaci\u00f3n total ou parcial proceda directa ou indirectamente do sector naval ou mar\u00edtimo.<\/p><p style=\"padding-left: 40px;\">\u2013 Que a s\u00faa actividade est\u00e9 integrada dentro da cadea de valor do sector naval e mar\u00edtimo.<\/p><p style=\"padding-left: 40px;\">\u2013 Os asociados, persoas f\u00edsicas, deben de ser maiores de idade ou menores emancipados con capacidade de obrar e non estar suxeitas a inhabilitaci\u00f3n ou condici\u00f3n legal para o exercicio do dereito.<\/p><p style=\"padding-left: 40px;\">\u2013 Os menores de m\u00e1is de 14 anos non emancipados necesitan o consentimento, documentalmente acreditado, das persoas que deban suplir a s\u00faa capacidade.<\/p><p style=\"padding-left: 40px;\">\u2013 As entidades xur\u00eddicas de natureza asociativa requirir\u00e1n o acordo expreso do seu \u00f3rgano competente, e as de natureza institucional, o acordo do seu \u00f3rgano reitor.<\/p>\t\t\t\t\t\t<\/div>\n\t\t\t\t<\/div>\n\t\t\t\t<\/div>\n\t\t\t\t\t<\/div>\n\t\t\t\t<\/div>\n\t\t\t\t<\/div>","protected":false},"excerpt":{"rendered":"<p>Hazte socio Asocia tu empresa a ACLUNAGA y fortalece tu presencia en el sector naval. Disfruta de nuestros servicios, con\u00e9ctate [&hellip;]<\/p>","protected":false},"author":1,"featured_media":0,"parent":2986,"menu_order":11,"comment_status":"closed","ping_status":"closed","template":"","meta":{"site-sidebar-layout":"no-sidebar","site-content-layout":"","ast-site-content-layout":"","site-content-style":"default","site-sidebar-style":"default","ast-global-header-display":"","ast-banner-title-visibility":"","ast-main-header-display":"","ast-hfb-above-header-display":"","ast-hfb-below-header-display":"","ast-hfb-mobile-header-display":"","site-post-title":"disabled","ast-breadcrumbs-content":"","ast-featured-img":"disabled","footer-sml-layout":"","theme-transparent-header-meta":"","adv-header-id-meta":"","stick-header-meta":"","header-above-stick-meta":"","header-main-stick-meta":"","header-below-stick-meta":"","astra-migrate-meta-layouts":"default","ast-page-background-enabled":"default","ast-page-background-meta":{"desktop":{"background-color":"var(--ast-global-color-4)","background-image":"","background-repeat":"repeat","background-position":"center center","background-size":"auto","background-attachment":"scroll","background-type":"","background-media":"","overlay-type":"","overlay-color":"","overlay-opacity":"","overlay-gradient":""},"tablet":{"background-color":"","background-image":"","background-repeat":"repeat","background-position":"center center","background-size":"auto","background-attachment":"scroll","background-type":"","background-media":"","overlay-type":"","overlay-color":"","overlay-opacity":"","overlay-gradient":""},"mobile":{"background-color":"","background-image":"","background-repeat":"repeat","background-position":"center center","background-size":"auto","background-attachment":"scroll","background-type":"","background-media":"","overlay-type":"","overlay-color":"","overlay-opacity":"","overlay-gradient":""}},"ast-content-background-meta":{"desktop":{"background-color":"var(--ast-global-color-5)","background-image":"","background-repeat":"repeat","background-position":"center center","background-size":"auto","background-attachment":"scroll","background-type":"","background-media":"","overlay-type":"","overlay-color":"","overlay-opacity":"","overlay-gradient":""},"tablet":{"background-color":"var(--ast-global-color-5)","background-image":"","background-repeat":"repeat","background-position":"center center","background-size":"auto","background-attachment":"scroll","background-type":"","background-media":"","overlay-type":"","overlay-color":"","overlay-opacity":"","overlay-gradient":""},"mobile":{"background-color":"var(--ast-global-color-5)","background-image":"","background-repeat":"repeat","background-position":"center center","background-size":"auto","background-attachment":"scroll","background-type":"","background-media":"","overlay-type":"","overlay-color":"","overlay-opacity":"","overlay-gradient":""}},"footnotes":""},"actividad":[],"provincia":[],"class_list":["post-62","page","type-page","status-publish","hentry"],"_links":{"self":[{"href":"https:\/\/aclunaga.es\/gl\/wp-json\/wp\/v2\/pages\/62","targetHints":{"allow":["GET"]}}],"collection":[{"href":"https:\/\/aclunaga.es\/gl\/wp-json\/wp\/v2\/pages"}],"about":[{"href":"https:\/\/aclunaga.es\/gl\/wp-json\/wp\/v2\/types\/page"}],"author":[{"embeddable":true,"href":"https:\/\/aclunaga.es\/gl\/wp-json\/wp\/v2\/users\/1"}],"replies":[{"embeddable":true,"href":"https:\/\/aclunaga.es\/gl\/wp-json\/wp\/v2\/comments?post=62"}],"version-history":[{"count":54,"href":"https:\/\/aclunaga.es\/gl\/wp-json\/wp\/v2\/pages\/62\/revisions"}],"predecessor-version":[{"id":12107,"href":"https:\/\/aclunaga.es\/gl\/wp-json\/wp\/v2\/pages\/62\/revisions\/12107"}],"up":[{"embeddable":true,"href":"https:\/\/aclunaga.es\/gl\/wp-json\/wp\/v2\/pages\/2986"}],"wp:attachment":[{"href":"https:\/\/aclunaga.es\/gl\/wp-json\/wp\/v2\/media?parent=62"}],"wp:term":[{"taxonomy":"actividad","embeddable":true,"href":"https:\/\/aclunaga.es\/gl\/wp-json\/wp\/v2\/actividad?post=62"},{"taxonomy":"provincia","embeddable":true,"href":"https:\/\/aclunaga.es\/gl\/wp-json\/wp\/v2\/provincia?post=62"}],"curies":[{"name":"wp","href":"https:\/\/api.w.org\/{rel}","templated":true}]}}