{"id":5881,"date":"2024-09-04T11:32:29","date_gmt":"2024-09-04T11:32:29","guid":{"rendered":"https:\/\/aclunaga.es\/?page_id=5881"},"modified":"2024-10-14T09:04:53","modified_gmt":"2024-10-14T09:04:53","slug":"estatutos-de-aclunaga","status":"publish","type":"page","link":"https:\/\/aclunaga.es\/gl\/sobre-nosotros\/estatutos-de-aclunaga\/","title":{"rendered":"Estatutos de Aclunaga"},"content":{"rendered":"<div data-elementor-type=\"wp-page\" data-elementor-id=\"5881\" class=\"elementor elementor-5881\">\n\t\t\t\t<div class=\"elementor-element elementor-element-68608d99 e-flex e-con-boxed e-con e-parent\" data-id=\"68608d99\" data-element_type=\"container\" data-settings=\"{&quot;background_background&quot;:&quot;classic&quot;}\">\n\t\t\t\t\t<div class=\"e-con-inner\">\n\t\t<div class=\"elementor-element elementor-element-3e05b566 e-con-full e-flex e-con e-child\" data-id=\"3e05b566\" data-element_type=\"container\">\n\t\t<div class=\"elementor-element elementor-element-4950e8ab e-grid e-con-boxed e-con e-child\" data-id=\"4950e8ab\" data-element_type=\"container\">\n\t\t\t\t\t<div class=\"e-con-inner\">\n\t\t\t\t<div class=\"elementor-element elementor-element-58a9ad90 elementor-widget elementor-widget-text-editor\" data-id=\"58a9ad90\" data-element_type=\"widget\" data-widget_type=\"text-editor.default\">\n\t\t\t\t<div class=\"elementor-widget-container\">\n\t\t\t\t\t\t\t<h2>Estatutos de Aclunaga<\/h2>\t\t\t\t\t\t<\/div>\n\t\t\t\t<\/div>\n\t\t\t\t\t<\/div>\n\t\t\t\t<\/div>\n\t\t\t\t<\/div>\n\t\t\t\t\t<\/div>\n\t\t\t\t<\/div>\n\t\t<div class=\"elementor-element elementor-element-42717b2 e-flex e-con-boxed e-con e-parent\" data-id=\"42717b2\" data-element_type=\"container\" data-settings=\"{&quot;background_background&quot;:&quot;gradient&quot;}\">\n\t\t\t\t\t<div class=\"e-con-inner\">\n\t\t\t\t<div class=\"elementor-element elementor-element-8600b56 elementor-widget elementor-widget-text-editor\" data-id=\"8600b56\" data-element_type=\"widget\" data-widget_type=\"text-editor.default\">\n\t\t\t\t<div class=\"elementor-widget-container\">\n\t\t\t\t\t\t\t<h4 style=\"text-align: center;\"><span style=\"color: #ffffff;\"><b>CAP\u00cdTULO II<\/b><\/span><\/h4><h4 style=\"text-align: center;\"><span style=\"color: #ffffff;\"><b>\u00abDOS ASOCIADOS\u00bb<\/b><\/span><\/h4><h4 style=\"text-align: center;\"><span style=\"color: #ffffff;\"><b>Artigo 7. Requisitos.<\/b><\/span><\/h4><p>Para a adquisici\u00f3n da condici\u00f3n de socio numerario ser\u00e1 necesario cumprir cos seguintes requisitos:<\/p><ol><li style=\"list-style-type: none;\"><ol><li>Ter centro de traballo na Comunidade Aut\u00f3noma Galega.<\/li><li>Que a s\u00faa facturaci\u00f3n total ou parcial proceda directa ou indirectamente do sector naval ou mar\u00edtimo.<\/li><li>Que a s\u00faa actividade est\u00e9 integrada dentro da cadea de valor do sector naval e mar\u00edtimo.<\/li><li>Os asociados, persoas f\u00edsicas, deben de ser maiores de idade ou menores emancipados con capacidade de obrar e non estar suxeitas a inhabilitaci\u00f3n ou condici\u00f3n legal para o exercicio do dereito.<\/li><li>Os menores de m\u00e1is de 14 anos non emancipados necesitan o consentimento, documentalmente acreditado, das persoas que deban suplir a s\u00faa capacidade.<\/li><li>As entidades xur\u00eddicas de natureza asociativa requirir\u00e1n o acordo expreso do seu \u00f3rgano competente, e as de natureza institucional, o acordo do seu \u00f3rgano reitor.<\/li><\/ol><\/li><\/ol><ul><li><b>Artigo 8. Clase de asociados<\/b><\/li><\/ul><p style=\"padding-left: 40px;\">Dentro da asociaci\u00f3n poder\u00e1n existir as seguintes clases de asociados:<\/p><p style=\"padding-left: 80px;\">a)\u00a0<b>Socios fundadores<\/b>: son aqueles que no seu d\u00eda suscribiron o Acta fundacional.<\/p><p style=\"padding-left: 80px;\">b)\u00a0<b>Socios de honor:\u00a0<\/b>son aqueles asociados que sexan nomeados con car\u00e1cter honor\u00edfico pola Asamblea Xeral, tendo voz nesta pero non voto, estando exonerados de pago de cuota algunha.<\/p><p style=\"padding-left: 80px;\">c)\u00a0<b>Socios de n\u00famero ou numerarios:<\/b>\u00a0ser\u00e1n aqueles que sexan aceptados pola Asamblea Xeral para integrarse \u00e1 Asociaci\u00f3n con posteridade \u00e1 constituci\u00f3n desta, sempre que cumpran cos requisitos establecidos nos presentes Estatutos.<\/p><p style=\"padding-left: 80px;\">d)<b>Socios colaboradores ou cooperadores:<\/b>son aqueles socios que realicen actividades de colaboraci\u00f3n coa Asamblea, pero que non ter\u00e1n dereito de sufraxio nas Asambleas, debendo ser tam\u00e9n nomeados pola Asamblea Xeral, abonando no seu caso a cuota que fixe esta.<\/p><ul><li><b>Artigo 9. Perda da condici\u00f3n de asociado.<\/b><\/li><\/ul><p style=\"padding-left: 40px;\">1.- A condici\u00f3n de asociado, p\u00e9rdese:<\/p><p style=\"padding-left: 80px;\">a) Por vontade propia, que se far\u00eda efectiva mediante presentaci\u00f3n de renuncia, por escrito ante a Xunta Directiva e dirixida \u00e1 secretar\u00eda da Asociaci\u00f3n. A renuncia deber\u00e1 facerse con dous meses de antelaci\u00f3n a que deba facerse efectiva a baixa.<\/p><p style=\"padding-left: 80px;\">O asociado quedar\u00e1 obrigado ao pago das cuotas que lle correspondan durante os seguintes dous meses e dos compromisos econ\u00f3micos adquiridos con anterioridade a s\u00faa renuncia.<\/p><p style=\"padding-left: 80px;\">b) Por falta de pago de seis cuotas, que ser\u00e1 efectiva desde a notificaci\u00f3n do acordo adoptado pola Xunta Directiva, ao interesado.<\/p><p style=\"padding-left: 80px;\">O asociado que perdera a s\u00faa condici\u00f3n polo suposto sinalado no apartado anterior, poder\u00e1 ser rehabilitado na s\u00faa condici\u00f3n de asociado, se no prazo de seis meses desde a notificaci\u00f3n ab\u00f3nanse as cuotas pendentes de pago.<\/p><p style=\"padding-left: 80px;\">c) Por incumprimento dos presentes Estatutos ou de acordos v\u00e1lidamente adoptados polos \u00f3rganos da Asociaci\u00f3n, as\u00ed como a realizaci\u00f3n de acci\u00f3ns que danen gravemente os intereses da Asociaci\u00f3n.<\/p><p style=\"padding-left: 80px;\">d) Por falecemento da persoa f\u00edsica ou extinci\u00f3n da persoa xur\u00eddica.<\/p><p style=\"padding-left: 40px;\">2.- A expulsi\u00f3n de asociados nos supostos dos apartados b) e c) do p\u00e1rrafo anterior, ser\u00e1 acordada pola Xunta Directiva, despois da audiencia do asociado interesado. O acordo de expulsi\u00f3n deber\u00e1 ser ratificado pola Asamblea Xeral Extraordinaria e contra a s\u00faa resoluci\u00f3n, se poder\u00e1 recurrir ante a xurisdicci\u00f3n ordinaria.<\/p><p style=\"padding-left: 40px;\">3.- Os asociados que perdan a s\u00faa condici\u00f3n de socio, perder\u00e1n asimesmo, os posibles dereitos sobre o patrimonio da asociaci\u00f3n.<\/p><p style=\"padding-left: 40px;\">4.- Se alg\u00fan asociado desexa recuperar a s\u00faa cualidade de socio deber\u00e1 dirixirse por escrito \u00e1 Xunta Directiva, seguindo id\u00e9ntico procedemento que para a admisi\u00f3n dun novo socio.<\/p><ul><li><b>Artigo 10. Dereitos.<\/b>.<\/li><\/ul><p style=\"padding-left: 40px;\">1.- Os asociados te\u00f1en os seguintes dereitos:<\/p><p style=\"padding-left: 80px;\">a) Participar na Asamblea Xeral con voz e voto sempre e cando estean ao corrente das s\u00faas obrigaci\u00f3ns coa asociaci\u00f3n.<\/p><p style=\"padding-left: 80px;\">b) Ser elixidos membros da Xunta Directiva.<\/p><p style=\"padding-left: 80px;\">c) Recibir da asociaci\u00f3n os servicios establecidos e formar parte dos comit\u00e9s e grupos de traballo que se creen para o estudo e proposta de materias de interese xeral ou espec\u00edficos dunha actividade.<\/p><p style=\"padding-left: 80px;\">d) Recibir, a trav\u00e9s da Asamblea Xeral, a informaci\u00f3n suficiente sobre o desenvolvemento e a marcha econ\u00f3mica da asociaci\u00f3n.<\/p><p style=\"padding-left: 80px;\">e) Todo socio poder\u00e1, adem\u00e1is, con gastos ao seu cargo, efectuar a auditor\u00eda de contas anuais da asociaci\u00f3n, a\u00ednda que estas foran xa auditadas por unha Auditor\u00eda de Contas independentemente encargada pola propia asociaci\u00f3n.<\/p><p style=\"padding-left: 80px;\">f) Delegar a s\u00faa representaci\u00f3n para asistir \u00e1 Asamblea Xeral, noutro socio ou no Presidente ou Secretario da Asamblea, podendo efectuar dita delegaci\u00f3n por escrito remitido ao Presidente da Asociaci\u00f3n, ou ben mediante fax, ou e-mail.<\/p><p style=\"padding-left: 80px;\">g) Intervir e expresar librmente, tanto de maneira escrita como verbal, calquera asunto que afecte \u00e1 Asociaci\u00f3n, sempre e cando se cumpra coas normas regramentarias e estatutarias.<\/p><p style=\"padding-left: 80px;\">h) Intervir conforme as normas legais e estatutarias, na xesti\u00f3n econ\u00f3mica da Asociaci\u00f3n.<\/p><p style=\"padding-left: 80px;\">i) Exercitar t\u00f3dalas acci\u00f3ns e recursos que considere pertinentes en defensa dos seus intereses e instar \u00e1 Asociaci\u00f3n para que interpo\u00f1a as acci\u00f3ns e recursos que considere oportuno para a defensa dos intereses que deben ser amparados pola Asociaci\u00f3n.<\/p><p style=\"padding-left: 80px;\">j) Ser o\u00eddas con caracter previo \u00e1 adopci\u00f3n de medidas disciplinarias contra elas e ser informadas dos feitos que dan lugar a ditas medidas, debendo motivarse o acordo que, no seu caso, impongan a sanci\u00f3n.<\/p><p style=\"padding-left: 80px;\">k) Impugnar os acordos dos \u00f3rganos da asociaci\u00f3n que estime contrarios \u00e1 ley ou aos Estatutos.<\/p><p style=\"padding-left: 40px;\">2.- Non poder\u00e1n exercer o dereito de sufraxio activo e pasivo os asociados que non estean ao d\u00eda no pago das cuotas sociais.<\/p><p style=\"padding-left: 40px;\">3.- Os asociados de honor non poder\u00e1n intervir na direcci\u00f3n da asociaci\u00f3n non nos \u00f3rganos de representaci\u00f3n desta, pero poder\u00e1n asistir \u00e1s asambleas con voz, pero sen voto.<\/p><ul><li><b>Artigo 11. Obrigaci\u00f3ns.<\/b><\/li><\/ul><p style=\"padding-left: 40px;\">Son obrigaci\u00f3ns dos asociados:<\/p><p style=\"padding-left: 80px;\">a) Participar la elecci\u00f3n sos representantes nos \u00f3rganos de goberno da Asociaci\u00f3n.<\/p><p style=\"padding-left: 80px;\">b) Acatar e cumprir os presentes Estatutos e dem\u00e1is pactos fundacionais, as\u00ed como os acordos adoptados en forma legal polos \u00f3rganos de goberno da Asociaci\u00f3n.<\/p><p style=\"padding-left: 80px;\">c) Cumprir e facilitar o desenvolvemento das fins da Asociaci\u00f3n dentro das normas m\u00e1is estrictas da \u00e9tica profesional e empresarial.<\/p><p style=\"padding-left: 80px;\">d) Colaborar, na medida das s\u00faas posibilidades nas actividades da Asociaci\u00f3n.<\/p><p style=\"padding-left: 80px;\">e) Pagalas cuotas ordinarias e extraordinarias, e derramas que se acorden pola Asamblea de socios.<\/p><p style=\"padding-left: 80px;\">f) Desempe\u00f1ar os cargos para os que fosen elixidos coa dilixencia dun representante legal e responsable.<\/p><p style=\"padding-left: 80px;\">g) Non comprometer con actuaci\u00f3n propias as acci\u00f3ns emprendidas pola Asociaci\u00f3n, en base aos acordos dos \u00f3rganos de goberno competentes da mesma.<\/p><p style=\"padding-left: 80px;\">h) Facilitar \u00e1 Asociaci\u00f3n a informaci\u00f3n, documentaci\u00f3n e colaboraci\u00f3n que se lle demande para o cumprimento dos obxectivos previstos.<\/p><p style=\"padding-left: 80px;\">i) Asistir \u00e1s Asambleas e dem\u00e1is actos organizados pola Asociaci\u00f3n.<\/p><ul><li><b>Artigo 13.<\/b>\u00a0Organizaci\u00f3n da Asociaci\u00f3n.<\/li><\/ul><p style=\"padding-left: 40px;\">Los \u00f3rganos de gobierno y representaci\u00f3n de la Asociaci\u00f3n son la Asamblea General y la Junta Directiva, que adoptar\u00e1n sus acuerdos de conformidad con el principio mayoritario o de democracia interna.<\/p>\t\t\t\t\t\t<\/div>\n\t\t\t\t<\/div>\n\t\t\t\t\t<\/div>\n\t\t\t\t<\/div>\n\t\t\t\t<\/div>","protected":false},"excerpt":{"rendered":"<p>Estatutos de Aclunaga CAP\u00cdTULO II \u00abDE LOS ASOCIADOS\u00bb Art\u00edculo 7. Requisitos. Para la adquisici\u00f3n de la condici\u00f3n de socio numerario [&hellip;]<\/p>","protected":false},"author":1,"featured_media":0,"parent":2968,"menu_order":0,"comment_status":"closed","ping_status":"closed","template":"","meta":{"site-sidebar-layout":"no-sidebar","site-content-layout":"","ast-site-content-layout":"full-width-container","site-content-style":"default","site-sidebar-style":"default","ast-global-header-display":"","ast-banner-title-visibility":"","ast-main-header-display":"","ast-hfb-above-header-display":"","ast-hfb-below-header-display":"","ast-hfb-mobile-header-display":"","site-post-title":"disabled","ast-breadcrumbs-content":"","ast-featured-img":"disabled","footer-sml-layout":"","theme-transparent-header-meta":"","adv-header-id-meta":"","stick-header-meta":"","header-above-stick-meta":"","header-main-stick-meta":"","header-below-stick-meta":"","astra-migrate-meta-layouts":"default","ast-page-background-enabled":"default","ast-page-background-meta":{"desktop":{"background-color":"var(--ast-global-color-4)","background-image":"","background-repeat":"repeat","background-position":"center center","background-size":"auto","background-attachment":"scroll","background-type":"","background-media":"","overlay-type":"","overlay-color":"","overlay-opacity":"","overlay-gradient":""},"tablet":{"background-color":"","background-image":"","background-repeat":"repeat","background-position":"center center","background-size":"auto","background-attachment":"scroll","background-type":"","background-media":"","overlay-type":"","overlay-color":"","overlay-opacity":"","overlay-gradient":""},"mobile":{"background-color":"","background-image":"","background-repeat":"repeat","background-position":"center center","background-size":"auto","background-attachment":"scroll","background-type":"","background-media":"","overlay-type":"","overlay-color":"","overlay-opacity":"","overlay-gradient":""}},"ast-content-background-meta":{"desktop":{"background-color":"var(--ast-global-color-5)","background-image":"","background-repeat":"repeat","background-position":"center center","background-size":"auto","background-attachment":"scroll","background-type":"","background-media":"","overlay-type":"","overlay-color":"","overlay-opacity":"","overlay-gradient":""},"tablet":{"background-color":"var(--ast-global-color-5)","background-image":"","background-repeat":"repeat","background-position":"center center","background-size":"auto","background-attachment":"scroll","background-type":"","background-media":"","overlay-type":"","overlay-color":"","overlay-opacity":"","overlay-gradient":""},"mobile":{"background-color":"var(--ast-global-color-5)","background-image":"","background-repeat":"repeat","background-position":"center center","background-size":"auto","background-attachment":"scroll","background-type":"","background-media":"","overlay-type":"","overlay-color":"","overlay-opacity":"","overlay-gradient":""}},"footnotes":""},"actividad":[],"provincia":[],"class_list":["post-5881","page","type-page","status-publish","hentry"],"_links":{"self":[{"href":"https:\/\/aclunaga.es\/gl\/wp-json\/wp\/v2\/pages\/5881","targetHints":{"allow":["GET"]}}],"collection":[{"href":"https:\/\/aclunaga.es\/gl\/wp-json\/wp\/v2\/pages"}],"about":[{"href":"https:\/\/aclunaga.es\/gl\/wp-json\/wp\/v2\/types\/page"}],"author":[{"embeddable":true,"href":"https:\/\/aclunaga.es\/gl\/wp-json\/wp\/v2\/users\/1"}],"replies":[{"embeddable":true,"href":"https:\/\/aclunaga.es\/gl\/wp-json\/wp\/v2\/comments?post=5881"}],"version-history":[{"count":22,"href":"https:\/\/aclunaga.es\/gl\/wp-json\/wp\/v2\/pages\/5881\/revisions"}],"predecessor-version":[{"id":10599,"href":"https:\/\/aclunaga.es\/gl\/wp-json\/wp\/v2\/pages\/5881\/revisions\/10599"}],"up":[{"embeddable":true,"href":"https:\/\/aclunaga.es\/gl\/wp-json\/wp\/v2\/pages\/2968"}],"wp:attachment":[{"href":"https:\/\/aclunaga.es\/gl\/wp-json\/wp\/v2\/media?parent=5881"}],"wp:term":[{"taxonomy":"actividad","embeddable":true,"href":"https:\/\/aclunaga.es\/gl\/wp-json\/wp\/v2\/actividad?post=5881"},{"taxonomy":"provincia","embeddable":true,"href":"https:\/\/aclunaga.es\/gl\/wp-json\/wp\/v2\/provincia?post=5881"}],"curies":[{"name":"wp","href":"https:\/\/api.w.org\/{rel}","templated":true}]}}