{"id":5137,"date":"2024-08-27T10:13:35","date_gmt":"2024-08-27T10:13:35","guid":{"rendered":"https:\/\/aclunaga.es\/?page_id=5137"},"modified":"2026-01-19T13:43:15","modified_gmt":"2026-01-19T13:43:15","slug":"rsk23","status":"publish","type":"page","link":"https:\/\/aclunaga.es\/gl\/servicios\/formacion\/rsk23\/","title":{"rendered":"Formaci\u00f3n de cualificaci\u00f3n e recualificaci\u00f3n da poboaci\u00f3n activa"},"content":{"rendered":"<div data-elementor-type=\"wp-page\" data-elementor-id=\"5137\" class=\"elementor elementor-5137\">\n\t\t\t\t<div class=\"elementor-element elementor-element-3b6d280d e-flex e-con-boxed e-con e-parent\" data-id=\"3b6d280d\" data-element_type=\"container\" data-settings=\"{&quot;background_background&quot;:&quot;classic&quot;}\">\n\t\t\t\t\t<div class=\"e-con-inner\">\n\t\t<div class=\"elementor-element elementor-element-252f3b71 e-con-full e-flex e-con e-child\" data-id=\"252f3b71\" data-element_type=\"container\">\n\t\t\t\t<div class=\"elementor-element elementor-element-40720b elementor-widget elementor-widget-text-editor\" data-id=\"40720b\" data-element_type=\"widget\" data-widget_type=\"text-editor.default\">\n\t\t\t\t<div class=\"elementor-widget-container\">\n\t\t\t\t\t\t\t<h2>Cursos online gratuitos<\/h2>\t\t\t\t\t\t<\/div>\n\t\t\t\t<\/div>\n\t\t\t\t<\/div>\n\t\t\t\t\t<\/div>\n\t\t\t\t<\/div>\n\t\t<div class=\"elementor-element elementor-element-298a5cc e-flex e-con-boxed e-con e-parent\" data-id=\"298a5cc\" data-element_type=\"container\">\n\t\t\t\t\t<div class=\"e-con-inner\">\n\t\t<div class=\"elementor-element elementor-element-3895849 e-con-full e-flex e-con e-child\" data-id=\"3895849\" data-element_type=\"container\">\n\t\t\t\t<div class=\"elementor-element elementor-element-88755b7 elementor-widget__width-initial elementor-widget elementor-widget-text-editor\" data-id=\"88755b7\" data-element_type=\"widget\" data-widget_type=\"text-editor.default\">\n\t\t\t\t<div class=\"elementor-widget-container\">\n\t\t\t\t\t\t\t<h2 class=\"textoprincipalh1\">Especial\u00edzate y avanza en tu carrera profesional<\/h2><hr \/><h3>\u00a0<\/h3><h3 class=\"textoprincipalh2\" style=\"color: #009fe3;\">Formaci\u00f3n online 100% subvencionada<\/h3><p style=\"color: white;\">Esta oferta formativa est\u00e1\u00a0100% subvencionada por el Ministerio de Educaci\u00f3n, Formaci\u00f3n Profesional y Deportes. Los\u00a0<strong>cursos online<\/strong>\u00a0a los que puedes inscribirte est\u00e1n vinculados a\u00a0<strong>unidades de competencia del Cat\u00e1logo Nacional de Cualificaciones Profesionales<\/strong>, tienen un enfoque eminentemente pr\u00e1ctico y est\u00e1n especialmente dise\u00f1ados para actualizar tus conocimientos y dar respuesta a las necesidades actuales del mercado laboral.<\/p><p style=\"color: white;\">Se facilitar\u00e1 a los alumnos\u00a0<strong>informaci\u00f3n y asesoramiento<\/strong>\u00a0en la realizaci\u00f3n del procedimiento de Evaluaci\u00f3n y Acreditaci\u00f3n de Competencias de su comunidad aut\u00f3noma para poder optar a obtener una acreditaci\u00f3n oficial con validez en todo el territorio nacional.<\/p><p><span style=\"color: #ffffff;\"><strong>Colectivos prioritarios<\/strong>: menores de 25 a\u00f1os y mayores de 50 a\u00f1os, baja cualificaci\u00f3n, personas sin estudios acreditados, personas con discapacidad, mujeres v\u00edctimas de violencia g\u00e9nero, personas desempleadas de larga duraci\u00f3n, personas en situaci\u00f3n de ERTE y personas pertenecientes a hogares monoparentales.<\/span><\/p><hr \/><p><span style=\"color: #ffffff;\"><strong>Oferta formativa destinada exclusivamente a trabajadores de empresas asociadas a ACLUNAGA.<\/strong><\/span><br \/><span style=\"color: #ffffff;\">Para inscribirse es necesario enviar la ficha de inscripci\u00f3n, con los datos del trabajador y los cursos seleccionados, al correo<\/span> <a href=\"mailto:aclunaga@aclunaga.es\">aclunaga@aclunaga.es<\/a><br \/><span style=\"color: #ffffff;\"><strong>Podr\u00e1 descargar la ficha en el siguiente enlace:\u00a0<\/strong><\/span><\/p>\t\t\t\t\t\t<\/div>\n\t\t\t\t<\/div>\n\t\t\t\t<\/div>\n\t\t<div class=\"elementor-element elementor-element-3bd3645 e-con-full e-flex e-con e-child\" data-id=\"3bd3645\" data-element_type=\"container\">\n\t\t\t\t<div class=\"elementor-element elementor-element-e5aaaaa e-transform e-transform elementor-widget elementor-widget-image\" data-id=\"e5aaaaa\" data-element_type=\"widget\" data-settings=\"{&quot;_transform_rotateZ_effect&quot;:{&quot;unit&quot;:&quot;px&quot;,&quot;size&quot;:&quot;&quot;,&quot;sizes&quot;:[]},&quot;_transform_rotateZ_effect_tablet&quot;:{&quot;unit&quot;:&quot;deg&quot;,&quot;size&quot;:&quot;&quot;,&quot;sizes&quot;:[]},&quot;_transform_rotateZ_effect_mobile&quot;:{&quot;unit&quot;:&quot;deg&quot;,&quot;size&quot;:&quot;&quot;,&quot;sizes&quot;:[]},&quot;_transform_translateX_effect&quot;:{&quot;unit&quot;:&quot;px&quot;,&quot;size&quot;:&quot;&quot;,&quot;sizes&quot;:[]},&quot;_transform_translateX_effect_tablet&quot;:{&quot;unit&quot;:&quot;px&quot;,&quot;size&quot;:&quot;&quot;,&quot;sizes&quot;:[]},&quot;_transform_translateX_effect_mobile&quot;:{&quot;unit&quot;:&quot;px&quot;,&quot;size&quot;:&quot;&quot;,&quot;sizes&quot;:[]},&quot;_transform_translateY_effect&quot;:{&quot;unit&quot;:&quot;px&quot;,&quot;size&quot;:&quot;&quot;,&quot;sizes&quot;:[]},&quot;_transform_translateY_effect_tablet&quot;:{&quot;unit&quot;:&quot;px&quot;,&quot;size&quot;:&quot;&quot;,&quot;sizes&quot;:[]},&quot;_transform_translateY_effect_mobile&quot;:{&quot;unit&quot;:&quot;px&quot;,&quot;size&quot;:&quot;&quot;,&quot;sizes&quot;:[]}}\" data-widget_type=\"image.default\">\n\t\t\t\t<div class=\"elementor-widget-container\">\n\t\t\t\t\t\t\t\t\t\t\t\t\t<img fetchpriority=\"high\" decoding=\"async\" width=\"300\" height=\"600\" src=\"https:\/\/aclunaga.es\/wp-content\/uploads\/cursos-no-dinamica.png\" class=\"attachment-large size-large wp-image-12708\" alt=\"\" srcset=\"https:\/\/aclunaga.es\/wp-content\/uploads\/cursos-no-dinamica.png 300w, https:\/\/aclunaga.es\/wp-content\/uploads\/cursos-no-dinamica-150x300.png 150w, https:\/\/aclunaga.es\/wp-content\/uploads\/cursos-no-dinamica-6x12.png 6w\" sizes=\"(max-width: 300px) 100vw, 300px\" \/>\t\t\t\t\t\t\t\t\t\t\t\t\t<\/div>\n\t\t\t\t<\/div>\n\t\t\t\t<\/div>\n\t\t\t\t\t<\/div>\n\t\t\t\t<\/div>\n\t\t<div class=\"elementor-element elementor-element-9d0bf32 elementor-hidden-desktop elementor-hidden-tablet elementor-hidden-mobile e-flex e-con-boxed e-con e-parent\" data-id=\"9d0bf32\" data-element_type=\"container\" data-settings=\"{&quot;background_background&quot;:&quot;classic&quot;}\">\n\t\t\t\t\t<div class=\"e-con-inner\">\n\t\t<div class=\"elementor-element elementor-element-54b4b92 e-con-full e-flex e-con e-child\" data-id=\"54b4b92\" data-element_type=\"container\">\n\t\t\t\t<div class=\"elementor-element elementor-element-d472b29 elementor-widget elementor-widget-button\" data-id=\"d472b29\" data-element_type=\"widget\" data-widget_type=\"button.default\">\n\t\t\t\t<div class=\"elementor-widget-container\">\n\t\t\t\t\t\t\t<div class=\"elementor-button-wrapper\">\n\t\t\t\t\t<a class=\"elementor-button elementor-button-link elementor-size-sm\" href=\"https:\/\/aclunaga.es\/wp-content\/uploads\/Hoja-de-inscripcion-1.xlsx\" target=\"_blank\">\n\t\t\t\t\t\t<span class=\"elementor-button-content-wrapper\">\n\t\t\t\t\t\t\t\t\t<span class=\"elementor-button-text\">FICHA DE INSCRIPCI\u00d3N<\/span>\n\t\t\t\t\t<\/span>\n\t\t\t\t\t<\/a>\n\t\t\t\t<\/div>\n\t\t\t\t\t\t<\/div>\n\t\t\t\t<\/div>\n\t\t\t\t<\/div>\n\t\t\t\t\t<\/div>\n\t\t\t\t<\/div>\n\t\t<div class=\"elementor-element elementor-element-7e5f962 e-flex e-con-boxed e-con e-parent\" data-id=\"7e5f962\" data-element_type=\"container\">\n\t\t\t\t\t<div class=\"e-con-inner\">\n\t\t<div class=\"elementor-element elementor-element-5b20d27 e-con-full e-flex e-con e-child\" data-id=\"5b20d27\" data-element_type=\"container\" data-settings=\"{&quot;background_background&quot;:&quot;classic&quot;}\">\n\t\t\t\t<div class=\"elementor-element elementor-element-c8ab510 elementor-widget elementor-widget-text-editor\" data-id=\"c8ab510\" data-element_type=\"widget\" data-widget_type=\"text-editor.default\">\n\t\t\t\t<div class=\"elementor-widget-container\">\n\t\t\t\t\t\t\t<h3><span class=\"apartadocursos\" style=\"color: #fbc334;\"><strong>Formaci\u00f3n para personas ocupadas<\/strong><\/span><\/h3><hr \/><p><span style=\"color: #ffffff;\"><span style=\"font-size: 20px;\"><b>Community manager<\/b><\/span><\/span>|\u00a0<a href=\"https:\/\/aclunaga.es\/wp-content\/uploads\/20-Community-manager.pdf\" target=\"_blank\" rel=\"noopener noreferrer\"><span style=\"color: #fbc334;\">Ver temario<\/span><\/a><br \/><span style=\"color: white;\">Duraci\u00f3n: 50 horas <span style=\"font-style: inherit; font-weight: inherit; color: #ff6600;\">(convocatoria finalizada)<\/span><\/span><\/p><p><strong><span class=\"nombrecurso\" style=\"font-size: 20px; color: #ffffff;\">Contabilidad<\/span>\u00a0<\/strong>|\u00a0<a href=\"https:\/\/aclunaga.es\/wp-content\/uploads\/15-Contabilidad.pdf\" target=\"_blank\" rel=\"noopener noreferrer\"><span style=\"color: #fbc334;\">Ver temario<\/span><\/a><br \/><span style=\"color: white;\">Duraci\u00f3n: 50 horas <span style=\"font-style: inherit; font-weight: inherit; color: #ff6600;\">(convocatoria finalizada)<\/span><\/span><\/p><p><span class=\"nombrecurso\" style=\"font-size: 20px; color: #ffffff;\"><strong>Creaci\u00f3n, programaci\u00f3n y dise\u00f1o de p\u00e1ginas web<\/strong>\u00a0<\/span>\u00a0|\u00a0<a href=\"https:\/\/aclunaga.es\/wp-content\/uploads\/09-Creacion-programacion-y-diseno-de-paginas-web.pdf\" target=\"_blank\" rel=\"noopener noreferrer\"><span style=\"color: #fbc334;\">Ver temario<\/span><\/a><br \/><span style=\"color: white;\">Duraci\u00f3n: 60 horas <span style=\"font-style: inherit; font-weight: inherit; color: #ff6600;\">(convocatoria finalizada)<\/span>\u00a0<\/span><\/p><p><strong><span class=\"nombrecurso\" style=\"font-size: 20px; color: #ffffff;\">Digitalizaci\u00f3n aplicada al entorno profesional: gesti\u00f3n de redes sociales<\/span>\u00a0<\/strong>|\u00a0<a href=\"https:\/\/aclunaga.es\/wp-content\/uploads\/10-Digitalizacion-aplicada-al-entorno-profesional-gestion-de-redes-sociales.pdf\" target=\"_blank\" rel=\"noopener noreferrer\"><span style=\"color: #fbc334;\">Ver temario<\/span><\/a><br \/><span style=\"color: white;\">Duraci\u00f3n: 60 horas <span style=\"font-style: inherit; font-weight: inherit; color: #ff6600;\">(convocatoria finalizada)<\/span>\u00a0<\/span><\/p><p><strong><span class=\"nombrecurso\" style=\"font-size: 20px; color: #ffffff;\">Digitalizaci\u00f3n aplicada al entorno profesional: metodolog\u00edas Agile y Scrum<\/span>\u00a0<\/strong><span style=\"color: white;\"><br \/><\/span><\/p><p><strong><span class=\"nombrecurso\" style=\"font-size: 20px; color: #ffffff;\">Ejecuci\u00f3n de programas y actividades de educaci\u00f3n ambiental<\/span><\/strong>\u00a0<span style=\"color: white;\"><br \/><\/span><\/p><p><strong><span class=\"nombrecurso\" style=\"font-size: 20px; color: #ffffff;\">Gesti\u00f3n de residuos industriales<\/span><\/strong>\u00a0|<a href=\"https:\/\/aclunaga.es\/wp-content\/uploads\/13-Gestion-de-residuos-industriales.pdf\" target=\"_blank\" rel=\"noopener noreferrer\"><span style=\"color: #fbc334;\">Ver temario<\/span><\/a><br \/><span style=\"color: white;\">Duraci\u00f3n: 50 horas <span style=\"font-style: inherit; font-weight: inherit; color: #ff6600;\">(convocatoria finalizada)<\/span><\/span><\/p><p><strong><span class=\"nombrecurso\" style=\"font-size: 20px; color: #ffffff;\">Gesti\u00f3n de residuos: tratamiento<\/span>\u00a0<\/strong>|\u00a0<a href=\"https:\/\/aclunaga.es\/wp-content\/uploads\/14-Gestion-de-residuos-tratamiento.pdf\" target=\"_blank\" rel=\"noopener noreferrer\"><span style=\"color: #fbc334;\">Ver temario<\/span><\/a><br \/><span style=\"color: white;\">Duraci\u00f3n: 60 horas <span style=\"font-style: inherit; font-weight: inherit; color: #ff6600;\">(convocatoria finalizada)<\/span>\u00a0<\/span><\/p><p><strong><span class=\"nombrecurso\" style=\"font-size: 20px; color: #ffffff;\">Gesti\u00f3n log\u00edstica<\/span>\u00a0<\/strong>|\u00a0<a href=\"https:\/\/aclunaga.es\/wp-content\/uploads\/02-Gestion-logistica.pdf\" target=\"_blank\" rel=\"noopener noreferrer\"><span style=\"color: #fbc334;\">Ver temario<\/span><\/a><br \/><span style=\"color: white;\">Duraci\u00f3n: 60 horas <span style=\"font-style: inherit; font-weight: inherit; color: #ff6600;\">(convocatoria finalizada)<\/span><\/span><\/p><p><strong><span class=\"nombrecurso\" style=\"font-size: 20px; color: #ffffff;\">Gesti\u00f3n y control de compras y stock en almac\u00e9n<\/span><\/strong>\u00a0|\u00a0<a href=\"https:\/\/aclunaga.es\/wp-content\/uploads\/16-Gestion-y-control-de-compras-y-stock-en-almacen.pdf\" target=\"_blank\" rel=\"noopener noreferrer\"><span style=\"color: #fbc334;\">Ver temario<\/span><\/a><br \/><span style=\"color: white;\">Duraci\u00f3n: 30 horas <span style=\"font-style: inherit; font-weight: inherit; color: #ff6600;\">(convocatoria finalizada)<\/span><\/span><\/p><p><strong><span class=\"nombrecurso\" style=\"font-size: 20px; color: #ffffff;\">Habilidades comerciales<\/span><\/strong>\u00a0<span style=\"color: #ffffff;\">|<\/span>\u00a0<a href=\"https:\/\/aclunaga.es\/wp-content\/uploads\/21-Habilidades-comerciales.pdf\" target=\"_blank\" rel=\"noopener noreferrer\"><span style=\"color: #fbc334;\">Ver temario<\/span><\/a><br \/><span style=\"color: white;\">Duraci\u00f3n: 60 horas <span style=\"font-style: inherit; font-weight: inherit; color: #ff6600;\">(convocatoria finalizada)<\/span>\u00a0<\/span><\/p><p><strong><span class=\"nombrecurso\" style=\"font-size: 20px; color: #ffffff;\">Habilidades directivas y gesti\u00f3n de equipos<\/span>\u00a0<\/strong><span style=\"color: white;\"><br \/><\/span><\/p><p><strong><span class=\"nombrecurso\" style=\"font-size: 20px; color: #ffffff;\">Ingl\u00e9s A2<\/span><\/strong>\u00a0<span style=\"color: white;\"><br \/><\/span><\/p><p><span style=\"color: #ffffff;\"><strong><span class=\"nombrecurso\" style=\"font-size: 20px;\">Ingl\u00e9s B1.2\u00a0<\/span><\/strong>|<\/span>\u00a0<a href=\"https:\/\/aclunaga.es\/wp-content\/uploads\/05-Ingles-B1.pdf\" target=\"_blank\" rel=\"noopener noreferrer\"><span style=\"color: #fbc334;\">Ver temario<\/span><\/a><br \/><span style=\"color: white;\">Duraci\u00f3n: 50 horas <span style=\"font-style: inherit; font-weight: inherit; color: #ff6600;\">(convocatoria finalizada)<\/span><\/span><\/p><p><span class=\"nombrecurso\" style=\"font-size: 20px; color: #ffffff;\"><strong>Ingl\u00e9s B1 + 2<\/strong>\u00a0<\/span>\u00a0<span style=\"color: #ffffff;\">|<\/span>\u00a0<a href=\"https:\/\/aclunaga.es\/wp-content\/uploads\/18-Ingles-B1.pdf\" target=\"_blank\" rel=\"noopener noreferrer\"><span style=\"color: #fbc334;\">Ver temario<\/span><\/a><br \/><span style=\"color: white;\">Duraci\u00f3n: 50 horas <span style=\"font-style: inherit; font-weight: inherit; color: #ff6600;\">(convocatoria finalizada)<\/span>\u00a0<\/span><\/p><p><strong><span class=\"nombrecurso\" style=\"font-size: 20px; color: #ffffff;\">Marketing digital<\/span><\/strong>\u00a0<span style=\"color: #ffffff;\">|<\/span>\u00a0<a href=\"https:\/\/aclunaga.es\/wp-content\/uploads\/24-Marketing-digital.pdf\" target=\"_blank\" rel=\"noopener noreferrer\"><span style=\"color: #fbc334;\">Ver temario<\/span><\/a><br \/><span style=\"color: white;\">Duraci\u00f3n: 60 horas <span style=\"font-style: inherit; font-weight: inherit; color: #ff6600;\">(convocatoria finalizada)<\/span>\u00a0<\/span><\/p><p><strong><span class=\"nombrecurso\" style=\"font-size: 20px; color: #ffffff;\">Oficina: aplicaciones inform\u00e1ticas de gesti\u00f3n<\/span><\/strong>\u00a0<span style=\"color: #ffffff;\">|<\/span>\u00a0<a href=\"https:\/\/aclunaga.es\/wp-content\/uploads\/17-Oficina-aplicaciones-informaticas-de-gestion.pdf\" target=\"_blank\" rel=\"noopener noreferrer\"><span style=\"color: #fbc334;\">Ver temario<\/span><\/a><br \/><span style=\"color: white;\">Duraci\u00f3n: 50 horas <span style=\"font-style: inherit; font-weight: inherit; color: #ff6600;\">(convocatoria finalizada)<\/span>\u00a0<\/span><\/p><p><strong><span class=\"nombrecurso\" style=\"font-size: 20px; color: #ffffff;\">Paquete Office: Excel<\/span>\u00a0<\/strong><span style=\"color: #ffffff;\">|<\/span>\u00a0<span style=\"color: white;\"><br \/><\/span><\/p><p><strong><span class=\"nombrecurso\" style=\"font-size: 20px; color: #ffffff;\">Pol\u00edtica y gesti\u00f3n informatizada de stock<\/span>\u00a0<\/strong><span style=\"color: #ffffff;\">|<\/span>\u00a0<a href=\"https:\/\/aclunaga.es\/wp-content\/uploads\/07-Politica-y-gestion-informatizada-de-stock.pdf\" target=\"_blank\" rel=\"noopener noreferrer\"><span style=\"color: #fbc334;\">Ver temario<\/span><\/a><br \/><span style=\"color: white;\">Duraci\u00f3n: 40 horas <span style=\"font-style: inherit; font-weight: inherit; color: #ff6600;\">(convocatoria finalizada)<\/span>\u00a0<\/span><\/p><p><strong><span class=\"nombrecurso\" style=\"font-size: 20px; color: #ffffff;\">Primeros auxilios<\/span><\/strong>\u00a0<span style=\"color: #ffffff;\">|<\/span>\u00a0<a href=\"https:\/\/aclunaga.es\/wp-content\/uploads\/01-Primeros-auxilios.pdf\" target=\"_blank\" rel=\"noopener noreferrer\"><span style=\"color: #fbc334;\">Ver temario<\/span><\/a><br \/><span style=\"color: white;\">Duraci\u00f3n: 60 horas <span style=\"font-style: inherit; font-weight: inherit; color: #ff6600;\">(convocatoria finalizada)<\/span>\u00a0<\/span><\/p><p><strong><span class=\"nombrecurso\" style=\"font-size: 20px; color: #ffffff;\">Redes sociales y marketing 2.0\u00a0<\/span>\u00a0<\/strong><span style=\"color: #ffffff;\">|\u00a0<\/span><a href=\"https:\/\/aclunaga.es\/wp-content\/uploads\/08-Redes-sociales-y-marketing-2.0.pdf\" target=\"_blank\" rel=\"noopener noreferrer\"><span style=\"color: #fbc334;\">Ver temario<\/span><\/a><br \/><span style=\"color: white;\">Duraci\u00f3n: 60 horas <span style=\"font-style: inherit; font-weight: inherit; color: #ff6600;\">(convocatoria finalizada)<\/span><\/span><\/p><p><strong><span class=\"nombrecurso\" style=\"font-size: 20px; color: #ffffff;\">SEO<\/span>\u00a0<\/strong><span style=\"color: #ffffff;\">|<\/span>\u00a0<a href=\"https:\/\/aclunaga.es\/wp-content\/uploads\/25-SEO.pdf\" target=\"_blank\" rel=\"noopener noreferrer\"><span style=\"color: #fbc334;\">Ver temario<\/span><\/a><br \/><span style=\"color: white;\">Duraci\u00f3n: 60 horas <span style=\"font-style: inherit; font-weight: inherit; color: #ff6600;\">(convocatoria finalizada)<\/span><\/span><\/p>\t\t\t\t\t\t<\/div>\n\t\t\t\t<\/div>\n\t\t\t\t<\/div>\n\t\t<div class=\"elementor-element elementor-element-eff03b9 e-con-full e-flex e-con e-child\" data-id=\"eff03b9\" data-element_type=\"container\" data-settings=\"{&quot;background_background&quot;:&quot;classic&quot;}\">\n\t\t\t\t<div class=\"elementor-element elementor-element-e04fad8 elementor-widget elementor-widget-text-editor\" data-id=\"e04fad8\" data-element_type=\"widget\" data-widget_type=\"text-editor.default\">\n\t\t\t\t<div class=\"elementor-widget-container\">\n\t\t\t\t\t\t\t<h3><span style=\"color: #fbc334;\"><strong>Formaci\u00f3n para personas desempleadas<\/strong><\/span><\/h3><hr \/><p><span style=\"font-size: 20px; color: #ffffff;\"><strong>Gesti\u00f3n log\u00edstica<\/strong>\u00a0|<\/span>\u00a0<a href=\"https:\/\/aclunaga.es\/wp-content\/uploads\/02-Gestion-logistica.pdf\" target=\"_blank\" rel=\"noopener noreferrer\"><span style=\"color: #fbc334;\">Ver temario\u00a0<\/span><\/a><span style=\"color: #fbc334;\">\u00a0 \u00a0 \u00a0 \u00a0 \u00a0 \u00a0 \u00a0 \u00a0 \u00a0 \u00a0 \u00a0 \u00a0 \u00a0 \u00a0 \u00a0 \u00a0<\/span><span style=\"color: white; font-style: inherit; font-weight: inherit;\">Duraci\u00f3n: 60 horas<\/span><span style=\"font-style: inherit; font-weight: inherit; color: #ff6600;\"> (convocatoria finalizada)<\/span><\/p><p><span style=\"font-size: 20px; color: #ffffff;\"><strong>Ingl\u00e9s A2<\/strong>\u00a0|<\/span>\u00a0<a href=\"https:\/\/aclunaga.es\/wp-content\/uploads\/03-Ingles-A2.pdf\" target=\"_blank\" rel=\"noopener noreferrer\"><span style=\"color: #fbc334;\">Ver temario<\/span><\/a><br \/><span style=\"color: white;\">Duraci\u00f3n: 50 horas <span style=\"color: #ff6600;\">(convocatoria finalizada)<\/span><\/span><\/p><p><span style=\"font-size: 20px; color: #ffffff;\"><strong>Ingl\u00e9s B1<\/strong>\u00a0|\u00a0<\/span><a href=\"https:\/\/aclunaga.es\/wp-content\/uploads\/05-Ingles-B1.pdf\" target=\"_blank\" rel=\"noopener noreferrer\"><span style=\"color: #fbc334;\">Ver temario<\/span><\/a><br \/><span style=\"color: white;\">Duraci\u00f3n: 50 horas <span style=\"color: #ff6600;\">(convocatoria finalizada)<\/span><\/span><\/p><p><span style=\"font-size: 20px; color: #ffffff;\"><strong>Oficina: aplicaciones inform\u00e1ticas de gesti\u00f3n<\/strong>\u00a0|<\/span>\u00a0<a href=\"https:\/\/aclunaga.es\/wp-content\/uploads\/17-Oficina-aplicaciones-informaticas-de-gestion.pdf\" target=\"_blank\" rel=\"noopener noreferrer\"><span style=\"color: #fbc334;\">Ver temario<\/span><\/a><br \/><span style=\"color: white;\">Duraci\u00f3n: 50 horas <span style=\"color: #ff6600;\">(convocatoria finalizada)<\/span>\u00a0<\/span><\/p><p><span style=\"font-size: 20px; color: #ffffff;\"><strong>Paquete Office: Excel<\/strong>\u00a0|<\/span><a href=\"https:\/\/aclunaga.es\/wp-content\/uploads\/23-Paquete-Office-Excel.pdf\" target=\"_blank\" rel=\"noopener noreferrer\"><span style=\"color: #ffffff;\">\u00a0<\/span><span style=\"color: #fbc334;\">Ver temario<\/span><\/a><br \/><span style=\"color: white;\">Duraci\u00f3n: 60 horas <span style=\"color: #ff6600;\">(convocatoria finalizada)<\/span><\/span><\/p>\t\t\t\t\t\t<\/div>\n\t\t\t\t<\/div>\n\t\t\t\t<\/div>\n\t\t\t\t\t<\/div>\n\t\t\t\t<\/div>\n\t\t\t\t<\/div>","protected":false},"excerpt":{"rendered":"<p>Cursos online gratuitos Especial\u00edzate y avanza en tu carrera profesional \u00a0 Formaci\u00f3n online 100% subvencionada Esta oferta formativa est\u00e1\u00a0100% subvencionada [&hellip;]<\/p>","protected":false},"author":1,"featured_media":13383,"parent":50,"menu_order":3,"comment_status":"closed","ping_status":"closed","template":"","meta":{"site-sidebar-layout":"no-sidebar","site-content-layout":"","ast-site-content-layout":"full-width-container","site-content-style":"default","site-sidebar-style":"default","ast-global-header-display":"","ast-banner-title-visibility":"","ast-main-header-display":"","ast-hfb-above-header-display":"","ast-hfb-below-header-display":"","ast-hfb-mobile-header-display":"","site-post-title":"disabled","ast-breadcrumbs-content":"","ast-featured-img":"disabled","footer-sml-layout":"","theme-transparent-header-meta":"","adv-header-id-meta":"","stick-header-meta":"","header-above-stick-meta":"","header-main-stick-meta":"","header-below-stick-meta":"","astra-migrate-meta-layouts":"default","ast-page-background-enabled":"default","ast-page-background-meta":{"desktop":{"background-color":"var(--ast-global-color-4)","background-image":"","background-repeat":"repeat","background-position":"center center","background-size":"auto","background-attachment":"scroll","background-type":"","background-media":"","overlay-type":"","overlay-color":"","overlay-opacity":"","overlay-gradient":""},"tablet":{"background-color":"","background-image":"","background-repeat":"repeat","background-position":"center center","background-size":"auto","background-attachment":"scroll","background-type":"","background-media":"","overlay-type":"","overlay-color":"","overlay-opacity":"","overlay-gradient":""},"mobile":{"background-color":"","background-image":"","background-repeat":"repeat","background-position":"center center","background-size":"auto","background-attachment":"scroll","background-type":"","background-media":"","overlay-type":"","overlay-color":"","overlay-opacity":"","overlay-gradient":""}},"ast-content-background-meta":{"desktop":{"background-color":"var(--ast-global-color-5)","background-image":"","background-repeat":"repeat","background-position":"center center","background-size":"auto","background-attachment":"scroll","background-type":"","background-media":"","overlay-type":"","overlay-color":"","overlay-opacity":"","overlay-gradient":""},"tablet":{"background-color":"var(--ast-global-color-5)","background-image":"","background-repeat":"repeat","background-position":"center center","background-size":"auto","background-attachment":"scroll","background-type":"","background-media":"","overlay-type":"","overlay-color":"","overlay-opacity":"","overlay-gradient":""},"mobile":{"background-color":"var(--ast-global-color-5)","background-image":"","background-repeat":"repeat","background-position":"center center","background-size":"auto","background-attachment":"scroll","background-type":"","background-media":"","overlay-type":"","overlay-color":"","overlay-opacity":"","overlay-gradient":""}},"footnotes":""},"actividad":[],"provincia":[],"class_list":["post-5137","page","type-page","status-publish","has-post-thumbnail","hentry"],"_links":{"self":[{"href":"https:\/\/aclunaga.es\/gl\/wp-json\/wp\/v2\/pages\/5137","targetHints":{"allow":["GET"]}}],"collection":[{"href":"https:\/\/aclunaga.es\/gl\/wp-json\/wp\/v2\/pages"}],"about":[{"href":"https:\/\/aclunaga.es\/gl\/wp-json\/wp\/v2\/types\/page"}],"author":[{"embeddable":true,"href":"https:\/\/aclunaga.es\/gl\/wp-json\/wp\/v2\/users\/1"}],"replies":[{"embeddable":true,"href":"https:\/\/aclunaga.es\/gl\/wp-json\/wp\/v2\/comments?post=5137"}],"version-history":[{"count":135,"href":"https:\/\/aclunaga.es\/gl\/wp-json\/wp\/v2\/pages\/5137\/revisions"}],"predecessor-version":[{"id":14367,"href":"https:\/\/aclunaga.es\/gl\/wp-json\/wp\/v2\/pages\/5137\/revisions\/14367"}],"up":[{"embeddable":true,"href":"https:\/\/aclunaga.es\/gl\/wp-json\/wp\/v2\/pages\/50"}],"wp:featuredmedia":[{"embeddable":true,"href":"https:\/\/aclunaga.es\/gl\/wp-json\/wp\/v2\/media\/13383"}],"wp:attachment":[{"href":"https:\/\/aclunaga.es\/gl\/wp-json\/wp\/v2\/media?parent=5137"}],"wp:term":[{"taxonomy":"actividad","embeddable":true,"href":"https:\/\/aclunaga.es\/gl\/wp-json\/wp\/v2\/actividad?post=5137"},{"taxonomy":"provincia","embeddable":true,"href":"https:\/\/aclunaga.es\/gl\/wp-json\/wp\/v2\/provincia?post=5137"}],"curies":[{"name":"wp","href":"https:\/\/api.w.org\/{rel}","templated":true}]}}