{"id":50,"date":"2024-05-10T10:12:54","date_gmt":"2024-05-10T10:12:54","guid":{"rendered":"https:\/\/aclunaga.es\/?page_id=50"},"modified":"2024-12-02T09:06:01","modified_gmt":"2024-12-02T09:06:01","slug":"formacion","status":"publish","type":"page","link":"https:\/\/aclunaga.es\/gl\/servicios\/formacion\/","title":{"rendered":"Formaci\u00f3n"},"content":{"rendered":"<div data-elementor-type=\"wp-page\" data-elementor-id=\"50\" class=\"elementor elementor-50\">\n\t\t\t\t<div class=\"elementor-element elementor-element-38eb657e e-flex e-con-boxed e-con e-parent\" data-id=\"38eb657e\" data-element_type=\"container\" data-settings=\"{&quot;background_background&quot;:&quot;classic&quot;}\">\n\t\t\t\t\t<div class=\"e-con-inner\">\n\t\t<div class=\"elementor-element elementor-element-679c04bd e-con-full e-flex e-con e-child\" data-id=\"679c04bd\" data-element_type=\"container\">\n\t\t\t\t<div class=\"elementor-element elementor-element-5195ca7 elementor-widget elementor-widget-text-editor\" data-id=\"5195ca7\" data-element_type=\"widget\" data-widget_type=\"text-editor.default\">\n\t\t\t\t<div class=\"elementor-widget-container\">\n\t\t\t\t\t\t\t<h1><span style=\"font-size: 30px;\">Formaci\u00f3n<\/span><\/h1><p><span style=\"font-weight: 400;\">O noso plan de formaci\u00f3n c\u00e9ntrase no desenvolvemento de programas espec\u00edficos dese\u00f1ados para satisfacer as necesidades do sector naval. Estes programas te\u00f1en como obxectivo principal mellorar as competencias dos colaboradores das empresas, proporcionando novas ferramentas e co\u00f1ecementos, que lles permitan adaptarse a unha contorna laboral en constante evoluci\u00f3n.\u00a0<\/span><\/p>\t\t\t\t\t\t<\/div>\n\t\t\t\t<\/div>\n\t\t\t\t<\/div>\n\t\t\t\t\t<\/div>\n\t\t\t\t<\/div>\n\t\t<div class=\"elementor-element elementor-element-5666573 e-flex e-con-boxed e-con e-parent\" data-id=\"5666573\" data-element_type=\"container\">\n\t\t\t\t\t<div class=\"e-con-inner\">\n\t\t<div class=\"elementor-element elementor-element-0ba9d22 e-con-full e-flex e-con e-child\" data-id=\"0ba9d22\" data-element_type=\"container\">\n\t\t\t\t<div class=\"elementor-element elementor-element-9448822 elementor-widget__width-initial elementor-widget elementor-widget-text-editor\" data-id=\"9448822\" data-element_type=\"widget\" data-widget_type=\"text-editor.default\">\n\t\t\t\t<div class=\"elementor-widget-container\">\n\t\t\t\t\t\t\t<p><span style=\"font-weight: 400;\">Ademais, o noso plan de formaci\u00f3n tam\u00e9n se enfoca en capacitar a persoas que se atopan en procura de emprego, brind\u00e1ndolles as habilidades necesarias para aumentar a s\u00faa empregabilidade nun mercado laboral competitivo. Isto incl\u00fae a formaci\u00f3n en \u00e1reas crave do sector naval, as\u00ed como en habilidades transversais que son valoradas en diversas industrias.<\/span><\/p><p><span style=\"font-weight: 400;\">Os programas de formaci\u00f3n imp\u00e1rtense en diferentes modalidades para adaptarse \u00e1s necesidades dos participantes. Ofrecemos opci\u00f3ns de formaci\u00f3n presencial, que permiten unha interacci\u00f3n directa e pr\u00e1ctica, as\u00ed como modalidades en li\u00f1a e virtual, que ofrecen flexibilidade e accesibilidade.\u00a0<\/span><\/p><p class=\" translation-block\"><span style=\"font-weight: 400\">Actualmente contamos con <strong>convenios a nivel nacional e auton\u00f3mico<\/strong>, que nos permiten ofrecer <strong>cursos 100% gratu\u00edtos<\/strong> e cofinanciar formaci\u00f3n espec\u00edfica para os nosos asociados.<\/span><\/p>\t\t\t\t\t\t<\/div>\n\t\t\t\t<\/div>\n\t\t\t\t<\/div>\n\t\t<div class=\"elementor-element elementor-element-4060cfa e-con-full e-flex e-con e-child\" data-id=\"4060cfa\" data-element_type=\"container\">\n\t\t\t\t<div class=\"elementor-element elementor-element-1203a89 elementor-widget elementor-widget-contentviews_widget_overlay1\" data-id=\"1203a89\" data-element_type=\"widget\" data-widget_type=\"contentviews_widget_overlay1.default\">\n\t\t\t\t<div class=\"elementor-widget-container\">\n\t\t\t<div class='pt-cv-wrapper'> <div class=\"pt-cv-view pt-cv-overlaygrid iscvblock iscvelementor pt-cv-clickable overlay1 layout1 cveffect-darken\" id=\"pt-cv-view-1203a89\"><div data-id=\"pt-cv-page-1\" class=\"pt-cv-page\" data-cvc=\"1\"><div class=\"pt-cv-content-item pt-cv-1-col\"  data-pid=\"5622\"><div class=\"pt-cv-thumb-wrapper\"><a href=\"https:\/\/aclunaga.es\/gl\/servicios\/formacion\/plan-formacion-aclunaga-2\/\" class=\"_self pt-cv-href-thumbnail pt-cv-thumb-default\" target=\"_self\" ><img fetchpriority=\"high\" decoding=\"async\" width=\"1000\" height=\"700\" src=\"https:\/\/aclunaga.es\/wp-content\/uploads\/2024\/09\/Plan-formacion-Aclunaga.png\" class=\"pt-cv-thumbnail\" alt=\"Plan Formaci\u00f3n ACLUNAGA\" srcset=\"https:\/\/aclunaga.es\/wp-content\/uploads\/2024\/09\/Plan-formacion-Aclunaga.png 1000w, https:\/\/aclunaga.es\/wp-content\/uploads\/2024\/09\/Plan-formacion-Aclunaga-300x210.png 300w, https:\/\/aclunaga.es\/wp-content\/uploads\/2024\/09\/Plan-formacion-Aclunaga-768x538.png 768w, https:\/\/aclunaga.es\/wp-content\/uploads\/2024\/09\/Plan-formacion-Aclunaga-18x12.png 18w\" sizes=\"(max-width: 1000px) 100vw, 1000px\" \/><\/a><\/div>\n<div class=\"pt-cv-overlay-wrapper\"><h3 class=\"pt-cv-title\"><a href=\"https:\/\/aclunaga.es\/gl\/servicios\/formacion\/plan-formacion-aclunaga-2\/\" class=\"_self\" target=\"_self\" >Plan Formaci\u00f3n ACLUNAGA<\/a><\/h3><\/div><\/div>\n<div class=\"pt-cv-content-item pt-cv-1-col\"  data-pid=\"5137\"><div class=\"pt-cv-thumb-wrapper\"><a href=\"https:\/\/aclunaga.es\/gl\/servicios\/formacion\/rsk23\/\" class=\"_self pt-cv-href-thumbnail pt-cv-thumb-default\" target=\"_self\" ><img decoding=\"async\" width=\"1000\" height=\"700\" src=\"https:\/\/aclunaga.es\/wp-content\/uploads\/Plan-nacional-logos.png\" class=\"pt-cv-thumbnail\" alt=\"Formaci\u00f3n de cualificaci\u00f3n e recualificaci\u00f3n da poboaci\u00f3n activa\" srcset=\"https:\/\/aclunaga.es\/wp-content\/uploads\/Plan-nacional-logos.png 1000w, https:\/\/aclunaga.es\/wp-content\/uploads\/Plan-nacional-logos-300x210.png 300w, https:\/\/aclunaga.es\/wp-content\/uploads\/Plan-nacional-logos-768x538.png 768w, https:\/\/aclunaga.es\/wp-content\/uploads\/Plan-nacional-logos-18x12.png 18w\" sizes=\"(max-width: 1000px) 100vw, 1000px\" \/><\/a><\/div>\n<div class=\"pt-cv-overlay-wrapper\"><h3 class=\"pt-cv-title\"><a href=\"https:\/\/aclunaga.es\/gl\/servicios\/formacion\/rsk23\/\" class=\"_self\" target=\"_self\" >Formaci\u00f3n de cualificaci\u00f3n e recualificaci\u00f3n da poboaci\u00f3n activa<\/a><\/h3><\/div><\/div>\n<div class=\"pt-cv-content-item pt-cv-1-col\"  data-pid=\"14063\"><div class=\"pt-cv-thumb-wrapper\"><a href=\"https:\/\/aclunaga.es\/gl\/servicios\/formacion\/programa-de-formacion-de-ambito-estatal\/\" class=\"_self pt-cv-href-thumbnail pt-cv-thumb-default\" target=\"_self\" ><img decoding=\"async\" width=\"1000\" height=\"700\" src=\"https:\/\/aclunaga.es\/wp-content\/uploads\/Imagen-para-pagina-web.jpg\" class=\"pt-cv-thumbnail\" alt=\"Programa de formaci\u00f3n de \u00e1mbito estatal\" srcset=\"https:\/\/aclunaga.es\/wp-content\/uploads\/Imagen-para-pagina-web.jpg 1000w, https:\/\/aclunaga.es\/wp-content\/uploads\/Imagen-para-pagina-web-300x210.jpg 300w, https:\/\/aclunaga.es\/wp-content\/uploads\/Imagen-para-pagina-web-768x538.jpg 768w, https:\/\/aclunaga.es\/wp-content\/uploads\/Imagen-para-pagina-web-18x12.jpg 18w\" sizes=\"(max-width: 1000px) 100vw, 1000px\" \/><\/a><\/div>\n<div class=\"pt-cv-overlay-wrapper\"><h3 class=\"pt-cv-title\"><a href=\"https:\/\/aclunaga.es\/gl\/servicios\/formacion\/programa-de-formacion-de-ambito-estatal\/\" class=\"_self\" target=\"_self\" >Programa de formaci\u00f3n de \u00e1mbito estatal<\/a><\/h3><\/div><\/div>\n<div class=\"pt-cv-content-item pt-cv-1-col\"  data-pid=\"7377\"><div class=\"pt-cv-thumb-wrapper\"><a href=\"https:\/\/aclunaga.es\/gl\/servicios\/formacion\/formacion-para-trabajadores-y-desempleados-en-galicia\/\" class=\"_self pt-cv-href-thumbnail pt-cv-thumb-default\" target=\"_self\" ><img loading=\"lazy\" decoding=\"async\" width=\"1000\" height=\"700\" src=\"https:\/\/aclunaga.es\/wp-content\/uploads\/Convenio-Xunta-logos.png\" class=\"pt-cv-thumbnail\" alt=\"Formaci\u00f3n para traballadores e desempregados en Galicia\" srcset=\"https:\/\/aclunaga.es\/wp-content\/uploads\/Convenio-Xunta-logos.png 1000w, https:\/\/aclunaga.es\/wp-content\/uploads\/Convenio-Xunta-logos-300x210.png 300w, https:\/\/aclunaga.es\/wp-content\/uploads\/Convenio-Xunta-logos-768x538.png 768w, https:\/\/aclunaga.es\/wp-content\/uploads\/Convenio-Xunta-logos-18x12.png 18w\" sizes=\"(max-width: 1000px) 100vw, 1000px\" \/><\/a><\/div>\n<div class=\"pt-cv-overlay-wrapper\"><h3 class=\"pt-cv-title\"><a href=\"https:\/\/aclunaga.es\/gl\/servicios\/formacion\/formacion-para-trabajadores-y-desempleados-en-galicia\/\" class=\"_self\" target=\"_self\" >Formaci\u00f3n para traballadores e desempregados en Galicia<\/a><\/h3><\/div><\/div><\/div><\/div> <\/div> \t\t<\/div>\n\t\t\t\t<\/div>\n\t\t\t\t<\/div>\n\t\t\t\t\t<\/div>\n\t\t\t\t<\/div>\n\t\t\t\t<\/div>","protected":false},"excerpt":{"rendered":"<p>Formaci\u00f3n Nuestro plan de formaci\u00f3n se centra en el desarrollo de programas espec\u00edficos dise\u00f1ados para satisfacer las necesidades del sector [&hellip;]<\/p>","protected":false},"author":1,"featured_media":331,"parent":3017,"menu_order":2,"comment_status":"closed","ping_status":"closed","template":"","meta":{"site-sidebar-layout":"default","site-content-layout":"","ast-site-content-layout":"","site-content-style":"default","site-sidebar-style":"default","ast-global-header-display":"","ast-banner-title-visibility":"","ast-main-header-display":"","ast-hfb-above-header-display":"","ast-hfb-below-header-display":"","ast-hfb-mobile-header-display":"","site-post-title":"","ast-breadcrumbs-content":"","ast-featured-img":"","footer-sml-layout":"","theme-transparent-header-meta":"","adv-header-id-meta":"","stick-header-meta":"","header-above-stick-meta":"","header-main-stick-meta":"","header-below-stick-meta":"","astra-migrate-meta-layouts":"default","ast-page-background-enabled":"default","ast-page-background-meta":{"desktop":{"background-color":"var(--ast-global-color-4)","background-image":"","background-repeat":"repeat","background-position":"center center","background-size":"auto","background-attachment":"scroll","background-type":"","background-media":"","overlay-type":"","overlay-color":"","overlay-opacity":"","overlay-gradient":""},"tablet":{"background-color":"","background-image":"","background-repeat":"repeat","background-position":"center center","background-size":"auto","background-attachment":"scroll","background-type":"","background-media":"","overlay-type":"","overlay-color":"","overlay-opacity":"","overlay-gradient":""},"mobile":{"background-color":"","background-image":"","background-repeat":"repeat","background-position":"center center","background-size":"auto","background-attachment":"scroll","background-type":"","background-media":"","overlay-type":"","overlay-color":"","overlay-opacity":"","overlay-gradient":""}},"ast-content-background-meta":{"desktop":{"background-color":"var(--ast-global-color-5)","background-image":"","background-repeat":"repeat","background-position":"center center","background-size":"auto","background-attachment":"scroll","background-type":"","background-media":"","overlay-type":"","overlay-color":"","overlay-opacity":"","overlay-gradient":""},"tablet":{"background-color":"var(--ast-global-color-5)","background-image":"","background-repeat":"repeat","background-position":"center center","background-size":"auto","background-attachment":"scroll","background-type":"","background-media":"","overlay-type":"","overlay-color":"","overlay-opacity":"","overlay-gradient":""},"mobile":{"background-color":"var(--ast-global-color-5)","background-image":"","background-repeat":"repeat","background-position":"center center","background-size":"auto","background-attachment":"scroll","background-type":"","background-media":"","overlay-type":"","overlay-color":"","overlay-opacity":"","overlay-gradient":""}},"footnotes":""},"actividad":[],"provincia":[],"class_list":["post-50","page","type-page","status-publish","has-post-thumbnail","hentry"],"_links":{"self":[{"href":"https:\/\/aclunaga.es\/gl\/wp-json\/wp\/v2\/pages\/50","targetHints":{"allow":["GET"]}}],"collection":[{"href":"https:\/\/aclunaga.es\/gl\/wp-json\/wp\/v2\/pages"}],"about":[{"href":"https:\/\/aclunaga.es\/gl\/wp-json\/wp\/v2\/types\/page"}],"author":[{"embeddable":true,"href":"https:\/\/aclunaga.es\/gl\/wp-json\/wp\/v2\/users\/1"}],"replies":[{"embeddable":true,"href":"https:\/\/aclunaga.es\/gl\/wp-json\/wp\/v2\/comments?post=50"}],"version-history":[{"count":118,"href":"https:\/\/aclunaga.es\/gl\/wp-json\/wp\/v2\/pages\/50\/revisions"}],"predecessor-version":[{"id":13185,"href":"https:\/\/aclunaga.es\/gl\/wp-json\/wp\/v2\/pages\/50\/revisions\/13185"}],"up":[{"embeddable":true,"href":"https:\/\/aclunaga.es\/gl\/wp-json\/wp\/v2\/pages\/3017"}],"wp:featuredmedia":[{"embeddable":true,"href":"https:\/\/aclunaga.es\/gl\/wp-json\/wp\/v2\/media\/331"}],"wp:attachment":[{"href":"https:\/\/aclunaga.es\/gl\/wp-json\/wp\/v2\/media?parent=50"}],"wp:term":[{"taxonomy":"actividad","embeddable":true,"href":"https:\/\/aclunaga.es\/gl\/wp-json\/wp\/v2\/actividad?post=50"},{"taxonomy":"provincia","embeddable":true,"href":"https:\/\/aclunaga.es\/gl\/wp-json\/wp\/v2\/provincia?post=50"}],"curies":[{"name":"wp","href":"https:\/\/api.w.org\/{rel}","templated":true}]}}