{"id":4727,"date":"2024-07-31T10:26:07","date_gmt":"2024-07-31T10:26:07","guid":{"rendered":"https:\/\/aclunaga.es\/?page_id=4727"},"modified":"2024-12-13T13:03:16","modified_gmt":"2024-12-13T13:03:16","slug":"maisvento-s-l","status":"publish","type":"page","link":"https:\/\/aclunaga.es\/gl\/listado-socios\/maisvento-s-l\/","title":{"rendered":"Maisvento S.L."},"content":{"rendered":"<div data-elementor-type=\"wp-page\" data-elementor-id=\"4727\" class=\"elementor elementor-4727\">\n\t\t\t\t<div class=\"elementor-element elementor-element-23c2887a e-flex e-con-boxed e-con e-parent\" data-id=\"23c2887a\" data-element_type=\"container\" data-settings=\"{&quot;background_background&quot;:&quot;classic&quot;}\">\n\t\t\t\t\t<div class=\"e-con-inner\">\n\t\t<div class=\"elementor-element elementor-element-5927a9f6 e-con-full e-flex e-con e-child\" data-id=\"5927a9f6\" data-element_type=\"container\">\n\t\t<div class=\"elementor-element elementor-element-62e1f9bb e-grid e-con-boxed e-con e-child\" data-id=\"62e1f9bb\" data-element_type=\"container\">\n\t\t\t\t\t<div class=\"e-con-inner\">\n\t\t\t\t<div class=\"elementor-element elementor-element-1015a5fb elementor-widget elementor-widget-heading\" data-id=\"1015a5fb\" data-element_type=\"widget\" data-widget_type=\"heading.default\">\n\t\t\t\t<div class=\"elementor-widget-container\">\n\t\t\t<h2 class=\"elementor-heading-title elementor-size-default\">Maisvento S.L.<\/h2>\t\t<\/div>\n\t\t\t\t<\/div>\n\t\t\t\t<div class=\"elementor-element elementor-element-4bcb20c5 elementor-widget elementor-widget-text-editor\" data-id=\"4bcb20c5\" data-element_type=\"widget\" data-widget_type=\"text-editor.default\">\n\t\t\t\t<div class=\"elementor-widget-container\">\n\t\t\t\t\t\t\t<p>Electricidade, electr\u00f3nica e automatizaci\u00f3n<\/p>\t\t\t\t\t\t<\/div>\n\t\t\t\t<\/div>\n\t\t\t\t\t<\/div>\n\t\t\t\t<\/div>\n\t\t\t\t<\/div>\n\t\t\t\t\t<\/div>\n\t\t\t\t<\/div>\n\t\t<div class=\"elementor-element elementor-element-30e9156 e-flex e-con-boxed e-con e-parent\" data-id=\"30e9156\" data-element_type=\"container\" data-settings=\"{&quot;background_background&quot;:&quot;classic&quot;}\">\n\t\t\t\t\t<div class=\"e-con-inner\">\n\t\t<div class=\"elementor-element elementor-element-61862b91 e-con-full e-flex e-con e-child\" data-id=\"61862b91\" data-element_type=\"container\" data-settings=\"{&quot;background_background&quot;:&quot;classic&quot;}\">\n\t\t<div class=\"elementor-element elementor-element-4b5b8026 e-flex e-con-boxed e-con e-child\" data-id=\"4b5b8026\" data-element_type=\"container\" data-settings=\"{&quot;background_background&quot;:&quot;classic&quot;}\">\n\t\t\t\t\t<div class=\"e-con-inner\">\n\t\t<div class=\"elementor-element elementor-element-2d326a4e e-flex e-con-boxed e-con e-child\" data-id=\"2d326a4e\" data-element_type=\"container\" data-settings=\"{&quot;background_background&quot;:&quot;classic&quot;}\">\n\t\t\t\t\t<div class=\"e-con-inner\">\n\t\t\t\t<div class=\"elementor-element elementor-element-414c60c7 elementor-widget elementor-widget-image\" data-id=\"414c60c7\" data-element_type=\"widget\" data-widget_type=\"image.default\">\n\t\t\t\t<div class=\"elementor-widget-container\">\n\t\t\t\t\t\t\t\t\t\t\t\t\t<img fetchpriority=\"high\" decoding=\"async\" width=\"585\" height=\"183\" src=\"https:\/\/aclunaga.es\/wp-content\/uploads\/2024\/07\/MaisventoLogo.png\" class=\"attachment-large size-large wp-image-4729\" alt=\"\" srcset=\"https:\/\/aclunaga.es\/wp-content\/uploads\/2024\/07\/MaisventoLogo.png 585w, https:\/\/aclunaga.es\/wp-content\/uploads\/2024\/07\/MaisventoLogo-300x94.png 300w, https:\/\/aclunaga.es\/wp-content\/uploads\/2024\/07\/MaisventoLogo-18x6.png 18w\" sizes=\"(max-width: 585px) 100vw, 585px\" \/>\t\t\t\t\t\t\t\t\t\t\t\t\t<\/div>\n\t\t\t\t<\/div>\n\t\t<div class=\"elementor-element elementor-element-4b1526ba e-flex e-con-boxed e-con e-child\" data-id=\"4b1526ba\" data-element_type=\"container\">\n\t\t\t\t\t<div class=\"e-con-inner\">\n\t\t\t\t<div class=\"elementor-element elementor-element-3713acf4 elementor-widget-divider--view-line elementor-widget elementor-widget-divider\" data-id=\"3713acf4\" data-element_type=\"widget\" data-widget_type=\"divider.default\">\n\t\t\t\t<div class=\"elementor-widget-container\">\n\t\t\t\t\t<div class=\"elementor-divider\">\n\t\t\t<span class=\"elementor-divider-separator\">\n\t\t\t\t\t\t<\/span>\n\t\t<\/div>\n\t\t\t\t<\/div>\n\t\t\t\t<\/div>\n\t\t\t\t\t<\/div>\n\t\t\t\t<\/div>\n\t\t<div class=\"elementor-element elementor-element-2cb8df9 e-flex e-con-boxed e-con e-child\" data-id=\"2cb8df9\" data-element_type=\"container\">\n\t\t\t\t\t<div class=\"e-con-inner\">\n\t\t\t\t<div class=\"elementor-element elementor-element-26633b52 elementor-widget elementor-widget-text-editor\" data-id=\"26633b52\" data-element_type=\"widget\" data-widget_type=\"text-editor.default\">\n\t\t\t\t<div class=\"elementor-widget-container\">\n\t\t\t\t\t\t\t<div class=\"flex-shrink-0 flex flex-col relative items-end\"><div class=\"pt-0.5 juice:pt-0\"><div class=\"gizmo-bot-avatar flex h-6 w-6 items-center justify-center overflow-hidden rounded-full juice:h-8 juice:w-8\"><div class=\"relative p-1 rounded-sm flex items-center justify-center bg-token-main-surface-primary text-token-text-primary h-8 w-8\"><p>MAISVENTO fue constituida en 2001 con una clara vocaci\u00f3n: prestar servicios de operaci\u00f3n y mantenimiento de instalaciones de producci\u00f3n el\u00e9ctrica procedente de energ\u00edas renovables.<\/p><p>MAISVENTO cuenta con recursos humanos, t\u00e9cnicos y materiales de \u00faltima generaci\u00f3n con los que cubrir con creces las expectativas de sus clientes. Comprometida con el medio ambiente y la seguridad laboral de sus trabajadores, la compa\u00f1\u00eda se apoya en amplio equipo humano presente en la misma desde que el sector comenz\u00f3 a crecer en Espa\u00f1a.<\/p><p>La empresa ha desarrollado un Sistema Integrado de Gesti\u00f3n certificado bajo requisitos de las normas: UNE-EN-ISO 9001:2015, UNE-EN-ISO 14001:2015, UNE-EN-ISO 45001:2018<\/p><\/div><\/div><\/div><\/div>\t\t\t\t\t\t<\/div>\n\t\t\t\t<\/div>\n\t\t<div class=\"elementor-element elementor-element-4abcbf2f e-con-full e-flex e-con e-child\" data-id=\"4abcbf2f\" data-element_type=\"container\">\n\t\t\t\t<div class=\"elementor-element elementor-element-6fdb3bef elementor-widget elementor-widget-accordion\" data-id=\"6fdb3bef\" data-element_type=\"widget\" data-widget_type=\"accordion.default\">\n\t\t\t\t<div class=\"elementor-widget-container\">\n\t\t\t\t\t<div class=\"elementor-accordion\">\n\t\t\t\t\t\t\t<div class=\"elementor-accordion-item\">\n\t\t\t\t\t<div id=\"elementor-tab-title-1871\" class=\"elementor-tab-title\" data-tab=\"1\" role=\"button\" aria-controls=\"elementor-tab-content-1871\" aria-expanded=\"false\">\n\t\t\t\t\t\t\t\t\t\t\t\t\t<span class=\"elementor-accordion-icon elementor-accordion-icon-left\" aria-hidden=\"true\">\n\t\t\t\t\t\t\t\t\t\t\t\t\t\t\t<span class=\"elementor-accordion-icon-closed\"><svg class=\"e-font-icon-svg e-fas-angle-down\" viewbox=\"0 0 320 512\" xmlns=\"http:\/\/www.w3.org\/2000\/svg\"><path d=\"M143 352.3L7 216.3c-9.4-9.4-9.4-24.6 0-33.9l22.6-22.6c9.4-9.4 24.6-9.4 33.9 0l96.4 96.4 96.4-96.4c9.4-9.4 24.6-9.4 33.9 0l22.6 22.6c9.4 9.4 9.4 24.6 0 33.9l-136 136c-9.2 9.4-24.4 9.4-33.8 0z\"><\/path><\/svg><\/span>\n\t\t\t\t\t\t\t\t<span class=\"elementor-accordion-icon-opened\"><svg class=\"e-font-icon-svg e-fas-caret-up\" viewbox=\"0 0 320 512\" xmlns=\"http:\/\/www.w3.org\/2000\/svg\"><path d=\"M288.662 352H31.338c-17.818 0-26.741-21.543-14.142-34.142l128.662-128.662c7.81-7.81 20.474-7.81 28.284 0l128.662 128.662c12.6 12.599 3.676 34.142-14.142 34.142z\"><\/path><\/svg><\/span>\n\t\t\t\t\t\t\t\t\t\t\t\t\t\t<\/span>\n\t\t\t\t\t\t\t\t\t\t\t\t<a class=\"elementor-accordion-title\" tabindex=\"0\">PRODUTOS E SERVIZOS<\/a>\n\t\t\t\t\t<\/div>\n\t\t\t\t\t<div id=\"elementor-tab-content-1871\" class=\"elementor-tab-content elementor-clearfix\" data-tab=\"1\" role=\"region\" aria-labelledby=\"elementor-tab-title-1871\"><table width=\"793\"><thead><tr><th>ACTIVIDADE<\/th><th>GRUPO<\/th><th>PRODUTO<\/th><th>OBSERVACI\u00d3NS<\/th><\/tr><\/thead><tbody><tr><td>ELECTRICIDADE, ELECTR\u00d3NICA E AUTOMATIZACI\u00d3N<\/td><td>Instalaci\u00f3n el\u00e9ctrica chave en man inclu\u00edndo enxe\u00f1er\u00eda<\/td><td>\u00a0<\/td><td>\u00a0<\/td><\/tr><tr><td>ELECTRICIDADE, ELECTR\u00d3NICA E AUTOMATIZACI\u00d3N<\/td><td>Fabricaci\u00f3n de cuadros pricipales, secundarios y maniobra<\/td><td>Fabricaci\u00f3n llave en mano<\/td><td>\u00a0<\/td><\/tr><tr><td>ELECTRICIDADE, ELECTR\u00d3NICA E AUTOMATIZACI\u00d3N<\/td><td>Fabricaci\u00f3n de cuadros pricipales, secundarios y maniobra<\/td><td>Ingenier\u00eda &#8211; Elaboraci\u00f3n del proyecto<\/td><td>\u00a0<\/td><\/tr><tr><td>ELECTRICIDADE, ELECTR\u00d3NICA E AUTOMATIZACI\u00d3N<\/td><td>Fabricaci\u00f3n de cuadros pricipales, secundarios y maniobra<\/td><td>Suministro o montaje de materiales, equipo y componentes<\/td><td>\u00a0<\/td><\/tr><tr><td>ELECTRICIDADE, ELECTR\u00d3NICA E AUTOMATIZACI\u00d3N<\/td><td>Montaje y distribuci\u00f3n de l\u00edneas y embornados (fuerza, alumbrado, grandes y peque\u00f1os consumidores&#8230;)<\/td><td>Instalaci\u00f3n llave en mano<\/td><td>\u00a0<\/td><\/tr><tr><td>ELECTRICIDADE, ELECTR\u00d3NICA E AUTOMATIZACI\u00d3N<\/td><td>Montaje y distribuci\u00f3n de l\u00edneas y embornados (fuerza, alumbrado, grandes y peque\u00f1os consumidores&#8230;)<\/td><td>Ingenier\u00eda &#8211; Elaboraci\u00f3n del proyecto<\/td><td>\u00a0<\/td><\/tr><tr><td>ELECTRICIDADE, ELECTR\u00d3NICA E AUTOMATIZACI\u00d3N<\/td><td>Montaje y distribuci\u00f3n de l\u00edneas y embornados (fuerza, alumbrado, grandes y peque\u00f1os consumidores&#8230;)<\/td><td>Suministro o montaje de materiales, equipos o componentes<\/td><td>\u00a0<\/td><\/tr><tr><td>ELECTRICIDADE, ELECTR\u00d3NICA E AUTOMATIZACI\u00d3N<\/td><td>Instalaciones especiales para propulsi\u00f3n di\u00e9sel el\u00e9ctrica<\/td><td>\u00a0<\/td><td>\u00a0<\/td><\/tr><tr><td>ELECTRICIDADE, ELECTR\u00d3NICA E AUTOMATIZACI\u00d3N<\/td><td>Control a distancia e automatizaci\u00f3n<\/td><td>Cableado<\/td><td>\u00a0<\/td><\/tr><tr><td>ELECTRICIDADE, ELECTR\u00d3NICA E AUTOMATIZACI\u00d3N<\/td><td>Control a distancia e automatizaci\u00f3n<\/td><td>Alarmas y detecci\u00f3n<\/td><td>\u00a0<\/td><\/tr><tr><td>ELECTRICIDADE, ELECTR\u00d3NICA E AUTOMATIZACI\u00d3N<\/td><td>Control a distancia e automatizaci\u00f3n<\/td><td>Control de la planta propulsora<\/td><td>\u00a0<\/td><\/tr><tr><td>ELECTRICIDADE, ELECTR\u00d3NICA E AUTOMATIZACI\u00d3N<\/td><td>Control a distancia e automatizaci\u00f3n<\/td><td>Control planta generadora de energ\u00eda<\/td><td>\u00a0<\/td><\/tr><tr><td>ELECTRICIDADE, ELECTR\u00d3NICA E AUTOMATIZACI\u00d3N<\/td><td>Control a distancia e automatizaci\u00f3n<\/td><td>Control planta generadora de vapor<\/td><td>\u00a0<\/td><\/tr><tr><td>ELECTRICIDADE, ELECTR\u00d3NICA E AUTOMATIZACI\u00d3N<\/td><td>Control a distancia e automatizaci\u00f3n<\/td><td>Control de aparellos e servizos auxiliares<\/td><td>\u00a0<\/td><\/tr><tr><td>ELECTRICIDADE, ELECTR\u00d3NICA E AUTOMATIZACI\u00d3N<\/td><td>Control a distancia e automatizaci\u00f3n<\/td><td>Control del equipo de maniobra, fondeo y maquinaria espec\u00edfica<\/td><td>\u00a0<\/td><\/tr><tr><td>ELECTRICIDADE, ELECTR\u00d3NICA E AUTOMATIZACI\u00d3N<\/td><td>Control a distancia e automatizaci\u00f3n<\/td><td>Control de estabilidad y trimado del buque<\/td><td>\u00a0<\/td><\/tr><tr><td>ELECTRICIDADE, ELECTR\u00d3NICA E AUTOMATIZACI\u00d3N<\/td><td>Control a distancia e automatizaci\u00f3n<\/td><td>Solo suministradores<\/td><td>\u00a0<\/td><\/tr><tr><td>SEGURIDADE, SALVAMENTO E C.I.<\/td><td>Sistemas de detecci\u00f3n<\/td><td>\u00a0<\/td><td>\u00a0<\/td><\/tr><\/tbody><\/table><\/div>\n\t\t\t\t<\/div>\n\t\t\t\t\t\t\t\t<\/div>\n\t\t\t\t<\/div>\n\t\t\t\t<\/div>\n\t\t\t\t<\/div>\n\t\t<div class=\"elementor-element elementor-element-501dc291 e-flex e-con-boxed e-con e-child\" data-id=\"501dc291\" data-element_type=\"container\" data-settings=\"{&quot;background_background&quot;:&quot;classic&quot;}\">\n\t\t\t\t\t<div class=\"e-con-inner\">\n\t\t\t\t\t<\/div>\n\t\t\t\t<\/div>\n\t\t\t\t\t<\/div>\n\t\t\t\t<\/div>\n\t\t\t\t\t<\/div>\n\t\t\t\t<\/div>\n\t\t\t\t\t<\/div>\n\t\t\t\t<\/div>\n\t\t\t\t<\/div>\n\t\t<div class=\"elementor-element elementor-element-14133c0f e-con-full e-flex e-con e-child\" data-id=\"14133c0f\" data-element_type=\"container\">\n\t\t<div class=\"elementor-element elementor-element-75ff7112 e-grid e-con-boxed e-con e-child\" data-id=\"75ff7112\" data-element_type=\"container\">\n\t\t\t\t\t<div class=\"e-con-inner\">\n\t\t<div class=\"elementor-element elementor-element-1590f5ba e-con-full e-flex e-con e-child\" data-id=\"1590f5ba\" data-element_type=\"container\" data-settings=\"{&quot;background_background&quot;:&quot;classic&quot;}\">\n\t\t\t\t<div class=\"elementor-element elementor-element-44ae76cf elementor-widget__width-initial elementor-widget elementor-widget-google_maps\" data-id=\"44ae76cf\" data-element_type=\"widget\" data-widget_type=\"google_maps.default\">\n\t\t\t\t<div class=\"elementor-widget-container\">\n\t\t\t\t\t<div class=\"elementor-custom-embed\">\n\t\t\t<iframe loading=\"lazy\"\n\t\t\t\t\tsrc=\"https:\/\/maps.google.com\/maps?q=Pol%C3%ADgono%20Os%20Airios%2C%20Parcela%2024.%20cp%3A%2015320.%20As%20Pontes.%20A%20Coru%C3%B1a.&#038;t=m&#038;z=9&#038;output=embed&#038;iwloc=near\"\n\t\t\t\t\ttitle=\"Pol\u00edgono Os Airios, Parcela 24. cp: 15320. As Pontes. A Coru\u00f1a.\"\n\t\t\t\t\taria-label=\"Pol\u00edgono Os Airios, Parcela 24. cp: 15320. As Pontes. A Coru\u00f1a.\"\n\t\t\t><\/iframe>\n\t\t<\/div>\n\t\t\t\t<\/div>\n\t\t\t\t<\/div>\n\t\t\t\t<\/div>\n\t\t<div class=\"elementor-element elementor-element-ddfdfa7 e-flex e-con-boxed e-con e-child\" data-id=\"ddfdfa7\" data-element_type=\"container\" data-settings=\"{&quot;background_background&quot;:&quot;classic&quot;}\">\n\t\t\t\t\t<div class=\"e-con-inner\">\n\t\t<div class=\"elementor-element elementor-element-2c2e83e4 e-con-full e-flex e-con e-child\" data-id=\"2c2e83e4\" data-element_type=\"container\">\n\t\t<div class=\"elementor-element elementor-element-5975ab98 e-flex e-con-boxed e-con e-child\" data-id=\"5975ab98\" data-element_type=\"container\">\n\t\t\t\t\t<div class=\"e-con-inner\">\n\t\t\t\t<div class=\"elementor-element elementor-element-4dfca355 elementor-widget elementor-widget-heading\" data-id=\"4dfca355\" data-element_type=\"widget\" data-widget_type=\"heading.default\">\n\t\t\t\t<div class=\"elementor-widget-container\">\n\t\t\t<h5 class=\"elementor-heading-title elementor-size-default\">CONTACTO<\/h5>\t\t<\/div>\n\t\t\t\t<\/div>\n\t\t\t\t<div class=\"elementor-element elementor-element-306d093f elementor-widget-divider--view-line elementor-widget elementor-widget-divider\" data-id=\"306d093f\" data-element_type=\"widget\" data-widget_type=\"divider.default\">\n\t\t\t\t<div class=\"elementor-widget-container\">\n\t\t\t\t\t<div class=\"elementor-divider\">\n\t\t\t<span class=\"elementor-divider-separator\">\n\t\t\t\t\t\t<\/span>\n\t\t<\/div>\n\t\t\t\t<\/div>\n\t\t\t\t<\/div>\n\t\t\t\t\t<\/div>\n\t\t\t\t<\/div>\n\t\t\t\t<div class=\"elementor-element elementor-element-50f1ee4d elementor-list-item-link-inline elementor-icon-list--layout-traditional elementor-widget elementor-widget-icon-list\" data-id=\"50f1ee4d\" data-element_type=\"widget\" data-widget_type=\"icon-list.default\">\n\t\t\t\t<div class=\"elementor-widget-container\">\n\t\t\t\t\t<ul class=\"elementor-icon-list-items\">\n\t\t\t\t\t\t\t<li class=\"elementor-icon-list-item\">\n\t\t\t\t\t\t\t\t\t\t\t<span class=\"elementor-icon-list-icon\">\n\t\t\t\t\t\t\t<svg aria-hidden=\"true\" class=\"e-font-icon-svg e-fas-map-pin\" viewbox=\"0 0 288 512\" xmlns=\"http:\/\/www.w3.org\/2000\/svg\"><path d=\"M112 316.94v156.69l22.02 33.02c4.75 7.12 15.22 7.12 19.97 0L176 473.63V316.94c-10.39 1.92-21.06 3.06-32 3.06s-21.61-1.14-32-3.06zM144 0C64.47 0 0 64.47 0 144s64.47 144 144 144 144-64.47 144-144S223.53 0 144 0zm0 76c-37.5 0-68 30.5-68 68 0 6.62-5.38 12-12 12s-12-5.38-12-12c0-50.73 41.28-92 92-92 6.62 0 12 5.38 12 12s-5.38 12-12 12z\"><\/path><\/svg>\t\t\t\t\t\t<\/span>\n\t\t\t\t\t\t\t\t\t\t<span class=\"elementor-icon-list-text\">Pol\u00edgono Os Airios, Parcela 24. cp: 15320. As Pontes. A Coru\u00f1a.<\/span>\n\t\t\t\t\t\t\t\t\t<\/li>\n\t\t\t\t\t\t\t\t<li class=\"elementor-icon-list-item\">\n\t\t\t\t\t\t\t\t\t\t\t<span class=\"elementor-icon-list-icon\">\n\t\t\t\t\t\t\t<svg aria-hidden=\"true\" class=\"e-font-icon-svg e-fas-phone-alt\" viewbox=\"0 0 512 512\" xmlns=\"http:\/\/www.w3.org\/2000\/svg\"><path d=\"M497.39 361.8l-112-48a24 24 0 0 0-28 6.9l-49.6 60.6A370.66 370.66 0 0 1 130.6 204.11l60.6-49.6a23.94 23.94 0 0 0 6.9-28l-48-112A24.16 24.16 0 0 0 122.6.61l-104 24A24 24 0 0 0 0 48c0 256.5 207.9 464 464 464a24 24 0 0 0 23.4-18.6l24-104a24.29 24.29 0 0 0-14.01-27.6z\"><\/path><\/svg>\t\t\t\t\t\t<\/span>\n\t\t\t\t\t\t\t\t\t\t<span class=\"elementor-icon-list-text\">981 452 902<\/span>\n\t\t\t\t\t\t\t\t\t<\/li>\n\t\t\t\t\t\t\t\t<li class=\"elementor-icon-list-item\">\n\t\t\t\t\t\t\t\t\t\t\t<span class=\"elementor-icon-list-icon\">\n\t\t\t\t\t\t\t<svg aria-hidden=\"true\" class=\"e-font-icon-svg e-fas-fax\" viewbox=\"0 0 512 512\" xmlns=\"http:\/\/www.w3.org\/2000\/svg\"><path d=\"M480 160V77.25a32 32 0 0 0-9.38-22.63L425.37 9.37A32 32 0 0 0 402.75 0H160a32 32 0 0 0-32 32v448a32 32 0 0 0 32 32h320a32 32 0 0 0 32-32V192a32 32 0 0 0-32-32zM288 432a16 16 0 0 1-16 16h-32a16 16 0 0 1-16-16v-32a16 16 0 0 1 16-16h32a16 16 0 0 1 16 16zm0-128a16 16 0 0 1-16 16h-32a16 16 0 0 1-16-16v-32a16 16 0 0 1 16-16h32a16 16 0 0 1 16 16zm128 128a16 16 0 0 1-16 16h-32a16 16 0 0 1-16-16v-32a16 16 0 0 1 16-16h32a16 16 0 0 1 16 16zm0-128a16 16 0 0 1-16 16h-32a16 16 0 0 1-16-16v-32a16 16 0 0 1 16-16h32a16 16 0 0 1 16 16zm0-112H192V64h160v48a16 16 0 0 0 16 16h48zM64 128H32a32 32 0 0 0-32 32v320a32 32 0 0 0 32 32h32a32 32 0 0 0 32-32V160a32 32 0 0 0-32-32z\"><\/path><\/svg>\t\t\t\t\t\t<\/span>\n\t\t\t\t\t\t\t\t\t\t<span class=\"elementor-icon-list-text\">981 452 187<\/span>\n\t\t\t\t\t\t\t\t\t<\/li>\n\t\t\t\t\t\t\t\t<li class=\"elementor-icon-list-item\">\n\t\t\t\t\t\t\t\t\t\t\t<span class=\"elementor-icon-list-icon\">\n\t\t\t\t\t\t\t<svg aria-hidden=\"true\" class=\"e-font-icon-svg e-fas-envelope\" viewbox=\"0 0 512 512\" xmlns=\"http:\/\/www.w3.org\/2000\/svg\"><path d=\"M502.3 190.8c3.9-3.1 9.7-.2 9.7 4.7V400c0 26.5-21.5 48-48 48H48c-26.5 0-48-21.5-48-48V195.6c0-5 5.7-7.8 9.7-4.7 22.4 17.4 52.1 39.5 154.1 113.6 21.1 15.4 56.7 47.8 92.2 47.6 35.7.3 72-32.8 92.3-47.6 102-74.1 131.6-96.3 154-113.7zM256 320c23.2.4 56.6-29.2 73.4-41.4 132.7-96.3 142.8-104.7 173.4-128.7 5.8-4.5 9.2-11.5 9.2-18.9v-19c0-26.5-21.5-48-48-48H48C21.5 64 0 85.5 0 112v19c0 7.4 3.4 14.3 9.2 18.9 30.6 23.9 40.7 32.4 173.4 128.7 16.8 12.2 50.2 41.8 73.4 41.4z\"><\/path><\/svg>\t\t\t\t\t\t<\/span>\n\t\t\t\t\t\t\t\t\t\t<span class=\"elementor-icon-list-text\"> maisvento@maisvento.es<\/span>\n\t\t\t\t\t\t\t\t\t<\/li>\n\t\t\t\t\t\t\t\t<li class=\"elementor-icon-list-item\">\n\t\t\t\t\t\t\t\t\t\t\t<a href=\"https:\/\/www.maisvento.es\/es\/\" target=\"_blank\">\n\n\t\t\t\t\t\t\t\t\t\t\t\t<span class=\"elementor-icon-list-icon\">\n\t\t\t\t\t\t\t<svg aria-hidden=\"true\" class=\"e-font-icon-svg e-fas-link\" viewbox=\"0 0 512 512\" xmlns=\"http:\/\/www.w3.org\/2000\/svg\"><path d=\"M326.612 185.391c59.747 59.809 58.927 155.698.36 214.59-.11.12-.24.25-.36.37l-67.2 67.2c-59.27 59.27-155.699 59.262-214.96 0-59.27-59.26-59.27-155.7 0-214.96l37.106-37.106c9.84-9.84 26.786-3.3 27.294 10.606.648 17.722 3.826 35.527 9.69 52.721 1.986 5.822.567 12.262-3.783 16.612l-13.087 13.087c-28.026 28.026-28.905 73.66-1.155 101.96 28.024 28.579 74.086 28.749 102.325.51l67.2-67.19c28.191-28.191 28.073-73.757 0-101.83-3.701-3.694-7.429-6.564-10.341-8.569a16.037 16.037 0 0 1-6.947-12.606c-.396-10.567 3.348-21.456 11.698-29.806l21.054-21.055c5.521-5.521 14.182-6.199 20.584-1.731a152.482 152.482 0 0 1 20.522 17.197zM467.547 44.449c-59.261-59.262-155.69-59.27-214.96 0l-67.2 67.2c-.12.12-.25.25-.36.37-58.566 58.892-59.387 154.781.36 214.59a152.454 152.454 0 0 0 20.521 17.196c6.402 4.468 15.064 3.789 20.584-1.731l21.054-21.055c8.35-8.35 12.094-19.239 11.698-29.806a16.037 16.037 0 0 0-6.947-12.606c-2.912-2.005-6.64-4.875-10.341-8.569-28.073-28.073-28.191-73.639 0-101.83l67.2-67.19c28.239-28.239 74.3-28.069 102.325.51 27.75 28.3 26.872 73.934-1.155 101.96l-13.087 13.087c-4.35 4.35-5.769 10.79-3.783 16.612 5.864 17.194 9.042 34.999 9.69 52.721.509 13.906 17.454 20.446 27.294 10.606l37.106-37.106c59.271-59.259 59.271-155.699.001-214.959z\"><\/path><\/svg>\t\t\t\t\t\t<\/span>\n\t\t\t\t\t\t\t\t\t\t<span class=\"elementor-icon-list-text\">www.maisvento.es<\/span>\n\t\t\t\t\t\t\t\t\t\t\t<\/a>\n\t\t\t\t\t\t\t\t\t<\/li>\n\t\t\t\t\t\t<\/ul>\n\t\t\t\t<\/div>\n\t\t\t\t<\/div>\n\t\t\t\t<\/div>\n\t\t\t\t\t<\/div>\n\t\t\t\t<\/div>\n\t\t\t\t\t<\/div>\n\t\t\t\t<\/div>\n\t\t\t\t<\/div>\n\t\t\t\t\t<\/div>\n\t\t\t\t<\/div>\n\t\t\t\t<\/div>","protected":false},"excerpt":{"rendered":"<p>Maisvento S.L. Electricidad, electr\u00f3nica y automatizaci\u00f3n MAISVENTO fue constituida en 2001 con una clara vocaci\u00f3n: prestar servicios de operaci\u00f3n y [&hellip;]<\/p>","protected":false},"author":1,"featured_media":4729,"parent":60,"menu_order":0,"comment_status":"closed","ping_status":"closed","template":"","meta":{"site-sidebar-layout":"no-sidebar","site-content-layout":"","ast-site-content-layout":"full-width-container","site-content-style":"default","site-sidebar-style":"default","ast-global-header-display":"","ast-banner-title-visibility":"","ast-main-header-display":"","ast-hfb-above-header-display":"","ast-hfb-below-header-display":"","ast-hfb-mobile-header-display":"","site-post-title":"disabled","ast-breadcrumbs-content":"","ast-featured-img":"disabled","footer-sml-layout":"","theme-transparent-header-meta":"","adv-header-id-meta":"","stick-header-meta":"","header-above-stick-meta":"","header-main-stick-meta":"","header-below-stick-meta":"","astra-migrate-meta-layouts":"default","ast-page-background-enabled":"default","ast-page-background-meta":{"desktop":{"background-color":"var(--ast-global-color-4)","background-image":"","background-repeat":"repeat","background-position":"center center","background-size":"auto","background-attachment":"scroll","background-type":"","background-media":"","overlay-type":"","overlay-color":"","overlay-opacity":"","overlay-gradient":""},"tablet":{"background-color":"","background-image":"","background-repeat":"repeat","background-position":"center center","background-size":"auto","background-attachment":"scroll","background-type":"","background-media":"","overlay-type":"","overlay-color":"","overlay-opacity":"","overlay-gradient":""},"mobile":{"background-color":"","background-image":"","background-repeat":"repeat","background-position":"center center","background-size":"auto","background-attachment":"scroll","background-type":"","background-media":"","overlay-type":"","overlay-color":"","overlay-opacity":"","overlay-gradient":""}},"ast-content-background-meta":{"desktop":{"background-color":"var(--ast-global-color-5)","background-image":"","background-repeat":"repeat","background-position":"center center","background-size":"auto","background-attachment":"scroll","background-type":"","background-media":"","overlay-type":"","overlay-color":"","overlay-opacity":"","overlay-gradient":""},"tablet":{"background-color":"var(--ast-global-color-5)","background-image":"","background-repeat":"repeat","background-position":"center center","background-size":"auto","background-attachment":"scroll","background-type":"","background-media":"","overlay-type":"","overlay-color":"","overlay-opacity":"","overlay-gradient":""},"mobile":{"background-color":"var(--ast-global-color-5)","background-image":"","background-repeat":"repeat","background-position":"center center","background-size":"auto","background-attachment":"scroll","background-type":"","background-media":"","overlay-type":"","overlay-color":"","overlay-opacity":"","overlay-gradient":""}},"footnotes":""},"actividad":[146],"provincia":[87],"class_list":["post-4727","page","type-page","status-publish","has-post-thumbnail","hentry","actividad-electricidad-electronica-automatizacion","provincia-coruna"],"_links":{"self":[{"href":"https:\/\/aclunaga.es\/gl\/wp-json\/wp\/v2\/pages\/4727","targetHints":{"allow":["GET"]}}],"collection":[{"href":"https:\/\/aclunaga.es\/gl\/wp-json\/wp\/v2\/pages"}],"about":[{"href":"https:\/\/aclunaga.es\/gl\/wp-json\/wp\/v2\/types\/page"}],"author":[{"embeddable":true,"href":"https:\/\/aclunaga.es\/gl\/wp-json\/wp\/v2\/users\/1"}],"replies":[{"embeddable":true,"href":"https:\/\/aclunaga.es\/gl\/wp-json\/wp\/v2\/comments?post=4727"}],"version-history":[{"count":9,"href":"https:\/\/aclunaga.es\/gl\/wp-json\/wp\/v2\/pages\/4727\/revisions"}],"predecessor-version":[{"id":12961,"href":"https:\/\/aclunaga.es\/gl\/wp-json\/wp\/v2\/pages\/4727\/revisions\/12961"}],"up":[{"embeddable":true,"href":"https:\/\/aclunaga.es\/gl\/wp-json\/wp\/v2\/pages\/60"}],"wp:featuredmedia":[{"embeddable":true,"href":"https:\/\/aclunaga.es\/gl\/wp-json\/wp\/v2\/media\/4729"}],"wp:attachment":[{"href":"https:\/\/aclunaga.es\/gl\/wp-json\/wp\/v2\/media?parent=4727"}],"wp:term":[{"taxonomy":"actividad","embeddable":true,"href":"https:\/\/aclunaga.es\/gl\/wp-json\/wp\/v2\/actividad?post=4727"},{"taxonomy":"provincia","embeddable":true,"href":"https:\/\/aclunaga.es\/gl\/wp-json\/wp\/v2\/provincia?post=4727"}],"curies":[{"name":"wp","href":"https:\/\/api.w.org\/{rel}","templated":true}]}}