{"id":4378,"date":"2024-07-24T09:38:21","date_gmt":"2024-07-24T09:38:21","guid":{"rendered":"https:\/\/aclunaga.es\/?page_id=4378"},"modified":"2024-12-13T12:38:20","modified_gmt":"2024-12-13T12:38:20","slug":"regenasa-s-a","status":"publish","type":"page","link":"https:\/\/aclunaga.es\/gl\/listado-socios\/regenasa-s-a\/","title":{"rendered":"Regenasa S.A. (Reparaciones Generales Navales S.A.U.)"},"content":{"rendered":"<div data-elementor-type=\"wp-page\" data-elementor-id=\"4378\" class=\"elementor elementor-4378\">\n\t\t\t\t<div class=\"elementor-element elementor-element-333aae0c e-flex e-con-boxed e-con e-parent\" data-id=\"333aae0c\" data-element_type=\"container\" data-settings=\"{&quot;background_background&quot;:&quot;classic&quot;}\">\n\t\t\t\t\t<div class=\"e-con-inner\">\n\t\t<div class=\"elementor-element elementor-element-5c945130 e-con-full e-flex e-con e-child\" data-id=\"5c945130\" data-element_type=\"container\">\n\t\t<div class=\"elementor-element elementor-element-41f7e5e6 e-grid e-con-boxed e-con e-child\" data-id=\"41f7e5e6\" data-element_type=\"container\">\n\t\t\t\t\t<div class=\"e-con-inner\">\n\t\t\t\t<div class=\"elementor-element elementor-element-7d98227a elementor-widget elementor-widget-heading\" data-id=\"7d98227a\" data-element_type=\"widget\" data-widget_type=\"heading.default\">\n\t\t\t\t<div class=\"elementor-widget-container\">\n\t\t\t<h2 class=\"elementor-heading-title elementor-size-default\">Regenasa (Reparaciones Generales Navales S.A.U.)<\/h2>\t\t<\/div>\n\t\t\t\t<\/div>\n\t\t\t\t<div class=\"elementor-element elementor-element-30a341dd elementor-widget elementor-widget-text-editor\" data-id=\"30a341dd\" data-element_type=\"widget\" data-widget_type=\"text-editor.default\">\n\t\t\t\t<div class=\"elementor-widget-container\">\n\t\t\t\t\t\t\t<p>Habilitaci\u00f3n<\/p>\t\t\t\t\t\t<\/div>\n\t\t\t\t<\/div>\n\t\t\t\t\t<\/div>\n\t\t\t\t<\/div>\n\t\t\t\t<\/div>\n\t\t\t\t\t<\/div>\n\t\t\t\t<\/div>\n\t\t<div class=\"elementor-element elementor-element-7567a8e7 e-flex e-con-boxed e-con e-parent\" data-id=\"7567a8e7\" data-element_type=\"container\" data-settings=\"{&quot;background_background&quot;:&quot;classic&quot;}\">\n\t\t\t\t\t<div class=\"e-con-inner\">\n\t\t<div class=\"elementor-element elementor-element-4b94a6a7 e-con-full e-flex e-con e-child\" data-id=\"4b94a6a7\" data-element_type=\"container\" data-settings=\"{&quot;background_background&quot;:&quot;classic&quot;}\">\n\t\t<div class=\"elementor-element elementor-element-5bcc64ce e-flex e-con-boxed e-con e-child\" data-id=\"5bcc64ce\" data-element_type=\"container\" data-settings=\"{&quot;background_background&quot;:&quot;classic&quot;}\">\n\t\t\t\t\t<div class=\"e-con-inner\">\n\t\t<div class=\"elementor-element elementor-element-14cd0371 e-flex e-con-boxed e-con e-child\" data-id=\"14cd0371\" data-element_type=\"container\" data-settings=\"{&quot;background_background&quot;:&quot;classic&quot;}\">\n\t\t\t\t\t<div class=\"e-con-inner\">\n\t\t\t\t<div class=\"elementor-element elementor-element-11b7428d elementor-widget__width-initial elementor-widget elementor-widget-image\" data-id=\"11b7428d\" data-element_type=\"widget\" data-widget_type=\"image.default\">\n\t\t\t\t<div class=\"elementor-widget-container\">\n\t\t\t\t\t\t\t\t\t\t\t\t\t<img fetchpriority=\"high\" decoding=\"async\" width=\"800\" height=\"177\" src=\"https:\/\/aclunaga.es\/wp-content\/uploads\/2024\/07\/logo-regenasa.png\" class=\"attachment-large size-large wp-image-4380\" alt=\"\" srcset=\"https:\/\/aclunaga.es\/wp-content\/uploads\/2024\/07\/logo-regenasa.png 800w, https:\/\/aclunaga.es\/wp-content\/uploads\/2024\/07\/logo-regenasa-300x66.png 300w, https:\/\/aclunaga.es\/wp-content\/uploads\/2024\/07\/logo-regenasa-768x170.png 768w, https:\/\/aclunaga.es\/wp-content\/uploads\/2024\/07\/logo-regenasa-18x4.png 18w\" sizes=\"(max-width: 800px) 100vw, 800px\" \/>\t\t\t\t\t\t\t\t\t\t\t\t\t<\/div>\n\t\t\t\t<\/div>\n\t\t<div class=\"elementor-element elementor-element-2755a0d7 e-flex e-con-boxed e-con e-child\" data-id=\"2755a0d7\" data-element_type=\"container\">\n\t\t\t\t\t<div class=\"e-con-inner\">\n\t\t\t\t<div class=\"elementor-element elementor-element-3df267da elementor-widget-divider--view-line elementor-widget elementor-widget-divider\" data-id=\"3df267da\" data-element_type=\"widget\" data-widget_type=\"divider.default\">\n\t\t\t\t<div class=\"elementor-widget-container\">\n\t\t\t\t\t<div class=\"elementor-divider\">\n\t\t\t<span class=\"elementor-divider-separator\">\n\t\t\t\t\t\t<\/span>\n\t\t<\/div>\n\t\t\t\t<\/div>\n\t\t\t\t<\/div>\n\t\t\t\t\t<\/div>\n\t\t\t\t<\/div>\n\t\t<div class=\"elementor-element elementor-element-3c65d79e e-flex e-con-boxed e-con e-child\" data-id=\"3c65d79e\" data-element_type=\"container\">\n\t\t\t\t\t<div class=\"e-con-inner\">\n\t\t\t\t<div class=\"elementor-element elementor-element-26928df9 elementor-widget elementor-widget-text-editor\" data-id=\"26928df9\" data-element_type=\"widget\" data-widget_type=\"text-editor.default\">\n\t\t\t\t<div class=\"elementor-widget-container\">\n\t\t\t\t\t\t\t<div class=\"flex-shrink-0 flex flex-col relative items-end\"><div class=\"pt-0.5 juice:pt-0\"><div class=\"gizmo-bot-avatar flex h-6 w-6 items-center justify-center overflow-hidden rounded-full juice:h-8 juice:w-8\"><div class=\"relative p-1 rounded-sm flex items-center justify-center bg-token-main-surface-primary text-token-text-primary h-8 w-8\"><p>REGENASA fue fundada hace m\u00e1s de 35 a\u00f1os por Salvador Gonz\u00e1lez Rodr\u00edguez, actual presidente. Comenz\u00f3 con trabajos de aislamiento y habilitaci\u00f3n en pesqueros, y r\u00e1pidamente ampli\u00f3 su alcance a la habilitaci\u00f3n de camarotes y otros tipos de barcos como atuneros y remolcadores.<\/p><p>En los a\u00f1os 90, debido a su crecimiento, la empresa invirti\u00f3 en nuevas instalaciones y maquinaria, y cre\u00f3 un Departamento T\u00e9cnico altamente cualificado para proyectos m\u00e1s t\u00e9cnicos como offshore y oceanogr\u00e1ficos. Esta profesionalizaci\u00f3n se convirti\u00f3 en una de sus mayores fortalezas.<\/p><p>Desde entonces, REGENASA ha fortalecido su equipo directivo, creado departamentos especializados y expandido su presencia nacional e internacional, abarcando nuevos mercados como yates y cruceros de lujo, as\u00ed como el dise\u00f1o de interiores.<\/p><\/div><\/div><\/div><\/div>\t\t\t\t\t\t<\/div>\n\t\t\t\t<\/div>\n\t\t<div class=\"elementor-element elementor-element-28829976 e-con-full e-flex e-con e-child\" data-id=\"28829976\" data-element_type=\"container\">\n\t\t\t\t<div class=\"elementor-element elementor-element-4f5dc9d4 elementor-widget elementor-widget-accordion\" data-id=\"4f5dc9d4\" data-element_type=\"widget\" data-widget_type=\"accordion.default\">\n\t\t\t\t<div class=\"elementor-widget-container\">\n\t\t\t\t\t<div class=\"elementor-accordion\">\n\t\t\t\t\t\t\t<div class=\"elementor-accordion-item\">\n\t\t\t\t\t<div id=\"elementor-tab-title-1331\" class=\"elementor-tab-title\" data-tab=\"1\" role=\"button\" aria-controls=\"elementor-tab-content-1331\" aria-expanded=\"false\">\n\t\t\t\t\t\t\t\t\t\t\t\t\t<span class=\"elementor-accordion-icon elementor-accordion-icon-left\" aria-hidden=\"true\">\n\t\t\t\t\t\t\t\t\t\t\t\t\t\t\t<span class=\"elementor-accordion-icon-closed\"><svg class=\"e-font-icon-svg e-fas-angle-down\" viewbox=\"0 0 320 512\" xmlns=\"http:\/\/www.w3.org\/2000\/svg\"><path d=\"M143 352.3L7 216.3c-9.4-9.4-9.4-24.6 0-33.9l22.6-22.6c9.4-9.4 24.6-9.4 33.9 0l96.4 96.4 96.4-96.4c9.4-9.4 24.6-9.4 33.9 0l22.6 22.6c9.4 9.4 9.4 24.6 0 33.9l-136 136c-9.2 9.4-24.4 9.4-33.8 0z\"><\/path><\/svg><\/span>\n\t\t\t\t\t\t\t\t<span class=\"elementor-accordion-icon-opened\"><svg class=\"e-font-icon-svg e-fas-caret-up\" viewbox=\"0 0 320 512\" xmlns=\"http:\/\/www.w3.org\/2000\/svg\"><path d=\"M288.662 352H31.338c-17.818 0-26.741-21.543-14.142-34.142l128.662-128.662c7.81-7.81 20.474-7.81 28.284 0l128.662 128.662c12.6 12.599 3.676 34.142-14.142 34.142z\"><\/path><\/svg><\/span>\n\t\t\t\t\t\t\t\t\t\t\t\t\t\t<\/span>\n\t\t\t\t\t\t\t\t\t\t\t\t<a class=\"elementor-accordion-title\" tabindex=\"0\">PRODUTOS E SERVIZOS<\/a>\n\t\t\t\t\t<\/div>\n\t\t\t\t\t<div id=\"elementor-tab-content-1331\" class=\"elementor-tab-content elementor-clearfix\" data-tab=\"1\" role=\"region\" aria-labelledby=\"elementor-tab-title-1331\"><table width=\"813\">\n<thead>\n<tr>\n<th>ACTIVIDADE<\/th>\n<th>GRUPO<\/th>\n<th>PRODUTO<\/th>\n<\/tr>\n<\/thead>\n<tbody>\n<tr>\n<td>SERVIZOS PARA CONSTRUCI\u00d3N E REPARACI\u00d3N<\/td>\n<td>Enxe\u00f1er\u00edas, consultor\u00edas t\u00e9cnicas e inspecci\u00f3ns<\/td>\n<td>Enxe\u00f1er\u00eda<\/td>\n<\/tr>\n<tr>\n<td>ESTRUTURA<\/td>\n<td>Elementos e partes estruturais<\/td>\n<td>Fabricaci\u00f3n de bloques chave en man s\u00f3 estrutura<\/td>\n<\/tr>\n<tr>\n<td>ESTRUTURA<\/td>\n<td>Elementos e partes estruturais<\/td>\n<td>Fabricaci\u00f3n de secci\u00f3ns de bloques planos<\/td>\n<\/tr>\n<tr>\n<td>EQUIPO E ACCESORIOS DE CASCO E CUBERTA<\/td>\n<td>Elementos\/Accesorios<\/td>\n<td>Puertas met\u00e1licas<\/td>\n<\/tr>\n<tr>\n<td>EQUIPO E ACCESORIOS DE CASCO E CUBERTA<\/td>\n<td>Elementos\/Accesorios<\/td>\n<td>Xanelas, portillos, lumbreras etc.<\/td>\n<\/tr>\n<tr>\n<td>EQUIPO E ACCESORIOS DE CASCO E CUBERTA<\/td>\n<td>Elementos\/Accesorios<\/td>\n<td>Escotillas, registros, escalas, etc., para tanques propios<\/td>\n<\/tr>\n<tr>\n<td>HABILITACI\u00d3N<\/td>\n<td>Elementos de habilitaci\u00f3n xeral<\/td>\n<td>Mamparos, forros, teitos, uni\u00f3ns etc.<\/td>\n<\/tr>\n<tr>\n<td>HABILITACI\u00d3N<\/td>\n<td>Elementos de habilitaci\u00f3n xeral<\/td>\n<td>Illamentos t\u00e9rmicos, ac\u00fasticos e contra incendios<\/td>\n<\/tr>\n<tr>\n<td>HABILITACI\u00d3N<\/td>\n<td>Elementos de habilitaci\u00f3n xeral<\/td>\n<td>Mobiliario<\/td>\n<\/tr>\n<tr>\n<td>HABILITACI\u00d3N<\/td>\n<td>Elementos de habilitaci\u00f3n xeral<\/td>\n<td>Subpavimentos, pisos, moquetas, etc.<\/td>\n<\/tr>\n<tr>\n<td>HABILITACI\u00d3N<\/td>\n<td>Elementos de habilitaci\u00f3n xeral<\/td>\n<td>Puertas de habilitaci\u00f3n<\/td>\n<\/tr>\n<tr>\n<td>HABILITACI\u00d3N<\/td>\n<td>Coci\u00f1a e Gambuzas<\/td>\n<td>Habilitaci\u00f3n \u201cchave en man\u201d<\/td>\n<\/tr>\n<tr>\n<td>HABILITACI\u00d3N<\/td>\n<td>Coci\u00f1a e Gambuzas<\/td>\n<td>Puertas frigor\u00edficas, ferraxes, bisagras, selos etc.<\/td>\n<\/tr>\n<tr>\n<td>HABILITACI\u00d3N<\/td>\n<td>Coci\u00f1a e Gambuzas<\/td>\n<td>Mobiliario, elementos e fontaner\u00eda<\/td>\n<\/tr>\n<tr>\n<td>HABILITACI\u00d3N<\/td>\n<td>Coci\u00f1a e Gambuzas<\/td>\n<td>Electrodom\u00e9sticos principales<\/td>\n<\/tr>\n<tr>\n<td>HABILITACI\u00d3N<\/td>\n<td>Coci\u00f1a e Gambuzas<\/td>\n<td>Elementos de fonda (enxoval e elementos de coci\u00f1a e comedor, pequenos electrodom\u00e9sticos, manteler\u00edas etc.)<\/td>\n<\/tr>\n<tr>\n<td>HABILITACI\u00d3N<\/td>\n<td>Coci\u00f1a e Gambuzas<\/td>\n<td>Habilitaci\u00f3n modular gambuzas \u00abchave en man\u00bb<\/td>\n<\/tr>\n<tr>\n<td>HABILITACI\u00d3N<\/td>\n<td>Coci\u00f1a e Gambuzas<\/td>\n<td>Instalaci\u00f3n frigor\u00edfica para gambuzas refrixeradas e conxelados<\/td>\n<\/tr>\n<tr>\n<td>HABILITACI\u00d3N<\/td>\n<td>Coci\u00f1a e Gambuzas<\/td>\n<td>Puertas frigor\u00edficas, ferraxes, bisagras, selos etc.<\/td>\n<\/tr>\n<tr>\n<td>HABILITACI\u00d3N<\/td>\n<td>Aseos e lavander\u00eda<\/td>\n<td>Habilitaci\u00f3n \u201cchave en man\u201d<\/td>\n<\/tr>\n<tr>\n<td>HABILITACI\u00d3N<\/td>\n<td>Aseos e lavander\u00eda<\/td>\n<td>Mobles, elementos sanitarios e fontaner\u00eda<\/td>\n<\/tr>\n<tr>\n<td>HABILITACI\u00d3N<\/td>\n<td>Aseos e lavander\u00eda<\/td>\n<td>Habilitaci\u00f3n lavander\u00eda chave en man<\/td>\n<\/tr>\n<tr>\n<td>HABILITACI\u00d3N<\/td>\n<td>Aseos e lavander\u00eda<\/td>\n<td>Electrodom\u00e9sticos lavander\u00eda<\/td>\n<\/tr>\n<tr>\n<td>HABILITACI\u00d3N<\/td>\n<td>Espazos de lecer<\/td>\n<td>Sauna, habilitaci\u00f3n modular chave en man<\/td>\n<\/tr>\n<tr>\n<td>HABILITACI\u00d3N<\/td>\n<td>Espazos de lecer<\/td>\n<td>Elementos e equipos de sauna<\/td>\n<\/tr>\n<tr>\n<td>HABILITACI\u00d3N<\/td>\n<td>Espazos de lecer<\/td>\n<td>Ximnasio habilitaci\u00f3n modular chave en man<\/td>\n<\/tr>\n<tr>\n<td>HABILITACI\u00d3N<\/td>\n<td>Espazos de lecer<\/td>\n<td>Elementos y equipos de gimnasio<\/td>\n<\/tr>\n<tr>\n<td>HABILITACI\u00d3N<\/td>\n<td>Espazos de lecer<\/td>\n<td>Elementos e equipos de salas de cinema, TV etc.<\/td>\n<\/tr>\n<tr>\n<td>HABILITACI\u00d3N<\/td>\n<td>Hospital e enfermer\u00eda<\/td>\n<td>Mobiliario e equipos<\/td>\n<\/tr>\n<tr>\n<td>HABILITACI\u00d3N<\/td>\n<td>Hospital e enfermer\u00eda<\/td>\n<td>Botiqu\u00edn<\/td>\n<\/tr>\n<tr>\n<td>HABILITACI\u00d3N<\/td>\n<td>Habilitaci\u00f3n de ponte de goberno<\/td>\n<td>Habilitaci\u00f3n e elementos<\/td>\n<\/tr>\n<tr>\n<td>HABILITACI\u00d3N<\/td>\n<td>Habilitaci\u00f3n de ponte de goberno<\/td>\n<td>Pupitre principal<\/td>\n<\/tr>\n<tr>\n<td>HABILITACI\u00d3N<\/td>\n<td>Habilitaci\u00f3n de ponte de goberno<\/td>\n<td>Mobiliaria ponte de goberno e elementos decorativos<\/td>\n<\/tr>\n<tr>\n<td>HABILITACI\u00d3N<\/td>\n<td>Habilitaci\u00f3n de ponte de goberno<\/td>\n<td>Puertas e elementos auxiliares (limpiaparabrisas, vistaclaras, protecci\u00f3n solar etc.)<\/td>\n<\/tr>\n<\/tbody>\n<\/table>\n<\/div>\n\t\t\t\t<\/div>\n\t\t\t\t\t\t\t\t<\/div>\n\t\t\t\t<\/div>\n\t\t\t\t<\/div>\n\t\t\t\t<\/div>\n\t\t<div class=\"elementor-element elementor-element-54b1dc e-flex e-con-boxed e-con e-child\" data-id=\"54b1dc\" data-element_type=\"container\" data-settings=\"{&quot;background_background&quot;:&quot;classic&quot;}\">\n\t\t\t\t\t<div class=\"e-con-inner\">\n\t\t\t\t\t<\/div>\n\t\t\t\t<\/div>\n\t\t\t\t\t<\/div>\n\t\t\t\t<\/div>\n\t\t\t\t\t<\/div>\n\t\t\t\t<\/div>\n\t\t\t\t\t<\/div>\n\t\t\t\t<\/div>\n\t\t\t\t<\/div>\n\t\t<div class=\"elementor-element elementor-element-2d8d3352 e-con-full e-flex e-con e-child\" data-id=\"2d8d3352\" data-element_type=\"container\">\n\t\t<div class=\"elementor-element elementor-element-211e83ce e-grid e-con-full e-con e-child\" data-id=\"211e83ce\" data-element_type=\"container\">\n\t\t<div class=\"elementor-element elementor-element-4808b99e e-con-full e-flex e-con e-child\" data-id=\"4808b99e\" data-element_type=\"container\" data-settings=\"{&quot;background_background&quot;:&quot;classic&quot;}\">\n\t\t\t\t<div class=\"elementor-element elementor-element-4ec678cd elementor-widget__width-initial elementor-widget elementor-widget-google_maps\" data-id=\"4ec678cd\" data-element_type=\"widget\" data-widget_type=\"google_maps.default\">\n\t\t\t\t<div class=\"elementor-widget-container\">\n\t\t\t\t\t<div class=\"elementor-custom-embed\">\n\t\t\t<iframe loading=\"lazy\"\n\t\t\t\t\tsrc=\"https:\/\/maps.google.com\/maps?q=Traves%C3%ADa%20Espi%C3%B1eiro%201%2C%2037%2C%20Teis%2C%2036207%20A%20Lagoa%2C%20Pontevedra&#038;t=m&#038;z=9&#038;output=embed&#038;iwloc=near\"\n\t\t\t\t\ttitle=\"Traves\u00eda Espi\u00f1eiro 1, 37, Teis, 36207 A Lagoa, Pontevedra\"\n\t\t\t\t\taria-label=\"Traves\u00eda Espi\u00f1eiro 1, 37, Teis, 36207 A Lagoa, Pontevedra\"\n\t\t\t><\/iframe>\n\t\t<\/div>\n\t\t\t\t<\/div>\n\t\t\t\t<\/div>\n\t\t\t\t<\/div>\n\t\t<div class=\"elementor-element elementor-element-70c27be4 e-flex e-con-boxed e-con e-child\" data-id=\"70c27be4\" data-element_type=\"container\" data-settings=\"{&quot;background_background&quot;:&quot;classic&quot;}\">\n\t\t\t\t\t<div class=\"e-con-inner\">\n\t\t<div class=\"elementor-element elementor-element-7f5473fa e-con-full e-flex e-con e-child\" data-id=\"7f5473fa\" data-element_type=\"container\">\n\t\t<div class=\"elementor-element elementor-element-7e17eaa9 e-flex e-con-boxed e-con e-child\" data-id=\"7e17eaa9\" data-element_type=\"container\">\n\t\t\t\t\t<div class=\"e-con-inner\">\n\t\t\t\t<div class=\"elementor-element elementor-element-60682aef elementor-widget elementor-widget-heading\" data-id=\"60682aef\" data-element_type=\"widget\" data-widget_type=\"heading.default\">\n\t\t\t\t<div class=\"elementor-widget-container\">\n\t\t\t<h5 class=\"elementor-heading-title elementor-size-default\">CONTACTO<\/h5>\t\t<\/div>\n\t\t\t\t<\/div>\n\t\t\t\t<div class=\"elementor-element elementor-element-6ccff44b elementor-widget-divider--view-line elementor-widget elementor-widget-divider\" data-id=\"6ccff44b\" data-element_type=\"widget\" data-widget_type=\"divider.default\">\n\t\t\t\t<div class=\"elementor-widget-container\">\n\t\t\t\t\t<div class=\"elementor-divider\">\n\t\t\t<span class=\"elementor-divider-separator\">\n\t\t\t\t\t\t<\/span>\n\t\t<\/div>\n\t\t\t\t<\/div>\n\t\t\t\t<\/div>\n\t\t\t\t\t<\/div>\n\t\t\t\t<\/div>\n\t\t\t\t<div class=\"elementor-element elementor-element-4f3595a4 elementor-list-item-link-inline elementor-icon-list--layout-traditional elementor-widget elementor-widget-icon-list\" data-id=\"4f3595a4\" data-element_type=\"widget\" data-widget_type=\"icon-list.default\">\n\t\t\t\t<div class=\"elementor-widget-container\">\n\t\t\t\t\t<ul class=\"elementor-icon-list-items\">\n\t\t\t\t\t\t\t<li class=\"elementor-icon-list-item\">\n\t\t\t\t\t\t\t\t\t\t\t<span class=\"elementor-icon-list-icon\">\n\t\t\t\t\t\t\t<svg aria-hidden=\"true\" class=\"e-font-icon-svg e-fas-map-pin\" viewbox=\"0 0 288 512\" xmlns=\"http:\/\/www.w3.org\/2000\/svg\"><path d=\"M112 316.94v156.69l22.02 33.02c4.75 7.12 15.22 7.12 19.97 0L176 473.63V316.94c-10.39 1.92-21.06 3.06-32 3.06s-21.61-1.14-32-3.06zM144 0C64.47 0 0 64.47 0 144s64.47 144 144 144 144-64.47 144-144S223.53 0 144 0zm0 76c-37.5 0-68 30.5-68 68 0 6.62-5.38 12-12 12s-12-5.38-12-12c0-50.73 41.28-92 92-92 6.62 0 12 5.38 12 12s-5.38 12-12 12z\"><\/path><\/svg>\t\t\t\t\t\t<\/span>\n\t\t\t\t\t\t\t\t\t\t<span class=\"elementor-icon-list-text\">Traves\u00eda Espi\u00f1eiro 1, 37, Teis, 36207 A Lagoa, Pontevedra<\/span>\n\t\t\t\t\t\t\t\t\t<\/li>\n\t\t\t\t\t\t\t\t<li class=\"elementor-icon-list-item\">\n\t\t\t\t\t\t\t\t\t\t\t<span class=\"elementor-icon-list-icon\">\n\t\t\t\t\t\t\t<svg aria-hidden=\"true\" class=\"e-font-icon-svg e-fas-phone-alt\" viewbox=\"0 0 512 512\" xmlns=\"http:\/\/www.w3.org\/2000\/svg\"><path d=\"M497.39 361.8l-112-48a24 24 0 0 0-28 6.9l-49.6 60.6A370.66 370.66 0 0 1 130.6 204.11l60.6-49.6a23.94 23.94 0 0 0 6.9-28l-48-112A24.16 24.16 0 0 0 122.6.61l-104 24A24 24 0 0 0 0 48c0 256.5 207.9 464 464 464a24 24 0 0 0 23.4-18.6l24-104a24.29 24.29 0 0 0-14.01-27.6z\"><\/path><\/svg>\t\t\t\t\t\t<\/span>\n\t\t\t\t\t\t\t\t\t\t<span class=\"elementor-icon-list-text\">986 279 282<\/span>\n\t\t\t\t\t\t\t\t\t<\/li>\n\t\t\t\t\t\t\t\t<li class=\"elementor-icon-list-item\">\n\t\t\t\t\t\t\t\t\t\t\t<span class=\"elementor-icon-list-icon\">\n\t\t\t\t\t\t\t<svg aria-hidden=\"true\" class=\"e-font-icon-svg e-fas-envelope\" viewbox=\"0 0 512 512\" xmlns=\"http:\/\/www.w3.org\/2000\/svg\"><path d=\"M502.3 190.8c3.9-3.1 9.7-.2 9.7 4.7V400c0 26.5-21.5 48-48 48H48c-26.5 0-48-21.5-48-48V195.6c0-5 5.7-7.8 9.7-4.7 22.4 17.4 52.1 39.5 154.1 113.6 21.1 15.4 56.7 47.8 92.2 47.6 35.7.3 72-32.8 92.3-47.6 102-74.1 131.6-96.3 154-113.7zM256 320c23.2.4 56.6-29.2 73.4-41.4 132.7-96.3 142.8-104.7 173.4-128.7 5.8-4.5 9.2-11.5 9.2-18.9v-19c0-26.5-21.5-48-48-48H48C21.5 64 0 85.5 0 112v19c0 7.4 3.4 14.3 9.2 18.9 30.6 23.9 40.7 32.4 173.4 128.7 16.8 12.2 50.2 41.8 73.4 41.4z\"><\/path><\/svg>\t\t\t\t\t\t<\/span>\n\t\t\t\t\t\t\t\t\t\t<span class=\"elementor-icon-list-text\">regenasa@regenasa.com<\/span>\n\t\t\t\t\t\t\t\t\t<\/li>\n\t\t\t\t\t\t\t\t<li class=\"elementor-icon-list-item\">\n\t\t\t\t\t\t\t\t\t\t\t<a href=\"https:\/\/regenasa.com\" target=\"_blank\">\n\n\t\t\t\t\t\t\t\t\t\t\t\t<span class=\"elementor-icon-list-icon\">\n\t\t\t\t\t\t\t<svg aria-hidden=\"true\" class=\"e-font-icon-svg e-fas-link\" viewbox=\"0 0 512 512\" xmlns=\"http:\/\/www.w3.org\/2000\/svg\"><path d=\"M326.612 185.391c59.747 59.809 58.927 155.698.36 214.59-.11.12-.24.25-.36.37l-67.2 67.2c-59.27 59.27-155.699 59.262-214.96 0-59.27-59.26-59.27-155.7 0-214.96l37.106-37.106c9.84-9.84 26.786-3.3 27.294 10.606.648 17.722 3.826 35.527 9.69 52.721 1.986 5.822.567 12.262-3.783 16.612l-13.087 13.087c-28.026 28.026-28.905 73.66-1.155 101.96 28.024 28.579 74.086 28.749 102.325.51l67.2-67.19c28.191-28.191 28.073-73.757 0-101.83-3.701-3.694-7.429-6.564-10.341-8.569a16.037 16.037 0 0 1-6.947-12.606c-.396-10.567 3.348-21.456 11.698-29.806l21.054-21.055c5.521-5.521 14.182-6.199 20.584-1.731a152.482 152.482 0 0 1 20.522 17.197zM467.547 44.449c-59.261-59.262-155.69-59.27-214.96 0l-67.2 67.2c-.12.12-.25.25-.36.37-58.566 58.892-59.387 154.781.36 214.59a152.454 152.454 0 0 0 20.521 17.196c6.402 4.468 15.064 3.789 20.584-1.731l21.054-21.055c8.35-8.35 12.094-19.239 11.698-29.806a16.037 16.037 0 0 0-6.947-12.606c-2.912-2.005-6.64-4.875-10.341-8.569-28.073-28.073-28.191-73.639 0-101.83l67.2-67.19c28.239-28.239 74.3-28.069 102.325.51 27.75 28.3 26.872 73.934-1.155 101.96l-13.087 13.087c-4.35 4.35-5.769 10.79-3.783 16.612 5.864 17.194 9.042 34.999 9.69 52.721.509 13.906 17.454 20.446 27.294 10.606l37.106-37.106c59.271-59.259 59.271-155.699.001-214.959z\"><\/path><\/svg>\t\t\t\t\t\t<\/span>\n\t\t\t\t\t\t\t\t\t\t<span class=\"elementor-icon-list-text\">www.regenasa.com<\/span>\n\t\t\t\t\t\t\t\t\t\t\t<\/a>\n\t\t\t\t\t\t\t\t\t<\/li>\n\t\t\t\t\t\t<\/ul>\n\t\t\t\t<\/div>\n\t\t\t\t<\/div>\n\t\t\t\t<\/div>\n\t\t\t\t\t<\/div>\n\t\t\t\t<\/div>\n\t\t\t\t<\/div>\n\t\t\t\t<\/div>\n\t\t\t\t\t<\/div>\n\t\t\t\t<\/div>\n\t\t\t\t<\/div>","protected":false},"excerpt":{"rendered":"<p>Regenasa (Reparaciones Generales Navales S.A.U.) Habilitaci\u00f3n REGENASA fue fundada hace m\u00e1s de 35 a\u00f1os por Salvador Gonz\u00e1lez Rodr\u00edguez, actual presidente. [&hellip;]<\/p>","protected":false},"author":1,"featured_media":4380,"parent":60,"menu_order":0,"comment_status":"closed","ping_status":"closed","template":"","meta":{"site-sidebar-layout":"no-sidebar","site-content-layout":"","ast-site-content-layout":"full-width-container","site-content-style":"default","site-sidebar-style":"default","ast-global-header-display":"","ast-banner-title-visibility":"","ast-main-header-display":"","ast-hfb-above-header-display":"","ast-hfb-below-header-display":"","ast-hfb-mobile-header-display":"","site-post-title":"disabled","ast-breadcrumbs-content":"","ast-featured-img":"disabled","footer-sml-layout":"","theme-transparent-header-meta":"","adv-header-id-meta":"","stick-header-meta":"","header-above-stick-meta":"","header-main-stick-meta":"","header-below-stick-meta":"","astra-migrate-meta-layouts":"default","ast-page-background-enabled":"default","ast-page-background-meta":{"desktop":{"background-color":"var(--ast-global-color-4)","background-image":"","background-repeat":"repeat","background-position":"center center","background-size":"auto","background-attachment":"scroll","background-type":"","background-media":"","overlay-type":"","overlay-color":"","overlay-opacity":"","overlay-gradient":""},"tablet":{"background-color":"","background-image":"","background-repeat":"repeat","background-position":"center center","background-size":"auto","background-attachment":"scroll","background-type":"","background-media":"","overlay-type":"","overlay-color":"","overlay-opacity":"","overlay-gradient":""},"mobile":{"background-color":"","background-image":"","background-repeat":"repeat","background-position":"center center","background-size":"auto","background-attachment":"scroll","background-type":"","background-media":"","overlay-type":"","overlay-color":"","overlay-opacity":"","overlay-gradient":""}},"ast-content-background-meta":{"desktop":{"background-color":"var(--ast-global-color-5)","background-image":"","background-repeat":"repeat","background-position":"center center","background-size":"auto","background-attachment":"scroll","background-type":"","background-media":"","overlay-type":"","overlay-color":"","overlay-opacity":"","overlay-gradient":""},"tablet":{"background-color":"var(--ast-global-color-5)","background-image":"","background-repeat":"repeat","background-position":"center center","background-size":"auto","background-attachment":"scroll","background-type":"","background-media":"","overlay-type":"","overlay-color":"","overlay-opacity":"","overlay-gradient":""},"mobile":{"background-color":"var(--ast-global-color-5)","background-image":"","background-repeat":"repeat","background-position":"center center","background-size":"auto","background-attachment":"scroll","background-type":"","background-media":"","overlay-type":"","overlay-color":"","overlay-opacity":"","overlay-gradient":""}},"footnotes":""},"actividad":[84],"provincia":[86],"class_list":["post-4378","page","type-page","status-publish","has-post-thumbnail","hentry","actividad-habilitacion","provincia-pontevedra"],"_links":{"self":[{"href":"https:\/\/aclunaga.es\/gl\/wp-json\/wp\/v2\/pages\/4378","targetHints":{"allow":["GET"]}}],"collection":[{"href":"https:\/\/aclunaga.es\/gl\/wp-json\/wp\/v2\/pages"}],"about":[{"href":"https:\/\/aclunaga.es\/gl\/wp-json\/wp\/v2\/types\/page"}],"author":[{"embeddable":true,"href":"https:\/\/aclunaga.es\/gl\/wp-json\/wp\/v2\/users\/1"}],"replies":[{"embeddable":true,"href":"https:\/\/aclunaga.es\/gl\/wp-json\/wp\/v2\/comments?post=4378"}],"version-history":[{"count":13,"href":"https:\/\/aclunaga.es\/gl\/wp-json\/wp\/v2\/pages\/4378\/revisions"}],"predecessor-version":[{"id":14541,"href":"https:\/\/aclunaga.es\/gl\/wp-json\/wp\/v2\/pages\/4378\/revisions\/14541"}],"up":[{"embeddable":true,"href":"https:\/\/aclunaga.es\/gl\/wp-json\/wp\/v2\/pages\/60"}],"wp:featuredmedia":[{"embeddable":true,"href":"https:\/\/aclunaga.es\/gl\/wp-json\/wp\/v2\/media\/4380"}],"wp:attachment":[{"href":"https:\/\/aclunaga.es\/gl\/wp-json\/wp\/v2\/media?parent=4378"}],"wp:term":[{"taxonomy":"actividad","embeddable":true,"href":"https:\/\/aclunaga.es\/gl\/wp-json\/wp\/v2\/actividad?post=4378"},{"taxonomy":"provincia","embeddable":true,"href":"https:\/\/aclunaga.es\/gl\/wp-json\/wp\/v2\/provincia?post=4378"}],"curies":[{"name":"wp","href":"https:\/\/api.w.org\/{rel}","templated":true}]}}