{"id":3,"date":"2024-05-07T08:35:46","date_gmt":"2024-05-07T08:35:46","guid":{"rendered":"https:\/\/aclunaga.es\/?page_id=3"},"modified":"2024-11-20T10:02:36","modified_gmt":"2024-11-20T10:02:36","slug":"politica-privacidad","status":"publish","type":"page","link":"https:\/\/aclunaga.es\/gl\/politica-privacidad\/","title":{"rendered":"Pol\u00edtica de Privacidad"},"content":{"rendered":"<div data-elementor-type=\"wp-page\" data-elementor-id=\"3\" class=\"elementor elementor-3\">\n\t\t\t\t<div class=\"elementor-element elementor-element-1d6d676f e-flex e-con-boxed e-con e-parent\" data-id=\"1d6d676f\" data-element_type=\"container\" data-settings=\"{&quot;background_background&quot;:&quot;classic&quot;}\">\n\t\t\t\t\t<div class=\"e-con-inner\">\n\t\t<div class=\"elementor-element elementor-element-30261da7 e-con-full e-flex e-con e-child\" data-id=\"30261da7\" data-element_type=\"container\">\n\t\t<div class=\"elementor-element elementor-element-2461bf19 e-grid e-con-boxed e-con e-child\" data-id=\"2461bf19\" data-element_type=\"container\">\n\t\t\t\t\t<div class=\"e-con-inner\">\n\t\t\t\t<div class=\"elementor-element elementor-element-23722870 elementor-widget elementor-widget-heading\" data-id=\"23722870\" data-element_type=\"widget\" data-widget_type=\"heading.default\">\n\t\t\t\t<div class=\"elementor-widget-container\">\n\t\t\t<h2 class=\"elementor-heading-title elementor-size-default\">Pol\u00edtica de privacidade<\/h2>\t\t<\/div>\n\t\t\t\t<\/div>\n\t\t\t\t\t<\/div>\n\t\t\t\t<\/div>\n\t\t\t\t<\/div>\n\t\t\t\t\t<\/div>\n\t\t\t\t<\/div>\n\t\t<div class=\"elementor-element elementor-element-da9a771 e-flex e-con-boxed e-con e-parent\" data-id=\"da9a771\" data-element_type=\"container\">\n\t\t\t\t\t<div class=\"e-con-inner\">\n\t\t<div class=\"elementor-element elementor-element-e023fd6 e-flex e-con-boxed e-con e-child\" data-id=\"e023fd6\" data-element_type=\"container\">\n\t\t\t\t\t<div class=\"e-con-inner\">\n\t\t\t\t<div class=\"elementor-element elementor-element-00e2687 elementor-widget elementor-widget-text-editor\" data-id=\"00e2687\" data-element_type=\"widget\" data-widget_type=\"text-editor.default\">\n\t\t\t\t<div class=\"elementor-widget-container\">\n\t\t\t\t\t\t\t<p>A presente Pol\u00edtica de Privacidade establece os termos en que ACLUNAGA usa e protexe a informaci\u00f3n que \u00e9 proporcionada polos usuarios cando empregan o sitio web. Esta compa\u00f1\u00eda est\u00e1 comprometida coa seguridade dos datos dos seus usuarios. Cando lle pedimos cubrir os campos de informaci\u00f3n persoal coa cal vostede poida ser identificado, fac\u00e9molo asegurando que s\u00f3 se emplear\u00e1 de acordo cos termos deste documento. Sen embargo, esta Pol\u00edtica de Privacidade pode cambiar co tempo ou ser actualizada polo que lle recomendamos e enfatizamos revisar continuamente esta p\u00e1xina para asegurarse que est\u00e1 de acordo con ditos cambios.<\/p>\t\t\t\t\t\t<\/div>\n\t\t\t\t<\/div>\n\t\t\t\t<div class=\"elementor-element elementor-element-27c5788 elementor-widget elementor-widget-text-editor\" data-id=\"27c5788\" data-element_type=\"widget\" data-widget_type=\"text-editor.default\">\n\t\t\t\t<div class=\"elementor-widget-container\">\n\t\t\t\t\t\t\t<p>Informaci\u00f3n recollida<\/p>\t\t\t\t\t\t<\/div>\n\t\t\t\t<\/div>\n\t\t\t\t<div class=\"elementor-element elementor-element-f457990 elementor-widget elementor-widget-text-editor\" data-id=\"f457990\" data-element_type=\"widget\" data-widget_type=\"text-editor.default\">\n\t\t\t\t<div class=\"elementor-widget-container\">\n\t\t\t\t\t\t\t<p style=\"padding-left: 40px;\">O noso sitio web poder\u00e1 recoller informaci\u00f3n persoal como, por exemplo: nome, informaci\u00f3n de contacto como o seu enderezo de correo electr\u00f3nico e informaci\u00f3n demogr\u00e1fica. As\u00ed mesmo, cando sexa necesario, poder\u00e1 requirirse informaci\u00f3n espec\u00edfica para procesar alg\u00fan pedido ou realizar unha entrega ou facturaci\u00f3n.<\/p>\t\t\t\t\t\t<\/div>\n\t\t\t\t<\/div>\n\t\t\t\t<div class=\"elementor-element elementor-element-f1a1f03 elementor-widget elementor-widget-text-editor\" data-id=\"f1a1f03\" data-element_type=\"widget\" data-widget_type=\"text-editor.default\">\n\t\t\t\t<div class=\"elementor-widget-container\">\n\t\t\t\t\t\t\t<p>Uso da informaci\u00f3n recollida<\/p>\t\t\t\t\t\t<\/div>\n\t\t\t\t<\/div>\n\t\t\t\t<div class=\"elementor-element elementor-element-b5947e7 elementor-widget elementor-widget-text-editor\" data-id=\"b5947e7\" data-element_type=\"widget\" data-widget_type=\"text-editor.default\">\n\t\t\t\t<div class=\"elementor-widget-container\">\n\t\t\t\t\t\t\t<p style=\"padding-left: 40px;\">O noso sitio web emprega a informaci\u00f3n co fin de ofrecer o mellor servizo posible, particularmente para manter un rexistro de usuarios, pedidos, no caso de que sexa aplicable, e mellorar os nosos produtos e servizos. \u00c9 posible que se env\u00eden correos electr\u00f3nicos peri\u00f3dicos a trav\u00e9s do noso sitio con ofertas especiais, novos produtos e outra informaci\u00f3n publicitaria que consideremos relevante para vostede ou que poida proporcionarlle alg\u00fan beneficio. Estes correos electr\u00f3nicos enviaranse ao enderezo que vostede proporcione e poder\u00e1n ser cancelados en calquera momento.<\/p>\n<p style=\"padding-left: 40px;\">ACLUNAGA est\u00e1 altamente comprometida a cumprir co compromiso de manter a s\u00faa informaci\u00f3n segura. Usamos os sistemas m\u00e1is avanzados e actualiz\u00e1molos constantemente para garantir que non exista ning\u00fan acceso non autorizado.<\/p>\t\t\t\t\t\t<\/div>\n\t\t\t\t<\/div>\n\t\t\t\t<div class=\"elementor-element elementor-element-052690c elementor-widget elementor-widget-text-editor\" data-id=\"052690c\" data-element_type=\"widget\" data-widget_type=\"text-editor.default\">\n\t\t\t\t<div class=\"elementor-widget-container\">\n\t\t\t\t\t\t\t<p>Cookies<\/p>\t\t\t\t\t\t<\/div>\n\t\t\t\t<\/div>\n\t\t\t\t<div class=\"elementor-element elementor-element-07729b0 elementor-widget elementor-widget-text-editor\" data-id=\"07729b0\" data-element_type=\"widget\" data-widget_type=\"text-editor.default\">\n\t\t\t\t<div class=\"elementor-widget-container\">\n\t\t\t\t\t\t\t<p style=\"padding-left: 40px;\">Unha cookie ref\u00edrese a un ficheiro que se env\u00eda co prop\u00f3sito de solicitar permiso para almacenarse no seu ordenador. Ao aceptar ese ficheiro, cr\u00e9ase a cookie, que serve para obter informaci\u00f3n sobre o tr\u00e1fico web e tam\u00e9n para facilitar as futuras visitas a unha web recorrente. Outra funci\u00f3n das cookies \u00e9 que permiten que as webs o reco\u00f1ezan individualmente e, polo tanto, lle ofrezan o mellor servizo personalizado do seu sitio.<\/p>\n<p style=\"padding-left: 40px;\">O noso sitio web emprega cookies para identificar que p\u00e1xinas son visitadas e con que frecuencia. Esta informaci\u00f3n util\u00edzase unicamente para an\u00e1lise estat\u00edstica e elim\u00ednase de forma permanente despois. Pode eliminar as cookies do seu ordenador en calquera momento. Non obstante, as cookies axudan a proporcionar un mellor servizo nos sitios web; estas non dan acceso a informaci\u00f3n do seu ordenador nin sobre vostede, a menos que vostede decida compartila directamente. Pode aceptar ou rexeitar o uso de cookies, pero a maior\u00eda dos navegadores aceptan cookies automaticamente xa que melloran o servizo web. Tam\u00e9n pode cambiar a configuraci\u00f3n do seu ordenador para rexeitar as cookies. Se as rexeita, \u00e9 posible que non poida utilizar alg\u00fans dos nosos servizos.<\/p>\t\t\t\t\t\t<\/div>\n\t\t\t\t<\/div>\n\t\t\t\t<div class=\"elementor-element elementor-element-ee3a56c elementor-widget elementor-widget-text-editor\" data-id=\"ee3a56c\" data-element_type=\"widget\" data-widget_type=\"text-editor.default\">\n\t\t\t\t<div class=\"elementor-widget-container\">\n\t\t\t\t\t\t\t<p>Enlaces a terceiros<\/p>\t\t\t\t\t\t<\/div>\n\t\t\t\t<\/div>\n\t\t\t\t<div class=\"elementor-element elementor-element-6867a7a elementor-widget elementor-widget-text-editor\" data-id=\"6867a7a\" data-element_type=\"widget\" data-widget_type=\"text-editor.default\">\n\t\t\t\t<div class=\"elementor-widget-container\">\n\t\t\t\t\t\t\t<p style=\"padding-left: 40px;\">Este sitio web pode conter ligaz\u00f3ns a outros sitios que poder\u00edan ser do seu interese. Unha vez que faga clic nestas ligaz\u00f3ns e abandone a nosa p\u00e1xina, xa non temos control sobre o sitio ao que \u00e9 redirixido e, polo tanto, non somos responsables dos termos, da privacidade nin da protecci\u00f3n dos seus datos neses outros sitios de terceiros. Tales sitios est\u00e1n suxeitos \u00e1s s\u00faas propias pol\u00edticas de privacidade, polo que se recomenda revisalas para confirmar que est\u00e1 de acordo con estas.<\/p>\t\t\t\t\t\t<\/div>\n\t\t\t\t<\/div>\n\t\t\t\t<div class=\"elementor-element elementor-element-d3d6da5 elementor-widget elementor-widget-text-editor\" data-id=\"d3d6da5\" data-element_type=\"widget\" data-widget_type=\"text-editor.default\">\n\t\t\t\t<div class=\"elementor-widget-container\">\n\t\t\t\t\t\t\t<p>Control da s\u00faa informaci\u00f3n persoal<\/p>\t\t\t\t\t\t<\/div>\n\t\t\t\t<\/div>\n\t\t\t\t<div class=\"elementor-element elementor-element-071611e elementor-widget elementor-widget-text-editor\" data-id=\"071611e\" data-element_type=\"widget\" data-widget_type=\"text-editor.default\">\n\t\t\t\t<div class=\"elementor-widget-container\">\n\t\t\t\t\t\t\t<p style=\"padding-left: 40px;\">En calquera momento, pode restrinxir a recollida ou o uso da informaci\u00f3n persoal que \u00e9 proporcionada ao noso sitio web. Sempre que se lle solicite cubrir un formulario, como o de alta de usuario, pode marcar ou desmarcar a opci\u00f3n de recibir informaci\u00f3n por correo electr\u00f3nico. No caso de que te\u00f1a marcado a opci\u00f3n de recibir o noso bolet\u00edn ou publicidade, pode cancelala en calquera momento.<\/p>\n<p style=\"padding-left: 40px;\">Esta compa\u00f1\u00eda non vender\u00e1, ceder\u00e1 nin distribuir\u00e1 a informaci\u00f3n persoal recollida sen o seu consentimento, salvo que sexa requirido por un xu\u00edz cunha orde xudicial.<\/p>\n<p style=\"padding-left: 40px;\">ACLUNAGA res\u00e9rvase o dereito de cambiar os termos da presente Pol\u00edtica de Privacidade en calquera momento.<\/p>\t\t\t\t\t\t<\/div>\n\t\t\t\t<\/div>\n\t\t\t\t\t<\/div>\n\t\t\t\t<\/div>\n\t\t\t\t\t<\/div>\n\t\t\t\t<\/div>\n\t\t\t\t<\/div>","protected":false},"excerpt":{"rendered":"<p>Pol\u00edtica de privacidad La presente Pol\u00edtica de Privacidad establece los t\u00e9rminos en que ACLUNAGA usa y protege la informaci\u00f3n que [&hellip;]<\/p>","protected":false},"author":1,"featured_media":0,"parent":0,"menu_order":5,"comment_status":"closed","ping_status":"closed","template":"","meta":{"site-sidebar-layout":"default","site-content-layout":"","ast-site-content-layout":"","site-content-style":"default","site-sidebar-style":"default","ast-global-header-display":"","ast-banner-title-visibility":"","ast-main-header-display":"","ast-hfb-above-header-display":"","ast-hfb-below-header-display":"","ast-hfb-mobile-header-display":"","site-post-title":"","ast-breadcrumbs-content":"","ast-featured-img":"","footer-sml-layout":"","theme-transparent-header-meta":"","adv-header-id-meta":"","stick-header-meta":"","header-above-stick-meta":"","header-main-stick-meta":"","header-below-stick-meta":"","astra-migrate-meta-layouts":"default","ast-page-background-enabled":"default","ast-page-background-meta":{"desktop":{"background-color":"var(--ast-global-color-4)","background-image":"","background-repeat":"repeat","background-position":"center center","background-size":"auto","background-attachment":"scroll","background-type":"","background-media":"","overlay-type":"","overlay-color":"","overlay-opacity":"","overlay-gradient":""},"tablet":{"background-color":"","background-image":"","background-repeat":"repeat","background-position":"center center","background-size":"auto","background-attachment":"scroll","background-type":"","background-media":"","overlay-type":"","overlay-color":"","overlay-opacity":"","overlay-gradient":""},"mobile":{"background-color":"","background-image":"","background-repeat":"repeat","background-position":"center center","background-size":"auto","background-attachment":"scroll","background-type":"","background-media":"","overlay-type":"","overlay-color":"","overlay-opacity":"","overlay-gradient":""}},"ast-content-background-meta":{"desktop":{"background-color":"var(--ast-global-color-5)","background-image":"","background-repeat":"repeat","background-position":"center center","background-size":"auto","background-attachment":"scroll","background-type":"","background-media":"","overlay-type":"","overlay-color":"","overlay-opacity":"","overlay-gradient":""},"tablet":{"background-color":"var(--ast-global-color-5)","background-image":"","background-repeat":"repeat","background-position":"center center","background-size":"auto","background-attachment":"scroll","background-type":"","background-media":"","overlay-type":"","overlay-color":"","overlay-opacity":"","overlay-gradient":""},"mobile":{"background-color":"var(--ast-global-color-5)","background-image":"","background-repeat":"repeat","background-position":"center center","background-size":"auto","background-attachment":"scroll","background-type":"","background-media":"","overlay-type":"","overlay-color":"","overlay-opacity":"","overlay-gradient":""}},"footnotes":""},"actividad":[],"provincia":[],"class_list":["post-3","page","type-page","status-publish","hentry"],"_links":{"self":[{"href":"https:\/\/aclunaga.es\/gl\/wp-json\/wp\/v2\/pages\/3","targetHints":{"allow":["GET"]}}],"collection":[{"href":"https:\/\/aclunaga.es\/gl\/wp-json\/wp\/v2\/pages"}],"about":[{"href":"https:\/\/aclunaga.es\/gl\/wp-json\/wp\/v2\/types\/page"}],"author":[{"embeddable":true,"href":"https:\/\/aclunaga.es\/gl\/wp-json\/wp\/v2\/users\/1"}],"replies":[{"embeddable":true,"href":"https:\/\/aclunaga.es\/gl\/wp-json\/wp\/v2\/comments?post=3"}],"version-history":[{"count":12,"href":"https:\/\/aclunaga.es\/gl\/wp-json\/wp\/v2\/pages\/3\/revisions"}],"predecessor-version":[{"id":11887,"href":"https:\/\/aclunaga.es\/gl\/wp-json\/wp\/v2\/pages\/3\/revisions\/11887"}],"wp:attachment":[{"href":"https:\/\/aclunaga.es\/gl\/wp-json\/wp\/v2\/media?parent=3"}],"wp:term":[{"taxonomy":"actividad","embeddable":true,"href":"https:\/\/aclunaga.es\/gl\/wp-json\/wp\/v2\/actividad?post=3"},{"taxonomy":"provincia","embeddable":true,"href":"https:\/\/aclunaga.es\/gl\/wp-json\/wp\/v2\/provincia?post=3"}],"curies":[{"name":"wp","href":"https:\/\/api.w.org\/{rel}","templated":true}]}}