{"id":1481,"date":"2024-06-12T08:20:24","date_gmt":"2024-06-12T08:20:24","guid":{"rendered":"https:\/\/aclunaga.es\/?page_id=1481"},"modified":"2024-11-20T10:05:58","modified_gmt":"2024-11-20T10:05:58","slug":"aviso-legal","status":"publish","type":"page","link":"https:\/\/aclunaga.es\/gl\/aviso-legal\/","title":{"rendered":"Aviso Legal"},"content":{"rendered":"<div data-elementor-type=\"wp-page\" data-elementor-id=\"1481\" class=\"elementor elementor-1481\">\n\t\t\t\t<div class=\"elementor-element elementor-element-d6deca e-flex e-con-boxed e-con e-parent\" data-id=\"d6deca\" data-element_type=\"container\" data-settings=\"{&quot;background_background&quot;:&quot;classic&quot;}\">\n\t\t\t\t\t<div class=\"e-con-inner\">\n\t\t<div class=\"elementor-element elementor-element-4f0bde01 e-con-full e-flex e-con e-child\" data-id=\"4f0bde01\" data-element_type=\"container\">\n\t\t<div class=\"elementor-element elementor-element-4a2e49cf e-grid e-con-boxed e-con e-child\" data-id=\"4a2e49cf\" data-element_type=\"container\">\n\t\t\t\t\t<div class=\"e-con-inner\">\n\t\t\t\t<div class=\"elementor-element elementor-element-1d0ffac1 elementor-widget elementor-widget-heading\" data-id=\"1d0ffac1\" data-element_type=\"widget\" data-widget_type=\"heading.default\">\n\t\t\t\t<div class=\"elementor-widget-container\">\n\t\t\t<h2 class=\"elementor-heading-title elementor-size-default\">Aviso Legal<\/h2>\t\t<\/div>\n\t\t\t\t<\/div>\n\t\t\t\t\t<\/div>\n\t\t\t\t<\/div>\n\t\t\t\t<\/div>\n\t\t\t\t\t<\/div>\n\t\t\t\t<\/div>\n\t\t<div class=\"elementor-element elementor-element-92aa644 e-flex e-con-boxed e-con e-parent\" data-id=\"92aa644\" data-element_type=\"container\">\n\t\t\t\t\t<div class=\"e-con-inner\">\n\t\t<div class=\"elementor-element elementor-element-673f8ae e-flex e-con-boxed e-con e-child\" data-id=\"673f8ae\" data-element_type=\"container\">\n\t\t\t\t\t<div class=\"e-con-inner\">\n\t\t\t\t<div class=\"elementor-element elementor-element-5bfdd75 elementor-widget elementor-widget-text-editor\" data-id=\"5bfdd75\" data-element_type=\"widget\" data-widget_type=\"text-editor.default\">\n\t\t\t\t<div class=\"elementor-widget-container\">\n\t\t\t\t\t\t\t<p>1. DATOS IDENTIFICATIVOS<\/p>\t\t\t\t\t\t<\/div>\n\t\t\t\t<\/div>\n\t\t\t\t<div class=\"elementor-element elementor-element-10a4645 elementor-widget elementor-widget-text-editor\" data-id=\"10a4645\" data-element_type=\"widget\" data-widget_type=\"text-editor.default\">\n\t\t\t\t<div class=\"elementor-widget-container\">\n\t\t\t\t\t\t\t<p style=\"padding-left: 40px;\">En cumprimento co deber de informaci\u00f3n recollido no artigo 10 da Lei 34\/2002, do 11 de xullo, de Servizos da Sociedade da Informaci\u00f3n e do Comercio Electr\u00f3nico, a continuaci\u00f3n refl\u00edctense os seguintes datos: A entidade titular do dominio web \u00e9 ASOCIACI\u00d3N CL\u00daSTER DEL NAVAL GALLEGO (en adiante ACLUNAGA), con domicilio a efectos de notificaci\u00f3n en Praza de Compostela n\u00ba19, 3\u00ba esquerda, 36201 Vigo, Pontevedra, Espa\u00f1a. Con C.I.F: G-15710338, inscrita no Rexistro Central de Asociaci\u00f3ns da Xunta de Galicia o 17 de xu\u00f1o de 2016, con n\u00famero de rexistro 2016\/020464-1\u00aa. O correo electr\u00f3nico do sitio web \u00e9 aclunaga@aclunaga.es.<\/p>\t\t\t\t\t\t<\/div>\n\t\t\t\t<\/div>\n\t\t\t\t<div class=\"elementor-element elementor-element-9a1895a elementor-widget elementor-widget-text-editor\" data-id=\"9a1895a\" data-element_type=\"widget\" data-widget_type=\"text-editor.default\">\n\t\t\t\t<div class=\"elementor-widget-container\">\n\t\t\t\t\t\t\t<p>2. USUARIOS<\/p>\t\t\t\t\t\t<\/div>\n\t\t\t\t<\/div>\n\t\t\t\t<div class=\"elementor-element elementor-element-8884e20 elementor-widget elementor-widget-text-editor\" data-id=\"8884e20\" data-element_type=\"widget\" data-widget_type=\"text-editor.default\">\n\t\t\t\t<div class=\"elementor-widget-container\">\n\t\t\t\t\t\t\t<p style=\"padding-left: 40px;\">O acceso e\/ou uso deste portal de ACLUNAGA outorga a condici\u00f3n de USUARIO, que acepta, desde dito acceso e\/ou uso, as Condici\u00f3ns Xerais de Uso aqu\u00ed reflectidas. As citadas Condici\u00f3ns ser\u00e1n de aplicaci\u00f3n independentemente das Condici\u00f3ns Xerais de Contrataci\u00f3n que, no seu caso, resulten de cumprimento obrigatorio.<\/p>\t\t\t\t\t\t<\/div>\n\t\t\t\t<\/div>\n\t\t\t\t<div class=\"elementor-element elementor-element-ce7cc5b elementor-widget elementor-widget-text-editor\" data-id=\"ce7cc5b\" data-element_type=\"widget\" data-widget_type=\"text-editor.default\">\n\t\t\t\t<div class=\"elementor-widget-container\">\n\t\t\t\t\t\t\t<p>3. USO DO PORTAL<\/p>\t\t\t\t\t\t<\/div>\n\t\t\t\t<\/div>\n\t\t\t\t<div class=\"elementor-element elementor-element-db078d3 elementor-widget elementor-widget-text-editor\" data-id=\"db078d3\" data-element_type=\"widget\" data-widget_type=\"text-editor.default\">\n\t\t\t\t<div class=\"elementor-widget-container\">\n\t\t\t\t\t\t\t<p style=\"padding-left: 40px;\">www.aclunaga.es proporciona acceso a unha multitude de informaci\u00f3ns, servizos, programas ou datos (en diante, \u201cos Contidos\u201d) en Internet pertencentes a ACLUNAGA ou aos seus licenciantes aos que o USUARIO poida ter acceso. O USUARIO asume a responsabilidade polo uso do portal. Dita responsabilidade ext\u00e9ndese ao rexistro que sexa necesario para acceder a determinados servizos ou contidos. Neste rexistro, o USUARIO ser\u00e1 responsable de proporcionar informaci\u00f3n veraz e l\u00edcita. Como consecuencia deste rexistro, ao USUARIO p\u00f3deselle proporcionar unha contrasinal da que ser\u00e1 responsable, compromet\u00e9ndose a facer un uso coidadoso e confidencial da mesma. O USUARIO comprom\u00e9tese a facer un uso adecuado dos contidos e servizos (como por exemplo servizos de chat, foros de discusi\u00f3n ou grupos de noticias) que ADEAL\u00d3XICA C.B., a empresa creadora do sitio web, ofrece a trav\u00e9s do seu portal e, a t\u00edtulo enunciativo pero non limitativo, a non usalos para (i) realizar actividades il\u00edcitas, ilegais ou contrarias \u00e1 boa fe e ao orde p\u00fablico; (ii) difundir contidos ou propaganda de car\u00e1cter racista, xen\u00f3fobo, pornogr\u00e1fico-ilegal, de apolox\u00eda do terrorismo ou atentatorios contra os dereitos humanos; (iii) provocar danos nos sistemas f\u00edsicos e l\u00f3gicos de ADEAL\u00d3XICA C.B., a empresa creadora do sitio web, dos seus provedores ou de terceiras persoas, introducir ou difundir na rede virus inform\u00e1ticos ou calquera outro sistema f\u00edsico ou l\u00f3xico susceptible de provocar os danos mencionados anteriormente; (iv) intentar acceder e, no seu caso, usar as contas de correo electr\u00f3nico doutros usuarios e modificar ou manipular os seus mensaxes. ADEAL\u00d3XICA C.B., a empresa creadora do sitio web, res\u00e9rvase o dereito de retirar todos aqueles comentarios e achegas que vulneren o respecto \u00e1 dignidade da persoa, que sexan discriminatorios, xen\u00f3fobos, racistas, pornogr\u00e1ficos, que atenten contra a xuventude ou a infancia, o orde ou a seguridade p\u00fablica ou que, \u00e1 s\u00faa xu\u00edzo, non sexan adecuados para a s\u00faa publicaci\u00f3n. En calquera caso, ACLUNAGA non ser\u00e1 responsable das opini\u00f3ns vertidas polos usuarios a trav\u00e9s dos foros, chats ou outras ferramentas de participaci\u00f3n.<\/p>\t\t\t\t\t\t<\/div>\n\t\t\t\t<\/div>\n\t\t\t\t<div class=\"elementor-element elementor-element-b4c4834 elementor-widget elementor-widget-text-editor\" data-id=\"b4c4834\" data-element_type=\"widget\" data-widget_type=\"text-editor.default\">\n\t\t\t\t<div class=\"elementor-widget-container\">\n\t\t\t\t\t\t\t<p>4. PROTECCI\u00d3N DE DATOS<\/p>\t\t\t\t\t\t<\/div>\n\t\t\t\t<\/div>\n\t\t\t\t<div class=\"elementor-element elementor-element-45b64c5 elementor-widget elementor-widget-text-editor\" data-id=\"45b64c5\" data-element_type=\"widget\" data-widget_type=\"text-editor.default\">\n\t\t\t\t<div class=\"elementor-widget-container\">\n\t\t\t\t\t\t\t<p style=\"padding-left: 40px;\">ACLUNAGA cumpre as directrices da Lei Org\u00e1nica 15\/1999 do 13 de decembro de Protecci\u00f3n de Datos de Car\u00e1cter Persoal, o Real Decreto 1720\/2007 do 21 de decembro polo que se aproba o Regulamento de desenvolvemento da Lei Org\u00e1nica e demais normativa vixente en cada momento, e vela por garantir un uso e tratamento correctos dos datos persoais do usuario. Para isto, xunto a cada formulario de recollida de datos de car\u00e1cter persoal, nos servizos que o usuario poida solicitar a aclunaga@aclunaga.es, informarase ao usuario da existencia e aceptaci\u00f3n das condici\u00f3ns particulares do tratamento dos seus datos en cada caso, inform\u00e1ndolle da responsabilidade do ficheiro creado, da direcci\u00f3n do responsable, da posibilidade de exercitar os seus dereitos de acceso, rectificaci\u00f3n, cancelaci\u00f3n ou oposici\u00f3n, a finalidade do tratamento e as comunicaci\u00f3ns de datos a terceiros no seu caso. As\u00ed mesmo, ACLUNAGA informa que d\u00e1 cumprimento \u00e1 Lei 34\/2002 do 11 de xullo, de Servizos da Sociedade da Informaci\u00f3n e do Comercio Electr\u00f3nico e solicitaralle o seu consentimento ao tratamento do seu correo electr\u00f3nico con fins comerciais en cada momento.<\/p>\t\t\t\t\t\t<\/div>\n\t\t\t\t<\/div>\n\t\t\t\t<div class=\"elementor-element elementor-element-4afa657 elementor-widget elementor-widget-text-editor\" data-id=\"4afa657\" data-element_type=\"widget\" data-widget_type=\"text-editor.default\">\n\t\t\t\t<div class=\"elementor-widget-container\">\n\t\t\t\t\t\t\t<p>5. PROPIEDADE INTELECTUAL E INDUSTRIAL<\/p>\t\t\t\t\t\t<\/div>\n\t\t\t\t<\/div>\n\t\t\t\t<div class=\"elementor-element elementor-element-6dfd60c elementor-widget elementor-widget-text-editor\" data-id=\"6dfd60c\" data-element_type=\"widget\" data-widget_type=\"text-editor.default\">\n\t\t\t\t<div class=\"elementor-widget-container\">\n\t\t\t\t\t\t\t<p style=\"padding-left: 40px;\">ACLUNAGA, por si ou como cesionaria, \u00e9 titular de todos os dereitos de propiedade intelectual e industrial da s\u00faa p\u00e1xina web, as\u00ed como dos elementos contidos nela (inclu\u00edndo, sen limitaci\u00f3n, imaxes, son, audio, v\u00eddeo, software ou textos; marcas ou logotipos, combinaci\u00f3ns de cores, estrutura e dese\u00f1o, selecci\u00f3n de materiais usados, programas inform\u00e1ticos necesarios para o seu funcionamento, acceso e uso, etc.), titularidade de ACLUNAGA ou ben dos seus licenciantes. Todos os dereitos reservados. En virtude do disposto nos artigos 8 e 32.1, segundo par\u00e1grafo, da Lei de Propiedade Intelectual, quedan expresamente prohibidas a reproduci\u00f3n, a distribuci\u00f3n e a comunicaci\u00f3n p\u00fablica, inclu\u00edda a s\u00faa modalidade de posta a disposici\u00f3n, da totalidade ou parte dos contidos desta p\u00e1xina web, con fins comerciais, en calquera soporte e por calquera medio t\u00e9cnico, sen a autorizaci\u00f3n de ACLUNAGA. O USUARIO comprom\u00e9tese a respectar os dereitos de Propiedade Intelectual e Industrial titularidade de ACLUNAGA. Poder\u00e1 visualizar os elementos do portal e incluso impr\u00edmelos, copi\u00e1los e almacenalos no disco duro do seu ordenador ou en calquera outro soporte f\u00edsico sempre que sexa, \u00fanica e exclusivamente, para o seu uso persoal e privado. O USUARIO deber\u00e1 absterse de suprimir, alterar, eludir ou manipular calquera dispositivo de protecci\u00f3n ou sistema de seguridade que estivera instalado nas p\u00e1xinas de ACLUNAGA.<\/p>\t\t\t\t\t\t<\/div>\n\t\t\t\t<\/div>\n\t\t\t\t<div class=\"elementor-element elementor-element-23bd6c0 elementor-widget elementor-widget-text-editor\" data-id=\"23bd6c0\" data-element_type=\"widget\" data-widget_type=\"text-editor.default\">\n\t\t\t\t<div class=\"elementor-widget-container\">\n\t\t\t\t\t\t\t<p>6. EXCLUSI\u00d3NS DE GARANT\u00cdAS E RESPONSABILIDADES<\/p>\t\t\t\t\t\t<\/div>\n\t\t\t\t<\/div>\n\t\t\t\t<div class=\"elementor-element elementor-element-d9d8cb2 elementor-widget elementor-widget-text-editor\" data-id=\"d9d8cb2\" data-element_type=\"widget\" data-widget_type=\"text-editor.default\">\n\t\t\t\t<div class=\"elementor-widget-container\">\n\t\t\t\t\t\t\t<p style=\"padding-left: 40px;\">ACLUNAGA non se fai responsable, en ning\u00fan caso, dos danos e prexu\u00edzos de calquera natureza que puideran ocasionar, a t\u00edtulo enunciativo: erros ou omisi\u00f3ns nos contidos, falta de dispo\u00f1ibilidade do portal ou a transmisi\u00f3n de virus ou programas maliciosos ou lesivos nos contidos, a pesar de ter adoptado todas as medidas tecnol\u00f3xicas necesarias para evitalo.<\/p>\t\t\t\t\t\t<\/div>\n\t\t\t\t<\/div>\n\t\t\t\t<div class=\"elementor-element elementor-element-762c511 elementor-widget elementor-widget-text-editor\" data-id=\"762c511\" data-element_type=\"widget\" data-widget_type=\"text-editor.default\">\n\t\t\t\t<div class=\"elementor-widget-container\">\n\t\t\t\t\t\t\t<p>7. MODIFICACI\u00d3NS<\/p>\t\t\t\t\t\t<\/div>\n\t\t\t\t<\/div>\n\t\t\t\t<div class=\"elementor-element elementor-element-a777181 elementor-widget elementor-widget-text-editor\" data-id=\"a777181\" data-element_type=\"widget\" data-widget_type=\"text-editor.default\">\n\t\t\t\t<div class=\"elementor-widget-container\">\n\t\t\t\t\t\t\t<p style=\"padding-left: 40px;\">ACLUNAGA res\u00e9rvase o dereito de realizar modificaci\u00f3ns no seu portal sen previo aviso, podendo cambiar, suprimir ou engadir tanto os contidos e servizos que se ofrezan a trav\u00e9s deste, como a forma en que estes aparezan presentados ou localizados no seu portal.<\/p>\t\t\t\t\t\t<\/div>\n\t\t\t\t<\/div>\n\t\t\t\t<div class=\"elementor-element elementor-element-5012ff0 elementor-widget elementor-widget-text-editor\" data-id=\"5012ff0\" data-element_type=\"widget\" data-widget_type=\"text-editor.default\">\n\t\t\t\t<div class=\"elementor-widget-container\">\n\t\t\t\t\t\t\t<p>9. ENLACES<\/p>\t\t\t\t\t\t<\/div>\n\t\t\t\t<\/div>\n\t\t\t\t<div class=\"elementor-element elementor-element-513ce54 elementor-widget elementor-widget-text-editor\" data-id=\"513ce54\" data-element_type=\"widget\" data-widget_type=\"text-editor.default\">\n\t\t\t\t<div class=\"elementor-widget-container\">\n\t\t\t\t\t\t\t<p style=\"padding-left: 40px;\">No caso de que en www.aclunaga.es se dispo\u00f1an enlaces ou hiperv\u00ednculos a outros sitios de Internet, ACLUNAGA non exercer\u00e1 ning\u00fan tipo de control sobre eses sitios e contidos. En ning\u00fan caso ACLUNAGA asumir\u00e1 responsabilidade algunha polos contidos de calquera enlace pertencente a un sitio web alleo, nin garantir\u00e1 a dispo\u00f1ibilidade t\u00e9cnica, calidade, fiabilidade, exactitude, amplitud, veracidade, validez e constitucionalidade de calquera material ou informaci\u00f3n contida en ning\u00fan deses hiperv\u00ednculos ou outros sitios de Internet. Do mesmo xeito, a inclusi\u00f3n destas conexi\u00f3ns externas non implicar\u00e1 ning\u00fan tipo de asociaci\u00f3n, fusi\u00f3n ou participaci\u00f3n coas entidades conectadas.<\/p>\t\t\t\t\t\t<\/div>\n\t\t\t\t<\/div>\n\t\t\t\t<div class=\"elementor-element elementor-element-2465924 elementor-widget elementor-widget-text-editor\" data-id=\"2465924\" data-element_type=\"widget\" data-widget_type=\"text-editor.default\">\n\t\t\t\t<div class=\"elementor-widget-container\">\n\t\t\t\t\t\t\t<p>9. DEREITO DE EXCLUSI\u00d3N<\/p>\t\t\t\t\t\t<\/div>\n\t\t\t\t<\/div>\n\t\t\t\t<div class=\"elementor-element elementor-element-4c7be67 elementor-widget elementor-widget-text-editor\" data-id=\"4c7be67\" data-element_type=\"widget\" data-widget_type=\"text-editor.default\">\n\t\t\t\t<div class=\"elementor-widget-container\">\n\t\t\t\t\t\t\t<p style=\"padding-left: 40px;\">ACLUNAGA res\u00e9rvase o dereito a denegar ou retirar o acceso ao portal e\/ou aos servizos ofrecidos sen necesidade de preaviso, a instancia propia ou de terceiros, aos usuarios que incumpran as presentes Condici\u00f3ns Xerais de Uso.<\/p>\t\t\t\t\t\t<\/div>\n\t\t\t\t<\/div>\n\t\t\t\t<div class=\"elementor-element elementor-element-2bcc568 elementor-widget elementor-widget-text-editor\" data-id=\"2bcc568\" data-element_type=\"widget\" data-widget_type=\"text-editor.default\">\n\t\t\t\t<div class=\"elementor-widget-container\">\n\t\t\t\t\t\t\t<p>10. XERALIDADES<\/p>\t\t\t\t\t\t<\/div>\n\t\t\t\t<\/div>\n\t\t\t\t<div class=\"elementor-element elementor-element-be907db elementor-widget elementor-widget-text-editor\" data-id=\"be907db\" data-element_type=\"widget\" data-widget_type=\"text-editor.default\">\n\t\t\t\t<div class=\"elementor-widget-container\">\n\t\t\t\t\t\t\t<p style=\"padding-left: 40px;\">ACLUNAGA perseguir\u00e1 o incumprimento destas Condici\u00f3ns, as\u00ed como calquera utilizaci\u00f3n indebida do seu portal, exercendo todas as acci\u00f3ns civ\u00eds e penais que lle poidan corresponder en dereito.<\/p>\t\t\t\t\t\t<\/div>\n\t\t\t\t<\/div>\n\t\t\t\t<div class=\"elementor-element elementor-element-014feb2 elementor-widget elementor-widget-text-editor\" data-id=\"014feb2\" data-element_type=\"widget\" data-widget_type=\"text-editor.default\">\n\t\t\t\t<div class=\"elementor-widget-container\">\n\t\t\t\t\t\t\t<p>11. MODIFICACI\u00d3N NAS PRESENTES CONDICI\u00d3NS E DURACI\u00d3N<\/p>\t\t\t\t\t\t<\/div>\n\t\t\t\t<\/div>\n\t\t\t\t<div class=\"elementor-element elementor-element-09255d6 elementor-widget elementor-widget-text-editor\" data-id=\"09255d6\" data-element_type=\"widget\" data-widget_type=\"text-editor.default\">\n\t\t\t\t<div class=\"elementor-widget-container\">\n\t\t\t\t\t\t\t<p style=\"padding-left: 40px;\">ACLUNAGA poder\u00e1 modificar en calquera momento as condici\u00f3ns aqu\u00ed establecidas, sendo debidamente publicadas tal e como aparecen aqu\u00ed. A vixencia das ditas condici\u00f3ns ir\u00e1 en funci\u00f3n da s\u00faa exposici\u00f3n e estar\u00e1n vixentes ata que sexan modificadas por outras debidamente publicadas.<\/p>\t\t\t\t\t\t<\/div>\n\t\t\t\t<\/div>\n\t\t\t\t<div class=\"elementor-element elementor-element-fda7dbe elementor-widget elementor-widget-text-editor\" data-id=\"fda7dbe\" data-element_type=\"widget\" data-widget_type=\"text-editor.default\">\n\t\t\t\t<div class=\"elementor-widget-container\">\n\t\t\t\t\t\t\t<p>12. LEXISLACI\u00d3N DAS PRESENTES CONDICI\u00d3NS E DURACI\u00d3N<\/p>\t\t\t\t\t\t<\/div>\n\t\t\t\t<\/div>\n\t\t\t\t<div class=\"elementor-element elementor-element-f9b0441 elementor-widget elementor-widget-text-editor\" data-id=\"f9b0441\" data-element_type=\"widget\" data-widget_type=\"text-editor.default\">\n\t\t\t\t<div class=\"elementor-widget-container\">\n\t\t\t\t\t\t\t<p style=\"padding-left: 40px;\">A relaci\u00f3n entre ACLUNAGA e o USUARIO rexerase pola normativa espa\u00f1ola vixente e calquera controversia someterase aos Xulgados e tribunais da cidade de Pontevedra.<\/p>\t\t\t\t\t\t<\/div>\n\t\t\t\t<\/div>\n\t\t\t\t<div class=\"elementor-element elementor-element-9197b52 elementor-widget elementor-widget-text-editor\" data-id=\"9197b52\" data-element_type=\"widget\" data-widget_type=\"text-editor.default\">\n\t\t\t\t<div class=\"elementor-widget-container\">\n\t\t\t\t\t\t\t<p>13. CORREOS ELECTR\u00d3NICOS<\/p>\t\t\t\t\t\t<\/div>\n\t\t\t\t<\/div>\n\t\t\t\t<div class=\"elementor-element elementor-element-630f221 elementor-widget elementor-widget-text-editor\" data-id=\"630f221\" data-element_type=\"widget\" data-widget_type=\"text-editor.default\">\n\t\t\t\t<div class=\"elementor-widget-container\">\n\t\t\t\t\t\t\t<p style=\"padding-left: 40px;\">CONFIDENCIALIDADE: Segundo o Regulamento (UE) 2016\/679 RGPD, o responsable do tratamento dos seus datos \u00e9 a Asociaci\u00f3n Cl\u00faster do Naval Galego, unha asociaci\u00f3n domiciliada en Praza de Compostela n\u00ba19, 3\u00ba esquerda, Vigo, Pontevedra, cun CIF: G-15710338 e tel\u00e9fono +34 981 578 206. A finalidade do tratamento \u00e9 atender \u00e1s comunicaci\u00f3ns de interese para ambas as partes, sendo a base legal o consentimento do interesado\/relaci\u00f3n contractual\/interese lex\u00edtimo. Os seus datos non ser\u00e1n cedidos a terceiros salvo autorizaci\u00f3n expresa ou obrigaci\u00f3n legal. Se o desexa, poder\u00e1 exercer os dereitos de acceso, rectificaci\u00f3n, supresi\u00f3n, limitaci\u00f3n ao tratamento e oposici\u00f3n remitindo un correo electr\u00f3nico \u00e1 direcci\u00f3n aclunaga@aclunaga.es. O contido desta comunicaci\u00f3n, as\u00ed como toda a documentaci\u00f3n anexa, \u00e9 confidencial e vai dirixido unicamente ao destinatario desta. No suposto de que vostede non sexa o destinatario, solicitamos que nos o indique e non comunique o seu contido a terceiros, procedendo \u00e1 s\u00faa destrucci\u00f3n.<\/p>\t\t\t\t\t\t<\/div>\n\t\t\t\t<\/div>\n\t\t\t\t\t<\/div>\n\t\t\t\t<\/div>\n\t\t\t\t\t<\/div>\n\t\t\t\t<\/div>\n\t\t\t\t<\/div>","protected":false},"excerpt":{"rendered":"<p>Aviso Legal 1. DATOS IDENTIFICATIVOS En cumplimiento con el deber de informaci\u00f3n recogido en el art\u00edculo 10 de la Ley [&hellip;]<\/p>","protected":false},"author":1,"featured_media":0,"parent":0,"menu_order":5,"comment_status":"closed","ping_status":"closed","template":"","meta":{"site-sidebar-layout":"no-sidebar","site-content-layout":"","ast-site-content-layout":"","site-content-style":"default","site-sidebar-style":"default","ast-global-header-display":"","ast-banner-title-visibility":"","ast-main-header-display":"","ast-hfb-above-header-display":"","ast-hfb-below-header-display":"","ast-hfb-mobile-header-display":"","site-post-title":"disabled","ast-breadcrumbs-content":"","ast-featured-img":"disabled","footer-sml-layout":"","theme-transparent-header-meta":"","adv-header-id-meta":"","stick-header-meta":"","header-above-stick-meta":"","header-main-stick-meta":"","header-below-stick-meta":"","astra-migrate-meta-layouts":"default","ast-page-background-enabled":"default","ast-page-background-meta":{"desktop":{"background-color":"var(--ast-global-color-4)","background-image":"","background-repeat":"repeat","background-position":"center center","background-size":"auto","background-attachment":"scroll","background-type":"","background-media":"","overlay-type":"","overlay-color":"","overlay-opacity":"","overlay-gradient":""},"tablet":{"background-color":"","background-image":"","background-repeat":"repeat","background-position":"center center","background-size":"auto","background-attachment":"scroll","background-type":"","background-media":"","overlay-type":"","overlay-color":"","overlay-opacity":"","overlay-gradient":""},"mobile":{"background-color":"","background-image":"","background-repeat":"repeat","background-position":"center center","background-size":"auto","background-attachment":"scroll","background-type":"","background-media":"","overlay-type":"","overlay-color":"","overlay-opacity":"","overlay-gradient":""}},"ast-content-background-meta":{"desktop":{"background-color":"var(--ast-global-color-5)","background-image":"","background-repeat":"repeat","background-position":"center center","background-size":"auto","background-attachment":"scroll","background-type":"","background-media":"","overlay-type":"","overlay-color":"","overlay-opacity":"","overlay-gradient":""},"tablet":{"background-color":"var(--ast-global-color-5)","background-image":"","background-repeat":"repeat","background-position":"center center","background-size":"auto","background-attachment":"scroll","background-type":"","background-media":"","overlay-type":"","overlay-color":"","overlay-opacity":"","overlay-gradient":""},"mobile":{"background-color":"var(--ast-global-color-5)","background-image":"","background-repeat":"repeat","background-position":"center center","background-size":"auto","background-attachment":"scroll","background-type":"","background-media":"","overlay-type":"","overlay-color":"","overlay-opacity":"","overlay-gradient":""}},"footnotes":""},"actividad":[],"provincia":[],"class_list":["post-1481","page","type-page","status-publish","hentry"],"_links":{"self":[{"href":"https:\/\/aclunaga.es\/gl\/wp-json\/wp\/v2\/pages\/1481","targetHints":{"allow":["GET"]}}],"collection":[{"href":"https:\/\/aclunaga.es\/gl\/wp-json\/wp\/v2\/pages"}],"about":[{"href":"https:\/\/aclunaga.es\/gl\/wp-json\/wp\/v2\/types\/page"}],"author":[{"embeddable":true,"href":"https:\/\/aclunaga.es\/gl\/wp-json\/wp\/v2\/users\/1"}],"replies":[{"embeddable":true,"href":"https:\/\/aclunaga.es\/gl\/wp-json\/wp\/v2\/comments?post=1481"}],"version-history":[{"count":6,"href":"https:\/\/aclunaga.es\/gl\/wp-json\/wp\/v2\/pages\/1481\/revisions"}],"predecessor-version":[{"id":11890,"href":"https:\/\/aclunaga.es\/gl\/wp-json\/wp\/v2\/pages\/1481\/revisions\/11890"}],"wp:attachment":[{"href":"https:\/\/aclunaga.es\/gl\/wp-json\/wp\/v2\/media?parent=1481"}],"wp:term":[{"taxonomy":"actividad","embeddable":true,"href":"https:\/\/aclunaga.es\/gl\/wp-json\/wp\/v2\/actividad?post=1481"},{"taxonomy":"provincia","embeddable":true,"href":"https:\/\/aclunaga.es\/gl\/wp-json\/wp\/v2\/provincia?post=1481"}],"curies":[{"name":"wp","href":"https:\/\/api.w.org\/{rel}","templated":true}]}}