{"id":14337,"date":"2025-12-18T12:23:49","date_gmt":"2025-12-18T12:23:49","guid":{"rendered":"https:\/\/aclunaga.es\/?page_id=14337"},"modified":"2026-02-20T13:34:59","modified_gmt":"2026-02-20T13:34:59","slug":"ofertas-de-empleo","status":"publish","type":"page","link":"https:\/\/aclunaga.es\/gl\/ofertas-de-empleo\/","title":{"rendered":"Ofertas de Emprego"},"content":{"rendered":"<div data-elementor-type=\"wp-page\" data-elementor-id=\"14337\" class=\"elementor elementor-14337\">\n\t\t\t\t<div class=\"elementor-element elementor-element-54a70952 e-flex e-con-boxed e-con e-parent\" data-id=\"54a70952\" data-element_type=\"container\" data-settings=\"{&quot;background_background&quot;:&quot;classic&quot;}\">\n\t\t\t\t\t<div class=\"e-con-inner\">\n\t\t<div class=\"elementor-element elementor-element-7c24eea e-con-full e-flex e-con e-child\" data-id=\"7c24eea\" data-element_type=\"container\">\n\t\t\t\t<div class=\"elementor-element elementor-element-6d63f827 elementor-widget elementor-widget-text-editor\" data-id=\"6d63f827\" data-element_type=\"widget\" data-widget_type=\"text-editor.default\">\n\t\t\t\t<div class=\"elementor-widget-container\">\n\t\t\t\t\t\t\t<h2>Portal de emprego<\/h2><p><span style=\"color: #ffffff;\">Est\u00e1s accedendo ao portal de emprego do sector naval. Neste portal canalizaremos as ofertas de emprego das empresas asociadas a ACLUNAGA. <\/span><br \/><span style=\"color: #ffffff;\">Las personas interesadas podr\u00e1n presentar sus candidaturas a las ofertas de empleo activas o presentar una \u201ccandidatura espontanea\u201d y su CV se integrar\u00e1 en una base de datos a disposici\u00f3n de todos los asociados de ACLUNAGA.<\/span><\/p>\t\t\t\t\t\t<\/div>\n\t\t\t\t<\/div>\n\t\t\t\t<\/div>\n\t\t\t\t\t<\/div>\n\t\t\t\t<\/div>\n\t\t<div class=\"elementor-element elementor-element-46d79b0 e-flex e-con-boxed e-con e-parent\" data-id=\"46d79b0\" data-element_type=\"container\">\n\t\t\t\t\t<div class=\"e-con-inner\">\n\t\t<div class=\"elementor-element elementor-element-81ceb00 e-flex e-con-boxed e-con e-child\" data-id=\"81ceb00\" data-element_type=\"container\">\n\t\t\t\t\t<div class=\"e-con-inner\">\n\t\t\t\t<div class=\"elementor-element elementor-element-8125cc2 elementor-align-center elementor-widget elementor-widget-button\" data-id=\"8125cc2\" data-element_type=\"widget\" data-widget_type=\"button.default\">\n\t\t\t\t<div class=\"elementor-widget-container\">\n\t\t\t\t\t\t\t<div class=\"elementor-button-wrapper\">\n\t\t\t\t\t<a class=\"elementor-button elementor-button-link elementor-size-sm\" href=\"https:\/\/v2.softy.pro\/\">\n\t\t\t\t\t\t<span class=\"elementor-button-content-wrapper\">\n\t\t\t\t\t\t\t\t\t<span class=\"elementor-button-text\">ACCESO A ASOCIADOS<\/span>\n\t\t\t\t\t<\/span>\n\t\t\t\t\t<\/a>\n\t\t\t\t<\/div>\n\t\t\t\t\t\t<\/div>\n\t\t\t\t<\/div>\n\t\t\t\t\t<\/div>\n\t\t\t\t<\/div>\n\t\t<div class=\"elementor-element elementor-element-7d36b59 e-con-full e-flex e-con e-child\" data-id=\"7d36b59\" data-element_type=\"container\">\n\t\t\t\t<div class=\"elementor-element elementor-element-d2e92e4 elementor-widget elementor-widget-text-editor\" data-id=\"d2e92e4\" data-element_type=\"widget\" data-widget_type=\"text-editor.default\">\n\t\t\t\t<div class=\"elementor-widget-container\">\n\t\t\t\t\t\t\t<p><span style=\"color: #ffffff;\">Se es responsable dunha empresa asociada a ACLUNAGA, poder\u00e1s acceder a xestionar todas as t\u00faas ofertas e candidaturas en \u00abACCESO A ASOCIADOS\u00bb.<\/span><\/p>\t\t\t\t\t\t<\/div>\n\t\t\t\t<\/div>\n\t\t\t\t<\/div>\n\t\t\t\t\t<\/div>\n\t\t\t\t<\/div>\n\t\t<div class=\"elementor-element elementor-element-f143ec9 e-flex e-con-boxed e-con e-parent\" data-id=\"f143ec9\" data-element_type=\"container\">\n\t\t\t\t\t<div class=\"e-con-inner\">\n\t\t<div class=\"elementor-element elementor-element-f568758 e-con-full e-flex e-con e-child\" data-id=\"f568758\" data-element_type=\"container\">\n\t\t\t\t<div class=\"elementor-element elementor-element-1779178 elementor-widget elementor-widget-text-editor\" data-id=\"1779178\" data-element_type=\"widget\" data-widget_type=\"text-editor.default\">\n\t\t\t\t<div class=\"elementor-widget-container\">\n\t\t\t\t\t\t\t<p><span style=\"color: #ffffff;\">Se tes d\u00fabidas ou precisas axuda, podes enviar un correo a <strong>rcernadas@aclunaga.es\u00a0<\/strong><\/span><\/p>\t\t\t\t\t\t<\/div>\n\t\t\t\t<\/div>\n\t\t\t\t<\/div>\n\t\t<div class=\"elementor-element elementor-element-7bd1e7e e-con-full e-flex e-con e-child\" data-id=\"7bd1e7e\" data-element_type=\"container\">\n\t\t\t\t<div class=\"elementor-element elementor-element-8d5e0fe elementor-widget elementor-widget-text-editor\" data-id=\"8d5e0fe\" data-element_type=\"widget\" data-widget_type=\"text-editor.default\">\n\t\t\t\t<div class=\"elementor-widget-container\">\n\t\t\t\t\t\t\t<p><span style=\"color: #ffffff;\">If you are interested in working in the naval sector, through \u201cCANDIDATE ACCESS\u201d you will be able to apply for the job offers that are currently active if they match your profile. If you do not find a suitable offer, you can send us your CV through the \u201cSpontaneous Application\u201d tab.<\/span><\/p><p><span style=\"color: #ffffff;\">A trav\u00e9s da \u00abCandidatura espont\u00e1nea\u00bb, o teu curr\u00edculo pasar\u00e1 a formar parte dunha base de datos \u00e1 disposici\u00f3n de todos os asociados de ACLUNAGA, para que as nosas empresas asociadas poidan telo en conta en futuros procesos de selecci\u00f3n.<\/span><\/p>\t\t\t\t\t\t<\/div>\n\t\t\t\t<\/div>\n\t\t<div class=\"elementor-element elementor-element-d052688 e-flex e-con-boxed e-con e-child\" data-id=\"d052688\" data-element_type=\"container\">\n\t\t\t\t\t<div class=\"e-con-inner\">\n\t\t\t\t<div class=\"elementor-element elementor-element-6062c5c elementor-align-center elementor-widget elementor-widget-button\" data-id=\"6062c5c\" data-element_type=\"widget\" data-widget_type=\"button.default\">\n\t\t\t\t<div class=\"elementor-widget-container\">\n\t\t\t\t\t\t\t<div class=\"elementor-button-wrapper\">\n\t\t\t\t\t<a class=\"elementor-button elementor-button-link elementor-size-sm\" href=\"https:\/\/aclunaga.softy.pro\/offers\">\n\t\t\t\t\t\t<span class=\"elementor-button-content-wrapper\">\n\t\t\t\t\t\t\t\t\t<span class=\"elementor-button-text\">ACCESO A CANDIDATOS<\/span>\n\t\t\t\t\t<\/span>\n\t\t\t\t\t<\/a>\n\t\t\t\t<\/div>\n\t\t\t\t\t\t<\/div>\n\t\t\t\t<\/div>\n\t\t\t\t\t<\/div>\n\t\t\t\t<\/div>\n\t\t\t\t<\/div>\n\t\t\t\t\t<\/div>\n\t\t\t\t<\/div>\n\t\t\t\t<\/div>","protected":false},"excerpt":{"rendered":"<p>Portal de empleo: Est\u00e1s accediendo al portal de empleo del sector naval. En este portal canalizaremos las ofertas de empleo [&hellip;]<\/p>","protected":false},"author":4,"featured_media":0,"parent":0,"menu_order":0,"comment_status":"closed","ping_status":"closed","template":"","meta":{"site-sidebar-layout":"no-sidebar","site-content-layout":"","ast-site-content-layout":"full-width-container","site-content-style":"default","site-sidebar-style":"default","ast-global-header-display":"","ast-banner-title-visibility":"","ast-main-header-display":"","ast-hfb-above-header-display":"","ast-hfb-below-header-display":"","ast-hfb-mobile-header-display":"","site-post-title":"disabled","ast-breadcrumbs-content":"","ast-featured-img":"disabled","footer-sml-layout":"","theme-transparent-header-meta":"","adv-header-id-meta":"","stick-header-meta":"","header-above-stick-meta":"","header-main-stick-meta":"","header-below-stick-meta":"","astra-migrate-meta-layouts":"default","ast-page-background-enabled":"default","ast-page-background-meta":{"desktop":{"background-color":"var(--ast-global-color-4)","background-image":"","background-repeat":"repeat","background-position":"center center","background-size":"auto","background-attachment":"scroll","background-type":"","background-media":"","overlay-type":"","overlay-color":"","overlay-opacity":"","overlay-gradient":""},"tablet":{"background-color":"","background-image":"","background-repeat":"repeat","background-position":"center center","background-size":"auto","background-attachment":"scroll","background-type":"","background-media":"","overlay-type":"","overlay-color":"","overlay-opacity":"","overlay-gradient":""},"mobile":{"background-color":"","background-image":"","background-repeat":"repeat","background-position":"center center","background-size":"auto","background-attachment":"scroll","background-type":"","background-media":"","overlay-type":"","overlay-color":"","overlay-opacity":"","overlay-gradient":""}},"ast-content-background-meta":{"desktop":{"background-color":"var(--ast-global-color-5)","background-image":"","background-repeat":"repeat","background-position":"center center","background-size":"auto","background-attachment":"scroll","background-type":"","background-media":"","overlay-type":"","overlay-color":"","overlay-opacity":"","overlay-gradient":""},"tablet":{"background-color":"var(--ast-global-color-5)","background-image":"","background-repeat":"repeat","background-position":"center center","background-size":"auto","background-attachment":"scroll","background-type":"","background-media":"","overlay-type":"","overlay-color":"","overlay-opacity":"","overlay-gradient":""},"mobile":{"background-color":"var(--ast-global-color-5)","background-image":"","background-repeat":"repeat","background-position":"center center","background-size":"auto","background-attachment":"scroll","background-type":"","background-media":"","overlay-type":"","overlay-color":"","overlay-opacity":"","overlay-gradient":""}},"footnotes":""},"actividad":[],"provincia":[],"class_list":["post-14337","page","type-page","status-publish","hentry"],"_links":{"self":[{"href":"https:\/\/aclunaga.es\/gl\/wp-json\/wp\/v2\/pages\/14337","targetHints":{"allow":["GET"]}}],"collection":[{"href":"https:\/\/aclunaga.es\/gl\/wp-json\/wp\/v2\/pages"}],"about":[{"href":"https:\/\/aclunaga.es\/gl\/wp-json\/wp\/v2\/types\/page"}],"author":[{"embeddable":true,"href":"https:\/\/aclunaga.es\/gl\/wp-json\/wp\/v2\/users\/4"}],"replies":[{"embeddable":true,"href":"https:\/\/aclunaga.es\/gl\/wp-json\/wp\/v2\/comments?post=14337"}],"version-history":[{"count":34,"href":"https:\/\/aclunaga.es\/gl\/wp-json\/wp\/v2\/pages\/14337\/revisions"}],"predecessor-version":[{"id":14528,"href":"https:\/\/aclunaga.es\/gl\/wp-json\/wp\/v2\/pages\/14337\/revisions\/14528"}],"wp:attachment":[{"href":"https:\/\/aclunaga.es\/gl\/wp-json\/wp\/v2\/media?parent=14337"}],"wp:term":[{"taxonomy":"actividad","embeddable":true,"href":"https:\/\/aclunaga.es\/gl\/wp-json\/wp\/v2\/actividad?post=14337"},{"taxonomy":"provincia","embeddable":true,"href":"https:\/\/aclunaga.es\/gl\/wp-json\/wp\/v2\/provincia?post=14337"}],"curies":[{"name":"wp","href":"https:\/\/api.w.org\/{rel}","templated":true}]}}