{"id":14063,"date":"2025-07-21T12:31:14","date_gmt":"2025-07-21T12:31:14","guid":{"rendered":"https:\/\/aclunaga.es\/?page_id=14063"},"modified":"2025-07-22T09:35:35","modified_gmt":"2025-07-22T09:35:35","slug":"programa-de-formacion-de-ambito-estatal","status":"publish","type":"page","link":"https:\/\/aclunaga.es\/gl\/servicios\/formacion\/programa-de-formacion-de-ambito-estatal\/","title":{"rendered":"Programa de formaci\u00f3n de \u00e1mbito estatal"},"content":{"rendered":"<div data-elementor-type=\"wp-page\" data-elementor-id=\"14063\" class=\"elementor elementor-14063\">\n\t\t\t\t<div class=\"elementor-element elementor-element-96fe57e e-flex e-con-boxed e-con e-parent\" data-id=\"96fe57e\" data-element_type=\"container\" data-settings=\"{&quot;background_background&quot;:&quot;classic&quot;}\">\n\t\t\t\t\t<div class=\"e-con-inner\">\n\t\t<div class=\"elementor-element elementor-element-77dcf5f e-con-full e-flex e-con e-child\" data-id=\"77dcf5f\" data-element_type=\"container\">\n\t\t\t\t<div class=\"elementor-element elementor-element-48f7ef5 elementor-widget elementor-widget-text-editor\" data-id=\"48f7ef5\" data-element_type=\"widget\" data-widget_type=\"text-editor.default\">\n\t\t\t\t<div class=\"elementor-widget-container\">\n\t\t\t\t\t\t\t<h2>Programas de formaci\u00f3n de \u00e1mbito estatal, dirigidos prioritariamente a las personas ocupadas<\/h2><p>Este programa, 100% subvencionado por el Ministerio de Trabajo y Econom\u00eda Social a trav\u00e9s del Servicio P\u00fablico de Empleo Estatal, Esta ayuda tiene como objetivo mejorar la empleabilidad y cualificaci\u00f3n de las personas trabajadoras, impulsar la formaci\u00f3n continua, reforzar la competitividad y productividad de las empresas, y facilitar la adaptaci\u00f3n al cambio tecnol\u00f3gico y econ\u00f3mico.<\/p><p><span style=\"color: #ffffff;\">\u2022\u00a0\u00c1mbito: Estatal.<\/span><br \/><span style=\"color: #ffffff;\">\u2022 Periodo ejecuci\u00f3n: 05\/2025 a 08\/2026<\/span><br \/><span style=\"color: #ffffff;\">\u2022 Modalidad: Teleformaci\u00f3n<\/span><br \/><span style=\"color: #ffffff;\">\u2022 Participantes: personas trabajadoras ocupadas del sector METAL y desempleadas.<\/span><\/p>\t\t\t\t\t\t<\/div>\n\t\t\t\t<\/div>\n\t\t\t\t<\/div>\n\t\t\t\t\t<\/div>\n\t\t\t\t<\/div>\n\t\t<div class=\"elementor-element elementor-element-f9776f2 e-flex e-con-boxed e-con e-parent\" data-id=\"f9776f2\" data-element_type=\"container\">\n\t\t\t\t\t<div class=\"e-con-inner\">\n\t\t<div class=\"elementor-element elementor-element-86ecc0b e-con-full e-flex e-con e-child\" data-id=\"86ecc0b\" data-element_type=\"container\">\n\t\t<div class=\"elementor-element elementor-element-cbcee36 e-con-full e-flex e-con e-child\" data-id=\"cbcee36\" data-element_type=\"container\">\n\t\t\t\t<div class=\"elementor-element elementor-element-53bb403 elementor-widget__width-initial elementor-widget elementor-widget-image\" data-id=\"53bb403\" data-element_type=\"widget\" data-widget_type=\"image.default\">\n\t\t\t\t<div class=\"elementor-widget-container\">\n\t\t\t\t\t\t\t\t\t\t\t\t\t\t<a href=\"https:\/\/aclunaga.es\/wp-content\/uploads\/Imagen-para-pagina-web.jpg\" data-elementor-open-lightbox=\"yes\" data-elementor-lightbox-title=\"Imagen para p\u00e1gina web\" data-e-action-hash=\"#elementor-action%3Aaction%3Dlightbox%26settings%3DeyJpZCI6MTQwNjUsInVybCI6Imh0dHBzOlwvXC9hY2x1bmFnYS5lc1wvd3AtY29udGVudFwvdXBsb2Fkc1wvSW1hZ2VuLXBhcmEtcGFnaW5hLXdlYi5qcGcifQ%3D%3D\">\n\t\t\t\t\t\t\t<img fetchpriority=\"high\" decoding=\"async\" width=\"1000\" height=\"700\" src=\"https:\/\/aclunaga.es\/wp-content\/uploads\/Imagen-para-pagina-web.jpg\" class=\"attachment-large size-large wp-image-14065\" alt=\"\" srcset=\"https:\/\/aclunaga.es\/wp-content\/uploads\/Imagen-para-pagina-web.jpg 1000w, https:\/\/aclunaga.es\/wp-content\/uploads\/Imagen-para-pagina-web-300x210.jpg 300w, https:\/\/aclunaga.es\/wp-content\/uploads\/Imagen-para-pagina-web-768x538.jpg 768w, https:\/\/aclunaga.es\/wp-content\/uploads\/Imagen-para-pagina-web-18x12.jpg 18w\" sizes=\"(max-width: 1000px) 100vw, 1000px\" \/>\t\t\t\t\t\t\t\t<\/a>\n\t\t\t\t\t\t\t\t\t\t\t\t\t<\/div>\n\t\t\t\t<\/div>\n\t\t<div class=\"elementor-element elementor-element-7cf0afc e-con-full e-flex e-con e-child\" data-id=\"7cf0afc\" data-element_type=\"container\">\n\t\t\t\t<div class=\"elementor-element elementor-element-d4233bf elementor-widget elementor-widget-heading\" data-id=\"d4233bf\" data-element_type=\"widget\" data-widget_type=\"heading.default\">\n\t\t\t\t<div class=\"elementor-widget-container\">\n\t\t\t<h3 class=\"elementor-heading-title elementor-size-default\">Echa un vistazo a los temarios  de cada curso y participa<\/h3>\t\t<\/div>\n\t\t\t\t<\/div>\n\t\t\t\t<\/div>\n\t\t<div class=\"elementor-element elementor-element-c5093cd e-con-full e-flex e-con e-child\" data-id=\"c5093cd\" data-element_type=\"container\">\n\t\t\t\t<div class=\"elementor-element elementor-element-bc68f55 elementor-align-center elementor-hidden-desktop elementor-hidden-tablet elementor-hidden-mobile elementor-widget elementor-widget-button\" data-id=\"bc68f55\" data-element_type=\"widget\" data-widget_type=\"button.default\">\n\t\t\t\t<div class=\"elementor-widget-container\">\n\t\t\t\t\t\t\t<div class=\"elementor-button-wrapper\">\n\t\t\t\t\t<a class=\"elementor-button elementor-button-link elementor-size-sm\" href=\"https:\/\/docs.google.com\/forms\/d\/e\/1FAIpQLSdIOSQ2bRUIWejKV290iu-rEpvlD9fOrlGycB3Ecexf182Ztg\/viewform\" target=\"_blank\">\n\t\t\t\t\t\t<span class=\"elementor-button-content-wrapper\">\n\t\t\t\t\t\t\t\t\t<span class=\"elementor-button-text\">\u00a1INSCR\u00cdBETE AQU\u00cd!<\/span>\n\t\t\t\t\t<\/span>\n\t\t\t\t\t<\/a>\n\t\t\t\t<\/div>\n\t\t\t\t\t\t<\/div>\n\t\t\t\t<\/div>\n\t\t\t\t<\/div>\n\t\t\t\t<\/div>\n\t\t\t\t<\/div>\n\t\t<div class=\"elementor-element elementor-element-4c272a6 e-con-full e-flex e-con e-child\" data-id=\"4c272a6\" data-element_type=\"container\" data-settings=\"{&quot;background_background&quot;:&quot;classic&quot;}\">\n\t\t\t\t<div class=\"elementor-element elementor-element-9d32a6d elementor-widget elementor-widget-text-editor\" data-id=\"9d32a6d\" data-element_type=\"widget\" data-widget_type=\"text-editor.default\">\n\t\t\t\t<div class=\"elementor-widget-container\">\n\t\t\t\t\t\t\t<h4><span style=\"color: #fbc334;\">LISTA DE CURSOS ABIERTOS<\/span><\/h4><hr \/><p><strong>ADGD001PO6 &#8211; SIGMA. Herramientas de seguridad, eficiencia y productividad<\/strong>\u00a0| <strong><a href=\"https:\/\/aclunaga.es\/wp-content\/uploads\/ADGD001PO-6-SIGMA.-HERRAMIENTAS-DE-SEGURIDAD-EFICIENCIA-Y-PRODUCTIVIDAD.pdf\"><span style=\"color: #fbc334;\">Ver temario<\/span><\/a><\/strong> &#8211; 60 horas\u00a0 \u00a0 \u00a0 \u00a0 \u00a0 \u00a0 \u00a0 \u00a0 \u00a0 \u00a0 \u00a0 \u00a0 \u00a0 \u00a0 \u00a0 \u00a0 \u00a0 \u00a0 \u00a0 \u00a0 \u00a0 \u00a0 \u00a0 \u00a0 \u00a0 \u00a0 \u00a0 \u00a0 \u00a0 \u00a0 \u00a0 \u00a0 \u00a0 \u00a0 \u00a0 \u00a0 \u00a0 \u00a0 \u00a0 \u00a0 \u00a0 \u00a0 \u00a0 \u00a0 \u00a0 \u00a0 \u00a0 \u00a0 \u00a0 \u00a0\u00a0<\/p><p><strong>COML0006 &#8211; Gesti\u00f3n log\u00edstica<\/strong>\u00a0| <strong><a href=\"https:\/\/aclunaga.es\/wp-content\/uploads\/COML0006-GESTION-LOGISTICA.pdf\"><span style=\"color: #fbc334;\">Ver temario<\/span><\/a><\/strong> &#8211; 150 horas\u00a0 \u00a0 \u00a0 \u00a0 \u00a0 \u00a0 \u00a0 \u00a0 \u00a0 \u00a0 \u00a0 \u00a0 \u00a0 \u00a0 \u00a0 \u00a0 \u00a0 \u00a0 \u00a0 \u00a0 \u00a0 \u00a0 \u00a0 \u00a0 \u00a0 \u00a0 \u00a0 \u00a0\u00a0<\/p><p><strong>COML002PO &#8211; Trazabilidad y codificaci\u00f3n<\/strong>\u00a0 |\u00a0 <a href=\"https:\/\/aclunaga.es\/wp-content\/uploads\/COML002PO-TRAZABILIDAD-Y-CODIFICACION.pdf\"><span style=\"color: #fbc334;\"><strong>Ver temario<\/strong><\/span><\/a> &#8211; 50 horas\u00a0<\/p><p><b>EOCE003PO &#8211; C\u00e1lculo de estructuras y elementos estructurales con CYPE | \u00a0 \u00a0 \u00a0 <\/b><a href=\"https:\/\/aclunaga.es\/wp-content\/uploads\/EOCE003PO-CALCULO-DE-ESTRUCTURAS-Y-ELEMENTOS-ESTRUCTURALES-CON-CYPE.pdf\"><strong><span style=\"color: #fbc334;\">Ver temario<\/span><\/strong><\/a> &#8211; 30 horas\u00a0 \u00a0 \u00a0 \u00a0 \u00a0 \u00a0 \u00a0 \u00a0 \u00a0 \u00a0 \u00a0 \u00a0 \u00a0 \u00a0 \u00a0 \u00a0 \u00a0 \u00a0 \u00a0 \u00a0 \u00a0 \u00a0 \u00a0 \u00a0 \u00a0 \u00a0 \u00a0 \u00a0 \u00a0 \u00a0 \u00a0 \u00a0 \u00a0 \u00a0 \u00a0 \u00a0 \u00a0 \u00a0 \u00a0 \u00a0 \u00a0 \u00a0 \u00a0 \u00a0 \u00a0 \u00a0 \u00a0 \u00a0 \u00a0 \u00a0 \u00a0 \u00a0 \u00a0 \u00a0 \u00a0 \u00a0 \u00a0 \u00a0 \u00a0 \u00a0 \u00a0 \u00a0\u00a0<\/p><p><b>EOCO010PO &#8211; Interpretaci\u00f3n de planos <\/b>| <a href=\"https:\/\/aclunaga.es\/wp-content\/uploads\/EOCO010PO-INTERPRETACION-DE-PLANOS.pdf\"><strong><span style=\"color: #fbc334;\">Ver temario<\/span><\/strong><\/a> &#8211; 70 horas\u00a0 \u00a0 \u00a0 \u00a0 \u00a0 \u00a0 \u00a0<\/p><p><b>IMAI017PO &#8211; Mantenimiento el\u00e9ctrico y mec\u00e1nico de instalaciones industriales | <\/b><a href=\"https:\/\/aclunaga.es\/wp-content\/uploads\/IMAI017PO-MANTENIMIENTO-ELECTRICO-Y-MECANICO-DE-INSTALACIONES-INDUSTRIALES.pdf\"><strong><span style=\"color: #fbc334;\">Ver temario<\/span><\/strong><\/a> &#8211; 90 horas\u00a0 \u00a0 \u00a0 \u00a0 \u00a0 \u00a0 \u00a0 \u00a0 \u00a0 \u00a0 \u00a0 \u00a0 \u00a0 \u00a0 \u00a0 \u00a0 \u00a0 \u00a0 \u00a0 \u00a0 \u00a0 \u00a0 \u00a0 \u00a0 \u00a0 \u00a0 \u00a0 \u00a0 \u00a0 \u00a0 \u00a0 \u00a0 \u00a0 \u00a0 \u00a0 \u00a0 \u00a0 \u00a0 \u00a0 \u00a0 \u00a0 \u00a0 \u00a0 \u00a0 \u00a0 \u00a0 \u00a0 \u00a0 \u00a0 \u00a0 \u00a0 \u00a0 \u00a0 \u00a0 \u00a0 \u00a0 \u00a0 \u00a0 \u00a0 \u00a0 \u00a0 \u00a0 \u00a0<\/p><p>\u00a0<\/p>\t\t\t\t\t\t<\/div>\n\t\t\t\t<\/div>\n\t\t\t\t<\/div>\n\t\t\t\t\t<\/div>\n\t\t\t\t<\/div>\n\t\t\t\t<\/div>","protected":false},"excerpt":{"rendered":"<p>Programas de formaci\u00f3n de \u00e1mbito estatal, dirigidos prioritariamente a las personas ocupadas Este programa, 100% subvencionado por el Ministerio de [&hellip;]<\/p>","protected":false},"author":4,"featured_media":14065,"parent":50,"menu_order":1,"comment_status":"closed","ping_status":"closed","template":"","meta":{"site-sidebar-layout":"no-sidebar","site-content-layout":"","ast-site-content-layout":"full-width-container","site-content-style":"default","site-sidebar-style":"default","ast-global-header-display":"","ast-banner-title-visibility":"","ast-main-header-display":"","ast-hfb-above-header-display":"","ast-hfb-below-header-display":"","ast-hfb-mobile-header-display":"","site-post-title":"disabled","ast-breadcrumbs-content":"","ast-featured-img":"disabled","footer-sml-layout":"","theme-transparent-header-meta":"","adv-header-id-meta":"","stick-header-meta":"","header-above-stick-meta":"","header-main-stick-meta":"","header-below-stick-meta":"","astra-migrate-meta-layouts":"default","ast-page-background-enabled":"default","ast-page-background-meta":{"desktop":{"background-color":"var(--ast-global-color-4)","background-image":"","background-repeat":"repeat","background-position":"center center","background-size":"auto","background-attachment":"scroll","background-type":"","background-media":"","overlay-type":"","overlay-color":"","overlay-opacity":"","overlay-gradient":""},"tablet":{"background-color":"","background-image":"","background-repeat":"repeat","background-position":"center center","background-size":"auto","background-attachment":"scroll","background-type":"","background-media":"","overlay-type":"","overlay-color":"","overlay-opacity":"","overlay-gradient":""},"mobile":{"background-color":"","background-image":"","background-repeat":"repeat","background-position":"center center","background-size":"auto","background-attachment":"scroll","background-type":"","background-media":"","overlay-type":"","overlay-color":"","overlay-opacity":"","overlay-gradient":""}},"ast-content-background-meta":{"desktop":{"background-color":"var(--ast-global-color-5)","background-image":"","background-repeat":"repeat","background-position":"center center","background-size":"auto","background-attachment":"scroll","background-type":"","background-media":"","overlay-type":"","overlay-color":"","overlay-opacity":"","overlay-gradient":""},"tablet":{"background-color":"var(--ast-global-color-5)","background-image":"","background-repeat":"repeat","background-position":"center center","background-size":"auto","background-attachment":"scroll","background-type":"","background-media":"","overlay-type":"","overlay-color":"","overlay-opacity":"","overlay-gradient":""},"mobile":{"background-color":"var(--ast-global-color-5)","background-image":"","background-repeat":"repeat","background-position":"center center","background-size":"auto","background-attachment":"scroll","background-type":"","background-media":"","overlay-type":"","overlay-color":"","overlay-opacity":"","overlay-gradient":""}},"footnotes":""},"actividad":[],"provincia":[],"class_list":["post-14063","page","type-page","status-publish","has-post-thumbnail","hentry"],"_links":{"self":[{"href":"https:\/\/aclunaga.es\/gl\/wp-json\/wp\/v2\/pages\/14063","targetHints":{"allow":["GET"]}}],"collection":[{"href":"https:\/\/aclunaga.es\/gl\/wp-json\/wp\/v2\/pages"}],"about":[{"href":"https:\/\/aclunaga.es\/gl\/wp-json\/wp\/v2\/types\/page"}],"author":[{"embeddable":true,"href":"https:\/\/aclunaga.es\/gl\/wp-json\/wp\/v2\/users\/4"}],"replies":[{"embeddable":true,"href":"https:\/\/aclunaga.es\/gl\/wp-json\/wp\/v2\/comments?post=14063"}],"version-history":[{"count":10,"href":"https:\/\/aclunaga.es\/gl\/wp-json\/wp\/v2\/pages\/14063\/revisions"}],"predecessor-version":[{"id":14086,"href":"https:\/\/aclunaga.es\/gl\/wp-json\/wp\/v2\/pages\/14063\/revisions\/14086"}],"up":[{"embeddable":true,"href":"https:\/\/aclunaga.es\/gl\/wp-json\/wp\/v2\/pages\/50"}],"wp:featuredmedia":[{"embeddable":true,"href":"https:\/\/aclunaga.es\/gl\/wp-json\/wp\/v2\/media\/14065"}],"wp:attachment":[{"href":"https:\/\/aclunaga.es\/gl\/wp-json\/wp\/v2\/media?parent=14063"}],"wp:term":[{"taxonomy":"actividad","embeddable":true,"href":"https:\/\/aclunaga.es\/gl\/wp-json\/wp\/v2\/actividad?post=14063"},{"taxonomy":"provincia","embeddable":true,"href":"https:\/\/aclunaga.es\/gl\/wp-json\/wp\/v2\/provincia?post=14063"}],"curies":[{"name":"wp","href":"https:\/\/api.w.org\/{rel}","templated":true}]}}