{"id":11110,"date":"2024-10-25T11:43:39","date_gmt":"2024-10-25T11:43:39","guid":{"rendered":"https:\/\/aclunaga.es\/?page_id=11110"},"modified":"2025-01-15T08:04:41","modified_gmt":"2025-01-15T08:04:41","slug":"hispamoldes-s-a-u","status":"publish","type":"page","link":"https:\/\/aclunaga.es\/gl\/listado-socios\/hispamoldes-s-a-u\/","title":{"rendered":"Indea Auriense S.A.U."},"content":{"rendered":"<div data-elementor-type=\"wp-page\" data-elementor-id=\"11110\" class=\"elementor elementor-11110\">\n\t\t\t\t<div class=\"elementor-element elementor-element-19bb7390 e-flex e-con-boxed e-con e-parent\" data-id=\"19bb7390\" data-element_type=\"container\" data-settings=\"{&quot;background_background&quot;:&quot;classic&quot;}\">\n\t\t\t\t\t<div class=\"e-con-inner\">\n\t\t<div class=\"elementor-element elementor-element-4af24c70 e-con-full e-flex e-con e-child\" data-id=\"4af24c70\" data-element_type=\"container\">\n\t\t<div class=\"elementor-element elementor-element-182a9ab2 e-grid e-con-boxed e-con e-child\" data-id=\"182a9ab2\" data-element_type=\"container\">\n\t\t\t\t\t<div class=\"e-con-inner\">\n\t\t\t\t<div class=\"elementor-element elementor-element-7770342c elementor-widget elementor-widget-heading\" data-id=\"7770342c\" data-element_type=\"widget\" data-widget_type=\"heading.default\">\n\t\t\t\t<div class=\"elementor-widget-container\">\n\t\t\t<h2 class=\"elementor-heading-title elementor-size-default\">Indea Auriense  S.A.U.<\/h2>\t\t<\/div>\n\t\t\t\t<\/div>\n\t\t\t\t<div class=\"elementor-element elementor-element-470ab3e elementor-widget elementor-widget-text-editor\" data-id=\"470ab3e\" data-element_type=\"widget\" data-widget_type=\"text-editor.default\">\n\t\t\t\t<div class=\"elementor-widget-container\">\n\t\t\t\t\t\t\t<p>Estrutura<\/p>\t\t\t\t\t\t<\/div>\n\t\t\t\t<\/div>\n\t\t\t\t\t<\/div>\n\t\t\t\t<\/div>\n\t\t\t\t<\/div>\n\t\t\t\t\t<\/div>\n\t\t\t\t<\/div>\n\t\t<div class=\"elementor-element elementor-element-4cc95614 e-flex e-con-boxed e-con e-parent\" data-id=\"4cc95614\" data-element_type=\"container\" data-settings=\"{&quot;background_background&quot;:&quot;classic&quot;}\">\n\t\t\t\t\t<div class=\"e-con-inner\">\n\t\t<div class=\"elementor-element elementor-element-2cd16322 e-con-full e-flex e-con e-child\" data-id=\"2cd16322\" data-element_type=\"container\" data-settings=\"{&quot;background_background&quot;:&quot;classic&quot;}\">\n\t\t<div class=\"elementor-element elementor-element-53966354 e-flex e-con-boxed e-con e-child\" data-id=\"53966354\" data-element_type=\"container\" data-settings=\"{&quot;background_background&quot;:&quot;classic&quot;}\">\n\t\t\t\t\t<div class=\"e-con-inner\">\n\t\t<div class=\"elementor-element elementor-element-4dbcbcd1 e-flex e-con-boxed e-con e-child\" data-id=\"4dbcbcd1\" data-element_type=\"container\" data-settings=\"{&quot;background_background&quot;:&quot;classic&quot;}\">\n\t\t\t\t\t<div class=\"e-con-inner\">\n\t\t\t\t<div class=\"elementor-element elementor-element-7fa35b42 elementor-widget elementor-widget-image\" data-id=\"7fa35b42\" data-element_type=\"widget\" data-widget_type=\"image.default\">\n\t\t\t\t<div class=\"elementor-widget-container\">\n\t\t\t\t\t\t\t\t\t\t\t\t\t<img fetchpriority=\"high\" decoding=\"async\" width=\"564\" height=\"150\" src=\"https:\/\/aclunaga.es\/wp-content\/uploads\/Indea.jpg\" class=\"attachment-large size-large wp-image-13260\" alt=\"\" srcset=\"https:\/\/aclunaga.es\/wp-content\/uploads\/Indea.jpg 564w, https:\/\/aclunaga.es\/wp-content\/uploads\/Indea-300x80.jpg 300w, https:\/\/aclunaga.es\/wp-content\/uploads\/Indea-18x5.jpg 18w\" sizes=\"(max-width: 564px) 100vw, 564px\" \/>\t\t\t\t\t\t\t\t\t\t\t\t\t<\/div>\n\t\t\t\t<\/div>\n\t\t<div class=\"elementor-element elementor-element-447827a0 e-flex e-con-boxed e-con e-child\" data-id=\"447827a0\" data-element_type=\"container\">\n\t\t\t\t\t<div class=\"e-con-inner\">\n\t\t\t\t<div class=\"elementor-element elementor-element-1fc9d1a9 elementor-widget-divider--view-line elementor-widget elementor-widget-divider\" data-id=\"1fc9d1a9\" data-element_type=\"widget\" data-widget_type=\"divider.default\">\n\t\t\t\t<div class=\"elementor-widget-container\">\n\t\t\t\t\t<div class=\"elementor-divider\">\n\t\t\t<span class=\"elementor-divider-separator\">\n\t\t\t\t\t\t<\/span>\n\t\t<\/div>\n\t\t\t\t<\/div>\n\t\t\t\t<\/div>\n\t\t\t\t\t<\/div>\n\t\t\t\t<\/div>\n\t\t<div class=\"elementor-element elementor-element-32fe5de6 e-flex e-con-boxed e-con e-child\" data-id=\"32fe5de6\" data-element_type=\"container\">\n\t\t\t\t\t<div class=\"e-con-inner\">\n\t\t\t\t<div class=\"elementor-element elementor-element-502e43d1 elementor-widget elementor-widget-text-editor\" data-id=\"502e43d1\" data-element_type=\"widget\" data-widget_type=\"text-editor.default\">\n\t\t\t\t<div class=\"elementor-widget-container\">\n\t\t\t\t\t\t\t<p>Indea Auriense S.A.U. se dedica al dise\u00f1o y desarrollo de moldes de inyecci\u00f3n de piezas pl\u00e1sticas y aluminio para el sector de automoci\u00f3n. Es una compa\u00f1\u00eda que integra varias actividades desde el dise\u00f1o hasta la fabricaci\u00f3n en serie. Pertenece al Grupo Indea.<\/p>\t\t\t\t\t\t<\/div>\n\t\t\t\t<\/div>\n\t\t<div class=\"elementor-element elementor-element-3329ac2e e-con-full e-flex e-con e-child\" data-id=\"3329ac2e\" data-element_type=\"container\">\n\t\t\t\t<div class=\"elementor-element elementor-element-5e748afc elementor-widget elementor-widget-accordion\" data-id=\"5e748afc\" data-element_type=\"widget\" data-widget_type=\"accordion.default\">\n\t\t\t\t<div class=\"elementor-widget-container\">\n\t\t\t\t\t<div class=\"elementor-accordion\">\n\t\t\t\t\t\t\t<div class=\"elementor-accordion-item\">\n\t\t\t\t\t<div id=\"elementor-tab-title-1581\" class=\"elementor-tab-title\" data-tab=\"1\" role=\"button\" aria-controls=\"elementor-tab-content-1581\" aria-expanded=\"false\">\n\t\t\t\t\t\t\t\t\t\t\t\t\t<span class=\"elementor-accordion-icon elementor-accordion-icon-left\" aria-hidden=\"true\">\n\t\t\t\t\t\t\t\t\t\t\t\t\t\t\t<span class=\"elementor-accordion-icon-closed\"><svg class=\"e-font-icon-svg e-fas-angle-down\" viewbox=\"0 0 320 512\" xmlns=\"http:\/\/www.w3.org\/2000\/svg\"><path d=\"M143 352.3L7 216.3c-9.4-9.4-9.4-24.6 0-33.9l22.6-22.6c9.4-9.4 24.6-9.4 33.9 0l96.4 96.4 96.4-96.4c9.4-9.4 24.6-9.4 33.9 0l22.6 22.6c9.4 9.4 9.4 24.6 0 33.9l-136 136c-9.2 9.4-24.4 9.4-33.8 0z\"><\/path><\/svg><\/span>\n\t\t\t\t\t\t\t\t<span class=\"elementor-accordion-icon-opened\"><svg class=\"e-font-icon-svg e-fas-caret-up\" viewbox=\"0 0 320 512\" xmlns=\"http:\/\/www.w3.org\/2000\/svg\"><path d=\"M288.662 352H31.338c-17.818 0-26.741-21.543-14.142-34.142l128.662-128.662c7.81-7.81 20.474-7.81 28.284 0l128.662 128.662c12.6 12.599 3.676 34.142-14.142 34.142z\"><\/path><\/svg><\/span>\n\t\t\t\t\t\t\t\t\t\t\t\t\t\t<\/span>\n\t\t\t\t\t\t\t\t\t\t\t\t<a class=\"elementor-accordion-title\" tabindex=\"0\">PRODUTOS E SERVIZOS<\/a>\n\t\t\t\t\t<\/div>\n\t\t\t\t\t<div id=\"elementor-tab-content-1581\" class=\"elementor-tab-content elementor-clearfix\" data-tab=\"1\" role=\"region\" aria-labelledby=\"elementor-tab-title-1581\"><table><tbody><tr><td><p style=\"text-align: center;\"><b>ACTIVIDADE<\/b><\/p><\/td><td style=\"text-align: center;\"><p><b>GRUPO<\/b><\/p><\/td><td><p style=\"text-align: center;\"><b>PRODUTO<\/b><\/p><\/td><\/tr><tr><td><p><span style=\"font-weight: 400;\">ESTRUTURA<\/span><\/p><\/td><td><p><span style=\"font-weight: 400;\">Materiais para construci\u00f3n\/fabricaci\u00f3n<\/span><\/p><\/td><td><p><span style=\"font-weight: 400;\">Aceiros (chapas e perf\u00eds)<\/span><\/p><\/td><\/tr><tr><td><p><span style=\"font-weight: 400;\">ESTRUTURA<\/span><\/p><\/td><td><p><span style=\"font-weight: 400;\">Materiais para construci\u00f3n\/fabricaci\u00f3n<\/span><\/p><\/td><td><p><span style=\"font-weight: 400;\">Aceros inoxidables<\/span><\/p><\/td><\/tr><tr><td><p><span style=\"font-weight: 400;\">ESTRUTURA<\/span><\/p><\/td><td><p><span style=\"font-weight: 400;\">Materiais para construci\u00f3n\/fabricaci\u00f3n<\/span><\/p><\/td><td><p><span style=\"font-weight: 400;\">Aluminio (chapas y perfiles)<\/span><\/p><\/td><\/tr><tr><td><p><span style=\"font-weight: 400;\">ESTRUTURA<\/span><\/p><\/td><td><p><span style=\"font-weight: 400;\">Materiais para construci\u00f3n\/fabricaci\u00f3n<\/span><\/p><\/td><td><p><span style=\"font-weight: 400;\">Otras aleaciones<\/span><\/p><\/td><\/tr><tr><td><p><span style=\"font-weight: 400;\">ESTRUTURA<\/span><\/p><\/td><td><p><span style=\"font-weight: 400;\">Materiais para construci\u00f3n\/fabricaci\u00f3n<\/span><\/p><\/td><td><p><span style=\"font-weight: 400;\">Materiales no f\u00e9rricos<\/span><\/p><\/td><\/tr><\/tbody><\/table><\/div>\n\t\t\t\t<\/div>\n\t\t\t\t\t\t\t\t<\/div>\n\t\t\t\t<\/div>\n\t\t\t\t<\/div>\n\t\t\t\t<\/div>\n\t\t<div class=\"elementor-element elementor-element-26b07581 e-flex e-con-boxed e-con e-child\" data-id=\"26b07581\" data-element_type=\"container\" data-settings=\"{&quot;background_background&quot;:&quot;classic&quot;}\">\n\t\t\t\t\t<div class=\"e-con-inner\">\n\t\t\t\t\t<\/div>\n\t\t\t\t<\/div>\n\t\t\t\t\t<\/div>\n\t\t\t\t<\/div>\n\t\t<div class=\"elementor-element elementor-element-42e480b2 e-flex e-con-boxed e-con e-child\" data-id=\"42e480b2\" data-element_type=\"container\">\n\t\t\t\t\t<div class=\"e-con-inner\">\n\t\t\t\t\t<\/div>\n\t\t\t\t<\/div>\n\t\t\t\t\t<\/div>\n\t\t\t\t<\/div>\n\t\t\t\t\t<\/div>\n\t\t\t\t<\/div>\n\t\t\t\t<\/div>\n\t\t<div class=\"elementor-element elementor-element-2df510e5 e-con-full e-flex e-con e-child\" data-id=\"2df510e5\" data-element_type=\"container\">\n\t\t<div class=\"elementor-element elementor-element-7e2ac3c7 e-flex e-con-boxed e-con e-child\" data-id=\"7e2ac3c7\" data-element_type=\"container\">\n\t\t\t\t\t<div class=\"e-con-inner\">\n\t\t<div class=\"elementor-element elementor-element-a27782c e-con-full e-flex e-con e-child\" data-id=\"a27782c\" data-element_type=\"container\" data-settings=\"{&quot;background_background&quot;:&quot;classic&quot;}\">\n\t\t\t\t<div class=\"elementor-element elementor-element-6ceea245 elementor-widget__width-initial elementor-widget elementor-widget-google_maps\" data-id=\"6ceea245\" data-element_type=\"widget\" data-widget_type=\"google_maps.default\">\n\t\t\t\t<div class=\"elementor-widget-container\">\n\t\t\t\t\t<div class=\"elementor-custom-embed\">\n\t\t\t<iframe loading=\"lazy\"\n\t\t\t\t\tsrc=\"https:\/\/maps.google.com\/maps?q=P.E.%20Pereiro%20de%20Aguiar%2CVial%20Principal%2C10%20CP32792-Pereiro%20de%20Aguiar%20%28Ourense%29&#038;t=m&#038;z=9&#038;output=embed&#038;iwloc=near\"\n\t\t\t\t\ttitle=\"P.E. Pereiro de Aguiar,Vial Principal,10 CP32792-Pereiro de Aguiar (Ourense)\"\n\t\t\t\t\taria-label=\"P.E. Pereiro de Aguiar,Vial Principal,10 CP32792-Pereiro de Aguiar (Ourense)\"\n\t\t\t><\/iframe>\n\t\t<\/div>\n\t\t\t\t<\/div>\n\t\t\t\t<\/div>\n\t\t\t\t<\/div>\n\t\t<div class=\"elementor-element elementor-element-6c627a34 e-flex e-con-boxed e-con e-child\" data-id=\"6c627a34\" data-element_type=\"container\" data-settings=\"{&quot;background_background&quot;:&quot;classic&quot;}\">\n\t\t\t\t\t<div class=\"e-con-inner\">\n\t\t<div class=\"elementor-element elementor-element-4012ac65 e-con-full e-flex e-con e-child\" data-id=\"4012ac65\" data-element_type=\"container\">\n\t\t<div class=\"elementor-element elementor-element-4655be9d e-flex e-con-boxed e-con e-child\" data-id=\"4655be9d\" data-element_type=\"container\">\n\t\t\t\t\t<div class=\"e-con-inner\">\n\t\t\t\t<div class=\"elementor-element elementor-element-f386841 elementor-widget elementor-widget-heading\" data-id=\"f386841\" data-element_type=\"widget\" data-widget_type=\"heading.default\">\n\t\t\t\t<div class=\"elementor-widget-container\">\n\t\t\t<h5 class=\"elementor-heading-title elementor-size-default\">CONTACTO<\/h5>\t\t<\/div>\n\t\t\t\t<\/div>\n\t\t\t\t<div class=\"elementor-element elementor-element-4f294204 elementor-widget-divider--view-line elementor-widget elementor-widget-divider\" data-id=\"4f294204\" data-element_type=\"widget\" data-widget_type=\"divider.default\">\n\t\t\t\t<div class=\"elementor-widget-container\">\n\t\t\t\t\t<div class=\"elementor-divider\">\n\t\t\t<span class=\"elementor-divider-separator\">\n\t\t\t\t\t\t<\/span>\n\t\t<\/div>\n\t\t\t\t<\/div>\n\t\t\t\t<\/div>\n\t\t\t\t\t<\/div>\n\t\t\t\t<\/div>\n\t\t\t\t<div class=\"elementor-element elementor-element-139a9a64 elementor-list-item-link-inline elementor-icon-list--layout-traditional elementor-widget elementor-widget-icon-list\" data-id=\"139a9a64\" data-element_type=\"widget\" data-widget_type=\"icon-list.default\">\n\t\t\t\t<div class=\"elementor-widget-container\">\n\t\t\t\t\t<ul class=\"elementor-icon-list-items\">\n\t\t\t\t\t\t\t<li class=\"elementor-icon-list-item\">\n\t\t\t\t\t\t\t\t\t\t\t<span class=\"elementor-icon-list-icon\">\n\t\t\t\t\t\t\t<svg aria-hidden=\"true\" class=\"e-font-icon-svg e-fas-map-pin\" viewbox=\"0 0 288 512\" xmlns=\"http:\/\/www.w3.org\/2000\/svg\"><path d=\"M112 316.94v156.69l22.02 33.02c4.75 7.12 15.22 7.12 19.97 0L176 473.63V316.94c-10.39 1.92-21.06 3.06-32 3.06s-21.61-1.14-32-3.06zM144 0C64.47 0 0 64.47 0 144s64.47 144 144 144 144-64.47 144-144S223.53 0 144 0zm0 76c-37.5 0-68 30.5-68 68 0 6.62-5.38 12-12 12s-12-5.38-12-12c0-50.73 41.28-92 92-92 6.62 0 12 5.38 12 12s-5.38 12-12 12z\"><\/path><\/svg>\t\t\t\t\t\t<\/span>\n\t\t\t\t\t\t\t\t\t\t<span class=\"elementor-icon-list-text\">P.E. Pereiro de Aguiar,Vial Principal,10 CP32792-Pereiro de Aguiar (Ourense)<\/span>\n\t\t\t\t\t\t\t\t\t<\/li>\n\t\t\t\t\t\t\t\t<li class=\"elementor-icon-list-item\">\n\t\t\t\t\t\t\t\t\t\t\t<span class=\"elementor-icon-list-icon\">\n\t\t\t\t\t\t\t<svg aria-hidden=\"true\" class=\"e-font-icon-svg e-fas-phone-alt\" viewbox=\"0 0 512 512\" xmlns=\"http:\/\/www.w3.org\/2000\/svg\"><path d=\"M497.39 361.8l-112-48a24 24 0 0 0-28 6.9l-49.6 60.6A370.66 370.66 0 0 1 130.6 204.11l60.6-49.6a23.94 23.94 0 0 0 6.9-28l-48-112A24.16 24.16 0 0 0 122.6.61l-104 24A24 24 0 0 0 0 48c0 256.5 207.9 464 464 464a24 24 0 0 0 23.4-18.6l24-104a24.29 24.29 0 0 0-14.01-27.6z\"><\/path><\/svg>\t\t\t\t\t\t<\/span>\n\t\t\t\t\t\t\t\t\t\t<span class=\"elementor-icon-list-text\">988 242 553<\/span>\n\t\t\t\t\t\t\t\t\t<\/li>\n\t\t\t\t\t\t\t\t<li class=\"elementor-icon-list-item\">\n\t\t\t\t\t\t\t\t\t\t\t<span class=\"elementor-icon-list-icon\">\n\t\t\t\t\t\t\t<svg aria-hidden=\"true\" class=\"e-font-icon-svg e-fas-envelope\" viewbox=\"0 0 512 512\" xmlns=\"http:\/\/www.w3.org\/2000\/svg\"><path d=\"M502.3 190.8c3.9-3.1 9.7-.2 9.7 4.7V400c0 26.5-21.5 48-48 48H48c-26.5 0-48-21.5-48-48V195.6c0-5 5.7-7.8 9.7-4.7 22.4 17.4 52.1 39.5 154.1 113.6 21.1 15.4 56.7 47.8 92.2 47.6 35.7.3 72-32.8 92.3-47.6 102-74.1 131.6-96.3 154-113.7zM256 320c23.2.4 56.6-29.2 73.4-41.4 132.7-96.3 142.8-104.7 173.4-128.7 5.8-4.5 9.2-11.5 9.2-18.9v-19c0-26.5-21.5-48-48-48H48C21.5 64 0 85.5 0 112v19c0 7.4 3.4 14.3 9.2 18.9 30.6 23.9 40.7 32.4 173.4 128.7 16.8 12.2 50.2 41.8 73.4 41.4z\"><\/path><\/svg>\t\t\t\t\t\t<\/span>\n\t\t\t\t\t\t\t\t\t\t<span class=\"elementor-icon-list-text\">info@indea.group.com<\/span>\n\t\t\t\t\t\t\t\t\t<\/li>\n\t\t\t\t\t\t\t\t<li class=\"elementor-icon-list-item\">\n\t\t\t\t\t\t\t\t\t\t\t<a href=\"https:\/\/www.indea-group.com\/\" target=\"_blank\">\n\n\t\t\t\t\t\t\t\t\t\t\t\t<span class=\"elementor-icon-list-icon\">\n\t\t\t\t\t\t\t<svg aria-hidden=\"true\" class=\"e-font-icon-svg e-fas-link\" viewbox=\"0 0 512 512\" xmlns=\"http:\/\/www.w3.org\/2000\/svg\"><path d=\"M326.612 185.391c59.747 59.809 58.927 155.698.36 214.59-.11.12-.24.25-.36.37l-67.2 67.2c-59.27 59.27-155.699 59.262-214.96 0-59.27-59.26-59.27-155.7 0-214.96l37.106-37.106c9.84-9.84 26.786-3.3 27.294 10.606.648 17.722 3.826 35.527 9.69 52.721 1.986 5.822.567 12.262-3.783 16.612l-13.087 13.087c-28.026 28.026-28.905 73.66-1.155 101.96 28.024 28.579 74.086 28.749 102.325.51l67.2-67.19c28.191-28.191 28.073-73.757 0-101.83-3.701-3.694-7.429-6.564-10.341-8.569a16.037 16.037 0 0 1-6.947-12.606c-.396-10.567 3.348-21.456 11.698-29.806l21.054-21.055c5.521-5.521 14.182-6.199 20.584-1.731a152.482 152.482 0 0 1 20.522 17.197zM467.547 44.449c-59.261-59.262-155.69-59.27-214.96 0l-67.2 67.2c-.12.12-.25.25-.36.37-58.566 58.892-59.387 154.781.36 214.59a152.454 152.454 0 0 0 20.521 17.196c6.402 4.468 15.064 3.789 20.584-1.731l21.054-21.055c8.35-8.35 12.094-19.239 11.698-29.806a16.037 16.037 0 0 0-6.947-12.606c-2.912-2.005-6.64-4.875-10.341-8.569-28.073-28.073-28.191-73.639 0-101.83l67.2-67.19c28.239-28.239 74.3-28.069 102.325.51 27.75 28.3 26.872 73.934-1.155 101.96l-13.087 13.087c-4.35 4.35-5.769 10.79-3.783 16.612 5.864 17.194 9.042 34.999 9.69 52.721.509 13.906 17.454 20.446 27.294 10.606l37.106-37.106c59.271-59.259 59.271-155.699.001-214.959z\"><\/path><\/svg>\t\t\t\t\t\t<\/span>\n\t\t\t\t\t\t\t\t\t\t<span class=\"elementor-icon-list-text\">www.indea-group.com<\/span>\n\t\t\t\t\t\t\t\t\t\t\t<\/a>\n\t\t\t\t\t\t\t\t\t<\/li>\n\t\t\t\t\t\t<\/ul>\n\t\t\t\t<\/div>\n\t\t\t\t<\/div>\n\t\t\t\t<\/div>\n\t\t\t\t\t<\/div>\n\t\t\t\t<\/div>\n\t\t\t\t\t<\/div>\n\t\t\t\t<\/div>\n\t\t\t\t<\/div>\n\t\t\t\t\t<\/div>\n\t\t\t\t<\/div>\n\t\t\t\t<\/div>","protected":false},"excerpt":{"rendered":"<p>Indea Auriense S.A.U. Estructura Indea Auriense S.A.U. se dedica al dise\u00f1o y desarrollo de moldes de inyecci\u00f3n de piezas pl\u00e1sticas [&hellip;]<\/p>","protected":false},"author":1,"featured_media":13260,"parent":60,"menu_order":0,"comment_status":"closed","ping_status":"closed","template":"","meta":{"site-sidebar-layout":"no-sidebar","site-content-layout":"","ast-site-content-layout":"full-width-container","site-content-style":"default","site-sidebar-style":"default","ast-global-header-display":"","ast-banner-title-visibility":"","ast-main-header-display":"","ast-hfb-above-header-display":"","ast-hfb-below-header-display":"","ast-hfb-mobile-header-display":"","site-post-title":"disabled","ast-breadcrumbs-content":"","ast-featured-img":"disabled","footer-sml-layout":"","theme-transparent-header-meta":"","adv-header-id-meta":"","stick-header-meta":"","header-above-stick-meta":"","header-main-stick-meta":"","header-below-stick-meta":"","astra-migrate-meta-layouts":"default","ast-page-background-enabled":"default","ast-page-background-meta":{"desktop":{"background-color":"var(--ast-global-color-4)","background-image":"","background-repeat":"repeat","background-position":"center center","background-size":"auto","background-attachment":"scroll","background-type":"","background-media":"","overlay-type":"","overlay-color":"","overlay-opacity":"","overlay-gradient":""},"tablet":{"background-color":"","background-image":"","background-repeat":"repeat","background-position":"center center","background-size":"auto","background-attachment":"scroll","background-type":"","background-media":"","overlay-type":"","overlay-color":"","overlay-opacity":"","overlay-gradient":""},"mobile":{"background-color":"","background-image":"","background-repeat":"repeat","background-position":"center center","background-size":"auto","background-attachment":"scroll","background-type":"","background-media":"","overlay-type":"","overlay-color":"","overlay-opacity":"","overlay-gradient":""}},"ast-content-background-meta":{"desktop":{"background-color":"var(--ast-global-color-5)","background-image":"","background-repeat":"repeat","background-position":"center center","background-size":"auto","background-attachment":"scroll","background-type":"","background-media":"","overlay-type":"","overlay-color":"","overlay-opacity":"","overlay-gradient":""},"tablet":{"background-color":"var(--ast-global-color-5)","background-image":"","background-repeat":"repeat","background-position":"center center","background-size":"auto","background-attachment":"scroll","background-type":"","background-media":"","overlay-type":"","overlay-color":"","overlay-opacity":"","overlay-gradient":""},"mobile":{"background-color":"var(--ast-global-color-5)","background-image":"","background-repeat":"repeat","background-position":"center center","background-size":"auto","background-attachment":"scroll","background-type":"","background-media":"","overlay-type":"","overlay-color":"","overlay-opacity":"","overlay-gradient":""}},"footnotes":""},"actividad":[83],"provincia":[187],"class_list":["post-11110","page","type-page","status-publish","has-post-thumbnail","hentry","actividad-estructura","provincia-ourense"],"_links":{"self":[{"href":"https:\/\/aclunaga.es\/gl\/wp-json\/wp\/v2\/pages\/11110","targetHints":{"allow":["GET"]}}],"collection":[{"href":"https:\/\/aclunaga.es\/gl\/wp-json\/wp\/v2\/pages"}],"about":[{"href":"https:\/\/aclunaga.es\/gl\/wp-json\/wp\/v2\/types\/page"}],"author":[{"embeddable":true,"href":"https:\/\/aclunaga.es\/gl\/wp-json\/wp\/v2\/users\/1"}],"replies":[{"embeddable":true,"href":"https:\/\/aclunaga.es\/gl\/wp-json\/wp\/v2\/comments?post=11110"}],"version-history":[{"count":13,"href":"https:\/\/aclunaga.es\/gl\/wp-json\/wp\/v2\/pages\/11110\/revisions"}],"predecessor-version":[{"id":13266,"href":"https:\/\/aclunaga.es\/gl\/wp-json\/wp\/v2\/pages\/11110\/revisions\/13266"}],"up":[{"embeddable":true,"href":"https:\/\/aclunaga.es\/gl\/wp-json\/wp\/v2\/pages\/60"}],"wp:featuredmedia":[{"embeddable":true,"href":"https:\/\/aclunaga.es\/gl\/wp-json\/wp\/v2\/media\/13260"}],"wp:attachment":[{"href":"https:\/\/aclunaga.es\/gl\/wp-json\/wp\/v2\/media?parent=11110"}],"wp:term":[{"taxonomy":"actividad","embeddable":true,"href":"https:\/\/aclunaga.es\/gl\/wp-json\/wp\/v2\/actividad?post=11110"},{"taxonomy":"provincia","embeddable":true,"href":"https:\/\/aclunaga.es\/gl\/wp-json\/wp\/v2\/provincia?post=11110"}],"curies":[{"name":"wp","href":"https:\/\/api.w.org\/{rel}","templated":true}]}}