{"id":10,"date":"2024-05-07T08:48:37","date_gmt":"2024-05-07T08:48:37","guid":{"rendered":"https:\/\/aclunaga.es\/?page_id=10"},"modified":"2026-02-25T11:18:02","modified_gmt":"2026-02-25T11:18:02","slug":"mision-y-vision","status":"publish","type":"page","link":"https:\/\/aclunaga.es\/gl\/sobre-nosotros\/mision-y-vision\/","title":{"rendered":"Misi\u00f3n e visi\u00f3n"},"content":{"rendered":"<div data-elementor-type=\"wp-page\" data-elementor-id=\"10\" class=\"elementor elementor-10\">\n\t\t\t\t<div class=\"elementor-element elementor-element-5fcc6a67 e-flex e-con-boxed e-con e-parent\" data-id=\"5fcc6a67\" data-element_type=\"container\" data-settings=\"{&quot;background_background&quot;:&quot;classic&quot;}\">\n\t\t\t\t\t<div class=\"e-con-inner\">\n\t\t<div class=\"elementor-element elementor-element-108b1719 e-con-full e-flex e-con e-child\" data-id=\"108b1719\" data-element_type=\"container\">\n\t\t\t\t<div class=\"elementor-element elementor-element-d88fa07 elementor-widget elementor-widget-text-editor\" data-id=\"d88fa07\" data-element_type=\"widget\" data-widget_type=\"text-editor.default\">\n\t\t\t\t<div class=\"elementor-widget-container\">\n\t\t\t\t\t\t\t<h2>Presentaci\u00f3n<\/h2><p>Dende os d\u00edas da carpinter\u00eda de ribeira ata os grandes estaleiros de hoxe, Galicia acumula unha longa tradici\u00f3n na construci\u00f3n naval. Reco\u00f1ecidos internacionalmente polo noso co\u00f1ecemento adem\u00e1is de fortaleza, unha capacidade para superar adversidades e a vontade de avanzar continuamente.<\/p>\t\t\t\t\t\t<\/div>\n\t\t\t\t<\/div>\n\t\t\t\t<\/div>\n\t\t\t\t\t<\/div>\n\t\t\t\t<\/div>\n\t\t<div class=\"elementor-element elementor-element-3926d6f3 e-flex e-con-boxed e-con e-parent\" data-id=\"3926d6f3\" data-element_type=\"container\" data-settings=\"{&quot;background_background&quot;:&quot;gradient&quot;}\">\n\t\t\t\t\t<div class=\"e-con-inner\">\n\t\t<div class=\"elementor-element elementor-element-86d8603 e-con-full e-flex e-con e-child\" data-id=\"86d8603\" data-element_type=\"container\">\n\t\t\t\t<div class=\"elementor-element elementor-element-fe4482f elementor-widget elementor-widget-text-editor\" data-id=\"fe4482f\" data-element_type=\"widget\" data-widget_type=\"text-editor.default\">\n\t\t\t\t<div class=\"elementor-widget-container\">\n\t\t\t\t\t\t\t<h2><span style=\"font-weight: bold;\">ACLUNAGA<\/span><\/h2><div class=\"wrap mcb-wrap one valign-top clearfix\"><div class=\"mcb-wrap-inner\"><div class=\"column mcb-column one column_visual\"><h3>PUNTO DE ENCONTRO DO SECTOR NAVAL GALEGO<\/h3><p>\u00danica asociaci\u00f3n empresarial espec\u00edfica do sector naval en Galicia<\/p><p>Constitu\u00edda en 1999, a Asociaci\u00f3n Cl\u00faster do Naval de Galicia (ACLUNAGA) foi a segunda agrupaci\u00f3n de empresas que se creou no sector naval espa\u00f1ol baixo o concepto de Cl\u00faster. Trab\u00e1llase desde ent\u00f3n nunha maior diversificaci\u00f3n cara a novos sectores de alto contido tecnol\u00f3xico, ao tempo que o Cl\u00faster consolidouse como o primeiro e principal punto de encontro de todo o entramado empresarial e social que participa na construci\u00f3n naval.<\/p><p>Dende os seus inicios e impulsada pola Conseller\u00eda de Industria, Comercio e Innovaci\u00f3n, os obxectivos de ACLUNAGA centr\u00e1ranse na mellora tecnol\u00f3xica e a investigaci\u00f3n, a sofisticaci\u00f3n produtiva e as melloras de eficiencia, as\u00ed como novos m\u00e9todos de dese\u00f1o de produci\u00f3n e calidade, formaci\u00f3n e organizaci\u00f3n.<\/p><p>A agrupaci\u00f3n de empresas cuxos intereses confl\u00faen na elaboraci\u00f3n de produtos de alta calidade xogou un papel moi relevante en situaci\u00f3ns especialmente delicadas e na \u00faltima crise econ\u00f3mica. A cooperaci\u00f3n empresarial, xunto coa implicaci\u00f3n doutros axentes que inciden no sector (administraci\u00f3n, universidade, sindicatos, asociaci\u00f3ns sectoriais), rev\u00e9lase como un factor estrat\u00e9xico de primeiro nivel para afrontar os retos que se presentan.<\/p><p>Hoxe por hoxe, a traxectoria e experiencia acumuladas polo Cl\u00faster av\u00e1lano non s\u00f3 como a \u00fanica agrupaci\u00f3n espec\u00edfica do naval galego, sen\u00f3n tam\u00e9n como o principal punto de encontro de todo o entramado empresarial (tam\u00e9n social) que participa na produci\u00f3n, na xeraci\u00f3n de valor e nos servizos necesarios para atender as necesidades xeradas arredor da construci\u00f3n naval.<\/p><\/div><\/div><\/div><div class=\"wrap mcb-wrap one valign-top clearfix\"><div class=\"mcb-wrap-inner\"><div class=\"column mcb-column one column_visual\"><h2>ACLUNAGA \u2013 CLAVES:<\/h2><ul><li><strong>\u00daNICA DO SECTOR<\/strong>\u2013 Foi un dos dous primeiros cl\u00fasteres de Espa\u00f1a vinculado \u00e1 construci\u00f3n naval. Hoxe en d\u00eda \u00e9 a \u00fanica agrupaci\u00f3n empresarial espec\u00edfica desta actividade en Galicia.<\/li><\/ul><ul><li><strong>REPRESENTATIVIDADE E COBERTURA<\/strong> \u2013 A larga tradici\u00f3n do sector naval mant\u00e9n a d\u00eda de hoxe a s\u00faa puxanza sobre todo en Ferrol e Vigo e as respectivas \u00e1reas de influencia (a\u00ednda que non as \u00fanicas), onde conta cunha ampla presencia e representatividade.<\/li><\/ul><ul><li><strong>CL\u00daSTER<\/strong> \u2013 T\u00f3dalas actividades empresariais que interve\u00f1en nos proxectos de construci\u00f3n naval est\u00e1n amplamente representadas no seo de ACLUANAGA.<\/li><\/ul><p>Na actualidade, no Cl\u00faster participan empresas cuxos produtos e servizos cobren todos os segmentos da cadea de valor da construci\u00f3n naval, desde estaleiros e enxe\u00f1ar\u00edas ata sociedades de clasificaci\u00f3n e certificadoras, pasando por empresas provedoras de bens de equipo e subministraci\u00f3ns, empresas habilitadoras, instaladores ou empresas do metal. Deste xeito, o primeiro obxectivo de ACLUNAGA, consistente en converterse na instituci\u00f3n que m\u00e1is fielmente reflicte e representa o sector naval galego, est\u00e1 logrado. E consolidado.<\/p><\/div><div class=\"column mcb-column one column_visual\"><h2>ACLUNAGA EN CIFRAS:<\/h2><p>O cl\u00faster conta actualmente con m\u00e1is de 130 asociados e abarca a pr\u00e1ctica totalidade da cadea de valor do sector.<br \/>Cadea de valor do sector naval galego integrada en ACLUNAGA<\/p><ul><li>12 estaleiros<\/li><li>101 empresas da industria auxiliar<\/li><li>7 instituci\u00f3n de apoio (administraci\u00f3n p\u00fablica e asociaci\u00f3ns profesionais)<\/li><li>4 organismos de I+D+i e entorno educativo<\/li><li>6 entidades de servizos de apoio<\/li><\/ul><p>O \u00e1mbito xeogr\u00e1fico da Asociaci\u00f3n conc\u00e9ntrase principalmente nas provincias de Pontevedra e A Coru\u00f1a.<\/p><ul><li>51% Pontevedra<\/li><li>42% A Coru\u00f1a<\/li><li>2% Lugo<\/li><li>1% Ourense<\/li><li>4% Outras<\/li><\/ul><\/div><\/div><\/div>\t\t\t\t\t\t<\/div>\n\t\t\t\t<\/div>\n\t\t\t\t<\/div>\n\t\t<div class=\"elementor-element elementor-element-c405d90 e-con-full e-flex e-con e-child\" data-id=\"c405d90\" data-element_type=\"container\">\n\t\t\t\t<div class=\"elementor-element elementor-element-cc44886 elementor-widget elementor-widget-text-editor\" data-id=\"cc44886\" data-element_type=\"widget\" data-widget_type=\"text-editor.default\">\n\t\t\t\t<div class=\"elementor-widget-container\">\n\t\t\t\t\t\t\t<h4><span style=\"color: #ffffff;\"><strong>OBXECTIVOS<\/strong><\/span><\/h4><ol><li class=\" translation-block\"><span style=\"color: #fbc334\">Establecer<\/span> un sistema de cooperaci\u00f3n entre todos os asociados para unificar criterios e utilizar os mesmos procedementos produtivos. Ap\u00f3stase, ademais, pola colaboraci\u00f3n cos \u00f3rganos administrativos para lograr un \u00f3ptimo desenvolvemento empresarial.<\/li><li class=\" translation-block\"><span style=\"color: #fbc334\">Incrementar<\/span> o nivel de calidade produtiva dos asociados e lograr a homologaci\u00f3n dos produtos elaborados polos asociados, mediante a obtenci\u00f3n dos correspondentes certificados ISO.<\/li><li class=\" translation-block\"><span style=\"color: #fbc334\">Fomentar<\/span> o desenvolvemento da actividade industrial e a reduci\u00f3n dos custos, unindo vontades e esforzos para incrementar o papel da industria auxiliar.<\/li><li class=\" translation-block\"><span style=\"color: #fbc334\">Establecemento<\/span> con todos os asociados dun r\u00e9xime e normas de seguridade e prevenci\u00f3n de riscos laborais, as\u00ed como de protecci\u00f3n medioambiental, para o riguroso cumprimento das disposici\u00f3ns<\/li><li class=\" translation-block\"><span style=\"color: #fbc334\">Divulgar<\/span> as actividades empresariais e profesionais desenvolvidas polos asociados. Lograr, ao mesmo tempo, a complicidade cos medios de comunicaci\u00f3n, co fin de lograr a s\u00faa cooperaci\u00f3n para a difusi\u00f3n destas actividades e, especialmente, dos fins da agrupaci\u00f3n.<\/li><li class=\" translation-block\"><span style=\"color: #fbc334\">Realizar<\/span> a maior difusi\u00f3n das innovaci\u00f3ns, estudos e actividades que leve a cabo a Asociaci\u00f3n.<\/li><li class=\" translation-block\"><span style=\"color: #fbc334\">Fomentar, coordinar e desenvolver<\/span> cursos, formaci\u00f3ns, seminarios e programas educativos tendentes \u00e1 formaci\u00f3n profesional e cualificaci\u00f3ns en materia empresarial da actividade que desenvolven as empresas auxiliares do naval.<\/li><li class=\" translation-block\"><span style=\"color: #fbc334\">Propiciar<\/span> as relaci\u00f3ns con entidades nacionais e estranxeiras que persigan fins semellantes.<\/li><\/ol><div class=\"column mcb-column one column_visual\"><h2>\u00a0<\/h2><h2>ACLUNAGA \u00c9 TAM\u00c9N:<\/h2><ul><li>Socia fundadora do <strong>Cl\u00faster Mar\u00edtimo Espa\u00f1ol<\/strong>.<\/li><li>Fundadora do primeiro\u00a0<strong>Digital Innovation Hub industrial galego, DIHGIGAL<\/strong>, xunto con CEAGA, CLUSAGA e o Cl\u00faster TIC.<\/li><li>Patrona da <strong>Fundaci\u00f3n Centro Tecnol\u00f3xico do Naval de Galicia<\/strong> (CETNAGA).<\/li><li>Membro, xunto ao Foro Mar\u00edtimo Vasco, da <strong>Asociaci\u00f3n Espa\u00f1ola da Industria Auxiliar<\/strong>, AEDIMAR.<\/li><li>Presidencia do <strong>Comit\u00e9 para o Di\u00e1logo Social<\/strong> ante a COmisi\u00f3n Europea-Sea Europe.<\/li><li>Vocal do <strong>Comit\u00e9 de Directores de SEA Europe<\/strong>.<\/li><li>Inscrita no <strong>Rexistro de Agrupaci\u00f3ns Empresariais Innovadoras Excelentes<\/strong> do Ministerio de Industria Turismo e Comercio.<\/li><li>Promotora da <strong>Plataforma Tecnol\u00f3xica da Construcci\u00f3n Naval de Galicia<\/strong>.<\/li><li>Promotora do <strong>Foro de Prevenci\u00f3n no Naval<\/strong>.<\/li><li>Membro colaborador do <strong>Campus do Mar da Universidade de Vigo<\/strong>.<\/li><li>Membro do <strong>Foro de Enerx\u00edas Renovables de Galicia<\/strong>.<\/li><\/ul><\/div><div class=\"column mcb-column one column_visual\"><h2>\u00a0<\/h2><h2>PREMIOS E DISTINCI\u00d3NS:<\/h2><ul><li><span style=\"color: #fbc334;\">Premio Proxecto Piloto Industria 4.0<\/span>: anos 2017 e 2018.<\/li><li><span style=\"color: #fbc334;\">Premio Miguel Pardo \u00e1 calidade en formaci\u00f3n da Industria Auxiliar do Naval<\/span> (Cl\u00faster Mar\u00edtimo Espa\u00f1ol): ano 2009.<\/li><li><span style=\"color: #fbc334;\">Medalla de Ouro do Porto de Vigo<\/span>: ano 2008.<\/li><\/ul><p>\u00a0<\/p><\/div><div class=\"column mcb-column one column_visual\"><h2>ACTUACI\u00d3NS DESTACADAS DE ACLUNAGA:<\/h2><ul><li><span style=\"color: #fbc334;\">Proyecto\u00a0<em>RESURGAM<\/em><\/span>\u00a0(Inspecci\u00f3n, reparaci\u00f3n y fabricaci\u00f3n rob\u00f3tica. Introducci\u00f3n de la soldadura Friction Stir Welding de alta productividad en los astilleros europeos)<\/li><li class=\" translation-block\"><span style=\"color: #fbc334\">Proxecto\u00a0<em>IN 4.0<\/em><\/span>\u00a0(adaptaci\u00f3n do modelo da Industria 4.0 ao Sector da Construci\u00f3n Naval Galego)<\/li><li class=\" translation-block\"><span style=\"color: #fbc334\">Proxecto\u00a0<em>MANUFACTUR 4.0<\/em>\u00a0<\/span>(desenvolvemento e implementaci\u00f3n de tecnolox\u00edas intelixentes e innovadoras nos sectores naval e metalmec\u00e1nico)<\/li><li class=\" translation-block\"><span style=\"color: #fbc334\">Proxecto\u00a0<em>CONSORTEX<\/em>\u00a0<\/span>(formaci\u00f3n de consorcios de exportaci\u00f3n na internacionalizaci\u00f3n europea)<\/li><li class=\" translation-block\"><span style=\"color: #fbc334\">Proxecto<em>\u00a0SHIPBUILDING 4.0<\/em><\/span>, cara \u00e1 industria robotizada, 2015<\/li><li><span style=\"color: #fbc334;\">Medici\u00f3n conxunta de Espazos Confinados en Navantia para a Industria Auxiliar<\/span>, 2010<\/li><li><span style=\"color: #fbc334;\">Plataforma tecnol\u00f3xica do Sector Naval<\/span>, 2010<\/li><li class=\" translation-block\"><span style=\"color: #fbc334\">Proxecto\u00a0<em>REFRESH<\/em>\u00a0do S\u00e9timo Programa Marco<\/span>, 2010.<\/li><li><span style=\"color: #fbc334;\">Plan de Formaci\u00f3n para o sector naval galego<\/span>, 2009, 2004, 2001<\/li><li class=\" translation-block\"><span style=\"color: #fbc334\">Proxecto\u00a0<em>AUXNAVALIA<\/em>\u00a0de mellora da competitividade da IAC, cofinanciado polo Espacio Atl\u00e1ntico<\/span>, 2009<\/li><li><span style=\"color: #fbc334;\">Promotor do Centro Tecnol\u00f3xico do Naval Galego, CETNAGA<\/span>, 2008<\/li><li><span style=\"color: #fbc334;\">Proxecto de Control de Acceso a Estaleiros<\/span>, 2008.<\/li><li class=\" translation-block\"><span style=\"color: #fbc334\">Proxecto\u00a0<em>INVIRNAGA<\/em>, dese\u00f1o de ferramenta de dese\u00f1o naval universal<\/span>, 2003<\/li><\/ul><\/div>\t\t\t\t\t\t<\/div>\n\t\t\t\t<\/div>\n\t\t\t\t<\/div>\n\t\t<div class=\"elementor-element elementor-element-906ba72 e-con-full e-flex e-con e-child\" data-id=\"906ba72\" data-element_type=\"container\">\n\t\t\t\t<div class=\"elementor-element elementor-element-f7b154f elementor-widget elementor-widget-button\" data-id=\"f7b154f\" data-element_type=\"widget\" data-widget_type=\"button.default\">\n\t\t\t\t<div class=\"elementor-widget-container\">\n\t\t\t\t\t\t\t<div class=\"elementor-button-wrapper\">\n\t\t\t\t\t<a class=\"elementor-button elementor-button-link elementor-size-sm\" href=\"https:\/\/aclunaga.es\/gl\/estatutos-de-aclunaga\/\">\n\t\t\t\t\t\t<span class=\"elementor-button-content-wrapper\">\n\t\t\t\t\t\t<span class=\"elementor-button-icon\">\n\t\t\t\t<svg aria-hidden=\"true\" class=\"e-font-icon-svg e-fas-book\" viewbox=\"0 0 448 512\" xmlns=\"http:\/\/www.w3.org\/2000\/svg\"><path d=\"M448 360V24c0-13.3-10.7-24-24-24H96C43 0 0 43 0 96v320c0 53 43 96 96 96h328c13.3 0 24-10.7 24-24v-16c0-7.5-3.5-14.3-8.9-18.7-4.2-15.4-4.2-59.3 0-74.7 5.4-4.3 8.9-11.1 8.9-18.6zM128 134c0-3.3 2.7-6 6-6h212c3.3 0 6 2.7 6 6v20c0 3.3-2.7 6-6 6H134c-3.3 0-6-2.7-6-6v-20zm0 64c0-3.3 2.7-6 6-6h212c3.3 0 6 2.7 6 6v20c0 3.3-2.7 6-6 6H134c-3.3 0-6-2.7-6-6v-20zm253.4 250H96c-17.7 0-32-14.3-32-32 0-17.6 14.4-32 32-32h285.4c-1.9 17.1-1.9 46.9 0 64z\"><\/path><\/svg>\t\t\t<\/span>\n\t\t\t\t\t\t\t\t\t<span class=\"elementor-button-text\">ESTATUTOS ACLUNAGA<\/span>\n\t\t\t\t\t<\/span>\n\t\t\t\t\t<\/a>\n\t\t\t\t<\/div>\n\t\t\t\t\t\t<\/div>\n\t\t\t\t<\/div>\n\t\t\t\t<div class=\"elementor-element elementor-element-443b20a elementor-widget elementor-widget-button\" data-id=\"443b20a\" data-element_type=\"widget\" data-widget_type=\"button.default\">\n\t\t\t\t<div class=\"elementor-widget-container\">\n\t\t\t\t\t\t\t<div class=\"elementor-button-wrapper\">\n\t\t\t\t\t<a class=\"elementor-button elementor-button-link elementor-size-sm\" href=\"https:\/\/aclunaga.es\/wp-content\/uploads\/PRESENTACION_castellano.25022026.pdf\" target=\"_blank\">\n\t\t\t\t\t\t<span class=\"elementor-button-content-wrapper\">\n\t\t\t\t\t\t<span class=\"elementor-button-icon\">\n\t\t\t\t<svg aria-hidden=\"true\" class=\"e-font-icon-svg e-far-file-pdf\" viewbox=\"0 0 384 512\" xmlns=\"http:\/\/www.w3.org\/2000\/svg\"><path d=\"M369.9 97.9L286 14C277 5 264.8-.1 252.1-.1H48C21.5 0 0 21.5 0 48v416c0 26.5 21.5 48 48 48h288c26.5 0 48-21.5 48-48V131.9c0-12.7-5.1-25-14.1-34zM332.1 128H256V51.9l76.1 76.1zM48 464V48h160v104c0 13.3 10.7 24 24 24h104v288H48zm250.2-143.7c-12.2-12-47-8.7-64.4-6.5-17.2-10.5-28.7-25-36.8-46.3 3.9-16.1 10.1-40.6 5.4-56-4.2-26.2-37.8-23.6-42.6-5.9-4.4 16.1-.4 38.5 7 67.1-10 23.9-24.9 56-35.4 74.4-20 10.3-47 26.2-51 46.2-3.3 15.8 26 55.2 76.1-31.2 22.4-7.4 46.8-16.5 68.4-20.1 18.9 10.2 41 17 55.8 17 25.5 0 28-28.2 17.5-38.7zm-198.1 77.8c5.1-13.7 24.5-29.5 30.4-35-19 30.3-30.4 35.7-30.4 35zm81.6-190.6c7.4 0 6.7 32.1 1.8 40.8-4.4-13.9-4.3-40.8-1.8-40.8zm-24.4 136.6c9.7-16.9 18-37 24.7-54.7 8.3 15.1 18.9 27.2 30.1 35.5-20.8 4.3-38.9 13.1-54.8 19.2zm131.6-5s-5 6-37.3-7.8c35.1-2.6 40.9 5.4 37.3 7.8z\"><\/path><\/svg>\t\t\t<\/span>\n\t\t\t\t\t\t\t\t\t<span class=\"elementor-button-text\">Presentaci\u00f3n ACLUNAGA<\/span>\n\t\t\t\t\t<\/span>\n\t\t\t\t\t<\/a>\n\t\t\t\t<\/div>\n\t\t\t\t\t\t<\/div>\n\t\t\t\t<\/div>\n\t\t\t\t<\/div>\n\t\t\t\t\t<\/div>\n\t\t\t\t<\/div>\n\t\t\t\t<\/div>","protected":false},"excerpt":{"rendered":"<p>Presentaci\u00f3n Desde los d\u00edas de las carpinter\u00edas de ribera hasta los grandes astilleros de hoy, Galicia acumula una larga tradici\u00f3n [&hellip;]<\/p>","protected":false},"author":1,"featured_media":0,"parent":2968,"menu_order":0,"comment_status":"closed","ping_status":"closed","template":"","meta":{"site-sidebar-layout":"default","site-content-layout":"","ast-site-content-layout":"","site-content-style":"default","site-sidebar-style":"default","ast-global-header-display":"","ast-banner-title-visibility":"","ast-main-header-display":"","ast-hfb-above-header-display":"","ast-hfb-below-header-display":"","ast-hfb-mobile-header-display":"","site-post-title":"","ast-breadcrumbs-content":"","ast-featured-img":"","footer-sml-layout":"","theme-transparent-header-meta":"","adv-header-id-meta":"","stick-header-meta":"","header-above-stick-meta":"","header-main-stick-meta":"","header-below-stick-meta":"","astra-migrate-meta-layouts":"default","ast-page-background-enabled":"default","ast-page-background-meta":{"desktop":{"background-color":"var(--ast-global-color-4)","background-image":"","background-repeat":"repeat","background-position":"center center","background-size":"auto","background-attachment":"scroll","background-type":"","background-media":"","overlay-type":"","overlay-color":"","overlay-opacity":"","overlay-gradient":""},"tablet":{"background-color":"","background-image":"","background-repeat":"repeat","background-position":"center center","background-size":"auto","background-attachment":"scroll","background-type":"","background-media":"","overlay-type":"","overlay-color":"","overlay-opacity":"","overlay-gradient":""},"mobile":{"background-color":"","background-image":"","background-repeat":"repeat","background-position":"center center","background-size":"auto","background-attachment":"scroll","background-type":"","background-media":"","overlay-type":"","overlay-color":"","overlay-opacity":"","overlay-gradient":""}},"ast-content-background-meta":{"desktop":{"background-color":"var(--ast-global-color-5)","background-image":"","background-repeat":"repeat","background-position":"center center","background-size":"auto","background-attachment":"scroll","background-type":"","background-media":"","overlay-type":"","overlay-color":"","overlay-opacity":"","overlay-gradient":""},"tablet":{"background-color":"var(--ast-global-color-5)","background-image":"","background-repeat":"repeat","background-position":"center center","background-size":"auto","background-attachment":"scroll","background-type":"","background-media":"","overlay-type":"","overlay-color":"","overlay-opacity":"","overlay-gradient":""},"mobile":{"background-color":"var(--ast-global-color-5)","background-image":"","background-repeat":"repeat","background-position":"center center","background-size":"auto","background-attachment":"scroll","background-type":"","background-media":"","overlay-type":"","overlay-color":"","overlay-opacity":"","overlay-gradient":""}},"footnotes":""},"actividad":[],"provincia":[],"class_list":["post-10","page","type-page","status-publish","hentry"],"_links":{"self":[{"href":"https:\/\/aclunaga.es\/gl\/wp-json\/wp\/v2\/pages\/10","targetHints":{"allow":["GET"]}}],"collection":[{"href":"https:\/\/aclunaga.es\/gl\/wp-json\/wp\/v2\/pages"}],"about":[{"href":"https:\/\/aclunaga.es\/gl\/wp-json\/wp\/v2\/types\/page"}],"author":[{"embeddable":true,"href":"https:\/\/aclunaga.es\/gl\/wp-json\/wp\/v2\/users\/1"}],"replies":[{"embeddable":true,"href":"https:\/\/aclunaga.es\/gl\/wp-json\/wp\/v2\/comments?post=10"}],"version-history":[{"count":81,"href":"https:\/\/aclunaga.es\/gl\/wp-json\/wp\/v2\/pages\/10\/revisions"}],"predecessor-version":[{"id":14533,"href":"https:\/\/aclunaga.es\/gl\/wp-json\/wp\/v2\/pages\/10\/revisions\/14533"}],"up":[{"embeddable":true,"href":"https:\/\/aclunaga.es\/gl\/wp-json\/wp\/v2\/pages\/2968"}],"wp:attachment":[{"href":"https:\/\/aclunaga.es\/gl\/wp-json\/wp\/v2\/media?parent=10"}],"wp:term":[{"taxonomy":"actividad","embeddable":true,"href":"https:\/\/aclunaga.es\/gl\/wp-json\/wp\/v2\/actividad?post=10"},{"taxonomy":"provincia","embeddable":true,"href":"https:\/\/aclunaga.es\/gl\/wp-json\/wp\/v2\/provincia?post=10"}],"curies":[{"name":"wp","href":"https:\/\/api.w.org\/{rel}","templated":true}]}}