{"id":7377,"date":"2025-07-22T11:32:00","date_gmt":"2025-07-22T11:32:00","guid":{"rendered":"https:\/\/aclunaga.es\/?page_id=7377"},"modified":"2026-01-14T12:33:37","modified_gmt":"2026-01-14T12:33:37","slug":"formacion-para-trabajadores-y-desempleados-en-galicia","status":"publish","type":"page","link":"https:\/\/aclunaga.es\/en\/servicios\/formacion\/formacion-para-trabajadores-y-desempleados-en-galicia\/","title":{"rendered":"Training for workers and unemployed in Galicia"},"content":{"rendered":"<div data-elementor-type=\"wp-page\" data-elementor-id=\"7377\" class=\"elementor elementor-7377\">\n\t\t\t\t<div class=\"elementor-element elementor-element-24277fa6 e-flex e-con-boxed e-con e-parent\" data-id=\"24277fa6\" data-element_type=\"container\" data-settings=\"{&quot;background_background&quot;:&quot;classic&quot;}\">\n\t\t\t\t\t<div class=\"e-con-inner\">\n\t\t<div class=\"elementor-element elementor-element-4fb558b2 e-con-full e-flex e-con e-child\" data-id=\"4fb558b2\" data-element_type=\"container\">\n\t\t\t\t<div class=\"elementor-element elementor-element-5467e31 elementor-widget elementor-widget-text-editor\" data-id=\"5467e31\" data-element_type=\"widget\" data-widget_type=\"text-editor.default\">\n\t\t\t\t<div class=\"elementor-widget-container\">\n\t\t\t\t\t\t\t<h2>Training for workers and unemployed in Galicia<\/h2><p><span style=\"font-weight: 400;\">Convenio de colaboraci\u00f3n da Conseller\u00eda de Emprego, Comercio e Emigraci\u00f3n e o Asociaci\u00f3n Cl\u00faster del Naval Gallego para a realizaci\u00f3n de acci\u00f3n formativas de cualificaci\u00f3n e recualificaci\u00f3n da poboaci\u00f3n activa en sectores estrat\u00e9xicos e mellora das capacidades para a transici\u00f3n ecol\u00f3xica no marco do Plan de Recuperaci\u00f3n, Transformaci\u00f3n e Resiliencia.<\/span><\/p>\t\t\t\t\t\t<\/div>\n\t\t\t\t<\/div>\n\t\t\t\t<\/div>\n\t\t\t\t\t<\/div>\n\t\t\t\t<\/div>\n\t\t<div class=\"elementor-element elementor-element-2bba0d8 e-flex e-con-boxed e-con e-parent\" data-id=\"2bba0d8\" data-element_type=\"container\">\n\t\t\t\t\t<div class=\"e-con-inner\">\n\t\t<div class=\"elementor-element elementor-element-e71f743 e-con-full e-flex e-con e-child\" data-id=\"e71f743\" data-element_type=\"container\">\n\t\t<div class=\"elementor-element elementor-element-2fd3694 e-con-full e-flex e-con e-child\" data-id=\"2fd3694\" data-element_type=\"container\">\n\t\t\t\t<div class=\"elementor-element elementor-element-24abffe elementor-widget__width-initial elementor-widget elementor-widget-image\" data-id=\"24abffe\" data-element_type=\"widget\" data-widget_type=\"image.default\">\n\t\t\t\t<div class=\"elementor-widget-container\">\n\t\t\t\t\t\t\t\t\t\t\t\t\t\t<a href=\"https:\/\/aclunaga.es\/wp-content\/uploads\/2024\/09\/Convenio-Xunta-1.png\" data-elementor-open-lightbox=\"yes\" data-elementor-lightbox-title=\"Convenio Xunta 1\" data-e-action-hash=\"#elementor-action%3Aaction%3Dlightbox%26settings%3DeyJpZCI6NzM5MiwidXJsIjoiaHR0cHM6XC9cL2FjbHVuYWdhLmVzXC93cC1jb250ZW50XC91cGxvYWRzXC8yMDI0XC8wOVwvQ29udmVuaW8tWHVudGEtMS5wbmcifQ%3D%3D\">\n\t\t\t\t\t\t\t<img fetchpriority=\"high\" decoding=\"async\" width=\"1000\" height=\"900\" src=\"https:\/\/aclunaga.es\/wp-content\/uploads\/2024\/09\/Convenio-Xunta-1.png\" class=\"attachment-large size-large wp-image-7392\" alt=\"\" srcset=\"https:\/\/aclunaga.es\/wp-content\/uploads\/2024\/09\/Convenio-Xunta-1.png 1000w, https:\/\/aclunaga.es\/wp-content\/uploads\/2024\/09\/Convenio-Xunta-1-300x270.png 300w, https:\/\/aclunaga.es\/wp-content\/uploads\/2024\/09\/Convenio-Xunta-1-768x691.png 768w, https:\/\/aclunaga.es\/wp-content\/uploads\/2024\/09\/Convenio-Xunta-1-13x12.png 13w\" sizes=\"(max-width: 1000px) 100vw, 1000px\" \/>\t\t\t\t\t\t\t\t<\/a>\n\t\t\t\t\t\t\t\t\t\t\t\t\t<\/div>\n\t\t\t\t<\/div>\n\t\t<div class=\"elementor-element elementor-element-00dc49a e-con-full e-flex e-con e-child\" data-id=\"00dc49a\" data-element_type=\"container\">\n\t\t\t\t<div class=\"elementor-element elementor-element-cc9449c elementor-widget elementor-widget-heading\" data-id=\"cc9449c\" data-element_type=\"widget\" data-widget_type=\"heading.default\">\n\t\t\t\t<div class=\"elementor-widget-container\">\n\t\t\t<h3 class=\"elementor-heading-title elementor-size-default\">Echa un vistazo a los temarios  de cada curso y participa<\/h3>\t\t<\/div>\n\t\t\t\t<\/div>\n\t\t\t\t<\/div>\n\t\t<div class=\"elementor-element elementor-element-eb3c9a4 e-con-full e-flex e-con e-child\" data-id=\"eb3c9a4\" data-element_type=\"container\">\n\t\t\t\t<div class=\"elementor-element elementor-element-1677c86 elementor-align-center elementor-hidden-desktop elementor-hidden-tablet elementor-hidden-mobile elementor-widget elementor-widget-button\" data-id=\"1677c86\" data-element_type=\"widget\" data-widget_type=\"button.default\">\n\t\t\t\t<div class=\"elementor-widget-container\">\n\t\t\t\t\t\t\t<div class=\"elementor-button-wrapper\">\n\t\t\t\t\t<a class=\"elementor-button elementor-button-link elementor-size-sm\" href=\"https:\/\/docs.google.com\/forms\/d\/e\/1FAIpQLSdIOSQ2bRUIWejKV290iu-rEpvlD9fOrlGycB3Ecexf182Ztg\/viewform\" target=\"_blank\">\n\t\t\t\t\t\t<span class=\"elementor-button-content-wrapper\">\n\t\t\t\t\t\t\t\t\t<span class=\"elementor-button-text\">\u00a1INSCR\u00cdBETE AQU\u00cd!<\/span>\n\t\t\t\t\t<\/span>\n\t\t\t\t\t<\/a>\n\t\t\t\t<\/div>\n\t\t\t\t\t\t<\/div>\n\t\t\t\t<\/div>\n\t\t\t\t<\/div>\n\t\t\t\t<\/div>\n\t\t\t\t<\/div>\n\t\t<div class=\"elementor-element elementor-element-f6dad04 e-con-full e-flex e-con e-child\" data-id=\"f6dad04\" data-element_type=\"container\" data-settings=\"{&quot;background_background&quot;:&quot;classic&quot;}\">\n\t\t\t\t<div class=\"elementor-element elementor-element-ef3b41f elementor-widget elementor-widget-text-editor\" data-id=\"ef3b41f\" data-element_type=\"widget\" data-widget_type=\"text-editor.default\">\n\t\t\t\t<div class=\"elementor-widget-container\">\n\t\t\t\t\t\t\t<h4><span style=\"color: #fbc334;\">LISTA DE CURSOS<\/span><\/h4><hr \/><p><strong>Ms Project<\/strong> | <strong><a href=\"https:\/\/aclunaga.es\/wp-content\/uploads\/Ms-Project.pdf\"><span style=\"color: #fbc334;\">Ver temario<\/span><\/a><\/strong> &#8211; 30 horas\u00a0 <span style=\"color: #ff6600;\">(convocatoria finalizada)\u00a0<\/span> \u00a0 \u00a0 \u00a0 \u00a0 \u00a0 \u00a0 \u00a0 \u00a0 \u00a0 \u00a0 \u00a0 \u00a0 \u00a0 \u00a0 \u00a0 \u00a0 \u00a0 \u00a0 \u00a0 \u00a0 \u00a0 \u00a0 \u00a0 \u00a0 \u00a0 \u00a0 \u00a0 \u00a0 \u00a0 \u00a0 \u00a0 \u00a0 \u00a0 \u00a0 \u00a0 \u00a0 \u00a0 \u00a0 \u00a0 \u00a0 \u00a0 \u00a0 \u00a0 \u00a0 \u00a0 \u00a0 \u00a0 \u00a0\u00a0<\/p><p><strong>Rhinoceros 7.0 Avanzado<\/strong>\u00a0| <strong><a href=\"https:\/\/aclunaga.es\/wp-content\/uploads\/Rhinoceros-Avanzado-1.pdf\"><span style=\"color: #fbc334;\">Ver temario<\/span><\/a><\/strong> &#8211; 40 horas\u00a0 <span style=\"color: #ff6600;\">(convocatoria finalizada)<\/span> \u00a0 \u00a0 \u00a0 \u00a0 \u00a0 \u00a0 \u00a0 \u00a0 \u00a0 \u00a0 \u00a0 \u00a0 \u00a0 \u00a0 \u00a0 \u00a0 \u00a0 \u00a0 \u00a0 \u00a0 \u00a0 \u00a0 \u00a0 \u00a0 \u00a0 \u00a0 \u00a0 \u00a0 \u00a0 \u00a0 \u00a0 \u00a0\u00a0<\/p><p><strong>POWER BI DESKTOP INTERMEDIO. Creaci\u00f3n de Modelos y an\u00e1lisis de Datos<\/strong> \u00a0\u00a0 \u00a0\u00a0 \u00a0\u00a0 \u00a0<a href=\"https:\/\/aclunaga.es\/wp-content\/uploads\/POWER-BI-DESKTOP-INTERMEDIO-Creacion-de-Modelos-y-Analisis-de-Datos-1.pdf\"><span style=\"color: #fbc334;\"><strong>Ver temario<\/strong><\/span><\/a> &#8211; 30 horas\u00a0 \u00a0 <span style=\"color: #ff6600;\">(convocatoria finalizada)<\/span>\u00a0 \u00a0 \u00a0 \u00a0 \u00a0 \u00a0 \u00a0 \u00a0 \u00a0 \u00a0 \u00a0 \u00a0 \u00a0 \u00a0 \u00a0 \u00a0 \u00a0 \u00a0 \u00a0 \u00a0 \u00a0 \u00a0 \u00a0 \u00a0 \u00a0 \u00a0 \u00a0 \u00a0 \u00a0 \u00a0 \u00a0 \u00a0 \u00a0 \u00a0 \u00a0 \u00a0 \u00a0 \u00a0 \u00a0 \u00a0 \u00a0 \u00a0 \u00a0 \u00a0 \u00a0 \u00a0 \u00a0 \u00a0 \u00a0 \u00a0 \u00a0 \u00a0 \u00a0 \u00a0 \u00a0 \u00a0 \u00a0 \u00a0 \u00a0 \u00a0 \u00a0\u00a0<\/p><p><b>Herramientas ofim\u00e1ticas de gesti\u00f3n en el sector naval. Excel nivel avanzado\u00a0 \u00a0 \u00a0 \u00a0<\/b><a href=\"https:\/\/aclunaga.es\/wp-content\/uploads\/Herramientas-ofimaticas-de-gestion-en-el-sector-naval.-Excel-nivel-Avanzado-1.pdf\"><strong><span style=\"color: #fbc334;\">Ver temario<\/span><\/strong><\/a> &#8211; 30 horas\u00a0 <span style=\"color: #ff6600;\">(convocatoria finalizada)<\/span> \u00a0 \u00a0 \u00a0 \u00a0 \u00a0 \u00a0 \u00a0 \u00a0 \u00a0 \u00a0 \u00a0 \u00a0 \u00a0 \u00a0 \u00a0 \u00a0 \u00a0 \u00a0 \u00a0 \u00a0 \u00a0 \u00a0 \u00a0 \u00a0 \u00a0 \u00a0 \u00a0 \u00a0 \u00a0 \u00a0 \u00a0 \u00a0 \u00a0 \u00a0 \u00a0 \u00a0 \u00a0 \u00a0 \u00a0 \u00a0 \u00a0 \u00a0 \u00a0 \u00a0 \u00a0 \u00a0 \u00a0 \u00a0 \u00a0 \u00a0 \u00a0 \u00a0 \u00a0 \u00a0 \u00a0 \u00a0 \u00a0 \u00a0 \u00a0 \u00a0\u00a0<\/p><p><b>Delineaci\u00f3n naval<\/b>| <a href=\"https:\/\/aclunaga.es\/wp-content\/uploads\/Delineacion-Naval-2.pdf\"><strong><span style=\"color: #fbc334;\">Ver temario<\/span><\/strong><\/a> &#8211; 30 horas\u00a0 <span style=\"color: #ff6600;\">(convocatoria finalizada)<\/span>\u00a0 \u00a0 \u00a0 \u00a0 \u00a0 \u00a0 \u00a0 \u00a0 \u00a0 \u00a0 \u00a0 \u00a0 \u00a0 \u00a0 \u00a0 \u00a0 \u00a0 \u00a0 \u00a0 \u00a0 \u00a0 \u00a0 \u00a0 \u00a0 \u00a0 \u00a0 \u00a0 \u00a0 \u00a0 \u00a0 \u00a0 \u00a0 \u00a0 \u00a0 \u00a0 \u00a0 \u00a0 \u00a0 \u00a0 \u00a0 \u00a0 \u00a0<\/p><p><b>Fundamentos de Direcci\u00f3n y Gesti\u00f3n de Proyectos Navales<\/b>\u00a0 \u00a0 \u00a0 \u00a0 \u00a0 \u00a0 \u00a0 \u00a0 \u00a0 \u00a0 \u00a0 \u00a0 \u00a0 \u00a0 \u00a0 \u00a0 \u00a0 \u00a0 \u00a0 \u00a0 \u00a0 \u00a0 <a href=\"https:\/\/aclunaga.es\/wp-content\/uploads\/Fundamentos-de-Direccion-y-Gestion-de-Proyectos-Navales.pdf\"><strong><span style=\"color: #fbc334;\">Ver temario<\/span><\/strong><\/a> &#8211; 40 horas\u00a0 <span style=\"color: #ff6600;\">(convocatoria finalizada)<\/span> \u00a0 \u00a0 \u00a0 \u00a0 \u00a0 \u00a0 \u00a0 \u00a0 \u00a0 \u00a0 \u00a0 \u00a0 \u00a0 \u00a0 \u00a0 \u00a0 \u00a0 \u00a0 \u00a0 \u00a0 \u00a0 \u00a0 \u00a0 \u00a0 \u00a0 \u00a0 \u00a0 \u00a0 \u00a0 \u00a0 \u00a0 \u00a0 \u00a0 \u00a0 \u00a0 \u00a0 \u00a0 \u00a0 \u00a0 \u00a0 \u00a0 \u00a0 \u00a0 \u00a0 \u00a0 \u00a0 \u00a0 \u00a0 \u00a0 \u00a0 \u00a0 \u00a0 \u00a0 \u00a0 \u00a0 \u00a0 \u00a0 \u00a0 \u00a0 \u00a0 \u00a0<\/p><p><b>Solidworks Avanzado<\/b>| <a href=\"https:\/\/aclunaga.es\/wp-content\/uploads\/Solidworks-Avanzado.pdf\"><strong><span style=\"color: #fbc334;\">Ver temario<\/span><\/strong><\/a> &#8211; 36 horas\u00a0 <span style=\"color: #ff6600;\">(convocatoria finalizada)<\/span> \u00a0 \u00a0 \u00a0 \u00a0 \u00a0 \u00a0 \u00a0 \u00a0 \u00a0 \u00a0 \u00a0 \u00a0 \u00a0 \u00a0 \u00a0 \u00a0 \u00a0 \u00a0 \u00a0 \u00a0 \u00a0 \u00a0 \u00a0 \u00a0 \u00a0 \u00a0 \u00a0 \u00a0 \u00a0 \u00a0 \u00a0 \u00a0 \u00a0 \u00a0 \u00a0 \u00a0 \u00a0<\/p><p><strong>POWER BI DESKTOP AVANZADO. Creaci\u00f3n de Modelos y an\u00e1lisis de Datos \u00a0\u00a0 \u00a0\u00a0 \u00a0\u00a0 \u00a0<\/strong><a href=\"https:\/\/aclunaga.es\/wp-content\/uploads\/POWER-BI-DESKTOP-AVANZADO-Creacion-de-Modelos-y-Analisis-de-Datos.pdf\"><span style=\"color: #fbc334;\"><strong>Ver temario<\/strong><\/span><\/a> &#8211; 30 horas\u00a0 <span style=\"color: #ff6600;\">(convocatoria finalizada)<\/span>\u00a0 \u00a0 \u00a0 \u00a0 \u00a0 \u00a0 \u00a0 \u00a0 \u00a0 \u00a0 \u00a0 \u00a0 \u00a0 \u00a0 \u00a0 \u00a0 \u00a0 \u00a0 \u00a0 \u00a0 \u00a0 \u00a0 \u00a0 \u00a0 \u00a0 \u00a0 \u00a0 \u00a0 \u00a0 \u00a0 \u00a0 \u00a0 \u00a0 \u00a0 \u00a0 \u00a0 \u00a0 \u00a0 \u00a0 \u00a0 \u00a0 \u00a0 \u00a0 \u00a0 \u00a0 \u00a0 \u00a0 \u00a0 \u00a0 \u00a0 \u00a0 \u00a0 \u00a0 \u00a0 \u00a0 \u00a0 \u00a0 \u00a0 \u00a0 \u00a0 \u00a0<\/p><p><b>Fundamentos Lean y Agile aplicados en proyectos y obras\u00a0 \u00a0 \u00a0 \u00a0 \u00a0 \u00a0 \u00a0 \u00a0 \u00a0 \u00a0 \u00a0 \u00a0 \u00a0 \u00a0 \u00a0 \u00a0 \u00a0 \u00a0 \u00a0 \u00a0 \u00a0 \u00a0 <\/b><a href=\"https:\/\/aclunaga.es\/wp-content\/uploads\/Fundamentos-Lean-y-Agile-aplicados-en-proyectos-y-obras.pdf\"><strong><span style=\"color: #fbc334;\">Ver temario<\/span><\/strong><\/a> &#8211; 30 horas\u00a0 <span style=\"color: #ff6600;\">(convocatoria finalizada)<\/span>\u00a0 \u00a0 \u00a0 \u00a0 \u00a0 \u00a0 \u00a0 \u00a0 \u00a0 \u00a0 \u00a0 \u00a0 \u00a0 \u00a0 \u00a0 \u00a0 \u00a0 \u00a0 \u00a0 \u00a0 \u00a0 \u00a0 \u00a0 \u00a0 \u00a0 \u00a0 \u00a0 \u00a0 \u00a0 \u00a0 \u00a0 \u00a0 \u00a0 \u00a0 \u00a0 \u00a0 \u00a0 \u00a0 \u00a0 \u00a0 \u00a0 \u00a0 \u00a0 \u00a0 \u00a0 \u00a0 \u00a0 \u00a0 \u00a0 \u00a0 \u00a0 \u00a0 \u00a0 \u00a0 \u00a0 \u00a0 \u00a0 \u00a0 \u00a0 \u00a0 \u00a0 \u00a0<\/p>\t\t\t\t\t\t<\/div>\n\t\t\t\t<\/div>\n\t\t\t\t<\/div>\n\t\t\t\t\t<\/div>\n\t\t\t\t<\/div>\n\t\t\t\t<\/div>","protected":false},"excerpt":{"rendered":"<p>Formaci\u00f3n para trabajadores y desempleados en Galicia Convenio de colaboraci\u00f3n da Conseller\u00eda de Emprego, Comercio e Emigraci\u00f3n e o Asociaci\u00f3n [&hellip;]<\/p>","protected":false},"author":1,"featured_media":13382,"parent":50,"menu_order":4,"comment_status":"closed","ping_status":"closed","template":"","meta":{"site-sidebar-layout":"no-sidebar","site-content-layout":"","ast-site-content-layout":"full-width-container","site-content-style":"default","site-sidebar-style":"default","ast-global-header-display":"","ast-banner-title-visibility":"","ast-main-header-display":"","ast-hfb-above-header-display":"","ast-hfb-below-header-display":"","ast-hfb-mobile-header-display":"","site-post-title":"disabled","ast-breadcrumbs-content":"","ast-featured-img":"disabled","footer-sml-layout":"","theme-transparent-header-meta":"","adv-header-id-meta":"","stick-header-meta":"","header-above-stick-meta":"","header-main-stick-meta":"","header-below-stick-meta":"","astra-migrate-meta-layouts":"default","ast-page-background-enabled":"default","ast-page-background-meta":{"desktop":{"background-color":"var(--ast-global-color-4)","background-image":"","background-repeat":"repeat","background-position":"center center","background-size":"auto","background-attachment":"scroll","background-type":"","background-media":"","overlay-type":"","overlay-color":"","overlay-opacity":"","overlay-gradient":""},"tablet":{"background-color":"","background-image":"","background-repeat":"repeat","background-position":"center center","background-size":"auto","background-attachment":"scroll","background-type":"","background-media":"","overlay-type":"","overlay-color":"","overlay-opacity":"","overlay-gradient":""},"mobile":{"background-color":"","background-image":"","background-repeat":"repeat","background-position":"center center","background-size":"auto","background-attachment":"scroll","background-type":"","background-media":"","overlay-type":"","overlay-color":"","overlay-opacity":"","overlay-gradient":""}},"ast-content-background-meta":{"desktop":{"background-color":"var(--ast-global-color-5)","background-image":"","background-repeat":"repeat","background-position":"center center","background-size":"auto","background-attachment":"scroll","background-type":"","background-media":"","overlay-type":"","overlay-color":"","overlay-opacity":"","overlay-gradient":""},"tablet":{"background-color":"var(--ast-global-color-5)","background-image":"","background-repeat":"repeat","background-position":"center center","background-size":"auto","background-attachment":"scroll","background-type":"","background-media":"","overlay-type":"","overlay-color":"","overlay-opacity":"","overlay-gradient":""},"mobile":{"background-color":"var(--ast-global-color-5)","background-image":"","background-repeat":"repeat","background-position":"center center","background-size":"auto","background-attachment":"scroll","background-type":"","background-media":"","overlay-type":"","overlay-color":"","overlay-opacity":"","overlay-gradient":""}},"footnotes":""},"actividad":[],"provincia":[],"class_list":["post-7377","page","type-page","status-publish","has-post-thumbnail","hentry"],"_links":{"self":[{"href":"https:\/\/aclunaga.es\/en\/wp-json\/wp\/v2\/pages\/7377","targetHints":{"allow":["GET"]}}],"collection":[{"href":"https:\/\/aclunaga.es\/en\/wp-json\/wp\/v2\/pages"}],"about":[{"href":"https:\/\/aclunaga.es\/en\/wp-json\/wp\/v2\/types\/page"}],"author":[{"embeddable":true,"href":"https:\/\/aclunaga.es\/en\/wp-json\/wp\/v2\/users\/1"}],"replies":[{"embeddable":true,"href":"https:\/\/aclunaga.es\/en\/wp-json\/wp\/v2\/comments?post=7377"}],"version-history":[{"count":141,"href":"https:\/\/aclunaga.es\/en\/wp-json\/wp\/v2\/pages\/7377\/revisions"}],"predecessor-version":[{"id":14361,"href":"https:\/\/aclunaga.es\/en\/wp-json\/wp\/v2\/pages\/7377\/revisions\/14361"}],"up":[{"embeddable":true,"href":"https:\/\/aclunaga.es\/en\/wp-json\/wp\/v2\/pages\/50"}],"wp:featuredmedia":[{"embeddable":true,"href":"https:\/\/aclunaga.es\/en\/wp-json\/wp\/v2\/media\/13382"}],"wp:attachment":[{"href":"https:\/\/aclunaga.es\/en\/wp-json\/wp\/v2\/media?parent=7377"}],"wp:term":[{"taxonomy":"actividad","embeddable":true,"href":"https:\/\/aclunaga.es\/en\/wp-json\/wp\/v2\/actividad?post=7377"},{"taxonomy":"provincia","embeddable":true,"href":"https:\/\/aclunaga.es\/en\/wp-json\/wp\/v2\/provincia?post=7377"}],"curies":[{"name":"wp","href":"https:\/\/api.w.org\/{rel}","templated":true}]}}