{"id":66,"date":"2024-05-10T10:17:00","date_gmt":"2024-05-10T10:17:00","guid":{"rendered":"https:\/\/aclunaga.es\/?page_id=66"},"modified":"2025-09-02T10:24:00","modified_gmt":"2025-09-02T10:24:00","slug":"revista-gmt-by-aclunaga","status":"publish","type":"page","link":"https:\/\/aclunaga.es\/en\/recursos\/revista-gmt-by-aclunaga\/","title":{"rendered":"GMT Magazine by ACLUNAGA"},"content":{"rendered":"<p class=\"attachment\"><a href='https:\/\/aclunaga.es\/wp-content\/uploads\/2024\/10\/GMT-by-Aclunaga_no8_EN.pdf'><img fetchpriority=\"high\" decoding=\"async\" width=\"212\" height=\"300\" src=\"https:\/\/aclunaga.es\/wp-content\/uploads\/2024\/10\/GMT-by-Aclunaga_no8_EN-pdf-212x300.jpg\" class=\"attachment-medium size-medium\" alt=\"\" \/><\/a><\/p>\n\t\t<div data-elementor-type=\"wp-page\" data-elementor-id=\"66\" class=\"elementor elementor-66\">\n\t\t\t\t<div class=\"elementor-element elementor-element-59c386b7 e-flex e-con-boxed e-con e-parent\" data-id=\"59c386b7\" data-element_type=\"container\" data-settings=\"{&quot;background_background&quot;:&quot;classic&quot;}\">\n\t\t\t\t\t<div class=\"e-con-inner\">\n\t\t<div class=\"elementor-element elementor-element-1c79f0d8 e-con-full e-flex e-con e-child\" data-id=\"1c79f0d8\" data-element_type=\"container\">\n\t\t\t\t<div class=\"elementor-element elementor-element-390b721 elementor-widget elementor-widget-text-editor\" data-id=\"390b721\" data-element_type=\"widget\" data-widget_type=\"text-editor.default\">\n\t\t\t\t<div class=\"elementor-widget-container\">\n\t\t\t\t\t\t\t<h2>GMT Magazine by ACLUNAGA<\/h2><p><span style=\"font-weight: 400;\">It is the engineering magazine managed by ACLUNAGA, created with the intention of allowing member companies and collaborators to share the technical knowledge they possess, which has enabled us to stand alongside the leading and most specialised regions internationally. It serves as a platform for members to publish technical and specialised articles free of charge on current issues, projects, and challenges in the sector. The magazine is published both in English and Spanish to reach all of our contacts. Its official registration number is: ISSN: 2990-0700. The magazine also offers the option to insert advertisements.<\/span><\/p>\t\t\t\t\t\t<\/div>\n\t\t\t\t<\/div>\n\t\t\t\t<\/div>\n\t\t\t\t\t<\/div>\n\t\t\t\t<\/div>\n\t\t<div class=\"elementor-element elementor-element-15357d0 elementor-hidden-tablet elementor-hidden-mobile e-flex e-con-boxed e-con e-parent\" data-id=\"15357d0\" data-element_type=\"container\">\n\t\t\t\t\t<div class=\"e-con-inner\">\n\t\t<div class=\"elementor-element elementor-element-32512fe e-con-full elementor-hidden-mobile e-flex e-con e-child\" data-id=\"32512fe\" data-element_type=\"container\">\n\t\t\t\t<div class=\"elementor-element elementor-element-84921b4 elementor-widget elementor-widget-contentviews_widget_overlay1\" data-id=\"84921b4\" data-element_type=\"widget\" data-widget_type=\"contentviews_widget_overlay1.default\">\n\t\t\t\t<div class=\"elementor-widget-container\">\n\t\t\t<div class='pt-cv-wrapper'> <div class='cvp-lf-wrapper'><div class=\"cvp-live-filter cvp-search-box\" id=\"\" data-name=\"_search\" data-sid=\"84921b4\" data-iselementor=\"84921b4\" data-postid=\"0\"><label for='sf_1147' class=\"cvp-label\"><\/label><input type=\"text\" id=\"sf_1147\" name=\"_search\" value=\"\" data-nosubmit=\"true\" placeholder=\"Write here...\"\/><\/div><div class=\"cvp-live-filter cvp-dropdown\" id=\"\" data-name=\"_orderby\" data-sid=\"84921b4\" data-iselementor=\"84921b4\" data-postid=\"0\"><label class=\"cvp-label\"><\/label><select name=\"_orderby\"><option value=\"\">Most recent<\/option><option value=\"date\" >Date (Oldest)<\/option><\/select><\/div><\/div><div class=\"pt-cv-view pt-cv-overlaygrid iscvblock iscvelementor pt-cv-onhover pt-cv-clickable overlay1 layout1 cveffect-zoomin cvp-lfres\" id=\"pt-cv-view-84921b4\"><div data-id=\"pt-cv-page-1\" class=\"pt-cv-page\" data-cvc=\"1\"><div class=\"pt-cv-content-item pt-cv-1-col\"  data-pid=\"14135\"><div class=\"pt-cv-thumb-wrapper\"><a href=\"https:\/\/aclunaga.es\/en\/gmt-by-aclunaga-no13-english\/\" class=\"_blank pt-cv-href-thumbnail pt-cv-thumb-default\" target=\"_blank\" ><img decoding=\"async\" width=\"1058\" height=\"1497\" src=\"https:\/\/aclunaga.es\/wp-content\/uploads\/GMT-by-Aclunaga-no13-English-pdf.jpg\" class=\"pt-cv-thumbnail\" alt=\"GMT by Aclunaga n\u00ba13 (English)\" \/><\/a><\/div>\n<div class=\"pt-cv-overlay-wrapper\"><h4 class=\"pt-cv-title\"><a href=\"https:\/\/aclunaga.es\/en\/gmt-by-aclunaga-no13-english\/\" class=\"_blank\" target=\"_blank\" >GMT by Aclunaga n\u00ba13 (English)<\/a><\/h4><div class=\"pt-cv-rmwrap\"><a href=\"https:\/\/aclunaga.es\/en\/gmt-by-aclunaga-no13-english\/\" class=\"_blank pt-cv-readmore btn btn-success\" target=\"_blank\" >Open magazine<\/a><\/div><\/div><\/div>\n<div class=\"pt-cv-content-item pt-cv-1-col\"  data-pid=\"13804\"><div class=\"pt-cv-thumb-wrapper\"><a href=\"https:\/\/aclunaga.es\/en\/gmt-by-aclunaga-no12-english\/\" class=\"_blank pt-cv-href-thumbnail pt-cv-thumb-default\" target=\"_blank\" ><img decoding=\"async\" width=\"1058\" height=\"1497\" src=\"https:\/\/aclunaga.es\/wp-content\/uploads\/GMT-by-Aclunaga-no12-English-pdf.jpg\" class=\"pt-cv-thumbnail\" alt=\"GMT by Aclunaga n\u00ba12 (English)\" \/><\/a><\/div>\n<div class=\"pt-cv-overlay-wrapper\"><h4 class=\"pt-cv-title\"><a href=\"https:\/\/aclunaga.es\/en\/gmt-by-aclunaga-no12-english\/\" class=\"_blank\" target=\"_blank\" >GMT by Aclunaga n\u00ba12 (English)<\/a><\/h4><div class=\"pt-cv-rmwrap\"><a href=\"https:\/\/aclunaga.es\/en\/gmt-by-aclunaga-no12-english\/\" class=\"_blank pt-cv-readmore btn btn-success\" target=\"_blank\" >Open magazine<\/a><\/div><\/div><\/div>\n<div class=\"pt-cv-content-item pt-cv-1-col\"  data-pid=\"10630\"><div class=\"pt-cv-thumb-wrapper\"><a href=\"https:\/\/aclunaga.es\/en\/gmt-by-aclunaga_no11_en\/\" class=\"_blank pt-cv-href-thumbnail pt-cv-thumb-default\" target=\"_blank\" ><img loading=\"lazy\" decoding=\"async\" width=\"1058\" height=\"1497\" src=\"https:\/\/aclunaga.es\/wp-content\/uploads\/2024\/10\/GMT-by-Aclunaga_no11_EN-pdf.jpg\" class=\"pt-cv-thumbnail\" alt=\"GMT by Aclunaga n\u00ba11 (English)\" \/><\/a><\/div>\n<div class=\"pt-cv-overlay-wrapper\"><h4 class=\"pt-cv-title\"><a href=\"https:\/\/aclunaga.es\/en\/gmt-by-aclunaga_no11_en\/\" class=\"_blank\" target=\"_blank\" >GMT by Aclunaga n\u00ba11 (English)<\/a><\/h4><div class=\"pt-cv-rmwrap\"><a href=\"https:\/\/aclunaga.es\/en\/gmt-by-aclunaga_no11_en\/\" class=\"_blank pt-cv-readmore btn btn-success\" target=\"_blank\" >Open magazine<\/a><\/div><\/div><\/div>\n<div class=\"pt-cv-content-item pt-cv-1-col\"  data-pid=\"10629\"><div class=\"pt-cv-thumb-wrapper\"><a href=\"https:\/\/aclunaga.es\/en\/gmt-by-aclunaga_no10_en\/\" class=\"_blank pt-cv-href-thumbnail pt-cv-thumb-default\" target=\"_blank\" ><img loading=\"lazy\" decoding=\"async\" width=\"1058\" height=\"1497\" src=\"https:\/\/aclunaga.es\/wp-content\/uploads\/2024\/10\/GMT-by-Aclunaga_no10_EN-pdf.jpg\" class=\"pt-cv-thumbnail\" alt=\"GMT by Aclunaga n\u00ba10 (English)\" \/><\/a><\/div>\n<div class=\"pt-cv-overlay-wrapper\"><h4 class=\"pt-cv-title\"><a href=\"https:\/\/aclunaga.es\/en\/gmt-by-aclunaga_no10_en\/\" class=\"_blank\" target=\"_blank\" >GMT by Aclunaga n\u00ba10 (English)<\/a><\/h4><div class=\"pt-cv-rmwrap\"><a href=\"https:\/\/aclunaga.es\/en\/gmt-by-aclunaga_no10_en\/\" class=\"_blank pt-cv-readmore btn btn-success\" target=\"_blank\" >Open magazine<\/a><\/div><\/div><\/div>\n<div class=\"pt-cv-content-item pt-cv-1-col\"  data-pid=\"10628\"><div class=\"pt-cv-thumb-wrapper\"><a href=\"https:\/\/aclunaga.es\/en\/gmt-by-aclunaga_no9_en\/\" class=\"_blank pt-cv-href-thumbnail pt-cv-thumb-default\" target=\"_blank\" ><img loading=\"lazy\" decoding=\"async\" width=\"1058\" height=\"1497\" src=\"https:\/\/aclunaga.es\/wp-content\/uploads\/2024\/10\/GMT-by-Aclunaga_no9_EN-pdf.jpg\" class=\"pt-cv-thumbnail\" alt=\"GMT by Aclunaga n\u00ba9 (English)\" \/><\/a><\/div>\n<div class=\"pt-cv-overlay-wrapper\"><h4 class=\"pt-cv-title\"><a href=\"https:\/\/aclunaga.es\/en\/gmt-by-aclunaga_no9_en\/\" class=\"_blank\" target=\"_blank\" >GMT by Aclunaga n\u00ba9 (English)<\/a><\/h4><div class=\"pt-cv-rmwrap\"><a href=\"https:\/\/aclunaga.es\/en\/gmt-by-aclunaga_no9_en\/\" class=\"_blank pt-cv-readmore btn btn-success\" target=\"_blank\" >Open magazine<\/a><\/div><\/div><\/div>\n<div class=\"pt-cv-content-item pt-cv-1-col\"  data-pid=\"10627\"><div class=\"pt-cv-thumb-wrapper\"><a href=\"https:\/\/aclunaga.es\/en\/gmt-by-aclunaga_no8_en\/\" class=\"_blank pt-cv-href-thumbnail pt-cv-thumb-default\" target=\"_blank\" ><img loading=\"lazy\" decoding=\"async\" width=\"1058\" height=\"1497\" src=\"https:\/\/aclunaga.es\/wp-content\/uploads\/2024\/10\/GMT-by-Aclunaga_no8_EN-pdf.jpg\" class=\"pt-cv-thumbnail\" alt=\"GMT by Aclunaga n\u00ba8 (English)\" \/><\/a><\/div>\n<div class=\"pt-cv-overlay-wrapper\"><h4 class=\"pt-cv-title\"><a href=\"https:\/\/aclunaga.es\/en\/gmt-by-aclunaga_no8_en\/\" class=\"_blank\" target=\"_blank\" >GMT by Aclunaga n\u00ba8 (English)<\/a><\/h4><div class=\"pt-cv-rmwrap\"><a href=\"https:\/\/aclunaga.es\/en\/gmt-by-aclunaga_no8_en\/\" class=\"_blank pt-cv-readmore btn btn-success\" target=\"_blank\" >Open magazine<\/a><\/div><\/div><\/div>\n<div class=\"pt-cv-content-item pt-cv-1-col\"  data-pid=\"10626\"><div class=\"pt-cv-thumb-wrapper\"><a href=\"https:\/\/aclunaga.es\/en\/gmt-by-aclunaga_no7_en\/\" class=\"_blank pt-cv-href-thumbnail pt-cv-thumb-default\" target=\"_blank\" ><img loading=\"lazy\" decoding=\"async\" width=\"1058\" height=\"1497\" src=\"https:\/\/aclunaga.es\/wp-content\/uploads\/2024\/10\/GMT-by-Aclunaga_no7_EN-pdf.jpg\" class=\"pt-cv-thumbnail\" alt=\"GMT by Aclunaga n\u00ba7 (English)\" \/><\/a><\/div>\n<div class=\"pt-cv-overlay-wrapper\"><h4 class=\"pt-cv-title\"><a href=\"https:\/\/aclunaga.es\/en\/gmt-by-aclunaga_no7_en\/\" class=\"_blank\" target=\"_blank\" >GMT by Aclunaga n\u00ba7 (English)<\/a><\/h4><div class=\"pt-cv-rmwrap\"><a href=\"https:\/\/aclunaga.es\/en\/gmt-by-aclunaga_no7_en\/\" class=\"_blank pt-cv-readmore btn btn-success\" target=\"_blank\" >Open magazine<\/a><\/div><\/div><\/div>\n<div class=\"pt-cv-content-item pt-cv-1-col\"  data-pid=\"10625\"><div class=\"pt-cv-thumb-wrapper\"><a href=\"https:\/\/aclunaga.es\/en\/gmt-by-aclunaga_no6_en\/\" class=\"_blank pt-cv-href-thumbnail pt-cv-thumb-default\" target=\"_blank\" ><img loading=\"lazy\" decoding=\"async\" width=\"1058\" height=\"1497\" src=\"https:\/\/aclunaga.es\/wp-content\/uploads\/2024\/10\/GMT-by-Aclunaga_no6_EN-pdf.jpg\" class=\"pt-cv-thumbnail\" alt=\"GMT by Aclunaga n\u00ba6 (English)\" \/><\/a><\/div>\n<div class=\"pt-cv-overlay-wrapper\"><h4 class=\"pt-cv-title\"><a href=\"https:\/\/aclunaga.es\/en\/gmt-by-aclunaga_no6_en\/\" class=\"_blank\" target=\"_blank\" >GMT by Aclunaga n\u00ba6 (English)<\/a><\/h4><div class=\"pt-cv-rmwrap\"><a href=\"https:\/\/aclunaga.es\/en\/gmt-by-aclunaga_no6_en\/\" class=\"_blank pt-cv-readmore btn btn-success\" target=\"_blank\" >Open magazine<\/a><\/div><\/div><\/div>\n<div class=\"pt-cv-content-item pt-cv-1-col\"  data-pid=\"10624\"><div class=\"pt-cv-thumb-wrapper\"><a href=\"https:\/\/aclunaga.es\/en\/gmt-by-aclunaga_no5_en\/\" class=\"_blank pt-cv-href-thumbnail pt-cv-thumb-default\" target=\"_blank\" ><img loading=\"lazy\" decoding=\"async\" width=\"746\" height=\"1058\" src=\"https:\/\/aclunaga.es\/wp-content\/uploads\/2024\/10\/GMT-by-Aclunaga_no5_EN-pdf.jpg\" class=\"pt-cv-thumbnail\" alt=\"GMT by Aclunaga n\u00ba5 (English)\" \/><\/a><\/div>\n<div class=\"pt-cv-overlay-wrapper\"><h4 class=\"pt-cv-title\"><a href=\"https:\/\/aclunaga.es\/en\/gmt-by-aclunaga_no5_en\/\" class=\"_blank\" target=\"_blank\" >GMT by Aclunaga n\u00ba5 (English)<\/a><\/h4><div class=\"pt-cv-rmwrap\"><a href=\"https:\/\/aclunaga.es\/en\/gmt-by-aclunaga_no5_en\/\" class=\"_blank pt-cv-readmore btn btn-success\" target=\"_blank\" >Open magazine<\/a><\/div><\/div><\/div><\/div><\/div> <\/div> \t\t<\/div>\n\t\t\t\t<\/div>\n\t\t\t\t<\/div>\n\t\t\t\t\t<\/div>\n\t\t\t\t<\/div>\n\t\t<div class=\"elementor-element elementor-element-f7e4c3d e-con-full elementor-hidden-desktop e-flex e-con e-child\" data-id=\"f7e4c3d\" data-element_type=\"container\">\n\t\t\t\t<div class=\"elementor-element elementor-element-8950fa5 elementor-widget elementor-widget-contentviews_widget_grid1\" data-id=\"8950fa5\" data-element_type=\"widget\" data-widget_type=\"contentviews_widget_grid1.default\">\n\t\t\t\t<div class=\"elementor-widget-container\">\n\t\t\t<div class='pt-cv-wrapper'> <div class=\"cvp-live-filter cvp-search-box\" id=\"\" data-name=\"_search\" data-sid=\"8950fa5\" data-iselementor=\"8950fa5\" data-postid=\"0\"><label for='sf_1890' class=\"cvp-label\"><\/label><input type=\"text\" id=\"sf_1890\" name=\"_search\" value=\"\" data-nosubmit=\"true\" placeholder=\"Write here\"\/><\/div><div class=\"cvp-live-filter cvp-dropdown\" id=\"\" data-name=\"_orderby\" data-sid=\"8950fa5\" data-iselementor=\"8950fa5\" data-postid=\"0\"><label class=\"cvp-label\">Sort by<\/label><select name=\"_orderby\"><option value=\"\">Most recent<\/option><option value=\"date\" >M\u00e1s antiguas<\/option><\/select><\/div><div class=\"pt-cv-view pt-cv-blockgrid iscvblock iscvelementor grid1 layout1 pt-cv-pgloadmore cvp-lfres\" id=\"pt-cv-view-8950fa5\"><div data-id=\"pt-cv-page-1\" class=\"pt-cv-page\" data-cvc=\"1\"><div class=\"pt-cv-content-item pt-cv-1-col\"  data-pid=\"14135\"><h4 class=\"pt-cv-title\"><a href=\"https:\/\/aclunaga.es\/en\/gmt-by-aclunaga-no13-english\/\" class=\"_self\" target=\"_self\" >GMT by Aclunaga n\u00ba13 (English)<\/a><\/h4>\n<div class=\"pt-cv-thumb-wrapper\"><a href=\"https:\/\/aclunaga.es\/en\/gmt-by-aclunaga-no13-english\/\" class=\"_self pt-cv-href-thumbnail pt-cv-thumb-default\" target=\"_self\" ><img loading=\"lazy\" decoding=\"async\" width=\"724\" height=\"1024\" src=\"https:\/\/aclunaga.es\/wp-content\/uploads\/GMT-by-Aclunaga-no13-English-pdf.jpg\" class=\"pt-cv-thumbnail\" alt=\"GMT by Aclunaga n\u00ba13 (English)\" \/><\/a><\/div><\/div>\n<div class=\"pt-cv-content-item pt-cv-1-col\"  data-pid=\"13804\"><h4 class=\"pt-cv-title\"><a href=\"https:\/\/aclunaga.es\/en\/gmt-by-aclunaga-no12-english\/\" class=\"_self\" target=\"_self\" >GMT by Aclunaga n\u00ba12 (English)<\/a><\/h4>\n<div class=\"pt-cv-thumb-wrapper\"><a href=\"https:\/\/aclunaga.es\/en\/gmt-by-aclunaga-no12-english\/\" class=\"_self pt-cv-href-thumbnail pt-cv-thumb-default\" target=\"_self\" ><img loading=\"lazy\" decoding=\"async\" width=\"724\" height=\"1024\" src=\"https:\/\/aclunaga.es\/wp-content\/uploads\/GMT-by-Aclunaga-no12-English-pdf.jpg\" class=\"pt-cv-thumbnail\" alt=\"GMT by Aclunaga n\u00ba12 (English)\" \/><\/a><\/div><\/div>\n<div class=\"pt-cv-content-item pt-cv-1-col\"  data-pid=\"10630\"><h4 class=\"pt-cv-title\"><a href=\"https:\/\/aclunaga.es\/en\/gmt-by-aclunaga_no11_en\/\" class=\"_self\" target=\"_self\" >GMT by Aclunaga n\u00ba11 (English)<\/a><\/h4>\n<div class=\"pt-cv-thumb-wrapper\"><a href=\"https:\/\/aclunaga.es\/en\/gmt-by-aclunaga_no11_en\/\" class=\"_self pt-cv-href-thumbnail pt-cv-thumb-default\" target=\"_self\" ><img loading=\"lazy\" decoding=\"async\" width=\"724\" height=\"1024\" src=\"https:\/\/aclunaga.es\/wp-content\/uploads\/2024\/10\/GMT-by-Aclunaga_no11_EN-pdf.jpg\" class=\"pt-cv-thumbnail\" alt=\"GMT by Aclunaga n\u00ba11 (English)\" \/><\/a><\/div><\/div>\n<div class=\"pt-cv-content-item pt-cv-1-col\"  data-pid=\"10629\"><h4 class=\"pt-cv-title\"><a href=\"https:\/\/aclunaga.es\/en\/gmt-by-aclunaga_no10_en\/\" class=\"_self\" target=\"_self\" >GMT by Aclunaga n\u00ba10 (English)<\/a><\/h4>\n<div class=\"pt-cv-thumb-wrapper\"><a href=\"https:\/\/aclunaga.es\/en\/gmt-by-aclunaga_no10_en\/\" class=\"_self pt-cv-href-thumbnail pt-cv-thumb-default\" target=\"_self\" ><img loading=\"lazy\" decoding=\"async\" width=\"724\" height=\"1024\" src=\"https:\/\/aclunaga.es\/wp-content\/uploads\/2024\/10\/GMT-by-Aclunaga_no10_EN-pdf.jpg\" class=\"pt-cv-thumbnail\" alt=\"GMT by Aclunaga n\u00ba10 (English)\" \/><\/a><\/div><\/div>\n<div class=\"pt-cv-content-item pt-cv-1-col\"  data-pid=\"10628\"><h4 class=\"pt-cv-title\"><a href=\"https:\/\/aclunaga.es\/en\/gmt-by-aclunaga_no9_en\/\" class=\"_self\" target=\"_self\" >GMT by Aclunaga n\u00ba9 (English)<\/a><\/h4>\n<div class=\"pt-cv-thumb-wrapper\"><a href=\"https:\/\/aclunaga.es\/en\/gmt-by-aclunaga_no9_en\/\" class=\"_self pt-cv-href-thumbnail pt-cv-thumb-default\" target=\"_self\" ><img loading=\"lazy\" decoding=\"async\" width=\"724\" height=\"1024\" src=\"https:\/\/aclunaga.es\/wp-content\/uploads\/2024\/10\/GMT-by-Aclunaga_no9_EN-pdf.jpg\" class=\"pt-cv-thumbnail\" alt=\"GMT by Aclunaga n\u00ba9 (English)\" \/><\/a><\/div><\/div>\n<div class=\"pt-cv-content-item pt-cv-1-col\"  data-pid=\"10627\"><h4 class=\"pt-cv-title\"><a href=\"https:\/\/aclunaga.es\/en\/gmt-by-aclunaga_no8_en\/\" class=\"_self\" target=\"_self\" >GMT by Aclunaga n\u00ba8 (English)<\/a><\/h4>\n<div class=\"pt-cv-thumb-wrapper\"><a href=\"https:\/\/aclunaga.es\/en\/gmt-by-aclunaga_no8_en\/\" class=\"_self pt-cv-href-thumbnail pt-cv-thumb-default\" target=\"_self\" ><img loading=\"lazy\" decoding=\"async\" width=\"724\" height=\"1024\" src=\"https:\/\/aclunaga.es\/wp-content\/uploads\/2024\/10\/GMT-by-Aclunaga_no8_EN-pdf.jpg\" class=\"pt-cv-thumbnail\" alt=\"GMT by Aclunaga n\u00ba8 (English)\" \/><\/a><\/div><\/div><\/div><\/div>\n<div class=\"text-left pt-cv-pagination-wrapper\"><a href='https:\/\/aclunaga.es\/en\/wp-json\/wp\/v2\/pages\/66\/?_page=2' onclick='event.preventDefault()' class=\"pt-cv-more btn btn-primary btn-sm\" data-totalpages=\"2\" data-nextpages=\"2\" data-sid=\"8950fa5\" data-unid=\"\" data-iselementor=\"8950fa5\" data-postid=\"0\">Load more <span class=\"caret\"><\/span><\/a><img loading=\"lazy\" decoding=\"async\" width=\"15\" height=\"15\" class=\"pt-cv-spinner\" alt=\"Loading...\" src=\"data:image\/gif;base64,R0lGODlhDwAPALMPAMrKygwMDJOTkz09PZWVla+vr3p6euTk5M7OzuXl5TMzMwAAAJmZmWZmZszMzP\/\/\/yH\/C05FVFNDQVBFMi4wAwEAAAAh+QQFCgAPACwAAAAADwAPAAAEQvDJaZaZOIcV8iQK8VRX4iTYoAwZ4iCYoAjZ4RxejhVNoT+mRGP4cyF4Pp0N98sBGIBMEMOotl6YZ3S61Bmbkm4mAgAh+QQFCgAPACwAAAAADQANAAAENPDJSRSZeA418itN8QiK8BiLITVsFiyBBIoYqnoewAD4xPw9iY4XLGYSjkQR4UAUD45DLwIAIfkEBQoADwAsAAAAAA8ACQAABC\/wyVlamTi3nSdgwFNdhEJgTJoNyoB9ISYoQmdjiZPcj7EYCAeCF1gEDo4Dz2eIAAAh+QQFCgAPACwCAAAADQANAAAEM\/DJBxiYeLKdX3IJZT1FU0iIg2RNKx3OkZVnZ98ToRD4MyiDnkAh6BkNC0MvsAj0kMpHBAAh+QQFCgAPACwGAAAACQAPAAAEMDC59KpFDll73HkAA2wVY5KgiK5b0RRoI6MuzG6EQqCDMlSGheEhUAgqgUUAFRySIgAh+QQFCgAPACwCAAIADQANAAAEM\/DJKZNLND\/kkKaHc3xk+QAMYDKsiaqmZCxGVjSFFCxB1vwy2oOgIDxuucxAMTAJFAJNBAAh+QQFCgAPACwAAAYADwAJAAAEMNAs86q1yaWwwv2Ig0jUZx3OYa4XoRAfwADXoAwfo1+CIjyFRuEho60aSNYlOPxEAAAh+QQFCgAPACwAAAIADQANAAAENPA9s4y8+IUVcqaWJ4qEQozSoAzoIyhCK2NFU2SJk0hNnyEOhKR2AzAAj4Pj4GE4W0bkJQIAOw==\" \/><div class=\"clear pt-cv-clear-pagination\"><\/div><\/div> <\/div> \t\t<\/div>\n\t\t\t\t<\/div>\n\t\t\t\t<\/div>\n\t\t\t\t<\/div>","protected":false},"excerpt":{"rendered":"<p>Revista GMT by ACLUNAGA Es la revista de ingenier\u00eda gestionada por Aclunaga, naci\u00f3 con la intenci\u00f3n de que empresas asociadas [&hellip;]<\/p>","protected":false},"author":1,"featured_media":1217,"parent":3002,"menu_order":0,"comment_status":"closed","ping_status":"closed","template":"elementor_theme","meta":{"site-sidebar-layout":"default","site-content-layout":"","ast-site-content-layout":"","site-content-style":"default","site-sidebar-style":"default","ast-global-header-display":"","ast-banner-title-visibility":"","ast-main-header-display":"","ast-hfb-above-header-display":"","ast-hfb-below-header-display":"","ast-hfb-mobile-header-display":"","site-post-title":"","ast-breadcrumbs-content":"","ast-featured-img":"","footer-sml-layout":"","theme-transparent-header-meta":"","adv-header-id-meta":"","stick-header-meta":"","header-above-stick-meta":"","header-main-stick-meta":"","header-below-stick-meta":"","astra-migrate-meta-layouts":"default","ast-page-background-enabled":"default","ast-page-background-meta":{"desktop":{"background-color":"var(--ast-global-color-4)","background-image":"","background-repeat":"repeat","background-position":"center center","background-size":"auto","background-attachment":"scroll","background-type":"","background-media":"","overlay-type":"","overlay-color":"","overlay-opacity":"","overlay-gradient":""},"tablet":{"background-color":"","background-image":"","background-repeat":"repeat","background-position":"center center","background-size":"auto","background-attachment":"scroll","background-type":"","background-media":"","overlay-type":"","overlay-color":"","overlay-opacity":"","overlay-gradient":""},"mobile":{"background-color":"","background-image":"","background-repeat":"repeat","background-position":"center center","background-size":"auto","background-attachment":"scroll","background-type":"","background-media":"","overlay-type":"","overlay-color":"","overlay-opacity":"","overlay-gradient":""}},"ast-content-background-meta":{"desktop":{"background-color":"var(--ast-global-color-5)","background-image":"","background-repeat":"repeat","background-position":"center center","background-size":"auto","background-attachment":"scroll","background-type":"","background-media":"","overlay-type":"","overlay-color":"","overlay-opacity":"","overlay-gradient":""},"tablet":{"background-color":"var(--ast-global-color-5)","background-image":"","background-repeat":"repeat","background-position":"center center","background-size":"auto","background-attachment":"scroll","background-type":"","background-media":"","overlay-type":"","overlay-color":"","overlay-opacity":"","overlay-gradient":""},"mobile":{"background-color":"var(--ast-global-color-5)","background-image":"","background-repeat":"repeat","background-position":"center center","background-size":"auto","background-attachment":"scroll","background-type":"","background-media":"","overlay-type":"","overlay-color":"","overlay-opacity":"","overlay-gradient":""}},"footnotes":""},"actividad":[],"provincia":[],"class_list":["post-66","page","type-page","status-publish","has-post-thumbnail","hentry"],"_links":{"self":[{"href":"https:\/\/aclunaga.es\/en\/wp-json\/wp\/v2\/pages\/66","targetHints":{"allow":["GET"]}}],"collection":[{"href":"https:\/\/aclunaga.es\/en\/wp-json\/wp\/v2\/pages"}],"about":[{"href":"https:\/\/aclunaga.es\/en\/wp-json\/wp\/v2\/types\/page"}],"author":[{"embeddable":true,"href":"https:\/\/aclunaga.es\/en\/wp-json\/wp\/v2\/users\/1"}],"replies":[{"embeddable":true,"href":"https:\/\/aclunaga.es\/en\/wp-json\/wp\/v2\/comments?post=66"}],"version-history":[{"count":186,"href":"https:\/\/aclunaga.es\/en\/wp-json\/wp\/v2\/pages\/66\/revisions"}],"predecessor-version":[{"id":14144,"href":"https:\/\/aclunaga.es\/en\/wp-json\/wp\/v2\/pages\/66\/revisions\/14144"}],"up":[{"embeddable":true,"href":"https:\/\/aclunaga.es\/en\/wp-json\/wp\/v2\/pages\/3002"}],"wp:featuredmedia":[{"embeddable":true,"href":"https:\/\/aclunaga.es\/en\/wp-json\/wp\/v2\/media\/1217"}],"wp:attachment":[{"href":"https:\/\/aclunaga.es\/en\/wp-json\/wp\/v2\/media?parent=66"}],"wp:term":[{"taxonomy":"actividad","embeddable":true,"href":"https:\/\/aclunaga.es\/en\/wp-json\/wp\/v2\/actividad?post=66"},{"taxonomy":"provincia","embeddable":true,"href":"https:\/\/aclunaga.es\/en\/wp-json\/wp\/v2\/provincia?post=66"}],"curies":[{"name":"wp","href":"https:\/\/api.w.org\/{rel}","templated":true}]}}