{"id":6027,"date":"2024-09-06T09:28:00","date_gmt":"2024-09-06T09:28:00","guid":{"rendered":"https:\/\/aclunaga.es\/?page_id=6027"},"modified":"2024-11-26T10:01:21","modified_gmt":"2024-11-26T10:01:21","slug":"actualidad","status":"publish","type":"page","link":"https:\/\/aclunaga.es\/en\/actualidad\/","title":{"rendered":"Current affairs"},"content":{"rendered":"<div data-elementor-type=\"wp-page\" data-elementor-id=\"6027\" class=\"elementor elementor-6027\">\n\t\t\t\t<div class=\"elementor-element elementor-element-5948f507 e-flex e-con-boxed e-con e-parent\" data-id=\"5948f507\" data-element_type=\"container\" data-settings=\"{&quot;background_background&quot;:&quot;classic&quot;}\">\n\t\t\t\t\t<div class=\"e-con-inner\">\n\t\t<div class=\"elementor-element elementor-element-70e4deb2 e-con-full e-flex e-con e-child\" data-id=\"70e4deb2\" data-element_type=\"container\">\n\t\t\t\t<div class=\"elementor-element elementor-element-2d2e2309 elementor-widget elementor-widget-text-editor\" data-id=\"2d2e2309\" data-element_type=\"widget\" data-widget_type=\"text-editor.default\">\n\t\t\t\t<div class=\"elementor-widget-container\">\n\t\t\t\t\t\t\t<h2>Current affairs<\/h2>\t\t\t\t\t\t<\/div>\n\t\t\t\t<\/div>\n\t\t\t\t<\/div>\n\t\t\t\t\t<\/div>\n\t\t\t\t<\/div>\n\t\t<div class=\"elementor-element elementor-element-9dde25d e-flex e-con-boxed e-con e-parent\" data-id=\"9dde25d\" data-element_type=\"container\">\n\t\t\t\t\t<div class=\"e-con-inner\">\n\t\t\t\t<div class=\"elementor-element elementor-element-5af40b6 elementor-widget__width-initial elementor-widget elementor-widget-contentviews_widget_grid1\" data-id=\"5af40b6\" data-element_type=\"widget\" data-widget_type=\"contentviews_widget_grid1.default\">\n\t\t\t\t<div class=\"elementor-widget-container\">\n\t\t\t<div class='pt-cv-wrapper'> <div class='cvp-lf-wrapper'><div class=\"cvp-live-filter cvp-button\" id=\"\" data-name=\"tx_post_tag\" data-sid=\"5af40b6\" data-iselementor=\"5af40b6\" data-postid=\"0\"><label class=\"cvp-label\"><\/label><div class=\"btn\"><label><input type=\"radio\" name=\"tx_post_tag\" value=\"\" checked><div>Everything<\/div><\/label><\/div><div class=\"btn\"><label><input type=\"radio\" name=\"tx_post_tag\" value=\"actualidad\" \/><div>Current affairs<\/div><\/label><\/div><div class=\"btn\"><label><input type=\"radio\" name=\"tx_post_tag\" value=\"eventos\" \/><div>Events<\/div><\/label><\/div><div class=\"btn\"><label><input type=\"radio\" name=\"tx_post_tag\" value=\"jornadas\" \/><div>Conferences<\/div><\/label><\/div><\/div><div class=\"cvp-live-filter cvp-search-box\" id=\"\" data-name=\"_search\" data-sid=\"5af40b6\" data-iselementor=\"5af40b6\" data-postid=\"0\"><label for='sf_1713' class=\"cvp-label\"><\/label><input type=\"text\" id=\"sf_1713\" name=\"_search\" value=\"\" data-nosubmit=\"true\" placeholder=\"Write here...\"\/><\/div><div class=\"cvp-live-filter cvp-dropdown\" id=\"\" data-name=\"_orderby\" data-sid=\"5af40b6\" data-iselementor=\"5af40b6\" data-postid=\"0\"><label class=\"cvp-label\"><\/label><select name=\"_orderby\"><option value=\"\">Most recent<\/option><option value=\"date\" >Date (Oldest)<\/option><\/select><\/div><\/div><div class=\"pt-cv-view pt-cv-blockgrid iscvblock iscvelementor grid1 layout2 cveffect-darken pt-cv-pgregular cvp-lfres\" id=\"pt-cv-view-5af40b6\"><div data-id=\"pt-cv-page-1\" class=\"pt-cv-page\" data-cvc=\"4\"><div class=\"pt-cv-content-item pt-cv-1-col\"  data-pid=\"14548\"><div class=\"pt-cv-thumb-wrapper\"><a href=\"https:\/\/aclunaga.es\/en\/aclunaga-summit-navalia-2026\/\" class=\"_blank pt-cv-href-thumbnail pt-cv-thumb-default\" target=\"_blank\" ><img fetchpriority=\"high\" decoding=\"async\" width=\"768\" height=\"576\" src=\"https:\/\/aclunaga.es\/wp-content\/uploads\/WhatsApp-Image-2024-05-21-at-21.15.14-768x576.jpeg\" class=\"pt-cv-thumbnail\" alt=\"ACLUNAGA Summit \u2013 Navalia 2026 | 19 de mayo, 20:00 h\" srcset=\"https:\/\/aclunaga.es\/wp-content\/uploads\/WhatsApp-Image-2024-05-21-at-21.15.14-768x576.jpeg 768w, https:\/\/aclunaga.es\/wp-content\/uploads\/WhatsApp-Image-2024-05-21-at-21.15.14-300x225.jpeg 300w, https:\/\/aclunaga.es\/wp-content\/uploads\/WhatsApp-Image-2024-05-21-at-21.15.14-1024x768.jpeg 1024w, https:\/\/aclunaga.es\/wp-content\/uploads\/WhatsApp-Image-2024-05-21-at-21.15.14-1536x1152.jpeg 1536w, https:\/\/aclunaga.es\/wp-content\/uploads\/WhatsApp-Image-2024-05-21-at-21.15.14-16x12.jpeg 16w, https:\/\/aclunaga.es\/wp-content\/uploads\/WhatsApp-Image-2024-05-21-at-21.15.14.jpeg 1600w\" sizes=\"(max-width: 768px) 100vw, 768px\" \/><\/a><\/div>\n<div class=\"pt-cv-remain-wrapper\"><h4 class=\"pt-cv-title\"><a href=\"https:\/\/aclunaga.es\/en\/aclunaga-summit-navalia-2026\/\" class=\"_blank\" target=\"_blank\" >ACLUNAGA Summit \u2013 Navalia 2026 | 19 de mayo, 20:00 h<\/a><\/h4><div class=\"pt-cv-meta-fields\"><span class=\"entry-date\"> <time datetime=\"2026-03-20T09:27:42+00:00\">March 20, 2026<\/time><\/span><\/div><\/div><\/div>\n<div class=\"pt-cv-content-item pt-cv-1-col\"  data-pid=\"14289\"><div class=\"pt-cv-thumb-wrapper\"><a href=\"https:\/\/aclunaga.es\/en\/acuerdo-aclunaga-banco-sabadell-oferta-seguro-de-salud-para-asociados\/\" class=\"_blank pt-cv-href-thumbnail pt-cv-thumb-default\" target=\"_blank\" ><img decoding=\"async\" width=\"594\" height=\"106\" src=\"https:\/\/aclunaga.es\/wp-content\/uploads\/sabadell.jpg\" class=\"pt-cv-thumbnail\" alt=\"Acuerdo ACLUNAGA-BANCO SABADELL: oferta seguro de salud para asociados\" srcset=\"https:\/\/aclunaga.es\/wp-content\/uploads\/sabadell.jpg 594w, https:\/\/aclunaga.es\/wp-content\/uploads\/sabadell-300x54.jpg 300w, https:\/\/aclunaga.es\/wp-content\/uploads\/sabadell-18x3.jpg 18w\" sizes=\"(max-width: 594px) 100vw, 594px\" \/><\/a><\/div>\n<div class=\"pt-cv-remain-wrapper\"><h4 class=\"pt-cv-title\"><a href=\"https:\/\/aclunaga.es\/en\/acuerdo-aclunaga-banco-sabadell-oferta-seguro-de-salud-para-asociados\/\" class=\"_blank\" target=\"_blank\" >Acuerdo ACLUNAGA-BANCO SABADELL: oferta seguro de salud para asociados<\/a><\/h4><div class=\"pt-cv-meta-fields\"><span class=\"entry-date\"> <time datetime=\"2025-10-29T13:20:04+00:00\">October 29, 2025<\/time><\/span><\/div><\/div><\/div>\n<div class=\"pt-cv-content-item pt-cv-1-col\"  data-pid=\"14222\"><div class=\"pt-cv-thumb-wrapper\"><a href=\"https:\/\/aclunaga.es\/en\/firma-de-acuerdo-de-condiciones-financieras-aclunaga-grupo-cajamar\/\" class=\"_blank pt-cv-href-thumbnail pt-cv-thumb-default\" target=\"_blank\" ><img decoding=\"async\" src=\"https:\/\/aclunaga.es\/wp-content\/uploads\/cajamar.jpg\" class=\"pt-cv-thumbnail cvp-substitute\" alt=\"Firma de acuerdo de condiciones financieras ACLUNAGA-GRUPO CAJAMAR\" title=\"\" \/><\/a><\/div>\n<div class=\"pt-cv-remain-wrapper\"><h4 class=\"pt-cv-title\"><a href=\"https:\/\/aclunaga.es\/en\/firma-de-acuerdo-de-condiciones-financieras-aclunaga-grupo-cajamar\/\" class=\"_blank\" target=\"_blank\" >Firma de acuerdo de condiciones financieras ACLUNAGA-GRUPO CAJAMAR<\/a><\/h4><div class=\"pt-cv-meta-fields\"><span class=\"entry-date\"> <time datetime=\"2025-10-10T10:40:35+00:00\">October 10, 2025<\/time><\/span><\/div><\/div><\/div>\n<div class=\"pt-cv-content-item pt-cv-1-col\"  data-pid=\"14157\"><div class=\"pt-cv-thumb-wrapper\"><a href=\"https:\/\/aclunaga.es\/en\/espanoles-en-la-mar-rne-entrevista-a-oscar-gomez\/\" class=\"_blank pt-cv-href-thumbnail pt-cv-thumb-default\" target=\"_blank\" ><img decoding=\"async\" width=\"561\" height=\"747\" src=\"https:\/\/aclunaga.es\/wp-content\/uploads\/recorte-oscar.jpg\" class=\"pt-cv-thumbnail\" alt=\"&quot;Espa\u00f1oles en la Mar&quot; (RNE) entrevista a \u00d3scar G\u00f3mez\" srcset=\"https:\/\/aclunaga.es\/wp-content\/uploads\/recorte-oscar.jpg 561w, https:\/\/aclunaga.es\/wp-content\/uploads\/recorte-oscar-225x300.jpg 225w, https:\/\/aclunaga.es\/wp-content\/uploads\/recorte-oscar-9x12.jpg 9w\" sizes=\"(max-width: 561px) 100vw, 561px\" \/><\/a><\/div>\n<div class=\"pt-cv-remain-wrapper\"><h4 class=\"pt-cv-title\"><a href=\"https:\/\/aclunaga.es\/en\/espanoles-en-la-mar-rne-entrevista-a-oscar-gomez\/\" class=\"_blank\" target=\"_blank\" >\u00abEspa\u00f1oles en la Mar\u00bb (RNE) entrevista a \u00d3scar G\u00f3mez<\/a><\/h4><div class=\"pt-cv-meta-fields\"><span class=\"entry-date\"> <time datetime=\"2025-09-23T06:33:00+00:00\">September 23, 2025<\/time><\/span><\/div><\/div><\/div>\n<div class=\"pt-cv-content-item pt-cv-1-col\"  data-pid=\"14090\"><div class=\"pt-cv-thumb-wrapper\"><a href=\"https:\/\/aclunaga.es\/en\/video-ferias-internacionales\/\" class=\"_blank pt-cv-href-thumbnail pt-cv-thumb-default\" target=\"_blank\" ><img loading=\"lazy\" decoding=\"async\" width=\"621\" height=\"299\" src=\"https:\/\/aclunaga.es\/wp-content\/uploads\/captura-video.jpg\" class=\"pt-cv-thumbnail\" alt=\"\ud83d\udd17 Consulta toda la informaci\u00f3n en nuestro v\u00eddeo resumen.\" srcset=\"https:\/\/aclunaga.es\/wp-content\/uploads\/captura-video.jpg 621w, https:\/\/aclunaga.es\/wp-content\/uploads\/captura-video-300x144.jpg 300w, https:\/\/aclunaga.es\/wp-content\/uploads\/captura-video-18x9.jpg 18w\" sizes=\"(max-width: 621px) 100vw, 621px\" \/><\/a><\/div>\n<div class=\"pt-cv-remain-wrapper\"><h4 class=\"pt-cv-title\"><a href=\"https:\/\/aclunaga.es\/en\/video-ferias-internacionales\/\" class=\"_blank\" target=\"_blank\" >\ud83d\udd17 Consulta toda la informaci\u00f3n en nuestro v\u00eddeo resumen.<\/a><\/h4><div class=\"pt-cv-meta-fields\"><span class=\"entry-date\"> <time datetime=\"2025-07-23T12:17:08+00:00\">July 23, 2025<\/time><\/span><\/div><\/div><\/div>\n<div class=\"pt-cv-content-item pt-cv-1-col\"  data-pid=\"13911\"><div class=\"pt-cv-thumb-wrapper\"><a href=\"https:\/\/aclunaga.es\/en\/jornada-divulgativa-de-expertos-proyecto-twinnavaux\/\" class=\"_blank pt-cv-href-thumbnail pt-cv-thumb-default\" target=\"_blank\" ><img loading=\"lazy\" decoding=\"async\" width=\"768\" height=\"432\" src=\"https:\/\/aclunaga.es\/wp-content\/uploads\/Imagen-mail-e-inscripcion-jornada-2julio2025-1024x576-ES-768x432.jpg\" class=\"pt-cv-thumbnail\" alt=\"Jornada divulgativa de expertos. Proyecto TwinNavAux\" srcset=\"https:\/\/aclunaga.es\/wp-content\/uploads\/Imagen-mail-e-inscripcion-jornada-2julio2025-1024x576-ES-768x432.jpg 768w, https:\/\/aclunaga.es\/wp-content\/uploads\/Imagen-mail-e-inscripcion-jornada-2julio2025-1024x576-ES-300x169.jpg 300w, https:\/\/aclunaga.es\/wp-content\/uploads\/Imagen-mail-e-inscripcion-jornada-2julio2025-1024x576-ES-18x10.jpg 18w, https:\/\/aclunaga.es\/wp-content\/uploads\/Imagen-mail-e-inscripcion-jornada-2julio2025-1024x576-ES.jpg 1024w\" sizes=\"(max-width: 768px) 100vw, 768px\" \/><\/a><\/div>\n<div class=\"pt-cv-remain-wrapper\"><h4 class=\"pt-cv-title\"><a href=\"https:\/\/aclunaga.es\/en\/jornada-divulgativa-de-expertos-proyecto-twinnavaux\/\" class=\"_blank\" target=\"_blank\" >Jornada divulgativa de expertos. Proyecto TwinNavAux<\/a><\/h4><div class=\"pt-cv-meta-fields\"><span class=\"entry-date\"> <time datetime=\"2025-05-15T08:03:06+00:00\">May 15, 2025<\/time><\/span><\/div><\/div><\/div>\n<div class=\"pt-cv-content-item pt-cv-1-col\"  data-pid=\"13863\"><div class=\"pt-cv-thumb-wrapper\"><a href=\"https:\/\/aclunaga.es\/en\/taller-proyectos-y-mercado-de-defensa-oportunidades-para-industria-privada\/\" class=\"_blank pt-cv-href-thumbnail pt-cv-thumb-default\" target=\"_blank\" ><img loading=\"lazy\" decoding=\"async\" width=\"768\" height=\"320\" src=\"https:\/\/aclunaga.es\/wp-content\/uploads\/recorte-web-navalia-ok-768x320.jpg\" class=\"pt-cv-thumbnail\" alt=\"Taller: proyectos y mercado de defensa. Oportunidades para la industria privada\" srcset=\"https:\/\/aclunaga.es\/wp-content\/uploads\/recorte-web-navalia-ok-768x320.jpg 768w, https:\/\/aclunaga.es\/wp-content\/uploads\/recorte-web-navalia-ok-300x125.jpg 300w, https:\/\/aclunaga.es\/wp-content\/uploads\/recorte-web-navalia-ok-1024x427.jpg 1024w, https:\/\/aclunaga.es\/wp-content\/uploads\/recorte-web-navalia-ok-18x8.jpg 18w, https:\/\/aclunaga.es\/wp-content\/uploads\/recorte-web-navalia-ok.jpg 1235w\" sizes=\"(max-width: 768px) 100vw, 768px\" \/><\/a><\/div>\n<div class=\"pt-cv-remain-wrapper\"><h4 class=\"pt-cv-title\"><a href=\"https:\/\/aclunaga.es\/en\/taller-proyectos-y-mercado-de-defensa-oportunidades-para-industria-privada\/\" class=\"_blank\" target=\"_blank\" >Taller: proyectos y mercado de defensa. Oportunidades para la industria privada<\/a><\/h4><div class=\"pt-cv-meta-fields\"><span class=\"entry-date\"> <time datetime=\"2025-04-11T08:05:36+00:00\">April 11, 2025<\/time><\/span><\/div><\/div><\/div>\n<div class=\"pt-cv-content-item pt-cv-1-col\"  data-pid=\"13805\"><div class=\"pt-cv-thumb-wrapper\"><a href=\"https:\/\/aclunaga.es\/en\/https-aclunaga-es-wp-content-uploads-mailing-html\/\" class=\"_blank pt-cv-href-thumbnail pt-cv-thumb-default\" target=\"_blank\" ><img loading=\"lazy\" decoding=\"async\" width=\"768\" height=\"858\" src=\"https:\/\/aclunaga.es\/wp-content\/uploads\/recorte-twin-navaux-768x858.jpg\" class=\"pt-cv-thumbnail\" alt=\"Bolet\u00edn de noticias del proyecto Twin Navaux\" srcset=\"https:\/\/aclunaga.es\/wp-content\/uploads\/recorte-twin-navaux-768x858.jpg 768w, https:\/\/aclunaga.es\/wp-content\/uploads\/recorte-twin-navaux-269x300.jpg 269w, https:\/\/aclunaga.es\/wp-content\/uploads\/recorte-twin-navaux-11x12.jpg 11w, https:\/\/aclunaga.es\/wp-content\/uploads\/recorte-twin-navaux.jpg 803w\" sizes=\"(max-width: 768px) 100vw, 768px\" \/><\/a><\/div>\n<div class=\"pt-cv-remain-wrapper\"><h4 class=\"pt-cv-title\"><a href=\"https:\/\/aclunaga.es\/en\/https-aclunaga-es-wp-content-uploads-mailing-html\/\" class=\"_blank\" target=\"_blank\" >Bolet\u00edn de noticias del proyecto Twin Navaux<\/a><\/h4><div class=\"pt-cv-meta-fields\"><span class=\"entry-date\"> <time datetime=\"2025-04-03T06:35:43+00:00\">April 3, 2025<\/time><\/span><\/div><\/div><\/div><\/div><\/div>\n<div class=\"text-left pt-cv-pagination-wrapper\"><ul class=\"pt-cv-pagination pt-cv-ajax pagination\" data-totalpages=\"5\" data-currentpage=\"1\" data-sid=\"5af40b6\" data-unid=\"\" data-iselementor=\"5af40b6\" data-postid=\"0\"><li class=\"active\"><a href=\"#\">1<\/a><\/li>\n\t<li ><a class=\"\" href=\"https:\/\/aclunaga.es\/en\/wp-json\/wp\/v2\/pages\/6027\/?_page=2\">2<\/a><\/li>\n\t<li ><a class=\"\" href=\"https:\/\/aclunaga.es\/en\/wp-json\/wp\/v2\/pages\/6027\/?_page=3\">3<\/a><\/li>\n\t<li ><a href=\"#\">&hellip;<\/a><\/li>\n\t<li ><a class=\"\" href=\"https:\/\/aclunaga.es\/en\/wp-json\/wp\/v2\/pages\/6027\/?_page=5\">5<\/a><\/li>\n\t<li ><a class=\"\" href=\"https:\/\/aclunaga.es\/en\/wp-json\/wp\/v2\/pages\/6027\/?_page=2\">&rsaquo;<\/a><\/li>\n\t<\/ul><img loading=\"lazy\" decoding=\"async\" width=\"15\" height=\"15\" class=\"pt-cv-spinner\" alt=\"Loading...\" src=\"data:image\/gif;base64,R0lGODlhDwAPALMPAMrKygwMDJOTkz09PZWVla+vr3p6euTk5M7OzuXl5TMzMwAAAJmZmWZmZszMzP\/\/\/yH\/C05FVFNDQVBFMi4wAwEAAAAh+QQFCgAPACwAAAAADwAPAAAEQvDJaZaZOIcV8iQK8VRX4iTYoAwZ4iCYoAjZ4RxejhVNoT+mRGP4cyF4Pp0N98sBGIBMEMOotl6YZ3S61Bmbkm4mAgAh+QQFCgAPACwAAAAADQANAAAENPDJSRSZeA418itN8QiK8BiLITVsFiyBBIoYqnoewAD4xPw9iY4XLGYSjkQR4UAUD45DLwIAIfkEBQoADwAsAAAAAA8ACQAABC\/wyVlamTi3nSdgwFNdhEJgTJoNyoB9ISYoQmdjiZPcj7EYCAeCF1gEDo4Dz2eIAAAh+QQFCgAPACwCAAAADQANAAAEM\/DJBxiYeLKdX3IJZT1FU0iIg2RNKx3OkZVnZ98ToRD4MyiDnkAh6BkNC0MvsAj0kMpHBAAh+QQFCgAPACwGAAAACQAPAAAEMDC59KpFDll73HkAA2wVY5KgiK5b0RRoI6MuzG6EQqCDMlSGheEhUAgqgUUAFRySIgAh+QQFCgAPACwCAAIADQANAAAEM\/DJKZNLND\/kkKaHc3xk+QAMYDKsiaqmZCxGVjSFFCxB1vwy2oOgIDxuucxAMTAJFAJNBAAh+QQFCgAPACwAAAYADwAJAAAEMNAs86q1yaWwwv2Ig0jUZx3OYa4XoRAfwADXoAwfo1+CIjyFRuEho60aSNYlOPxEAAAh+QQFCgAPACwAAAIADQANAAAENPA9s4y8+IUVcqaWJ4qEQozSoAzoIyhCK2NFU2SJk0hNnyEOhKR2AzAAj4Pj4GE4W0bkJQIAOw==\" \/><div class=\"clear pt-cv-clear-pagination\"><\/div><\/div> <\/div> \t\t<\/div>\n\t\t\t\t<\/div>\n\t\t\t\t\t<\/div>\n\t\t\t\t<\/div>\n\t\t\t\t<\/div>","protected":false},"excerpt":{"rendered":"<p>Actualidad TodosActualidadEventosJornadasM\u00e1s recientesDate (Oldest) Jornada sobre los retos de la descarbonizaci\u00f3n del sector pesquero noviembre 22, 2024 ACLUNAGA participa en [&hellip;]<\/p>","protected":false},"author":1,"featured_media":0,"parent":0,"menu_order":0,"comment_status":"closed","ping_status":"closed","template":"","meta":{"site-sidebar-layout":"no-sidebar","site-content-layout":"","ast-site-content-layout":"full-width-container","site-content-style":"default","site-sidebar-style":"default","ast-global-header-display":"","ast-banner-title-visibility":"","ast-main-header-display":"","ast-hfb-above-header-display":"","ast-hfb-below-header-display":"","ast-hfb-mobile-header-display":"","site-post-title":"disabled","ast-breadcrumbs-content":"","ast-featured-img":"disabled","footer-sml-layout":"","theme-transparent-header-meta":"","adv-header-id-meta":"","stick-header-meta":"","header-above-stick-meta":"","header-main-stick-meta":"","header-below-stick-meta":"","astra-migrate-meta-layouts":"default","ast-page-background-enabled":"default","ast-page-background-meta":{"desktop":{"background-color":"var(--ast-global-color-4)","background-image":"","background-repeat":"repeat","background-position":"center center","background-size":"auto","background-attachment":"scroll","background-type":"","background-media":"","overlay-type":"","overlay-color":"","overlay-opacity":"","overlay-gradient":""},"tablet":{"background-color":"","background-image":"","background-repeat":"repeat","background-position":"center center","background-size":"auto","background-attachment":"scroll","background-type":"","background-media":"","overlay-type":"","overlay-color":"","overlay-opacity":"","overlay-gradient":""},"mobile":{"background-color":"","background-image":"","background-repeat":"repeat","background-position":"center center","background-size":"auto","background-attachment":"scroll","background-type":"","background-media":"","overlay-type":"","overlay-color":"","overlay-opacity":"","overlay-gradient":""}},"ast-content-background-meta":{"desktop":{"background-color":"var(--ast-global-color-5)","background-image":"","background-repeat":"repeat","background-position":"center center","background-size":"auto","background-attachment":"scroll","background-type":"","background-media":"","overlay-type":"","overlay-color":"","overlay-opacity":"","overlay-gradient":""},"tablet":{"background-color":"var(--ast-global-color-5)","background-image":"","background-repeat":"repeat","background-position":"center center","background-size":"auto","background-attachment":"scroll","background-type":"","background-media":"","overlay-type":"","overlay-color":"","overlay-opacity":"","overlay-gradient":""},"mobile":{"background-color":"var(--ast-global-color-5)","background-image":"","background-repeat":"repeat","background-position":"center center","background-size":"auto","background-attachment":"scroll","background-type":"","background-media":"","overlay-type":"","overlay-color":"","overlay-opacity":"","overlay-gradient":""}},"footnotes":""},"actividad":[],"provincia":[],"class_list":["post-6027","page","type-page","status-publish","hentry"],"_links":{"self":[{"href":"https:\/\/aclunaga.es\/en\/wp-json\/wp\/v2\/pages\/6027","targetHints":{"allow":["GET"]}}],"collection":[{"href":"https:\/\/aclunaga.es\/en\/wp-json\/wp\/v2\/pages"}],"about":[{"href":"https:\/\/aclunaga.es\/en\/wp-json\/wp\/v2\/types\/page"}],"author":[{"embeddable":true,"href":"https:\/\/aclunaga.es\/en\/wp-json\/wp\/v2\/users\/1"}],"replies":[{"embeddable":true,"href":"https:\/\/aclunaga.es\/en\/wp-json\/wp\/v2\/comments?post=6027"}],"version-history":[{"count":200,"href":"https:\/\/aclunaga.es\/en\/wp-json\/wp\/v2\/pages\/6027\/revisions"}],"predecessor-version":[{"id":12131,"href":"https:\/\/aclunaga.es\/en\/wp-json\/wp\/v2\/pages\/6027\/revisions\/12131"}],"wp:attachment":[{"href":"https:\/\/aclunaga.es\/en\/wp-json\/wp\/v2\/media?parent=6027"}],"wp:term":[{"taxonomy":"actividad","embeddable":true,"href":"https:\/\/aclunaga.es\/en\/wp-json\/wp\/v2\/actividad?post=6027"},{"taxonomy":"provincia","embeddable":true,"href":"https:\/\/aclunaga.es\/en\/wp-json\/wp\/v2\/provincia?post=6027"}],"curies":[{"name":"wp","href":"https:\/\/api.w.org\/{rel}","templated":true}]}}