{"id":14033,"date":"2025-07-10T10:42:56","date_gmt":"2025-07-10T10:42:56","guid":{"rendered":"https:\/\/aclunaga.es\/?page_id=14033"},"modified":"2025-07-23T12:33:54","modified_gmt":"2025-07-23T12:33:54","slug":"addship","status":"publish","type":"page","link":"https:\/\/aclunaga.es\/en\/addship\/","title":{"rendered":"ADDSHIP"},"content":{"rendered":"<div data-elementor-type=\"wp-page\" data-elementor-id=\"14033\" class=\"elementor elementor-14033\">\n\t\t\t\t<div class=\"elementor-element elementor-element-91720ff e-flex e-con-boxed e-con e-parent\" data-id=\"91720ff\" data-element_type=\"container\">\n\t\t\t\t\t<div class=\"e-con-inner\">\n\t\t<div class=\"elementor-element elementor-element-30ed660 e-con-full e-flex e-con e-child\" data-id=\"30ed660\" data-element_type=\"container\">\n\t\t\t\t<div class=\"elementor-element elementor-element-6d1e2a0 elementor-widget elementor-widget-image\" data-id=\"6d1e2a0\" data-element_type=\"widget\" data-widget_type=\"image.default\">\n\t\t\t\t<div class=\"elementor-widget-container\">\n\t\t\t\t\t\t\t\t\t\t\t\t\t<img fetchpriority=\"high\" decoding=\"async\" width=\"1024\" height=\"480\" src=\"https:\/\/aclunaga.es\/wp-content\/uploads\/2024\/07\/Ria-de-Vigo-1024x480.jpg\" class=\"attachment-large size-large wp-image-3115\" alt=\"\" srcset=\"https:\/\/aclunaga.es\/wp-content\/uploads\/2024\/07\/Ria-de-Vigo-1024x480.jpg 1024w, https:\/\/aclunaga.es\/wp-content\/uploads\/2024\/07\/Ria-de-Vigo-300x141.jpg 300w, https:\/\/aclunaga.es\/wp-content\/uploads\/2024\/07\/Ria-de-Vigo-768x360.jpg 768w, https:\/\/aclunaga.es\/wp-content\/uploads\/2024\/07\/Ria-de-Vigo-1536x720.jpg 1536w, https:\/\/aclunaga.es\/wp-content\/uploads\/2024\/07\/Ria-de-Vigo-18x8.jpg 18w, https:\/\/aclunaga.es\/wp-content\/uploads\/2024\/07\/Ria-de-Vigo.jpg 1920w\" sizes=\"(max-width: 1024px) 100vw, 1024px\" \/>\t\t\t\t\t\t\t\t\t\t\t\t\t<\/div>\n\t\t\t\t<\/div>\n\t\t\t\t<\/div>\n\t\t\t\t\t<\/div>\n\t\t\t\t<\/div>\n\t\t<div class=\"elementor-element elementor-element-086da6b e-flex e-con-boxed e-con e-parent\" data-id=\"086da6b\" data-element_type=\"container\">\n\t\t\t\t\t<div class=\"e-con-inner\">\n\t\t<div class=\"elementor-element elementor-element-6ee53a8 e-con-full e-flex e-con e-child\" data-id=\"6ee53a8\" data-element_type=\"container\">\n\t\t<div class=\"elementor-element elementor-element-e41c538 e-con-full e-flex e-con e-child\" data-id=\"e41c538\" data-element_type=\"container\" data-settings=\"{&quot;background_background&quot;:&quot;classic&quot;}\">\n\t\t\t\t<div class=\"elementor-element elementor-element-ce77b9f elementor-widget__width-initial elementor-widget elementor-widget-image\" data-id=\"ce77b9f\" data-element_type=\"widget\" data-widget_type=\"image.default\">\n\t\t\t\t<div class=\"elementor-widget-container\">\n\t\t\t\t\t\t\t\t\t\t\t\t\t<img decoding=\"async\" width=\"320\" height=\"128\" src=\"https:\/\/aclunaga.es\/wp-content\/uploads\/addship-1.jpeg\" class=\"attachment-large size-large wp-image-14043\" alt=\"\" srcset=\"https:\/\/aclunaga.es\/wp-content\/uploads\/addship-1.jpeg 320w, https:\/\/aclunaga.es\/wp-content\/uploads\/addship-1-300x120.jpeg 300w, https:\/\/aclunaga.es\/wp-content\/uploads\/addship-1-18x7.jpeg 18w\" sizes=\"(max-width: 320px) 100vw, 320px\" \/>\t\t\t\t\t\t\t\t\t\t\t\t\t<\/div>\n\t\t\t\t<\/div>\n\t\t<div class=\"elementor-element elementor-element-3013283 e-flex e-con-boxed e-con e-child\" data-id=\"3013283\" data-element_type=\"container\">\n\t\t\t\t\t<div class=\"e-con-inner\">\n\t\t\t\t<div class=\"elementor-element elementor-element-049a43f elementor-widget-divider--view-line elementor-widget elementor-widget-divider\" data-id=\"049a43f\" data-element_type=\"widget\" data-widget_type=\"divider.default\">\n\t\t\t\t<div class=\"elementor-widget-container\">\n\t\t\t\t\t<div class=\"elementor-divider\">\n\t\t\t<span class=\"elementor-divider-separator\">\n\t\t\t\t\t\t<\/span>\n\t\t<\/div>\n\t\t\t\t<\/div>\n\t\t\t\t<\/div>\n\t\t\t\t\t<\/div>\n\t\t\t\t<\/div>\n\t\t<div class=\"elementor-element elementor-element-7d9be29 e-flex e-con-boxed e-con e-child\" data-id=\"7d9be29\" data-element_type=\"container\">\n\t\t\t\t\t<div class=\"e-con-inner\">\n\t\t\t\t<div class=\"elementor-element elementor-element-a83861a elementor-widget elementor-widget-text-editor\" data-id=\"a83861a\" data-element_type=\"widget\" data-widget_type=\"text-editor.default\">\n\t\t\t\t<div class=\"elementor-widget-container\">\n\t\t\t\t\t\t\t<p><strong>\u00bfQU\u00c9 ES ADDSHIP?<\/strong><br \/>AddShip es una herramienta desarrollada por Jungsmind, una consultora especializada en proyectos europeos de I+D+i, con sede en Galicia y asociada a ACLUNAGA.<br \/>El objetivo de la herramienta es la gesti\u00f3n de la documentaci\u00f3n mar\u00edtima: certificados que caducan sin aviso, inspecciones que se registran en papel, normativas que cambian constantemente y archivos repartidos entre carpetas, correos, m\u00f3viles y memorias USB. <br \/>AddShip nace precisamente para acabar con ese desorden. Es la primera plataforma SaaS con inteligencia artificial y app del mundo que te permite guardar, crear y gestionar toda la documentaci\u00f3n de tus buques de forma segura, ordenada y accesible desde cualquier lugar. Todo en la nube, con copias de seguridad autom\u00e1ticas, cifrado, trazabilidad y soporte para blockchain.<\/p><p><strong>FUNCIONALIDADES:<\/strong><br \/>\u2022 Gesti\u00f3n de certificados<br \/>\u2022 Control de Inspecciones<br \/>\u2022 Inventario de elementos abordo<br \/>\u2022 Simulacros y plantillas<br \/>\u2022 Gesti\u00f3n de usuarios<br \/>\u2022 Alertas autom\u00e1ticas<br \/>\u2022 Geolocalizaci\u00f3n<br \/>\u2022 Inteligencia artificial<br \/>\u2022 Seguridad y respaldo en la nube.<\/p><p><strong>USUARIOS:<\/strong><br \/>AddShip est\u00e1 hecho para todos los que trabajan en el ecosistema mar\u00edtimo y necesitan tener la documentaci\u00f3n en orden, sin perder tiempo ni correr riesgos innecesarios.<br \/>Para aquellos que saben de la importancia de tener los certificados al d\u00eda, localizables y listos para inspecci\u00f3n. <br \/>AddShip puede ayudar a armadoras, proveedores de equipos y materiales, ingenier\u00edas, sociedades de clasificaci\u00f3n o particulares a gestionar lo certificados propios o de cliente.<\/p>\t\t\t\t\t\t<\/div>\n\t\t\t\t<\/div>\n\t\t\t\t<div class=\"elementor-element elementor-element-f98cb85 elementor-align-center elementor-widget elementor-widget-button\" data-id=\"f98cb85\" data-element_type=\"widget\" data-widget_type=\"button.default\">\n\t\t\t\t<div class=\"elementor-widget-container\">\n\t\t\t\t\t\t\t<div class=\"elementor-button-wrapper\">\n\t\t\t\t\t<a class=\"elementor-button elementor-button-link elementor-size-sm\" href=\"https:\/\/www.addship.net\/\">\n\t\t\t\t\t\t<span class=\"elementor-button-content-wrapper\">\n\t\t\t\t\t\t\t\t\t<span class=\"elementor-button-text\">Further information<\/span>\n\t\t\t\t\t<\/span>\n\t\t\t\t\t<\/a>\n\t\t\t\t<\/div>\n\t\t\t\t\t\t<\/div>\n\t\t\t\t<\/div>\n\t\t\t\t\t<\/div>\n\t\t\t\t<\/div>\n\t\t\t\t<\/div>\n\t\t\t\t<\/div>\n\t\t<div class=\"elementor-element elementor-element-f019cd2 e-con-full e-flex e-con e-child\" data-id=\"f019cd2\" data-element_type=\"container\">\n\t\t<div class=\"elementor-element elementor-element-fa85bcf e-con-full e-flex e-con e-child\" data-id=\"fa85bcf\" data-element_type=\"container\">\n\t\t\t\t<div class=\"elementor-element elementor-element-e920a4d elementor-widget elementor-widget-video\" data-id=\"e920a4d\" data-element_type=\"widget\" data-settings=\"{&quot;youtube_url&quot;:&quot;https:\\\/\\\/www.youtube.com\\\/watch?v=1JJGms5fc8E&quot;,&quot;video_type&quot;:&quot;youtube&quot;,&quot;controls&quot;:&quot;yes&quot;}\" data-widget_type=\"video.default\">\n\t\t\t\t<div class=\"elementor-widget-container\">\n\t\t\t\t\t<div class=\"elementor-wrapper elementor-open-inline\">\n\t\t\t<div class=\"elementor-video\"><\/div>\t\t<\/div>\n\t\t\t\t<\/div>\n\t\t\t\t<\/div>\n\t\t\t\t<\/div>\n\t\t\t\t<\/div>\n\t\t\t\t\t<\/div>\n\t\t\t\t<\/div>\n\t\t\t\t<\/div>","protected":false},"excerpt":{"rendered":"<p>\u00bfQU\u00c9 ES ADDSHIP?AddShip es una herramienta desarrollada por Jungsmind, una consultora especializada en proyectos europeos de I+D+i, con sede en [&hellip;]<\/p>","protected":false},"author":4,"featured_media":14043,"parent":0,"menu_order":0,"comment_status":"closed","ping_status":"closed","template":"","meta":{"site-sidebar-layout":"no-sidebar","site-content-layout":"","ast-site-content-layout":"full-width-container","site-content-style":"default","site-sidebar-style":"default","ast-global-header-display":"","ast-banner-title-visibility":"","ast-main-header-display":"","ast-hfb-above-header-display":"","ast-hfb-below-header-display":"","ast-hfb-mobile-header-display":"","site-post-title":"disabled","ast-breadcrumbs-content":"","ast-featured-img":"disabled","footer-sml-layout":"","theme-transparent-header-meta":"","adv-header-id-meta":"","stick-header-meta":"","header-above-stick-meta":"","header-main-stick-meta":"","header-below-stick-meta":"","astra-migrate-meta-layouts":"default","ast-page-background-enabled":"default","ast-page-background-meta":{"desktop":{"background-color":"var(--ast-global-color-4)","background-image":"","background-repeat":"repeat","background-position":"center center","background-size":"auto","background-attachment":"scroll","background-type":"","background-media":"","overlay-type":"","overlay-color":"","overlay-opacity":"","overlay-gradient":""},"tablet":{"background-color":"","background-image":"","background-repeat":"repeat","background-position":"center center","background-size":"auto","background-attachment":"scroll","background-type":"","background-media":"","overlay-type":"","overlay-color":"","overlay-opacity":"","overlay-gradient":""},"mobile":{"background-color":"","background-image":"","background-repeat":"repeat","background-position":"center center","background-size":"auto","background-attachment":"scroll","background-type":"","background-media":"","overlay-type":"","overlay-color":"","overlay-opacity":"","overlay-gradient":""}},"ast-content-background-meta":{"desktop":{"background-color":"var(--ast-global-color-5)","background-image":"","background-repeat":"repeat","background-position":"center center","background-size":"auto","background-attachment":"scroll","background-type":"","background-media":"","overlay-type":"","overlay-color":"","overlay-opacity":"","overlay-gradient":""},"tablet":{"background-color":"var(--ast-global-color-5)","background-image":"","background-repeat":"repeat","background-position":"center center","background-size":"auto","background-attachment":"scroll","background-type":"","background-media":"","overlay-type":"","overlay-color":"","overlay-opacity":"","overlay-gradient":""},"mobile":{"background-color":"var(--ast-global-color-5)","background-image":"","background-repeat":"repeat","background-position":"center center","background-size":"auto","background-attachment":"scroll","background-type":"","background-media":"","overlay-type":"","overlay-color":"","overlay-opacity":"","overlay-gradient":""}},"footnotes":""},"actividad":[],"provincia":[],"class_list":["post-14033","page","type-page","status-publish","has-post-thumbnail","hentry"],"_links":{"self":[{"href":"https:\/\/aclunaga.es\/en\/wp-json\/wp\/v2\/pages\/14033","targetHints":{"allow":["GET"]}}],"collection":[{"href":"https:\/\/aclunaga.es\/en\/wp-json\/wp\/v2\/pages"}],"about":[{"href":"https:\/\/aclunaga.es\/en\/wp-json\/wp\/v2\/types\/page"}],"author":[{"embeddable":true,"href":"https:\/\/aclunaga.es\/en\/wp-json\/wp\/v2\/users\/4"}],"replies":[{"embeddable":true,"href":"https:\/\/aclunaga.es\/en\/wp-json\/wp\/v2\/comments?post=14033"}],"version-history":[{"count":25,"href":"https:\/\/aclunaga.es\/en\/wp-json\/wp\/v2\/pages\/14033\/revisions"}],"predecessor-version":[{"id":14115,"href":"https:\/\/aclunaga.es\/en\/wp-json\/wp\/v2\/pages\/14033\/revisions\/14115"}],"wp:featuredmedia":[{"embeddable":true,"href":"https:\/\/aclunaga.es\/en\/wp-json\/wp\/v2\/media\/14043"}],"wp:attachment":[{"href":"https:\/\/aclunaga.es\/en\/wp-json\/wp\/v2\/media?parent=14033"}],"wp:term":[{"taxonomy":"actividad","embeddable":true,"href":"https:\/\/aclunaga.es\/en\/wp-json\/wp\/v2\/actividad?post=14033"},{"taxonomy":"provincia","embeddable":true,"href":"https:\/\/aclunaga.es\/en\/wp-json\/wp\/v2\/provincia?post=14033"}],"curies":[{"name":"wp","href":"https:\/\/api.w.org\/{rel}","templated":true}]}}