{"id":10,"date":"2024-05-07T08:48:37","date_gmt":"2024-05-07T08:48:37","guid":{"rendered":"https:\/\/aclunaga.es\/?page_id=10"},"modified":"2026-02-25T11:18:02","modified_gmt":"2026-02-25T11:18:02","slug":"mision-y-vision","status":"publish","type":"page","link":"https:\/\/aclunaga.es\/en\/sobre-nosotros\/mision-y-vision\/","title":{"rendered":"Mission &amp; Vision"},"content":{"rendered":"<div data-elementor-type=\"wp-page\" data-elementor-id=\"10\" class=\"elementor elementor-10\">\n\t\t\t\t<div class=\"elementor-element elementor-element-5fcc6a67 e-flex e-con-boxed e-con e-parent\" data-id=\"5fcc6a67\" data-element_type=\"container\" data-settings=\"{&quot;background_background&quot;:&quot;classic&quot;}\">\n\t\t\t\t\t<div class=\"e-con-inner\">\n\t\t<div class=\"elementor-element elementor-element-108b1719 e-con-full e-flex e-con e-child\" data-id=\"108b1719\" data-element_type=\"container\">\n\t\t\t\t<div class=\"elementor-element elementor-element-d88fa07 elementor-widget elementor-widget-text-editor\" data-id=\"d88fa07\" data-element_type=\"widget\" data-widget_type=\"text-editor.default\">\n\t\t\t\t<div class=\"elementor-widget-container\">\n\t\t\t\t\t\t\t<h2>Presentation<\/h2><p>From the days of riverside carpentries to the large shipyards of today, Galicia has accumulated a long tradition in shipbuilding. Internationally recognized not only for our expertise but also for our resilience, a capacity to overcome adversity, and the will to continuously move forward.<\/p>\t\t\t\t\t\t<\/div>\n\t\t\t\t<\/div>\n\t\t\t\t<\/div>\n\t\t\t\t\t<\/div>\n\t\t\t\t<\/div>\n\t\t<div class=\"elementor-element elementor-element-3926d6f3 e-flex e-con-boxed e-con e-parent\" data-id=\"3926d6f3\" data-element_type=\"container\" data-settings=\"{&quot;background_background&quot;:&quot;gradient&quot;}\">\n\t\t\t\t\t<div class=\"e-con-inner\">\n\t\t<div class=\"elementor-element elementor-element-86d8603 e-con-full e-flex e-con e-child\" data-id=\"86d8603\" data-element_type=\"container\">\n\t\t\t\t<div class=\"elementor-element elementor-element-fe4482f elementor-widget elementor-widget-text-editor\" data-id=\"fe4482f\" data-element_type=\"widget\" data-widget_type=\"text-editor.default\">\n\t\t\t\t<div class=\"elementor-widget-container\">\n\t\t\t\t\t\t\t<h2><span style=\"font-weight: bold;\">ACLUNAGA<\/span><\/h2><div class=\"wrap mcb-wrap one valign-top clearfix\"><div class=\"mcb-wrap-inner\"><div class=\"column mcb-column one column_visual\"><h3>MEETING POINT OF THE GALICIAN NAVAL INDUSTRY<\/h3><p>The only business group specific to the naval industry in Galicia<\/p><p>Founded in 1999, the Galician Shipbuilding Cluster (ACLUNAGA) was the second group of companies established in the Spanish naval sector as a Cluster. Since then, efforts have focused on greater diversification towards new, high-tech sectors, while the Cluster has consolidated itself as the first and main meeting point for the entire business and social network involved in shipbuilding.<\/p><p>Since its inception and driven by the Regional Ministry of Industry, Trade, and Innovation, ACLUNAGA's objectives have focused on technological improvement and research, production sophistication and efficiency improvements, as well as new methods of production design and quality, training, and organisation.<\/p><p>The association of companies whose interests converge in the production of high-quality products has played a very significant role in particularly delicate situations and during the last economic crisis. Business cooperation, combined with the involvement of other key players in the sector (government, universities, unions, and industry associations), proves to be a top-level strategic factor in addressing the challenges ahead.<\/p><p>Today, the track record and experience accumulated by the Cluster endorse it not only as the only specific group for Galicia\u2019s naval sector, but also as the main meeting point for the entire business and social network involved in production, value generation, and the services necessary to meet the needs arising around shipbuilding.<\/p><\/div><\/div><\/div><div class=\"wrap mcb-wrap one valign-top clearfix\"><div class=\"mcb-wrap-inner\"><div class=\"column mcb-column one column_visual\"><h2>ACLUNAGA - KEY POINTS:<\/h2><ul><li><strong>UNIQUE IN THE SECTOR<\/strong>\u2013 It was one of the only two clusters of Spain involved with naval construction. It is currently the only business association specific to this activity in Galicia.<\/li><\/ul><ul><li><strong>REPRESENTATIVENESS AND INFLUENCE<\/strong> \u2013 The long tradition in the naval sector still holds to this day its strength mainly in Ferrol and Vigo and their respectives areas of influence (though not exclusively), where it has a wide presence and representativeness.<\/li><\/ul><ul><li><strong>CLUSTER<\/strong> \u2013 All of the economic activities that intervene innaval construction projects are widely represented in the heart of ACLUNAGA.<\/li><\/ul><p>Currently, the Cluster includes companies whose products and services cover all segments of the shipbuilding value chain, from shipyards and engineering firms to classification and certification societies, as well as suppliers of equipment, materials, enablers, installers, and metalworking companies. In this way, ACLUNAGA's primary objective\u2014to become the institution that most accurately reflects and represents the Galician naval sector\u2014has been achieved and consolidated.<\/p><\/div><div class=\"column mcb-column one column_visual\"><h2>ACLUNAGA IN NUMBERS<\/h2><p>The cluster currently has over 130 members and covers virtually the entire value chain of the sector.<br \/>Value chain of the Galician Naval Sector integrated in ACLUNAGA<\/p><ul><li>12 shipyards<\/li><li>101 auxiliary industry companies<\/li><li>7 support institutions (public administrations and proffesional associations)<\/li><li>4 R+D and educational enviroment organisations<\/li><li>6 support services entities<\/li><\/ul><p>The geographical situation of the Association is mainly concentrated in the regions of Pontevedra and A Coru\u00f1a.<\/p><ul><li>51% Pontevedra<\/li><li>42% A Coru\u00f1a<\/li><li>2% Lugo<\/li><li>1% Ourense<\/li><li>4% Other<\/li><\/ul><\/div><\/div><\/div>\t\t\t\t\t\t<\/div>\n\t\t\t\t<\/div>\n\t\t\t\t<\/div>\n\t\t<div class=\"elementor-element elementor-element-c405d90 e-con-full e-flex e-con e-child\" data-id=\"c405d90\" data-element_type=\"container\">\n\t\t\t\t<div class=\"elementor-element elementor-element-cc44886 elementor-widget elementor-widget-text-editor\" data-id=\"cc44886\" data-element_type=\"widget\" data-widget_type=\"text-editor.default\">\n\t\t\t\t<div class=\"elementor-widget-container\">\n\t\t\t\t\t\t\t<h4><span style=\"color: #ffffff;\"><strong>OBJECTIVES<\/strong><\/span><\/h4><ol><li class=\" translation-block\"><span style=\"color: #fbc334\">Establish<\/span> a cooperation system among all members to unify criteria and use the same production procedures. Moreover, collaboration with administrations is promoted to achieve optimal business development.<\/li><li class=\" translation-block\"><span style=\"color: #fbc334\">Increment<\/span> the level of productive quality of the members and achieve the certification of the products made by the members by obtaining the relevant ISO certificates.<\/li><li class=\" translation-block\"><span style=\"color: #fbc334\">Encourage<\/span> the development of industrial activity and reduce costs by uniting wills and efforts to enhance the role of the auxiliary industry.<\/li><li class=\" translation-block\"><span style=\"color: #fbc334\">Establish<\/span> a regime and safety and occupational risk prevention standards with all members, as well as environmental protection measures, to ensure strict compliance with current legal provisions in this regard.<\/li><li class=\" translation-block\"><span style=\"color: #fbc334\">Spread awareness<\/span> of the business and professional activities carried out by the members. At the same time, achieve cooperation with the media to facilitate their collaboration in the dissemination of these activities, and especially the aims of the association.<\/li><li class=\" translation-block\"><span style=\"color: #fbc334\">Ensure<\/span> the widest dissemination of the innovations, studies, and activities undertaken by the Association.<\/li><li class=\" translation-block\"><span style=\"color: #fbc334\">Promote, coordinate, and develop<\/span> courses, workshops, seminars, and educational programmes aimed at vocational training and qualifications in the business area of the auxiliary naval companies.<\/li><li class=\" translation-block\"><span style=\"color: #fbc334\">Encourage<\/span> relationships with national and international entities that pursue similar goals.<\/li><\/ol><div class=\"column mcb-column one column_visual\"><h2>\u00a0<\/h2><h2>ACLUNAGA IS ALSO:<\/h2><ul><li>Founding member of <strong>Spanish Maritime Cluster.<\/strong>.<\/li><li>Founder of the first\u00a0<strong>Galician Industrial Digital Innovation Hub, DIHGIGAL<\/strong>, alongside CEAGA, CLUSAGA and TIC Cluster.<\/li><li>Founding member of <strong>Technological Centre of the Galician Naval Foundation<\/strong> (CETNAGA).<\/li><li>Member, alongside Basque Maritime Forum, of <strong>the Spanish Association of Auxiliar Industry<\/strong>, AEDIMAR.<\/li><li>Presidency of <strong>Social Dialogue Comittee<\/strong> in the face of the European Commision-Sea Europe.<\/li><li>Board member of <strong>SEA Europe Comittee of Directors<\/strong>.<\/li><li>Registered in the <strong>Register of Excellent Innovative Business Associations<\/strong> of the Spanish Ministry of Industry, Tourism and  Trade.<\/li><li>Promoter of <strong>Naval Construction and Technology Platform of Galicia<\/strong>.<\/li><li>Promoter of <strong>Naval Prevention Forum<\/strong>.<\/li><li>Collaborator member of <strong>Sea Campus of Vigo University<\/strong>.<\/li><li>Member of <strong>Renewable Energies Forum of Galicia<\/strong>.<\/li><\/ul><\/div><div class=\"column mcb-column one column_visual\"><h2>\u00a0<\/h2><h2>AWARDS AND DISTINCTIONS:<\/h2><ul><li><span style=\"color: #fbc334;\">4.0 Industry Pilot Project Award<\/span>: 2017 and 2018.<\/li><li><span style=\"color: #fbc334;\">Miguel Pardo Award to educational quality in the Auxiliary Naval Industry<\/span> (Spanish Maritime Cluster): 2009.<\/li><li><span style=\"color: #fbc334;\">Vigo Port's Gold Medal<\/span>: 2008.<\/li><\/ul><p>\u00a0<\/p><\/div><div class=\"column mcb-column one column_visual\"><h2>STAND OUT ACTIONS OF ACLUNAGA<\/h2><ul><li><span style=\"color: #fbc334;\">Proyecto\u00a0<em>RESURGAM<\/em><\/span>\u00a0(Inspecci\u00f3n, reparaci\u00f3n y fabricaci\u00f3n rob\u00f3tica. Introducci\u00f3n de la soldadura Friction Stir Welding de alta productividad en los astilleros europeos)<\/li><li class=\" translation-block\"><span style=\"color: #fbc334\">IN 4.0 Project<\/em><\/span>\u00a0(4.0 Industry model adaptation to the Construction Sector)<\/li><li class=\" translation-block\"><span style=\"color: #fbc334\">MANUFACTUR 4.0 Project<\/span> (implementation and development of inteligent and innovative technologies in the naval, metal and machinary sectors)<\/li><li class=\" translation-block\"><span style=\"color: #fbc334\">CONSORTEX Project<\/em>\u00a0<\/span>(building up of exportation consortiums in european internationalisation)<\/li><li class=\" translation-block\"><span style=\"color: #fbc334\">SHIPBUILDING 4.0 Project<\/span>, towards robotised industry, 2015<\/li><li><span style=\"color: #fbc334;\">Collective measurement of Confined Spaces in Navantia for Auxiliary Industry<\/span>, 2010<\/li><li><span style=\"color: #fbc334;\">Naval Sector technological platform<\/span>, 2010<\/li><li class=\" translation-block\"><span style=\"color: #fbc334\">REFRESH Project\u00a0of the 7th Marco Program<\/span>, 2010.<\/li><li><span style=\"color: #fbc334;\">Training Program for the Galician Naval Sector<\/span>, 2009, 2004, 2001<\/li><li class=\" translation-block\"><span style=\"color: #fbc334\">AUXNAVALIA Project\u00a0of competitiveness improvement form the IAC, financed together with Atlantic Space<\/span>, 2009<\/li><li><span style=\"color: #fbc334;\">Promoter of the Technology Centre of Galician Naval, CETNAGA<\/span>, 2008<\/li><li><span style=\"color: #fbc334;\">Shipyard Access Control Project<\/span>, 2008.<\/li><li class=\" translation-block\"><span style=\"color: #fbc334\">INVIRNAGA Project, design tool for naval universal design<\/span>, 2003<\/li><\/ul><\/div>\t\t\t\t\t\t<\/div>\n\t\t\t\t<\/div>\n\t\t\t\t<\/div>\n\t\t<div class=\"elementor-element elementor-element-e3dc035 e-con-full e-flex e-con e-child\" data-id=\"e3dc035\" data-element_type=\"container\">\n\t\t\t\t<div class=\"elementor-element elementor-element-a4fa152 elementor-widget elementor-widget-button\" data-id=\"a4fa152\" data-element_type=\"widget\" data-widget_type=\"button.default\">\n\t\t\t\t<div class=\"elementor-widget-container\">\n\t\t\t\t\t\t\t<div class=\"elementor-button-wrapper\">\n\t\t\t\t\t<a class=\"elementor-button elementor-button-link elementor-size-sm\" href=\"https:\/\/aclunaga.es\/en\/estatutos-de-aclunaga\/\">\n\t\t\t\t\t\t<span class=\"elementor-button-content-wrapper\">\n\t\t\t\t\t\t<span class=\"elementor-button-icon\">\n\t\t\t\t<svg aria-hidden=\"true\" class=\"e-font-icon-svg e-fas-book\" viewbox=\"0 0 448 512\" xmlns=\"http:\/\/www.w3.org\/2000\/svg\"><path d=\"M448 360V24c0-13.3-10.7-24-24-24H96C43 0 0 43 0 96v320c0 53 43 96 96 96h328c13.3 0 24-10.7 24-24v-16c0-7.5-3.5-14.3-8.9-18.7-4.2-15.4-4.2-59.3 0-74.7 5.4-4.3 8.9-11.1 8.9-18.6zM128 134c0-3.3 2.7-6 6-6h212c3.3 0 6 2.7 6 6v20c0 3.3-2.7 6-6 6H134c-3.3 0-6-2.7-6-6v-20zm0 64c0-3.3 2.7-6 6-6h212c3.3 0 6 2.7 6 6v20c0 3.3-2.7 6-6 6H134c-3.3 0-6-2.7-6-6v-20zm253.4 250H96c-17.7 0-32-14.3-32-32 0-17.6 14.4-32 32-32h285.4c-1.9 17.1-1.9 46.9 0 64z\"><\/path><\/svg>\t\t\t<\/span>\n\t\t\t\t\t\t\t\t\t<span class=\"elementor-button-text\">ACLUNAGA STATUTES<\/span>\n\t\t\t\t\t<\/span>\n\t\t\t\t\t<\/a>\n\t\t\t\t<\/div>\n\t\t\t\t\t\t<\/div>\n\t\t\t\t<\/div>\n\t\t\t\t<div class=\"elementor-element elementor-element-b1c49be elementor-widget elementor-widget-button\" data-id=\"b1c49be\" data-element_type=\"widget\" data-widget_type=\"button.default\">\n\t\t\t\t<div class=\"elementor-widget-container\">\n\t\t\t\t\t\t\t<div class=\"elementor-button-wrapper\">\n\t\t\t\t\t<a class=\"elementor-button elementor-button-link elementor-size-sm\" href=\"https:\/\/aclunaga.es\/wp-content\/uploads\/PRESENTACION_ingles.25022026.pdf\" target=\"_blank\">\n\t\t\t\t\t\t<span class=\"elementor-button-content-wrapper\">\n\t\t\t\t\t\t<span class=\"elementor-button-icon\">\n\t\t\t\t<svg aria-hidden=\"true\" class=\"e-font-icon-svg e-far-file-pdf\" viewbox=\"0 0 384 512\" xmlns=\"http:\/\/www.w3.org\/2000\/svg\"><path d=\"M369.9 97.9L286 14C277 5 264.8-.1 252.1-.1H48C21.5 0 0 21.5 0 48v416c0 26.5 21.5 48 48 48h288c26.5 0 48-21.5 48-48V131.9c0-12.7-5.1-25-14.1-34zM332.1 128H256V51.9l76.1 76.1zM48 464V48h160v104c0 13.3 10.7 24 24 24h104v288H48zm250.2-143.7c-12.2-12-47-8.7-64.4-6.5-17.2-10.5-28.7-25-36.8-46.3 3.9-16.1 10.1-40.6 5.4-56-4.2-26.2-37.8-23.6-42.6-5.9-4.4 16.1-.4 38.5 7 67.1-10 23.9-24.9 56-35.4 74.4-20 10.3-47 26.2-51 46.2-3.3 15.8 26 55.2 76.1-31.2 22.4-7.4 46.8-16.5 68.4-20.1 18.9 10.2 41 17 55.8 17 25.5 0 28-28.2 17.5-38.7zm-198.1 77.8c5.1-13.7 24.5-29.5 30.4-35-19 30.3-30.4 35.7-30.4 35zm81.6-190.6c7.4 0 6.7 32.1 1.8 40.8-4.4-13.9-4.3-40.8-1.8-40.8zm-24.4 136.6c9.7-16.9 18-37 24.7-54.7 8.3 15.1 18.9 27.2 30.1 35.5-20.8 4.3-38.9 13.1-54.8 19.2zm131.6-5s-5 6-37.3-7.8c35.1-2.6 40.9 5.4 37.3 7.8z\"><\/path><\/svg>\t\t\t<\/span>\n\t\t\t\t\t\t\t\t\t<span class=\"elementor-button-text\">ACLUNAGA Presentation<\/span>\n\t\t\t\t\t<\/span>\n\t\t\t\t\t<\/a>\n\t\t\t\t<\/div>\n\t\t\t\t\t\t<\/div>\n\t\t\t\t<\/div>\n\t\t\t\t<\/div>\n\t\t\t\t\t<\/div>\n\t\t\t\t<\/div>\n\t\t\t\t<\/div>","protected":false},"excerpt":{"rendered":"<p>Presentaci\u00f3n Desde los d\u00edas de las carpinter\u00edas de ribera hasta los grandes astilleros de hoy, Galicia acumula una larga tradici\u00f3n [&hellip;]<\/p>","protected":false},"author":1,"featured_media":0,"parent":2968,"menu_order":0,"comment_status":"closed","ping_status":"closed","template":"","meta":{"site-sidebar-layout":"default","site-content-layout":"","ast-site-content-layout":"","site-content-style":"default","site-sidebar-style":"default","ast-global-header-display":"","ast-banner-title-visibility":"","ast-main-header-display":"","ast-hfb-above-header-display":"","ast-hfb-below-header-display":"","ast-hfb-mobile-header-display":"","site-post-title":"","ast-breadcrumbs-content":"","ast-featured-img":"","footer-sml-layout":"","theme-transparent-header-meta":"","adv-header-id-meta":"","stick-header-meta":"","header-above-stick-meta":"","header-main-stick-meta":"","header-below-stick-meta":"","astra-migrate-meta-layouts":"default","ast-page-background-enabled":"default","ast-page-background-meta":{"desktop":{"background-color":"var(--ast-global-color-4)","background-image":"","background-repeat":"repeat","background-position":"center center","background-size":"auto","background-attachment":"scroll","background-type":"","background-media":"","overlay-type":"","overlay-color":"","overlay-opacity":"","overlay-gradient":""},"tablet":{"background-color":"","background-image":"","background-repeat":"repeat","background-position":"center center","background-size":"auto","background-attachment":"scroll","background-type":"","background-media":"","overlay-type":"","overlay-color":"","overlay-opacity":"","overlay-gradient":""},"mobile":{"background-color":"","background-image":"","background-repeat":"repeat","background-position":"center center","background-size":"auto","background-attachment":"scroll","background-type":"","background-media":"","overlay-type":"","overlay-color":"","overlay-opacity":"","overlay-gradient":""}},"ast-content-background-meta":{"desktop":{"background-color":"var(--ast-global-color-5)","background-image":"","background-repeat":"repeat","background-position":"center center","background-size":"auto","background-attachment":"scroll","background-type":"","background-media":"","overlay-type":"","overlay-color":"","overlay-opacity":"","overlay-gradient":""},"tablet":{"background-color":"var(--ast-global-color-5)","background-image":"","background-repeat":"repeat","background-position":"center center","background-size":"auto","background-attachment":"scroll","background-type":"","background-media":"","overlay-type":"","overlay-color":"","overlay-opacity":"","overlay-gradient":""},"mobile":{"background-color":"var(--ast-global-color-5)","background-image":"","background-repeat":"repeat","background-position":"center center","background-size":"auto","background-attachment":"scroll","background-type":"","background-media":"","overlay-type":"","overlay-color":"","overlay-opacity":"","overlay-gradient":""}},"footnotes":""},"actividad":[],"provincia":[],"class_list":["post-10","page","type-page","status-publish","hentry"],"_links":{"self":[{"href":"https:\/\/aclunaga.es\/en\/wp-json\/wp\/v2\/pages\/10","targetHints":{"allow":["GET"]}}],"collection":[{"href":"https:\/\/aclunaga.es\/en\/wp-json\/wp\/v2\/pages"}],"about":[{"href":"https:\/\/aclunaga.es\/en\/wp-json\/wp\/v2\/types\/page"}],"author":[{"embeddable":true,"href":"https:\/\/aclunaga.es\/en\/wp-json\/wp\/v2\/users\/1"}],"replies":[{"embeddable":true,"href":"https:\/\/aclunaga.es\/en\/wp-json\/wp\/v2\/comments?post=10"}],"version-history":[{"count":81,"href":"https:\/\/aclunaga.es\/en\/wp-json\/wp\/v2\/pages\/10\/revisions"}],"predecessor-version":[{"id":14533,"href":"https:\/\/aclunaga.es\/en\/wp-json\/wp\/v2\/pages\/10\/revisions\/14533"}],"up":[{"embeddable":true,"href":"https:\/\/aclunaga.es\/en\/wp-json\/wp\/v2\/pages\/2968"}],"wp:attachment":[{"href":"https:\/\/aclunaga.es\/en\/wp-json\/wp\/v2\/media?parent=10"}],"wp:term":[{"taxonomy":"actividad","embeddable":true,"href":"https:\/\/aclunaga.es\/en\/wp-json\/wp\/v2\/actividad?post=10"},{"taxonomy":"provincia","embeddable":true,"href":"https:\/\/aclunaga.es\/en\/wp-json\/wp\/v2\/provincia?post=10"}],"curies":[{"name":"wp","href":"https:\/\/api.w.org\/{rel}","templated":true}]}}